{"id":107071,"date":"2025-11-05T08:33:54","date_gmt":"2025-11-05T06:33:54","guid":{"rendered":"https:\/\/www.outdoors.ee\/?post_type=product&#038;p=107071"},"modified":"2026-03-25T16:44:55","modified_gmt":"2026-03-25T14:44:55","slug":"a-blochl-delta-grid-fleece-hoodie","status":"publish","type":"product","link":"https:\/\/www.outdoors.ee\/et\/toode\/a-blochl-delta-grid-fleece-hoodie\/","title":{"rendered":"A.Bl\u00f6chl\u00ae DELTA Grid Fleece Hoodie"},"content":{"rendered":"<p data-start=\"0\" data-end=\"144\">Delta kapuutsiga fliijakk sobib nii sooja vahekihina kandmiseks k\u00fclmal perioodil kui pealiskihina soojemate kevade ning s\u00fcgisilmadega. Kerge ruudustik-fliisist struktuur tagab suurep\u00e4rase hingavuse ja soojuse, samas kui v\u00f5rkvooder lisab mugavust. Vastupidavad ning venivad tugevdused k\u00fc\u00fcnarnukkidel ja \u00f5lgadel kaitsevad kulumise eest.<\/p>\n<p><strong>Omadused:<\/strong><\/p>\n<ul>\n<li>k\u00f5rge krae<\/li>\n<li>venivad mansetid<\/li>\n<li>alumise \u00e4\u00e4re pingutusn\u00f6\u00f6r<\/li>\n<li>pikem seljaosa<\/li>\n<li>liibuv kapuuts<\/li>\n<li>tugevdused k\u00fc\u00fcnarnukkide ning \u00f5lgade piirkondades<\/li>\n<li>2-suunaline YKK\u00ae t\u00f5mblukk-kinnis l\u00f5uakaitsmega<\/li>\n<li>2 k\u00fcljetaskut t\u00f5mblukuddega<\/li>\n<li>t\u00f5mblukuga rinnatasku kaabliavaga<\/li>\n<li>t\u00f5mblukuga varrukatasku<\/li>\n<li>takjapaneelid varrukatel (9 x 10cm)<\/li>\n<li>kaal ca. 682g (suurus M)<\/li>\n<li>materjal: 95% pol\u00fcester, 5% elastaan<\/li>\n<\/ul>\n<p><strong>Seisukord:<\/strong> uus<\/p>\n","protected":false},"excerpt":{"rendered":"<p>Delta kapuutsiga fliijakk sobib nii sooja vahekihina kandmiseks k\u00fclmal perioodil kui pealiskihina soojemate kevade ning s\u00fcgisilmadega. Kerge ruudustik-fliisist struktuur tagab<\/p>\n","protected":false},"featured_media":107057,"template":"","meta":[],"product_brand":[],"product_cat":[101],"product_tag":[],"class_list":{"0":"post-107071","1":"product","2":"type-product","3":"status-publish","4":"has-post-thumbnail","6":"product_cat-joped-parkad","7":"pa_brand-a-blochl","8":"pa_color-black-2","9":"pa_color-coyote-2","10":"pa_color-flecktarn-2","11":"pa_color-olive-2","12":"pa_size-l-2","13":"pa_size-m-2","14":"pa_size-xl-2","16":"first","17":"instock","18":"taxable","19":"shipping-taxable","20":"purchasable","21":"product-type-variable"},"yoast_head":"<!-- This site is optimized with the Yoast SEO plugin v27.2 - https:\/\/yoast.com\/product\/yoast-seo-wordpress\/ -->\n<title>A.Bl\u00f6chl\u00ae DELTA Grid Fleece Hoodie - Outdoors<\/title>\n<meta name=\"robots\" content=\"index, follow, max-snippet:-1, max-image-preview:large, max-video-preview:-1\" \/>\n<link rel=\"canonical\" href=\"https:\/\/www.outdoors.ee\/et\/toode\/a-blochl-delta-grid-fleece-hoodie\/\" \/>\n<meta property=\"og:locale\" content=\"et_EE\" \/>\n<meta property=\"og:type\" content=\"article\" \/>\n<meta property=\"og:title\" content=\"A.Bl\u00f6chl\u00ae DELTA Grid Fleece Hoodie - Outdoors\" \/>\n<meta property=\"og:description\" content=\"Delta kapuutsiga fliijakk sobib nii sooja vahekihina kandmiseks k\u00fclmal perioodil kui pealiskihina soojemate kevade ning s\u00fcgisilmadega. Kerge ruudustik-fliisist struktuur tagab\" \/>\n<meta property=\"og:url\" content=\"https:\/\/www.outdoors.ee\/et\/toode\/a-blochl-delta-grid-fleece-hoodie\/\" \/>\n<meta property=\"og:site_name\" content=\"Outdoors\" \/>\n<meta property=\"article:modified_time\" content=\"2026-03-25T14:44:55+00:00\" \/>\n<meta property=\"og:image\" content=\"https:\/\/www.outdoors.ee\/wp-content\/uploads\/2025\/10\/A.Blochl\u00ae-DELTA-Grid-Fleece-Hoodie-Olive-4.jpg\" \/>\n\t<meta property=\"og:image:width\" content=\"1250\" \/>\n\t<meta property=\"og:image:height\" content=\"1563\" \/>\n\t<meta property=\"og:image:type\" content=\"image\/jpeg\" \/>\n<meta name=\"twitter:card\" content=\"summary_large_image\" \/>\n<meta name=\"twitter:label1\" content=\"Est. reading time\" \/>\n\t<meta name=\"twitter:data1\" content=\"1 minut\" \/>\n<script type=\"application\/ld+json\" class=\"yoast-schema-graph\">{\"@context\":\"https:\/\/schema.org\",\"@graph\":[{\"@type\":\"WebPage\",\"@id\":\"https:\/\/www.outdoors.ee\/et\/toode\/a-blochl-delta-grid-fleece-hoodie\/\",\"url\":\"https:\/\/www.outdoors.ee\/et\/toode\/a-blochl-delta-grid-fleece-hoodie\/\",\"name\":\"A.Bl\u00f6chl\u00ae DELTA Grid Fleece Hoodie - Outdoors\",\"isPartOf\":{\"@id\":\"https:\/\/www.outdoors.ee\/#website\"},\"primaryImageOfPage\":{\"@id\":\"https:\/\/www.outdoors.ee\/et\/toode\/a-blochl-delta-grid-fleece-hoodie\/#primaryimage\"},\"image\":{\"@id\":\"https:\/\/www.outdoors.ee\/et\/toode\/a-blochl-delta-grid-fleece-hoodie\/#primaryimage\"},\"thumbnailUrl\":\"https:\/\/www.outdoors.ee\/wp-content\/uploads\/2025\/10\/A.Blochl\u00ae-DELTA-Grid-Fleece-Hoodie-Olive-4.jpg\",\"datePublished\":\"2025-11-05T06:33:54+00:00\",\"dateModified\":\"2026-03-25T14:44:55+00:00\",\"breadcrumb\":{\"@id\":\"https:\/\/www.outdoors.ee\/et\/toode\/a-blochl-delta-grid-fleece-hoodie\/#breadcrumb\"},\"inLanguage\":\"et\",\"potentialAction\":[{\"@type\":\"ReadAction\",\"target\":[\"https:\/\/www.outdoors.ee\/et\/toode\/a-blochl-delta-grid-fleece-hoodie\/\"]}]},{\"@type\":\"ImageObject\",\"inLanguage\":\"et\",\"@id\":\"https:\/\/www.outdoors.ee\/et\/toode\/a-blochl-delta-grid-fleece-hoodie\/#primaryimage\",\"url\":\"https:\/\/www.outdoors.ee\/wp-content\/uploads\/2025\/10\/A.Blochl\u00ae-DELTA-Grid-Fleece-Hoodie-Olive-4.jpg\",\"contentUrl\":\"https:\/\/www.outdoors.ee\/wp-content\/uploads\/2025\/10\/A.Blochl\u00ae-DELTA-Grid-Fleece-Hoodie-Olive-4.jpg\",\"width\":1250,\"height\":1563},{\"@type\":\"BreadcrumbList\",\"@id\":\"https:\/\/www.outdoors.ee\/et\/toode\/a-blochl-delta-grid-fleece-hoodie\/#breadcrumb\",\"itemListElement\":[{\"@type\":\"ListItem\",\"position\":1,\"name\":\"Home\",\"item\":\"https:\/\/www.outdoors.ee\/et\/\"},{\"@type\":\"ListItem\",\"position\":2,\"name\":\"Tooted\",\"item\":\"https:\/\/www.outdoors.ee\/products\/\"},{\"@type\":\"ListItem\",\"position\":3,\"name\":\"A.Bl\u00f6chl\u00ae DELTA Grid Fleece Hoodie\"}]},{\"@type\":\"WebSite\",\"@id\":\"https:\/\/www.outdoors.ee\/#website\",\"url\":\"https:\/\/www.outdoors.ee\/\",\"name\":\"Outdoors\",\"description\":\"Genuine military surplus and not only!\",\"potentialAction\":[{\"@type\":\"SearchAction\",\"target\":{\"@type\":\"EntryPoint\",\"urlTemplate\":\"https:\/\/www.outdoors.ee\/?s={search_term_string}\"},\"query-input\":{\"@type\":\"PropertyValueSpecification\",\"valueRequired\":true,\"valueName\":\"search_term_string\"}}],\"inLanguage\":\"et\"}]}<\/script>\n<!-- \/ Yoast SEO plugin. -->","yoast_head_json":{"title":"A.Bl\u00f6chl\u00ae DELTA Grid Fleece Hoodie - Outdoors","robots":{"index":"index","follow":"follow","max-snippet":"max-snippet:-1","max-image-preview":"max-image-preview:large","max-video-preview":"max-video-preview:-1"},"canonical":"https:\/\/www.outdoors.ee\/et\/toode\/a-blochl-delta-grid-fleece-hoodie\/","og_locale":"et_EE","og_type":"article","og_title":"A.Bl\u00f6chl\u00ae DELTA Grid Fleece Hoodie - Outdoors","og_description":"Delta kapuutsiga fliijakk sobib nii sooja vahekihina kandmiseks k\u00fclmal perioodil kui pealiskihina soojemate kevade ning s\u00fcgisilmadega. Kerge ruudustik-fliisist struktuur tagab","og_url":"https:\/\/www.outdoors.ee\/et\/toode\/a-blochl-delta-grid-fleece-hoodie\/","og_site_name":"Outdoors","article_modified_time":"2026-03-25T14:44:55+00:00","og_image":[{"width":1250,"height":1563,"url":"https:\/\/www.outdoors.ee\/wp-content\/uploads\/2025\/10\/A.Blochl\u00ae-DELTA-Grid-Fleece-Hoodie-Olive-4.jpg","type":"image\/jpeg"}],"twitter_card":"summary_large_image","twitter_misc":{"Est. reading time":"1 minut"},"schema":{"@context":"https:\/\/schema.org","@graph":[{"@type":"WebPage","@id":"https:\/\/www.outdoors.ee\/et\/toode\/a-blochl-delta-grid-fleece-hoodie\/","url":"https:\/\/www.outdoors.ee\/et\/toode\/a-blochl-delta-grid-fleece-hoodie\/","name":"A.Bl\u00f6chl\u00ae DELTA Grid Fleece Hoodie - Outdoors","isPartOf":{"@id":"https:\/\/www.outdoors.ee\/#website"},"primaryImageOfPage":{"@id":"https:\/\/www.outdoors.ee\/et\/toode\/a-blochl-delta-grid-fleece-hoodie\/#primaryimage"},"image":{"@id":"https:\/\/www.outdoors.ee\/et\/toode\/a-blochl-delta-grid-fleece-hoodie\/#primaryimage"},"thumbnailUrl":"https:\/\/www.outdoors.ee\/wp-content\/uploads\/2025\/10\/A.Blochl\u00ae-DELTA-Grid-Fleece-Hoodie-Olive-4.jpg","datePublished":"2025-11-05T06:33:54+00:00","dateModified":"2026-03-25T14:44:55+00:00","breadcrumb":{"@id":"https:\/\/www.outdoors.ee\/et\/toode\/a-blochl-delta-grid-fleece-hoodie\/#breadcrumb"},"inLanguage":"et","potentialAction":[{"@type":"ReadAction","target":["https:\/\/www.outdoors.ee\/et\/toode\/a-blochl-delta-grid-fleece-hoodie\/"]}]},{"@type":"ImageObject","inLanguage":"et","@id":"https:\/\/www.outdoors.ee\/et\/toode\/a-blochl-delta-grid-fleece-hoodie\/#primaryimage","url":"https:\/\/www.outdoors.ee\/wp-content\/uploads\/2025\/10\/A.Blochl\u00ae-DELTA-Grid-Fleece-Hoodie-Olive-4.jpg","contentUrl":"https:\/\/www.outdoors.ee\/wp-content\/uploads\/2025\/10\/A.Blochl\u00ae-DELTA-Grid-Fleece-Hoodie-Olive-4.jpg","width":1250,"height":1563},{"@type":"BreadcrumbList","@id":"https:\/\/www.outdoors.ee\/et\/toode\/a-blochl-delta-grid-fleece-hoodie\/#breadcrumb","itemListElement":[{"@type":"ListItem","position":1,"name":"Home","item":"https:\/\/www.outdoors.ee\/et\/"},{"@type":"ListItem","position":2,"name":"Tooted","item":"https:\/\/www.outdoors.ee\/products\/"},{"@type":"ListItem","position":3,"name":"A.Bl\u00f6chl\u00ae DELTA Grid Fleece Hoodie"}]},{"@type":"WebSite","@id":"https:\/\/www.outdoors.ee\/#website","url":"https:\/\/www.outdoors.ee\/","name":"Outdoors","description":"Genuine military surplus and not only!","potentialAction":[{"@type":"SearchAction","target":{"@type":"EntryPoint","urlTemplate":"https:\/\/www.outdoors.ee\/?s={search_term_string}"},"query-input":{"@type":"PropertyValueSpecification","valueRequired":true,"valueName":"search_term_string"}}],"inLanguage":"et"}]}},"_links":{"self":[{"href":"https:\/\/www.outdoors.ee\/et\/wp-json\/wp\/v2\/product\/107071","targetHints":{"allow":["GET"]}}],"collection":[{"href":"https:\/\/www.outdoors.ee\/et\/wp-json\/wp\/v2\/product"}],"about":[{"href":"https:\/\/www.outdoors.ee\/et\/wp-json\/wp\/v2\/types\/product"}],"wp:featuredmedia":[{"embeddable":true,"href":"https:\/\/www.outdoors.ee\/et\/wp-json\/wp\/v2\/media\/107057"}],"wp:attachment":[{"href":"https:\/\/www.outdoors.ee\/et\/wp-json\/wp\/v2\/media?parent=107071"}],"wp:term":[{"taxonomy":"product_brand","embeddable":true,"href":"https:\/\/www.outdoors.ee\/et\/wp-json\/wp\/v2\/product_brand?post=107071"},{"taxonomy":"product_cat","embeddable":true,"href":"https:\/\/www.outdoors.ee\/et\/wp-json\/wp\/v2\/product_cat?post=107071"},{"taxonomy":"product_tag","embeddable":true,"href":"https:\/\/www.outdoors.ee\/et\/wp-json\/wp\/v2\/product_tag?post=107071"}],"curies":[{"name":"wp","href":"https:\/\/api.w.org\/{rel}","templated":true}]}}