{"id":106762,"date":"2025-10-20T16:29:11","date_gmt":"2025-10-20T13:29:11","guid":{"rendered":"https:\/\/www.outdoors.ee\/?post_type=product&#038;p=106762"},"modified":"2025-11-05T11:11:35","modified_gmt":"2025-11-05T09:11:35","slug":"thermowave-torusall-unisex-merino-tube","status":"publish","type":"product","link":"https:\/\/www.outdoors.ee\/et\/toode\/thermowave-torusall-unisex-merino-tube\/","title":{"rendered":"Thermowave\u00ae torusall Unisex Merino Tube"},"content":{"rendered":"<p>Pehmest, mitte\u00e4rritavast meriinovillast torusall, mis sobib igasugusteks tegevusteks. Toode tagab mitte ainult mugavuse ja soojuse, vaid juhib ka niiskust eemale, takistades selle kogunemist, ning kaitseb k\u00fclma ja kehvade ilmastikuolude eest.<\/p>\n<p><strong>Omadused:<\/strong><\/p>\n<ul>\n<li>unisex \u2013 sobib nii meestele kui naistele<\/li>\n<li>mitmek\u00fclgne disain kaitseks k\u00fclma, tuule ja lume eest \u2013 vastavalt ilmale v\u00f5i eelistusele saab kanda t\u00e4isn\u00e4omaskina, torusallina v\u00f5i n\u00e4okaitsena<\/li>\n<li>100% eetiliselt hangitud peenvillane meriinovill<\/li>\n<li>looduslik antibakteriaalne kaitse<\/li>\n<li>hingav ja niiskust juhtiv<\/li>\n<li>eriomadustega kiud v\u00e4hendavad naha\u00e4rritust<\/li>\n<li>keskkonnas\u00f5bralikud lahendused<\/li>\n<li>m\u00f5\u00f5tmed: 52 x 23 cm<\/li>\n<li>kaal ca 48g<\/li>\n<li>kanga tihedus: 150 g\/m2<\/li>\n<li>koostis: 100% Meriino vill<\/li>\n<\/ul>\n<p><strong>Seisukord:<\/strong> uus<\/p>\n","protected":false},"excerpt":{"rendered":"<p>Pehmest, mitte\u00e4rritavast meriinovillast torusall, mis sobib igasugusteks tegevusteks. Toode tagab mitte ainult mugavuse ja soojuse, vaid juhib ka niiskust eemale,<\/p>\n","protected":false},"featured_media":106753,"template":"","meta":[],"product_brand":[],"product_cat":[128],"product_tag":[],"class_list":{"0":"post-106762","1":"product","2":"type-product","3":"status-publish","4":"has-post-thumbnail","6":"product_cat-peakatted","7":"pa_brand-thermowave-2","8":"pa_color-black-2","9":"pa_color-ruby","11":"first","12":"instock","13":"taxable","14":"shipping-taxable","15":"purchasable","16":"product-type-variable"},"yoast_head":"<!-- This site is optimized with the Yoast SEO plugin v27.2 - https:\/\/yoast.com\/product\/yoast-seo-wordpress\/ -->\n<title>Thermowave\u00ae torusall Unisex Merino Tube - Outdoors<\/title>\n<meta name=\"robots\" content=\"index, follow, max-snippet:-1, max-image-preview:large, max-video-preview:-1\" \/>\n<link rel=\"canonical\" href=\"https:\/\/www.outdoors.ee\/et\/toode\/thermowave-torusall-unisex-merino-tube\/\" \/>\n<meta property=\"og:locale\" content=\"et_EE\" \/>\n<meta property=\"og:type\" content=\"article\" \/>\n<meta property=\"og:title\" content=\"Thermowave\u00ae torusall Unisex Merino Tube - Outdoors\" \/>\n<meta property=\"og:description\" content=\"Pehmest, mitte\u00e4rritavast meriinovillast torusall, mis sobib igasugusteks tegevusteks. Toode tagab mitte ainult mugavuse ja soojuse, vaid juhib ka niiskust eemale,\" \/>\n<meta property=\"og:url\" content=\"https:\/\/www.outdoors.ee\/et\/toode\/thermowave-torusall-unisex-merino-tube\/\" \/>\n<meta property=\"og:site_name\" content=\"Outdoors\" \/>\n<meta property=\"article:modified_time\" content=\"2025-11-05T09:11:35+00:00\" \/>\n<meta property=\"og:image\" content=\"https:\/\/www.outdoors.ee\/wp-content\/uploads\/2025\/10\/Thermowave\u00ae-Unisex-Merino-Tube-Black-1.jpg\" \/>\n\t<meta property=\"og:image:width\" content=\"1200\" \/>\n\t<meta property=\"og:image:height\" content=\"1400\" \/>\n\t<meta property=\"og:image:type\" content=\"image\/jpeg\" \/>\n<meta name=\"twitter:card\" content=\"summary_large_image\" \/>\n<meta name=\"twitter:label1\" content=\"Est. reading time\" \/>\n\t<meta name=\"twitter:data1\" content=\"1 minut\" \/>\n<script type=\"application\/ld+json\" class=\"yoast-schema-graph\">{\"@context\":\"https:\/\/schema.org\",\"@graph\":[{\"@type\":\"WebPage\",\"@id\":\"https:\/\/www.outdoors.ee\/et\/toode\/thermowave-torusall-unisex-merino-tube\/\",\"url\":\"https:\/\/www.outdoors.ee\/et\/toode\/thermowave-torusall-unisex-merino-tube\/\",\"name\":\"Thermowave\u00ae torusall Unisex Merino Tube - Outdoors\",\"isPartOf\":{\"@id\":\"https:\/\/www.outdoors.ee\/#website\"},\"primaryImageOfPage\":{\"@id\":\"https:\/\/www.outdoors.ee\/et\/toode\/thermowave-torusall-unisex-merino-tube\/#primaryimage\"},\"image\":{\"@id\":\"https:\/\/www.outdoors.ee\/et\/toode\/thermowave-torusall-unisex-merino-tube\/#primaryimage\"},\"thumbnailUrl\":\"https:\/\/www.outdoors.ee\/wp-content\/uploads\/2025\/10\/Thermowave\u00ae-Unisex-Merino-Tube-Black-1.jpg\",\"datePublished\":\"2025-10-20T13:29:11+00:00\",\"dateModified\":\"2025-11-05T09:11:35+00:00\",\"breadcrumb\":{\"@id\":\"https:\/\/www.outdoors.ee\/et\/toode\/thermowave-torusall-unisex-merino-tube\/#breadcrumb\"},\"inLanguage\":\"et\",\"potentialAction\":[{\"@type\":\"ReadAction\",\"target\":[\"https:\/\/www.outdoors.ee\/et\/toode\/thermowave-torusall-unisex-merino-tube\/\"]}]},{\"@type\":\"ImageObject\",\"inLanguage\":\"et\",\"@id\":\"https:\/\/www.outdoors.ee\/et\/toode\/thermowave-torusall-unisex-merino-tube\/#primaryimage\",\"url\":\"https:\/\/www.outdoors.ee\/wp-content\/uploads\/2025\/10\/Thermowave\u00ae-Unisex-Merino-Tube-Black-1.jpg\",\"contentUrl\":\"https:\/\/www.outdoors.ee\/wp-content\/uploads\/2025\/10\/Thermowave\u00ae-Unisex-Merino-Tube-Black-1.jpg\",\"width\":1200,\"height\":1400},{\"@type\":\"BreadcrumbList\",\"@id\":\"https:\/\/www.outdoors.ee\/et\/toode\/thermowave-torusall-unisex-merino-tube\/#breadcrumb\",\"itemListElement\":[{\"@type\":\"ListItem\",\"position\":1,\"name\":\"Home\",\"item\":\"https:\/\/www.outdoors.ee\/et\/\"},{\"@type\":\"ListItem\",\"position\":2,\"name\":\"Tooted\",\"item\":\"https:\/\/www.outdoors.ee\/products\/\"},{\"@type\":\"ListItem\",\"position\":3,\"name\":\"Thermowave\u00ae torusall Unisex Merino Tube\"}]},{\"@type\":\"WebSite\",\"@id\":\"https:\/\/www.outdoors.ee\/#website\",\"url\":\"https:\/\/www.outdoors.ee\/\",\"name\":\"Outdoors\",\"description\":\"Genuine military surplus and not only!\",\"potentialAction\":[{\"@type\":\"SearchAction\",\"target\":{\"@type\":\"EntryPoint\",\"urlTemplate\":\"https:\/\/www.outdoors.ee\/?s={search_term_string}\"},\"query-input\":{\"@type\":\"PropertyValueSpecification\",\"valueRequired\":true,\"valueName\":\"search_term_string\"}}],\"inLanguage\":\"et\"}]}<\/script>\n<!-- \/ Yoast SEO plugin. -->","yoast_head_json":{"title":"Thermowave\u00ae torusall Unisex Merino Tube - Outdoors","robots":{"index":"index","follow":"follow","max-snippet":"max-snippet:-1","max-image-preview":"max-image-preview:large","max-video-preview":"max-video-preview:-1"},"canonical":"https:\/\/www.outdoors.ee\/et\/toode\/thermowave-torusall-unisex-merino-tube\/","og_locale":"et_EE","og_type":"article","og_title":"Thermowave\u00ae torusall Unisex Merino Tube - Outdoors","og_description":"Pehmest, mitte\u00e4rritavast meriinovillast torusall, mis sobib igasugusteks tegevusteks. Toode tagab mitte ainult mugavuse ja soojuse, vaid juhib ka niiskust eemale,","og_url":"https:\/\/www.outdoors.ee\/et\/toode\/thermowave-torusall-unisex-merino-tube\/","og_site_name":"Outdoors","article_modified_time":"2025-11-05T09:11:35+00:00","og_image":[{"width":1200,"height":1400,"url":"https:\/\/www.outdoors.ee\/wp-content\/uploads\/2025\/10\/Thermowave\u00ae-Unisex-Merino-Tube-Black-1.jpg","type":"image\/jpeg"}],"twitter_card":"summary_large_image","twitter_misc":{"Est. reading time":"1 minut"},"schema":{"@context":"https:\/\/schema.org","@graph":[{"@type":"WebPage","@id":"https:\/\/www.outdoors.ee\/et\/toode\/thermowave-torusall-unisex-merino-tube\/","url":"https:\/\/www.outdoors.ee\/et\/toode\/thermowave-torusall-unisex-merino-tube\/","name":"Thermowave\u00ae torusall Unisex Merino Tube - Outdoors","isPartOf":{"@id":"https:\/\/www.outdoors.ee\/#website"},"primaryImageOfPage":{"@id":"https:\/\/www.outdoors.ee\/et\/toode\/thermowave-torusall-unisex-merino-tube\/#primaryimage"},"image":{"@id":"https:\/\/www.outdoors.ee\/et\/toode\/thermowave-torusall-unisex-merino-tube\/#primaryimage"},"thumbnailUrl":"https:\/\/www.outdoors.ee\/wp-content\/uploads\/2025\/10\/Thermowave\u00ae-Unisex-Merino-Tube-Black-1.jpg","datePublished":"2025-10-20T13:29:11+00:00","dateModified":"2025-11-05T09:11:35+00:00","breadcrumb":{"@id":"https:\/\/www.outdoors.ee\/et\/toode\/thermowave-torusall-unisex-merino-tube\/#breadcrumb"},"inLanguage":"et","potentialAction":[{"@type":"ReadAction","target":["https:\/\/www.outdoors.ee\/et\/toode\/thermowave-torusall-unisex-merino-tube\/"]}]},{"@type":"ImageObject","inLanguage":"et","@id":"https:\/\/www.outdoors.ee\/et\/toode\/thermowave-torusall-unisex-merino-tube\/#primaryimage","url":"https:\/\/www.outdoors.ee\/wp-content\/uploads\/2025\/10\/Thermowave\u00ae-Unisex-Merino-Tube-Black-1.jpg","contentUrl":"https:\/\/www.outdoors.ee\/wp-content\/uploads\/2025\/10\/Thermowave\u00ae-Unisex-Merino-Tube-Black-1.jpg","width":1200,"height":1400},{"@type":"BreadcrumbList","@id":"https:\/\/www.outdoors.ee\/et\/toode\/thermowave-torusall-unisex-merino-tube\/#breadcrumb","itemListElement":[{"@type":"ListItem","position":1,"name":"Home","item":"https:\/\/www.outdoors.ee\/et\/"},{"@type":"ListItem","position":2,"name":"Tooted","item":"https:\/\/www.outdoors.ee\/products\/"},{"@type":"ListItem","position":3,"name":"Thermowave\u00ae torusall Unisex Merino Tube"}]},{"@type":"WebSite","@id":"https:\/\/www.outdoors.ee\/#website","url":"https:\/\/www.outdoors.ee\/","name":"Outdoors","description":"Genuine military surplus and not only!","potentialAction":[{"@type":"SearchAction","target":{"@type":"EntryPoint","urlTemplate":"https:\/\/www.outdoors.ee\/?s={search_term_string}"},"query-input":{"@type":"PropertyValueSpecification","valueRequired":true,"valueName":"search_term_string"}}],"inLanguage":"et"}]}},"_links":{"self":[{"href":"https:\/\/www.outdoors.ee\/et\/wp-json\/wp\/v2\/product\/106762","targetHints":{"allow":["GET"]}}],"collection":[{"href":"https:\/\/www.outdoors.ee\/et\/wp-json\/wp\/v2\/product"}],"about":[{"href":"https:\/\/www.outdoors.ee\/et\/wp-json\/wp\/v2\/types\/product"}],"wp:featuredmedia":[{"embeddable":true,"href":"https:\/\/www.outdoors.ee\/et\/wp-json\/wp\/v2\/media\/106753"}],"wp:attachment":[{"href":"https:\/\/www.outdoors.ee\/et\/wp-json\/wp\/v2\/media?parent=106762"}],"wp:term":[{"taxonomy":"product_brand","embeddable":true,"href":"https:\/\/www.outdoors.ee\/et\/wp-json\/wp\/v2\/product_brand?post=106762"},{"taxonomy":"product_cat","embeddable":true,"href":"https:\/\/www.outdoors.ee\/et\/wp-json\/wp\/v2\/product_cat?post=106762"},{"taxonomy":"product_tag","embeddable":true,"href":"https:\/\/www.outdoors.ee\/et\/wp-json\/wp\/v2\/product_tag?post=106762"}],"curies":[{"name":"wp","href":"https:\/\/api.w.org\/{rel}","templated":true}]}}