{"id":106714,"date":"2025-10-20T11:55:38","date_gmt":"2025-10-20T08:55:38","guid":{"rendered":"https:\/\/www.outdoors.ee\/?post_type=product&#038;p=106714"},"modified":"2025-12-21T15:46:06","modified_gmt":"2025-12-21T13:46:06","slug":"thermowave-merino-3in1-thermal-pikkade-kaistega-sark","status":"publish","type":"product","link":"https:\/\/www.outdoors.ee\/et\/toode\/thermowave-merino-3in1-thermal-pikkade-kaistega-sark\/","title":{"rendered":"Thermowave\u00ae Merino 3IN1 Thermal pikkade k\u00e4istega s\u00e4rk"},"content":{"rendered":"<p>Thermowave 3IN1 aluskiht on loodud pakkuma \u00fclimat soojust ja mugavust siis, kui temperatuur langeb v\u00f5i aktiivsustase on madal. Funktsionaalne pol\u00fcprop\u00fcleenist sisevooder tagab suurep\u00e4rase niiskuse aurustumise, samas kui meriinovill (v\u00e4limine kiht) pakub parimat soojustust ja hingavust.\u00a0Need kaks kangast on \u00fchendatud funktsionaalse pol\u00fcesterniidiga, mis mitte ainult ei loo t\u00e4iendavaid \u00f5hutaskuid, vaid annab Thermowave 3IN1 aluskihile ka erakordse soojustusv\u00f5ime ning parandab niiskuse juhtimist.\u00a0T\u00e4nu uuenduslikule kangale ja t\u00e4iuslikule istuvusele on 3IN1 aluskiht ideaalne valik neile, kes otsivad maksimaalset mugavust ka arktilises k\u00fclmas.<\/p>\n<p><strong>Omadused:<\/strong><\/p>\n<ul>\n<li>aluskiht: nahale k\u00f5ige l\u00e4hemal<\/li>\n<li>uuenduslik kolmekihiline koostis tagab suurep\u00e4rase soojusisolatsiooni, niiskuse juhtimise ja hingavuse<\/li>\n<li>ainulaadsed teemantikujulised \u00f5hutaskud hoiavad soojust, pakkudes erakordset soojustuse ja kaalu suhet<\/li>\n<li>pikendatud seljaosa kaitseb k\u00fclma eest<\/li>\n<li>raglaan-t\u00fc\u00fcpi varrukad tagavad maksimaalse liikumisvabaduse<\/li>\n<li>Meriinovill tagab hea hingavuse ja t\u00e4iusliku soojustuse<\/li>\n<li>lamedad \u00f5mblused aitavad v\u00e4ltida h\u00f5\u00f5rumist<\/li>\n<li>suurep\u00e4rane niiskuse juhtimine<\/li>\n<li>kulumiskindel ja vastupidav kangas<\/li>\n<li>Ideaalne aluskiht k\u00fclmemate ilmade kihiliseks riietumiseks<\/li>\n<li>kanga tihedus: 300 g\/m2<\/li>\n<li>koostis: 45% Merino vill (v\u00e4liskiht), 12% pol\u00fcester (keskmine kiht), 43% pol\u00fcprop\u00fcleen (sisemine kiht)<\/li>\n<\/ul>\n<p><strong>Seisukord:<\/strong> uus<\/p>\n","protected":false},"excerpt":{"rendered":"<p>Thermowave\u00ae meeste Merino 3IN1 Thermal pikkade k\u00e4istega s\u00e4rk<\/p>\n","protected":false},"featured_media":106697,"template":"","meta":[],"product_brand":[],"product_cat":[129],"product_tag":[],"class_list":{"0":"post-106714","1":"product","2":"type-product","3":"status-publish","4":"has-post-thumbnail","6":"product_cat-soe-pesu-aluskiht","7":"pa_brand-thermowave-2","8":"pa_color-anthracite","9":"pa_color-forest-green-2","10":"pa_size-l-2","11":"pa_size-m-2","12":"pa_size-xl-2","14":"first","15":"instock","16":"taxable","17":"shipping-taxable","18":"purchasable","19":"product-type-variable"},"yoast_head":"<!-- This site is optimized with the Yoast SEO plugin v27.2 - https:\/\/yoast.com\/product\/yoast-seo-wordpress\/ -->\n<title>Thermowave\u00ae Merino 3IN1 Thermal pikkade k\u00e4istega s\u00e4rk - Outdoors<\/title>\n<meta name=\"robots\" content=\"index, follow, max-snippet:-1, max-image-preview:large, max-video-preview:-1\" \/>\n<link rel=\"canonical\" href=\"https:\/\/www.outdoors.ee\/et\/toode\/thermowave-merino-3in1-thermal-pikkade-kaistega-sark\/\" \/>\n<meta property=\"og:locale\" content=\"et_EE\" \/>\n<meta property=\"og:type\" content=\"article\" \/>\n<meta property=\"og:title\" content=\"Thermowave\u00ae Merino 3IN1 Thermal pikkade k\u00e4istega s\u00e4rk - Outdoors\" \/>\n<meta property=\"og:description\" content=\"Thermowave\u00ae meeste Merino 3IN1 Thermal pikkade k\u00e4istega s\u00e4rk\" \/>\n<meta property=\"og:url\" content=\"https:\/\/www.outdoors.ee\/et\/toode\/thermowave-merino-3in1-thermal-pikkade-kaistega-sark\/\" \/>\n<meta property=\"og:site_name\" content=\"Outdoors\" \/>\n<meta property=\"article:modified_time\" content=\"2025-12-21T13:46:06+00:00\" \/>\n<meta property=\"og:image\" content=\"https:\/\/www.outdoors.ee\/wp-content\/uploads\/2025\/10\/Thermowave\u00ae-Men\u00b4s-Merino-3IN1-Thermal-Long-Sleeve-Shirt-Anthracite-1.jpg\" \/>\n\t<meta property=\"og:image:width\" content=\"1200\" \/>\n\t<meta property=\"og:image:height\" content=\"1400\" \/>\n\t<meta property=\"og:image:type\" content=\"image\/jpeg\" \/>\n<meta name=\"twitter:card\" content=\"summary_large_image\" \/>\n<meta name=\"twitter:label1\" content=\"Est. reading time\" \/>\n\t<meta name=\"twitter:data1\" content=\"1 minut\" \/>\n<script type=\"application\/ld+json\" class=\"yoast-schema-graph\">{\"@context\":\"https:\/\/schema.org\",\"@graph\":[{\"@type\":\"WebPage\",\"@id\":\"https:\/\/www.outdoors.ee\/et\/toode\/thermowave-merino-3in1-thermal-pikkade-kaistega-sark\/\",\"url\":\"https:\/\/www.outdoors.ee\/et\/toode\/thermowave-merino-3in1-thermal-pikkade-kaistega-sark\/\",\"name\":\"Thermowave\u00ae Merino 3IN1 Thermal pikkade k\u00e4istega s\u00e4rk - Outdoors\",\"isPartOf\":{\"@id\":\"https:\/\/www.outdoors.ee\/#website\"},\"primaryImageOfPage\":{\"@id\":\"https:\/\/www.outdoors.ee\/et\/toode\/thermowave-merino-3in1-thermal-pikkade-kaistega-sark\/#primaryimage\"},\"image\":{\"@id\":\"https:\/\/www.outdoors.ee\/et\/toode\/thermowave-merino-3in1-thermal-pikkade-kaistega-sark\/#primaryimage\"},\"thumbnailUrl\":\"https:\/\/www.outdoors.ee\/wp-content\/uploads\/2025\/10\/Thermowave\u00ae-Men\u00b4s-Merino-3IN1-Thermal-Long-Sleeve-Shirt-Anthracite-1.jpg\",\"datePublished\":\"2025-10-20T08:55:38+00:00\",\"dateModified\":\"2025-12-21T13:46:06+00:00\",\"breadcrumb\":{\"@id\":\"https:\/\/www.outdoors.ee\/et\/toode\/thermowave-merino-3in1-thermal-pikkade-kaistega-sark\/#breadcrumb\"},\"inLanguage\":\"et\",\"potentialAction\":[{\"@type\":\"ReadAction\",\"target\":[\"https:\/\/www.outdoors.ee\/et\/toode\/thermowave-merino-3in1-thermal-pikkade-kaistega-sark\/\"]}]},{\"@type\":\"ImageObject\",\"inLanguage\":\"et\",\"@id\":\"https:\/\/www.outdoors.ee\/et\/toode\/thermowave-merino-3in1-thermal-pikkade-kaistega-sark\/#primaryimage\",\"url\":\"https:\/\/www.outdoors.ee\/wp-content\/uploads\/2025\/10\/Thermowave\u00ae-Men\u00b4s-Merino-3IN1-Thermal-Long-Sleeve-Shirt-Anthracite-1.jpg\",\"contentUrl\":\"https:\/\/www.outdoors.ee\/wp-content\/uploads\/2025\/10\/Thermowave\u00ae-Men\u00b4s-Merino-3IN1-Thermal-Long-Sleeve-Shirt-Anthracite-1.jpg\",\"width\":1200,\"height\":1400},{\"@type\":\"BreadcrumbList\",\"@id\":\"https:\/\/www.outdoors.ee\/et\/toode\/thermowave-merino-3in1-thermal-pikkade-kaistega-sark\/#breadcrumb\",\"itemListElement\":[{\"@type\":\"ListItem\",\"position\":1,\"name\":\"Home\",\"item\":\"https:\/\/www.outdoors.ee\/et\/\"},{\"@type\":\"ListItem\",\"position\":2,\"name\":\"Tooted\",\"item\":\"https:\/\/www.outdoors.ee\/products\/\"},{\"@type\":\"ListItem\",\"position\":3,\"name\":\"Thermowave\u00ae Merino 3IN1 Thermal pikkade k\u00e4istega s\u00e4rk\"}]},{\"@type\":\"WebSite\",\"@id\":\"https:\/\/www.outdoors.ee\/#website\",\"url\":\"https:\/\/www.outdoors.ee\/\",\"name\":\"Outdoors\",\"description\":\"Genuine military surplus and not only!\",\"potentialAction\":[{\"@type\":\"SearchAction\",\"target\":{\"@type\":\"EntryPoint\",\"urlTemplate\":\"https:\/\/www.outdoors.ee\/?s={search_term_string}\"},\"query-input\":{\"@type\":\"PropertyValueSpecification\",\"valueRequired\":true,\"valueName\":\"search_term_string\"}}],\"inLanguage\":\"et\"}]}<\/script>\n<!-- \/ Yoast SEO plugin. -->","yoast_head_json":{"title":"Thermowave\u00ae Merino 3IN1 Thermal pikkade k\u00e4istega s\u00e4rk - Outdoors","robots":{"index":"index","follow":"follow","max-snippet":"max-snippet:-1","max-image-preview":"max-image-preview:large","max-video-preview":"max-video-preview:-1"},"canonical":"https:\/\/www.outdoors.ee\/et\/toode\/thermowave-merino-3in1-thermal-pikkade-kaistega-sark\/","og_locale":"et_EE","og_type":"article","og_title":"Thermowave\u00ae Merino 3IN1 Thermal pikkade k\u00e4istega s\u00e4rk - Outdoors","og_description":"Thermowave\u00ae meeste Merino 3IN1 Thermal pikkade k\u00e4istega s\u00e4rk","og_url":"https:\/\/www.outdoors.ee\/et\/toode\/thermowave-merino-3in1-thermal-pikkade-kaistega-sark\/","og_site_name":"Outdoors","article_modified_time":"2025-12-21T13:46:06+00:00","og_image":[{"width":1200,"height":1400,"url":"https:\/\/www.outdoors.ee\/wp-content\/uploads\/2025\/10\/Thermowave\u00ae-Men\u00b4s-Merino-3IN1-Thermal-Long-Sleeve-Shirt-Anthracite-1.jpg","type":"image\/jpeg"}],"twitter_card":"summary_large_image","twitter_misc":{"Est. reading time":"1 minut"},"schema":{"@context":"https:\/\/schema.org","@graph":[{"@type":"WebPage","@id":"https:\/\/www.outdoors.ee\/et\/toode\/thermowave-merino-3in1-thermal-pikkade-kaistega-sark\/","url":"https:\/\/www.outdoors.ee\/et\/toode\/thermowave-merino-3in1-thermal-pikkade-kaistega-sark\/","name":"Thermowave\u00ae Merino 3IN1 Thermal pikkade k\u00e4istega s\u00e4rk - Outdoors","isPartOf":{"@id":"https:\/\/www.outdoors.ee\/#website"},"primaryImageOfPage":{"@id":"https:\/\/www.outdoors.ee\/et\/toode\/thermowave-merino-3in1-thermal-pikkade-kaistega-sark\/#primaryimage"},"image":{"@id":"https:\/\/www.outdoors.ee\/et\/toode\/thermowave-merino-3in1-thermal-pikkade-kaistega-sark\/#primaryimage"},"thumbnailUrl":"https:\/\/www.outdoors.ee\/wp-content\/uploads\/2025\/10\/Thermowave\u00ae-Men\u00b4s-Merino-3IN1-Thermal-Long-Sleeve-Shirt-Anthracite-1.jpg","datePublished":"2025-10-20T08:55:38+00:00","dateModified":"2025-12-21T13:46:06+00:00","breadcrumb":{"@id":"https:\/\/www.outdoors.ee\/et\/toode\/thermowave-merino-3in1-thermal-pikkade-kaistega-sark\/#breadcrumb"},"inLanguage":"et","potentialAction":[{"@type":"ReadAction","target":["https:\/\/www.outdoors.ee\/et\/toode\/thermowave-merino-3in1-thermal-pikkade-kaistega-sark\/"]}]},{"@type":"ImageObject","inLanguage":"et","@id":"https:\/\/www.outdoors.ee\/et\/toode\/thermowave-merino-3in1-thermal-pikkade-kaistega-sark\/#primaryimage","url":"https:\/\/www.outdoors.ee\/wp-content\/uploads\/2025\/10\/Thermowave\u00ae-Men\u00b4s-Merino-3IN1-Thermal-Long-Sleeve-Shirt-Anthracite-1.jpg","contentUrl":"https:\/\/www.outdoors.ee\/wp-content\/uploads\/2025\/10\/Thermowave\u00ae-Men\u00b4s-Merino-3IN1-Thermal-Long-Sleeve-Shirt-Anthracite-1.jpg","width":1200,"height":1400},{"@type":"BreadcrumbList","@id":"https:\/\/www.outdoors.ee\/et\/toode\/thermowave-merino-3in1-thermal-pikkade-kaistega-sark\/#breadcrumb","itemListElement":[{"@type":"ListItem","position":1,"name":"Home","item":"https:\/\/www.outdoors.ee\/et\/"},{"@type":"ListItem","position":2,"name":"Tooted","item":"https:\/\/www.outdoors.ee\/products\/"},{"@type":"ListItem","position":3,"name":"Thermowave\u00ae Merino 3IN1 Thermal pikkade k\u00e4istega s\u00e4rk"}]},{"@type":"WebSite","@id":"https:\/\/www.outdoors.ee\/#website","url":"https:\/\/www.outdoors.ee\/","name":"Outdoors","description":"Genuine military surplus and not only!","potentialAction":[{"@type":"SearchAction","target":{"@type":"EntryPoint","urlTemplate":"https:\/\/www.outdoors.ee\/?s={search_term_string}"},"query-input":{"@type":"PropertyValueSpecification","valueRequired":true,"valueName":"search_term_string"}}],"inLanguage":"et"}]}},"_links":{"self":[{"href":"https:\/\/www.outdoors.ee\/et\/wp-json\/wp\/v2\/product\/106714","targetHints":{"allow":["GET"]}}],"collection":[{"href":"https:\/\/www.outdoors.ee\/et\/wp-json\/wp\/v2\/product"}],"about":[{"href":"https:\/\/www.outdoors.ee\/et\/wp-json\/wp\/v2\/types\/product"}],"wp:featuredmedia":[{"embeddable":true,"href":"https:\/\/www.outdoors.ee\/et\/wp-json\/wp\/v2\/media\/106697"}],"wp:attachment":[{"href":"https:\/\/www.outdoors.ee\/et\/wp-json\/wp\/v2\/media?parent=106714"}],"wp:term":[{"taxonomy":"product_brand","embeddable":true,"href":"https:\/\/www.outdoors.ee\/et\/wp-json\/wp\/v2\/product_brand?post=106714"},{"taxonomy":"product_cat","embeddable":true,"href":"https:\/\/www.outdoors.ee\/et\/wp-json\/wp\/v2\/product_cat?post=106714"},{"taxonomy":"product_tag","embeddable":true,"href":"https:\/\/www.outdoors.ee\/et\/wp-json\/wp\/v2\/product_tag?post=106714"}],"curies":[{"name":"wp","href":"https:\/\/api.w.org\/{rel}","templated":true}]}}