{"id":106691,"date":"2025-10-20T11:04:15","date_gmt":"2025-10-20T08:04:15","guid":{"rendered":"https:\/\/www.outdoors.ee\/?post_type=product&#038;p=106691"},"modified":"2025-12-21T15:46:15","modified_gmt":"2025-12-21T13:46:15","slug":"thermowave-merino-xtreme-thermal-turtleneck-1-2-zip-pikkade-kaistega-sark","status":"publish","type":"product","link":"https:\/\/www.outdoors.ee\/et\/toode\/thermowave-merino-xtreme-thermal-turtleneck-1-2-zip-pikkade-kaistega-sark\/","title":{"rendered":"Thermowave\u00ae Merino Xtreme Thermal Turtleneck 1\/2 Zip pikkade k\u00e4istega s\u00e4rk"},"content":{"rendered":"<p>Merino Xtreme meeste aluskiht on valmistatud tipptasemel kangastest \u2013 looduslike ja tehislike materjalide segust. Seesmine pol\u00fcesterkiht on m\u00f5eldud optimaalseks niiskuse juhtimiseks, samas kui v\u00e4limine meriinovill pakub suurep\u00e4rast soojustust ja on loomulikult antibakteriaalne. Nende kahe kihi kombinatsioon tagab v\u00e4ga hea isolatsiooni, suure vastupidavuse ning hingavuse. Thermowave Merino Xtreme aluskiht on eriti pehme ning t\u00e4nu lamedatele \u00f5mblustele ei p\u00f5hjusta s\u00fcgelust ja sobib ka tundlikule nahale.<\/p>\n<p><strong>Omadused:<\/strong><\/p>\n<ul>\n<li>aluskiht: nahale k\u00f5ige l\u00e4hemal<\/li>\n<li>kahekihiline kangas \u2013 parim v\u00f5imalik soojuse-kaalu suhe<\/li>\n<li>v\u00e4limine kiht on meriinovilla ja pol\u00fcamiidi segu, mis muudab r\u00f5iva vastupidavamaks<\/li>\n<li>sisemine kiht on funktsionaalne pol\u00fcester, mis kuivab kiiresti ja on mugav<\/li>\n<li>p\u00f6idlaavad hoiavad varrukad paigal ja k\u00e4ed soojas<\/li>\n<li>k\u00f5rge YKK\u00ae t\u00f5mblukuga kaelus parema termoregulatsiooni tagamiseks<\/li>\n<li>pikendatud seljaosa kaitseb k\u00fclma eest<\/li>\n<li>lamedad \u00fchendus\u00f5mblused naha\u00e4rrituse ennetamiseks<\/li>\n<li>maksimaalne hingavus ja looduslik antibakteriaalne kaitse<\/li>\n<li>materjali tihedus: 220 g\/m<sup>2<\/sup><\/li>\n<li>koostis: 80% meriinovill ja 20% pol\u00fcamiid (v\u00e4liskiht), 100% funktsionaalne pol\u00fcester (sisemine kiht)<\/li>\n<\/ul>\n<p><strong>Seisukord:<\/strong> uus<\/p>\n","protected":false},"excerpt":{"rendered":"<p>Thermowave\u00ae meeste Merino Xtreme Thermal Turtleneck 1\/2 Zip pikkade k\u00e4istega s\u00e4rk<\/p>\n","protected":false},"featured_media":106681,"template":"","meta":[],"product_brand":[],"product_cat":[129],"product_tag":[],"class_list":{"0":"post-106691","1":"product","2":"type-product","3":"status-publish","4":"has-post-thumbnail","6":"product_cat-soe-pesu-aluskiht","7":"pa_brand-thermowave-2","8":"pa_size-l-2","9":"pa_size-m-2","10":"pa_size-xl-2","12":"first","13":"instock","14":"taxable","15":"shipping-taxable","16":"purchasable","17":"product-type-variable"},"yoast_head":"<!-- This site is optimized with the Yoast SEO plugin v27.2 - https:\/\/yoast.com\/product\/yoast-seo-wordpress\/ -->\n<title>Thermowave\u00ae Merino Xtreme Thermal Turtleneck 1\/2 Zip pikkade k\u00e4istega s\u00e4rk - Outdoors<\/title>\n<meta name=\"robots\" content=\"index, follow, max-snippet:-1, max-image-preview:large, max-video-preview:-1\" \/>\n<link rel=\"canonical\" href=\"https:\/\/www.outdoors.ee\/et\/toode\/thermowave-merino-xtreme-thermal-turtleneck-1-2-zip-pikkade-kaistega-sark\/\" \/>\n<meta property=\"og:locale\" content=\"et_EE\" \/>\n<meta property=\"og:type\" content=\"article\" \/>\n<meta property=\"og:title\" content=\"Thermowave\u00ae Merino Xtreme Thermal Turtleneck 1\/2 Zip pikkade k\u00e4istega s\u00e4rk - Outdoors\" \/>\n<meta property=\"og:description\" content=\"Thermowave\u00ae meeste Merino Xtreme Thermal Turtleneck 1\/2 Zip pikkade k\u00e4istega s\u00e4rk\" \/>\n<meta property=\"og:url\" content=\"https:\/\/www.outdoors.ee\/et\/toode\/thermowave-merino-xtreme-thermal-turtleneck-1-2-zip-pikkade-kaistega-sark\/\" \/>\n<meta property=\"og:site_name\" content=\"Outdoors\" \/>\n<meta property=\"article:modified_time\" content=\"2025-12-21T13:46:15+00:00\" \/>\n<meta property=\"og:image\" content=\"https:\/\/www.outdoors.ee\/wp-content\/uploads\/2025\/10\/Thermowave\u00ae-Merino-Xtreme-Thermal-Turtleneck-Half-Zip-Long-Sleeve-Shirt-1.jpg\" \/>\n\t<meta property=\"og:image:width\" content=\"1200\" \/>\n\t<meta property=\"og:image:height\" content=\"1400\" \/>\n\t<meta property=\"og:image:type\" content=\"image\/jpeg\" \/>\n<meta name=\"twitter:card\" content=\"summary_large_image\" \/>\n<meta name=\"twitter:label1\" content=\"Est. reading time\" \/>\n\t<meta name=\"twitter:data1\" content=\"1 minut\" \/>\n<script type=\"application\/ld+json\" class=\"yoast-schema-graph\">{\"@context\":\"https:\/\/schema.org\",\"@graph\":[{\"@type\":\"WebPage\",\"@id\":\"https:\/\/www.outdoors.ee\/et\/toode\/thermowave-merino-xtreme-thermal-turtleneck-1-2-zip-pikkade-kaistega-sark\/\",\"url\":\"https:\/\/www.outdoors.ee\/et\/toode\/thermowave-merino-xtreme-thermal-turtleneck-1-2-zip-pikkade-kaistega-sark\/\",\"name\":\"Thermowave\u00ae Merino Xtreme Thermal Turtleneck 1\/2 Zip pikkade k\u00e4istega s\u00e4rk - Outdoors\",\"isPartOf\":{\"@id\":\"https:\/\/www.outdoors.ee\/#website\"},\"primaryImageOfPage\":{\"@id\":\"https:\/\/www.outdoors.ee\/et\/toode\/thermowave-merino-xtreme-thermal-turtleneck-1-2-zip-pikkade-kaistega-sark\/#primaryimage\"},\"image\":{\"@id\":\"https:\/\/www.outdoors.ee\/et\/toode\/thermowave-merino-xtreme-thermal-turtleneck-1-2-zip-pikkade-kaistega-sark\/#primaryimage\"},\"thumbnailUrl\":\"https:\/\/www.outdoors.ee\/wp-content\/uploads\/2025\/10\/Thermowave\u00ae-Merino-Xtreme-Thermal-Turtleneck-Half-Zip-Long-Sleeve-Shirt-1.jpg\",\"datePublished\":\"2025-10-20T08:04:15+00:00\",\"dateModified\":\"2025-12-21T13:46:15+00:00\",\"breadcrumb\":{\"@id\":\"https:\/\/www.outdoors.ee\/et\/toode\/thermowave-merino-xtreme-thermal-turtleneck-1-2-zip-pikkade-kaistega-sark\/#breadcrumb\"},\"inLanguage\":\"et\",\"potentialAction\":[{\"@type\":\"ReadAction\",\"target\":[\"https:\/\/www.outdoors.ee\/et\/toode\/thermowave-merino-xtreme-thermal-turtleneck-1-2-zip-pikkade-kaistega-sark\/\"]}]},{\"@type\":\"ImageObject\",\"inLanguage\":\"et\",\"@id\":\"https:\/\/www.outdoors.ee\/et\/toode\/thermowave-merino-xtreme-thermal-turtleneck-1-2-zip-pikkade-kaistega-sark\/#primaryimage\",\"url\":\"https:\/\/www.outdoors.ee\/wp-content\/uploads\/2025\/10\/Thermowave\u00ae-Merino-Xtreme-Thermal-Turtleneck-Half-Zip-Long-Sleeve-Shirt-1.jpg\",\"contentUrl\":\"https:\/\/www.outdoors.ee\/wp-content\/uploads\/2025\/10\/Thermowave\u00ae-Merino-Xtreme-Thermal-Turtleneck-Half-Zip-Long-Sleeve-Shirt-1.jpg\",\"width\":1200,\"height\":1400},{\"@type\":\"BreadcrumbList\",\"@id\":\"https:\/\/www.outdoors.ee\/et\/toode\/thermowave-merino-xtreme-thermal-turtleneck-1-2-zip-pikkade-kaistega-sark\/#breadcrumb\",\"itemListElement\":[{\"@type\":\"ListItem\",\"position\":1,\"name\":\"Home\",\"item\":\"https:\/\/www.outdoors.ee\/et\/\"},{\"@type\":\"ListItem\",\"position\":2,\"name\":\"Tooted\",\"item\":\"https:\/\/www.outdoors.ee\/products\/\"},{\"@type\":\"ListItem\",\"position\":3,\"name\":\"Thermowave\u00ae Merino Xtreme Thermal Turtleneck 1\/2 Zip pikkade k\u00e4istega s\u00e4rk\"}]},{\"@type\":\"WebSite\",\"@id\":\"https:\/\/www.outdoors.ee\/#website\",\"url\":\"https:\/\/www.outdoors.ee\/\",\"name\":\"Outdoors\",\"description\":\"Genuine military surplus and not only!\",\"potentialAction\":[{\"@type\":\"SearchAction\",\"target\":{\"@type\":\"EntryPoint\",\"urlTemplate\":\"https:\/\/www.outdoors.ee\/?s={search_term_string}\"},\"query-input\":{\"@type\":\"PropertyValueSpecification\",\"valueRequired\":true,\"valueName\":\"search_term_string\"}}],\"inLanguage\":\"et\"}]}<\/script>\n<!-- \/ Yoast SEO plugin. -->","yoast_head_json":{"title":"Thermowave\u00ae Merino Xtreme Thermal Turtleneck 1\/2 Zip pikkade k\u00e4istega s\u00e4rk - Outdoors","robots":{"index":"index","follow":"follow","max-snippet":"max-snippet:-1","max-image-preview":"max-image-preview:large","max-video-preview":"max-video-preview:-1"},"canonical":"https:\/\/www.outdoors.ee\/et\/toode\/thermowave-merino-xtreme-thermal-turtleneck-1-2-zip-pikkade-kaistega-sark\/","og_locale":"et_EE","og_type":"article","og_title":"Thermowave\u00ae Merino Xtreme Thermal Turtleneck 1\/2 Zip pikkade k\u00e4istega s\u00e4rk - Outdoors","og_description":"Thermowave\u00ae meeste Merino Xtreme Thermal Turtleneck 1\/2 Zip pikkade k\u00e4istega s\u00e4rk","og_url":"https:\/\/www.outdoors.ee\/et\/toode\/thermowave-merino-xtreme-thermal-turtleneck-1-2-zip-pikkade-kaistega-sark\/","og_site_name":"Outdoors","article_modified_time":"2025-12-21T13:46:15+00:00","og_image":[{"width":1200,"height":1400,"url":"https:\/\/www.outdoors.ee\/wp-content\/uploads\/2025\/10\/Thermowave\u00ae-Merino-Xtreme-Thermal-Turtleneck-Half-Zip-Long-Sleeve-Shirt-1.jpg","type":"image\/jpeg"}],"twitter_card":"summary_large_image","twitter_misc":{"Est. reading time":"1 minut"},"schema":{"@context":"https:\/\/schema.org","@graph":[{"@type":"WebPage","@id":"https:\/\/www.outdoors.ee\/et\/toode\/thermowave-merino-xtreme-thermal-turtleneck-1-2-zip-pikkade-kaistega-sark\/","url":"https:\/\/www.outdoors.ee\/et\/toode\/thermowave-merino-xtreme-thermal-turtleneck-1-2-zip-pikkade-kaistega-sark\/","name":"Thermowave\u00ae Merino Xtreme Thermal Turtleneck 1\/2 Zip pikkade k\u00e4istega s\u00e4rk - Outdoors","isPartOf":{"@id":"https:\/\/www.outdoors.ee\/#website"},"primaryImageOfPage":{"@id":"https:\/\/www.outdoors.ee\/et\/toode\/thermowave-merino-xtreme-thermal-turtleneck-1-2-zip-pikkade-kaistega-sark\/#primaryimage"},"image":{"@id":"https:\/\/www.outdoors.ee\/et\/toode\/thermowave-merino-xtreme-thermal-turtleneck-1-2-zip-pikkade-kaistega-sark\/#primaryimage"},"thumbnailUrl":"https:\/\/www.outdoors.ee\/wp-content\/uploads\/2025\/10\/Thermowave\u00ae-Merino-Xtreme-Thermal-Turtleneck-Half-Zip-Long-Sleeve-Shirt-1.jpg","datePublished":"2025-10-20T08:04:15+00:00","dateModified":"2025-12-21T13:46:15+00:00","breadcrumb":{"@id":"https:\/\/www.outdoors.ee\/et\/toode\/thermowave-merino-xtreme-thermal-turtleneck-1-2-zip-pikkade-kaistega-sark\/#breadcrumb"},"inLanguage":"et","potentialAction":[{"@type":"ReadAction","target":["https:\/\/www.outdoors.ee\/et\/toode\/thermowave-merino-xtreme-thermal-turtleneck-1-2-zip-pikkade-kaistega-sark\/"]}]},{"@type":"ImageObject","inLanguage":"et","@id":"https:\/\/www.outdoors.ee\/et\/toode\/thermowave-merino-xtreme-thermal-turtleneck-1-2-zip-pikkade-kaistega-sark\/#primaryimage","url":"https:\/\/www.outdoors.ee\/wp-content\/uploads\/2025\/10\/Thermowave\u00ae-Merino-Xtreme-Thermal-Turtleneck-Half-Zip-Long-Sleeve-Shirt-1.jpg","contentUrl":"https:\/\/www.outdoors.ee\/wp-content\/uploads\/2025\/10\/Thermowave\u00ae-Merino-Xtreme-Thermal-Turtleneck-Half-Zip-Long-Sleeve-Shirt-1.jpg","width":1200,"height":1400},{"@type":"BreadcrumbList","@id":"https:\/\/www.outdoors.ee\/et\/toode\/thermowave-merino-xtreme-thermal-turtleneck-1-2-zip-pikkade-kaistega-sark\/#breadcrumb","itemListElement":[{"@type":"ListItem","position":1,"name":"Home","item":"https:\/\/www.outdoors.ee\/et\/"},{"@type":"ListItem","position":2,"name":"Tooted","item":"https:\/\/www.outdoors.ee\/products\/"},{"@type":"ListItem","position":3,"name":"Thermowave\u00ae Merino Xtreme Thermal Turtleneck 1\/2 Zip pikkade k\u00e4istega s\u00e4rk"}]},{"@type":"WebSite","@id":"https:\/\/www.outdoors.ee\/#website","url":"https:\/\/www.outdoors.ee\/","name":"Outdoors","description":"Genuine military surplus and not only!","potentialAction":[{"@type":"SearchAction","target":{"@type":"EntryPoint","urlTemplate":"https:\/\/www.outdoors.ee\/?s={search_term_string}"},"query-input":{"@type":"PropertyValueSpecification","valueRequired":true,"valueName":"search_term_string"}}],"inLanguage":"et"}]}},"_links":{"self":[{"href":"https:\/\/www.outdoors.ee\/et\/wp-json\/wp\/v2\/product\/106691","targetHints":{"allow":["GET"]}}],"collection":[{"href":"https:\/\/www.outdoors.ee\/et\/wp-json\/wp\/v2\/product"}],"about":[{"href":"https:\/\/www.outdoors.ee\/et\/wp-json\/wp\/v2\/types\/product"}],"wp:featuredmedia":[{"embeddable":true,"href":"https:\/\/www.outdoors.ee\/et\/wp-json\/wp\/v2\/media\/106681"}],"wp:attachment":[{"href":"https:\/\/www.outdoors.ee\/et\/wp-json\/wp\/v2\/media?parent=106691"}],"wp:term":[{"taxonomy":"product_brand","embeddable":true,"href":"https:\/\/www.outdoors.ee\/et\/wp-json\/wp\/v2\/product_brand?post=106691"},{"taxonomy":"product_cat","embeddable":true,"href":"https:\/\/www.outdoors.ee\/et\/wp-json\/wp\/v2\/product_cat?post=106691"},{"taxonomy":"product_tag","embeddable":true,"href":"https:\/\/www.outdoors.ee\/et\/wp-json\/wp\/v2\/product_tag?post=106691"}],"curies":[{"name":"wp","href":"https:\/\/api.w.org\/{rel}","templated":true}]}}