{"id":106586,"date":"2025-10-17T15:43:36","date_gmt":"2025-10-17T12:43:36","guid":{"rendered":"https:\/\/www.outdoors.ee\/?post_type=product&#038;p=106586"},"modified":"2026-01-17T21:45:10","modified_gmt":"2026-01-17T19:45:10","slug":"thermowave-originals-thermal-pikkade-kaistega-sark-black","status":"publish","type":"product","link":"https:\/\/www.outdoors.ee\/et\/toode\/thermowave-originals-thermal-pikkade-kaistega-sark-black\/","title":{"rendered":"Thermowave\u00ae Originals Thermal pikkade k\u00e4istega s\u00e4rk Black"},"content":{"rendered":"<p>Thermowave Originals on \u00fcks Thermowave&#8217;i populaarsemaid termor\u00f5ivaste sarju, mis on m\u00f5eldud erinevaks tegevuseks jaheda ilmaga.<\/p>\n<p>Thermowave Originalsi toodetele on iseloomulikud kiiresti kuivavad 100% funktsionaalsed pol\u00fcesterl\u00f5ngad, mis annavad toodetele erakordse niiskuse aurustumise funktsiooni. Lisaks pakuvad silmkoelise kangastruktuuriga Thermowave\u2019i pol\u00fcestrist riided v\u00e4ga h\u00e4id soojusisolatsiooni omadusi ning on kerged, pehmed ja suurep\u00e4raselt sobivad. K\u00f5ik need tunnused teevad sellest aluskihi sarjast t\u00e4iusliku valiku intensiivsete tegevuste sooritamiseks madalamatel temperatuuridel.<\/p>\n<p><strong>Omadused:<\/strong><\/p>\n<ul>\n<li>aluskiht: nahale k\u00f5ige l\u00e4hemal<\/li>\n<li>pikendatud seljaosa kaitseb k\u00fclma eest<\/li>\n<li>keerisl\u00f5ng (vortex) veelgi parema vastupidavuse saavutamiseks<\/li>\n<li>neljas suunas venitatav kangas maksimaalse liikumisvabaduse tagamiseks<\/li>\n<li>suunab niiskuse v\u00e4liskihtidele, keha p\u00fcsib kuivana<\/li>\n<li>uskumatult elastne<\/li>\n<li>kiiresti kuivav<\/li>\n<li>v\u00e4hem \u00e4rritust p\u00f5hjustav kangas<\/li>\n<li>antibakteriaalne viimistlusaine takistab bakterite kasvu, pakub v\u00e4rskust ning puudub ebamugav l\u00f5hn<\/li>\n<li>materjali tihedus: 180 g\/m2<\/li>\n<li>koostis: 100% funktsionaalne pol\u00fcester<\/li>\n<\/ul>\n<p><strong>Seisukord:<\/strong> uus<\/p>\n","protected":false},"excerpt":{"rendered":"<p>Thermowave\u00ae Originals Thermal meeste s\u00e4rk pikkade k\u00e4istega, must<\/p>\n","protected":false},"featured_media":106596,"template":"","meta":[],"product_brand":[],"product_cat":[129],"product_tag":[],"class_list":{"0":"post-106586","1":"product","2":"type-product","3":"status-publish","4":"has-post-thumbnail","6":"product_cat-soe-pesu-aluskiht","7":"pa_brand-thermowave-2","8":"pa_size-l-2","9":"pa_size-m-2","10":"pa_size-xl-2","12":"first","13":"instock","14":"taxable","15":"shipping-taxable","16":"purchasable","17":"product-type-variable"},"yoast_head":"<!-- This site is optimized with the Yoast SEO plugin v27.2 - https:\/\/yoast.com\/product\/yoast-seo-wordpress\/ -->\n<title>Thermowave\u00ae Originals Thermal pikkade k\u00e4istega s\u00e4rk Black - Outdoors<\/title>\n<meta name=\"robots\" content=\"index, follow, max-snippet:-1, max-image-preview:large, max-video-preview:-1\" \/>\n<link rel=\"canonical\" href=\"https:\/\/www.outdoors.ee\/et\/toode\/thermowave-originals-thermal-pikkade-kaistega-sark-black\/\" \/>\n<meta property=\"og:locale\" content=\"et_EE\" \/>\n<meta property=\"og:type\" content=\"article\" \/>\n<meta property=\"og:title\" content=\"Thermowave\u00ae Originals Thermal pikkade k\u00e4istega s\u00e4rk Black - Outdoors\" \/>\n<meta property=\"og:description\" content=\"Thermowave\u00ae Originals Thermal meeste s\u00e4rk pikkade k\u00e4istega, must\" \/>\n<meta property=\"og:url\" content=\"https:\/\/www.outdoors.ee\/et\/toode\/thermowave-originals-thermal-pikkade-kaistega-sark-black\/\" \/>\n<meta property=\"og:site_name\" content=\"Outdoors\" \/>\n<meta property=\"article:modified_time\" content=\"2026-01-17T19:45:10+00:00\" \/>\n<meta property=\"og:image\" content=\"https:\/\/www.outdoors.ee\/wp-content\/uploads\/2025\/10\/Thermowave\u00ae-Men\u00b4s-Originals-Thermal-Long-Sleeve-Shirt-Black-2.jpg\" \/>\n\t<meta property=\"og:image:width\" content=\"1200\" \/>\n\t<meta property=\"og:image:height\" content=\"1400\" \/>\n\t<meta property=\"og:image:type\" content=\"image\/jpeg\" \/>\n<meta name=\"twitter:card\" content=\"summary_large_image\" \/>\n<meta name=\"twitter:label1\" content=\"Est. reading time\" \/>\n\t<meta name=\"twitter:data1\" content=\"1 minut\" \/>\n<script type=\"application\/ld+json\" class=\"yoast-schema-graph\">{\"@context\":\"https:\/\/schema.org\",\"@graph\":[{\"@type\":\"WebPage\",\"@id\":\"https:\/\/www.outdoors.ee\/et\/toode\/thermowave-originals-thermal-pikkade-kaistega-sark-black\/\",\"url\":\"https:\/\/www.outdoors.ee\/et\/toode\/thermowave-originals-thermal-pikkade-kaistega-sark-black\/\",\"name\":\"Thermowave\u00ae Originals Thermal pikkade k\u00e4istega s\u00e4rk Black - Outdoors\",\"isPartOf\":{\"@id\":\"https:\/\/www.outdoors.ee\/#website\"},\"primaryImageOfPage\":{\"@id\":\"https:\/\/www.outdoors.ee\/et\/toode\/thermowave-originals-thermal-pikkade-kaistega-sark-black\/#primaryimage\"},\"image\":{\"@id\":\"https:\/\/www.outdoors.ee\/et\/toode\/thermowave-originals-thermal-pikkade-kaistega-sark-black\/#primaryimage\"},\"thumbnailUrl\":\"https:\/\/www.outdoors.ee\/wp-content\/uploads\/2025\/10\/Thermowave\u00ae-Men\u00b4s-Originals-Thermal-Long-Sleeve-Shirt-Black-2.jpg\",\"datePublished\":\"2025-10-17T12:43:36+00:00\",\"dateModified\":\"2026-01-17T19:45:10+00:00\",\"breadcrumb\":{\"@id\":\"https:\/\/www.outdoors.ee\/et\/toode\/thermowave-originals-thermal-pikkade-kaistega-sark-black\/#breadcrumb\"},\"inLanguage\":\"et\",\"potentialAction\":[{\"@type\":\"ReadAction\",\"target\":[\"https:\/\/www.outdoors.ee\/et\/toode\/thermowave-originals-thermal-pikkade-kaistega-sark-black\/\"]}]},{\"@type\":\"ImageObject\",\"inLanguage\":\"et\",\"@id\":\"https:\/\/www.outdoors.ee\/et\/toode\/thermowave-originals-thermal-pikkade-kaistega-sark-black\/#primaryimage\",\"url\":\"https:\/\/www.outdoors.ee\/wp-content\/uploads\/2025\/10\/Thermowave\u00ae-Men\u00b4s-Originals-Thermal-Long-Sleeve-Shirt-Black-2.jpg\",\"contentUrl\":\"https:\/\/www.outdoors.ee\/wp-content\/uploads\/2025\/10\/Thermowave\u00ae-Men\u00b4s-Originals-Thermal-Long-Sleeve-Shirt-Black-2.jpg\",\"width\":1200,\"height\":1400},{\"@type\":\"BreadcrumbList\",\"@id\":\"https:\/\/www.outdoors.ee\/et\/toode\/thermowave-originals-thermal-pikkade-kaistega-sark-black\/#breadcrumb\",\"itemListElement\":[{\"@type\":\"ListItem\",\"position\":1,\"name\":\"Home\",\"item\":\"https:\/\/www.outdoors.ee\/et\/\"},{\"@type\":\"ListItem\",\"position\":2,\"name\":\"Tooted\",\"item\":\"https:\/\/www.outdoors.ee\/products\/\"},{\"@type\":\"ListItem\",\"position\":3,\"name\":\"Thermowave\u00ae Originals Thermal pikkade k\u00e4istega s\u00e4rk Black\"}]},{\"@type\":\"WebSite\",\"@id\":\"https:\/\/www.outdoors.ee\/#website\",\"url\":\"https:\/\/www.outdoors.ee\/\",\"name\":\"Outdoors\",\"description\":\"Genuine military surplus and not only!\",\"potentialAction\":[{\"@type\":\"SearchAction\",\"target\":{\"@type\":\"EntryPoint\",\"urlTemplate\":\"https:\/\/www.outdoors.ee\/?s={search_term_string}\"},\"query-input\":{\"@type\":\"PropertyValueSpecification\",\"valueRequired\":true,\"valueName\":\"search_term_string\"}}],\"inLanguage\":\"et\"}]}<\/script>\n<!-- \/ Yoast SEO plugin. -->","yoast_head_json":{"title":"Thermowave\u00ae Originals Thermal pikkade k\u00e4istega s\u00e4rk Black - Outdoors","robots":{"index":"index","follow":"follow","max-snippet":"max-snippet:-1","max-image-preview":"max-image-preview:large","max-video-preview":"max-video-preview:-1"},"canonical":"https:\/\/www.outdoors.ee\/et\/toode\/thermowave-originals-thermal-pikkade-kaistega-sark-black\/","og_locale":"et_EE","og_type":"article","og_title":"Thermowave\u00ae Originals Thermal pikkade k\u00e4istega s\u00e4rk Black - Outdoors","og_description":"Thermowave\u00ae Originals Thermal meeste s\u00e4rk pikkade k\u00e4istega, must","og_url":"https:\/\/www.outdoors.ee\/et\/toode\/thermowave-originals-thermal-pikkade-kaistega-sark-black\/","og_site_name":"Outdoors","article_modified_time":"2026-01-17T19:45:10+00:00","og_image":[{"width":1200,"height":1400,"url":"https:\/\/www.outdoors.ee\/wp-content\/uploads\/2025\/10\/Thermowave\u00ae-Men\u00b4s-Originals-Thermal-Long-Sleeve-Shirt-Black-2.jpg","type":"image\/jpeg"}],"twitter_card":"summary_large_image","twitter_misc":{"Est. reading time":"1 minut"},"schema":{"@context":"https:\/\/schema.org","@graph":[{"@type":"WebPage","@id":"https:\/\/www.outdoors.ee\/et\/toode\/thermowave-originals-thermal-pikkade-kaistega-sark-black\/","url":"https:\/\/www.outdoors.ee\/et\/toode\/thermowave-originals-thermal-pikkade-kaistega-sark-black\/","name":"Thermowave\u00ae Originals Thermal pikkade k\u00e4istega s\u00e4rk Black - Outdoors","isPartOf":{"@id":"https:\/\/www.outdoors.ee\/#website"},"primaryImageOfPage":{"@id":"https:\/\/www.outdoors.ee\/et\/toode\/thermowave-originals-thermal-pikkade-kaistega-sark-black\/#primaryimage"},"image":{"@id":"https:\/\/www.outdoors.ee\/et\/toode\/thermowave-originals-thermal-pikkade-kaistega-sark-black\/#primaryimage"},"thumbnailUrl":"https:\/\/www.outdoors.ee\/wp-content\/uploads\/2025\/10\/Thermowave\u00ae-Men\u00b4s-Originals-Thermal-Long-Sleeve-Shirt-Black-2.jpg","datePublished":"2025-10-17T12:43:36+00:00","dateModified":"2026-01-17T19:45:10+00:00","breadcrumb":{"@id":"https:\/\/www.outdoors.ee\/et\/toode\/thermowave-originals-thermal-pikkade-kaistega-sark-black\/#breadcrumb"},"inLanguage":"et","potentialAction":[{"@type":"ReadAction","target":["https:\/\/www.outdoors.ee\/et\/toode\/thermowave-originals-thermal-pikkade-kaistega-sark-black\/"]}]},{"@type":"ImageObject","inLanguage":"et","@id":"https:\/\/www.outdoors.ee\/et\/toode\/thermowave-originals-thermal-pikkade-kaistega-sark-black\/#primaryimage","url":"https:\/\/www.outdoors.ee\/wp-content\/uploads\/2025\/10\/Thermowave\u00ae-Men\u00b4s-Originals-Thermal-Long-Sleeve-Shirt-Black-2.jpg","contentUrl":"https:\/\/www.outdoors.ee\/wp-content\/uploads\/2025\/10\/Thermowave\u00ae-Men\u00b4s-Originals-Thermal-Long-Sleeve-Shirt-Black-2.jpg","width":1200,"height":1400},{"@type":"BreadcrumbList","@id":"https:\/\/www.outdoors.ee\/et\/toode\/thermowave-originals-thermal-pikkade-kaistega-sark-black\/#breadcrumb","itemListElement":[{"@type":"ListItem","position":1,"name":"Home","item":"https:\/\/www.outdoors.ee\/et\/"},{"@type":"ListItem","position":2,"name":"Tooted","item":"https:\/\/www.outdoors.ee\/products\/"},{"@type":"ListItem","position":3,"name":"Thermowave\u00ae Originals Thermal pikkade k\u00e4istega s\u00e4rk Black"}]},{"@type":"WebSite","@id":"https:\/\/www.outdoors.ee\/#website","url":"https:\/\/www.outdoors.ee\/","name":"Outdoors","description":"Genuine military surplus and not only!","potentialAction":[{"@type":"SearchAction","target":{"@type":"EntryPoint","urlTemplate":"https:\/\/www.outdoors.ee\/?s={search_term_string}"},"query-input":{"@type":"PropertyValueSpecification","valueRequired":true,"valueName":"search_term_string"}}],"inLanguage":"et"}]}},"_links":{"self":[{"href":"https:\/\/www.outdoors.ee\/et\/wp-json\/wp\/v2\/product\/106586","targetHints":{"allow":["GET"]}}],"collection":[{"href":"https:\/\/www.outdoors.ee\/et\/wp-json\/wp\/v2\/product"}],"about":[{"href":"https:\/\/www.outdoors.ee\/et\/wp-json\/wp\/v2\/types\/product"}],"wp:featuredmedia":[{"embeddable":true,"href":"https:\/\/www.outdoors.ee\/et\/wp-json\/wp\/v2\/media\/106596"}],"wp:attachment":[{"href":"https:\/\/www.outdoors.ee\/et\/wp-json\/wp\/v2\/media?parent=106586"}],"wp:term":[{"taxonomy":"product_brand","embeddable":true,"href":"https:\/\/www.outdoors.ee\/et\/wp-json\/wp\/v2\/product_brand?post=106586"},{"taxonomy":"product_cat","embeddable":true,"href":"https:\/\/www.outdoors.ee\/et\/wp-json\/wp\/v2\/product_cat?post=106586"},{"taxonomy":"product_tag","embeddable":true,"href":"https:\/\/www.outdoors.ee\/et\/wp-json\/wp\/v2\/product_tag?post=106586"}],"curies":[{"name":"wp","href":"https:\/\/api.w.org\/{rel}","templated":true}]}}