{"id":106534,"date":"2025-10-17T11:40:54","date_gmt":"2025-10-17T08:40:54","guid":{"rendered":"https:\/\/www.outdoors.ee\/?post_type=product&#038;p=106534"},"modified":"2025-10-17T11:41:05","modified_gmt":"2025-10-17T08:41:05","slug":"highlander-magamiskott-trooper-250-sleeping-bag","status":"publish","type":"product","link":"https:\/\/www.outdoors.ee\/et\/toode\/highlander-magamiskott-trooper-250-sleeping-bag\/","title":{"rendered":"Highlander\u00ae magamiskott Trooper 250 Sleeping Bag"},"content":{"rendered":"<p>Trooper<span style=\"color: #333333; font-size: 16px;\"> on mugav mumia-t\u00fc\u00fcpi magamiskott, mis tagab hea une ka v\u00e4li\u00f5ppustel v\u00f5i matkadel. <\/span>Magamiskott on t\u00e4idetud 250 g\/m\u00b2 \u00f5\u00f5neskiuga, mis on kerge s\u00fcnteetiline isolatsioonimaterjal \u2013 see s\u00e4ilitab soojust ka niiskena ja kuivab kiiresti, mist\u00f5ttu sobib h\u00e4sti mitmep\u00e4evasteks retkedeks.<\/p>\n<p><strong>Omadused:<\/strong><\/p>\n<ul>\n<li><span class=\"metafield-multi_line_text_field\">muumia-t\u00fc\u00fcpi suvine magamiskott<\/span><\/li>\n<li>vastupidav pol\u00fcesterkangas nii v\u00e4ljast kui seest<\/li>\n<li>kerge ja kompaktne<\/li>\n<li>kompressioonkott komplektis<\/li>\n<li>t\u00e4ispikkuses t\u00f5mblukk, klapiga varustatud<\/li>\n<li>kahepoolne t\u00f5mblukk<\/li>\n<li>m\u00f5\u00f5tmed pakituna: 37cm x 23cm x 23cm<\/li>\n<li>kaal: 1.38kg<\/li>\n<li>materjal: V\u00e4lis: 190T pol\u00fcester; Vooder: pol\u00fcester;\u00a0 soojustus: 250g\/m\u00b2 \u00f5\u00f5neskiud pol\u00fcester<\/li>\n<li>m\u00f5\u00f5tmed: 230cm x 80cm x 30cm<\/li>\n<li>temp.reiting: Komfort: 8\u00b0C; Madal 4\u00b0C<\/li>\n<\/ul>\n<p><strong>Seisukord:<\/strong> uus<\/p>\n","protected":false},"excerpt":{"rendered":"<p>Trooper on mugav mumia-t\u00fc\u00fcpi magamiskott, mis tagab hea une ka v\u00e4li\u00f5ppustel v\u00f5i matkadel. Magamiskott on t\u00e4idetud 250 g\/m\u00b2 \u00f5\u00f5neskiuga, mis<\/p>\n","protected":false},"featured_media":106529,"template":"","meta":[],"product_brand":[],"product_cat":[150],"product_tag":[],"class_list":{"0":"post-106534","1":"product","2":"type-product","3":"status-publish","4":"has-post-thumbnail","6":"product_cat-magamisvarustus","7":"pa_brand-highlander-2","9":"first","10":"instock","11":"taxable","12":"shipping-taxable","13":"purchasable","14":"product-type-simple"},"yoast_head":"<!-- This site is optimized with the Yoast SEO plugin v27.2 - https:\/\/yoast.com\/product\/yoast-seo-wordpress\/ -->\n<title>Highlander\u00ae magamiskott Trooper 250 Sleeping Bag - Outdoors<\/title>\n<meta name=\"robots\" content=\"index, follow, max-snippet:-1, max-image-preview:large, max-video-preview:-1\" \/>\n<link rel=\"canonical\" href=\"https:\/\/www.outdoors.ee\/et\/toode\/highlander-magamiskott-trooper-250-sleeping-bag\/\" \/>\n<meta property=\"og:locale\" content=\"et_EE\" \/>\n<meta property=\"og:type\" content=\"article\" \/>\n<meta property=\"og:title\" content=\"Highlander\u00ae magamiskott Trooper 250 Sleeping Bag - Outdoors\" \/>\n<meta property=\"og:description\" content=\"Trooper on mugav mumia-t\u00fc\u00fcpi magamiskott, mis tagab hea une ka v\u00e4li\u00f5ppustel v\u00f5i matkadel. Magamiskott on t\u00e4idetud 250 g\/m\u00b2 \u00f5\u00f5neskiuga, mis\" \/>\n<meta property=\"og:url\" content=\"https:\/\/www.outdoors.ee\/et\/toode\/highlander-magamiskott-trooper-250-sleeping-bag\/\" \/>\n<meta property=\"og:site_name\" content=\"Outdoors\" \/>\n<meta property=\"article:modified_time\" content=\"2025-10-17T08:41:05+00:00\" \/>\n<meta property=\"og:image\" content=\"https:\/\/www.outdoors.ee\/wp-content\/uploads\/2025\/10\/Highlander\u00ae-Trooper-250-Sleeping-Bag-1.jpg\" \/>\n\t<meta property=\"og:image:width\" content=\"1800\" \/>\n\t<meta property=\"og:image:height\" content=\"1800\" \/>\n\t<meta property=\"og:image:type\" content=\"image\/jpeg\" \/>\n<meta name=\"twitter:card\" content=\"summary_large_image\" \/>\n<meta name=\"twitter:label1\" content=\"Est. reading time\" \/>\n\t<meta name=\"twitter:data1\" content=\"1 minut\" \/>\n<script type=\"application\/ld+json\" class=\"yoast-schema-graph\">{\"@context\":\"https:\/\/schema.org\",\"@graph\":[{\"@type\":\"WebPage\",\"@id\":\"https:\/\/www.outdoors.ee\/et\/toode\/highlander-magamiskott-trooper-250-sleeping-bag\/\",\"url\":\"https:\/\/www.outdoors.ee\/et\/toode\/highlander-magamiskott-trooper-250-sleeping-bag\/\",\"name\":\"Highlander\u00ae magamiskott Trooper 250 Sleeping Bag - Outdoors\",\"isPartOf\":{\"@id\":\"https:\/\/www.outdoors.ee\/#website\"},\"primaryImageOfPage\":{\"@id\":\"https:\/\/www.outdoors.ee\/et\/toode\/highlander-magamiskott-trooper-250-sleeping-bag\/#primaryimage\"},\"image\":{\"@id\":\"https:\/\/www.outdoors.ee\/et\/toode\/highlander-magamiskott-trooper-250-sleeping-bag\/#primaryimage\"},\"thumbnailUrl\":\"https:\/\/www.outdoors.ee\/wp-content\/uploads\/2025\/10\/Highlander\u00ae-Trooper-250-Sleeping-Bag-1.jpg\",\"datePublished\":\"2025-10-17T08:40:54+00:00\",\"dateModified\":\"2025-10-17T08:41:05+00:00\",\"breadcrumb\":{\"@id\":\"https:\/\/www.outdoors.ee\/et\/toode\/highlander-magamiskott-trooper-250-sleeping-bag\/#breadcrumb\"},\"inLanguage\":\"et\",\"potentialAction\":[{\"@type\":\"ReadAction\",\"target\":[\"https:\/\/www.outdoors.ee\/et\/toode\/highlander-magamiskott-trooper-250-sleeping-bag\/\"]}]},{\"@type\":\"ImageObject\",\"inLanguage\":\"et\",\"@id\":\"https:\/\/www.outdoors.ee\/et\/toode\/highlander-magamiskott-trooper-250-sleeping-bag\/#primaryimage\",\"url\":\"https:\/\/www.outdoors.ee\/wp-content\/uploads\/2025\/10\/Highlander\u00ae-Trooper-250-Sleeping-Bag-1.jpg\",\"contentUrl\":\"https:\/\/www.outdoors.ee\/wp-content\/uploads\/2025\/10\/Highlander\u00ae-Trooper-250-Sleeping-Bag-1.jpg\",\"width\":1800,\"height\":1800},{\"@type\":\"BreadcrumbList\",\"@id\":\"https:\/\/www.outdoors.ee\/et\/toode\/highlander-magamiskott-trooper-250-sleeping-bag\/#breadcrumb\",\"itemListElement\":[{\"@type\":\"ListItem\",\"position\":1,\"name\":\"Home\",\"item\":\"https:\/\/www.outdoors.ee\/et\/\"},{\"@type\":\"ListItem\",\"position\":2,\"name\":\"Tooted\",\"item\":\"https:\/\/www.outdoors.ee\/products\/\"},{\"@type\":\"ListItem\",\"position\":3,\"name\":\"Highlander\u00ae magamiskott Trooper 250 Sleeping Bag\"}]},{\"@type\":\"WebSite\",\"@id\":\"https:\/\/www.outdoors.ee\/#website\",\"url\":\"https:\/\/www.outdoors.ee\/\",\"name\":\"Outdoors\",\"description\":\"Genuine military surplus and not only!\",\"potentialAction\":[{\"@type\":\"SearchAction\",\"target\":{\"@type\":\"EntryPoint\",\"urlTemplate\":\"https:\/\/www.outdoors.ee\/?s={search_term_string}\"},\"query-input\":{\"@type\":\"PropertyValueSpecification\",\"valueRequired\":true,\"valueName\":\"search_term_string\"}}],\"inLanguage\":\"et\"}]}<\/script>\n<!-- \/ Yoast SEO plugin. -->","yoast_head_json":{"title":"Highlander\u00ae magamiskott Trooper 250 Sleeping Bag - Outdoors","robots":{"index":"index","follow":"follow","max-snippet":"max-snippet:-1","max-image-preview":"max-image-preview:large","max-video-preview":"max-video-preview:-1"},"canonical":"https:\/\/www.outdoors.ee\/et\/toode\/highlander-magamiskott-trooper-250-sleeping-bag\/","og_locale":"et_EE","og_type":"article","og_title":"Highlander\u00ae magamiskott Trooper 250 Sleeping Bag - Outdoors","og_description":"Trooper on mugav mumia-t\u00fc\u00fcpi magamiskott, mis tagab hea une ka v\u00e4li\u00f5ppustel v\u00f5i matkadel. Magamiskott on t\u00e4idetud 250 g\/m\u00b2 \u00f5\u00f5neskiuga, mis","og_url":"https:\/\/www.outdoors.ee\/et\/toode\/highlander-magamiskott-trooper-250-sleeping-bag\/","og_site_name":"Outdoors","article_modified_time":"2025-10-17T08:41:05+00:00","og_image":[{"width":1800,"height":1800,"url":"https:\/\/www.outdoors.ee\/wp-content\/uploads\/2025\/10\/Highlander\u00ae-Trooper-250-Sleeping-Bag-1.jpg","type":"image\/jpeg"}],"twitter_card":"summary_large_image","twitter_misc":{"Est. reading time":"1 minut"},"schema":{"@context":"https:\/\/schema.org","@graph":[{"@type":"WebPage","@id":"https:\/\/www.outdoors.ee\/et\/toode\/highlander-magamiskott-trooper-250-sleeping-bag\/","url":"https:\/\/www.outdoors.ee\/et\/toode\/highlander-magamiskott-trooper-250-sleeping-bag\/","name":"Highlander\u00ae magamiskott Trooper 250 Sleeping Bag - Outdoors","isPartOf":{"@id":"https:\/\/www.outdoors.ee\/#website"},"primaryImageOfPage":{"@id":"https:\/\/www.outdoors.ee\/et\/toode\/highlander-magamiskott-trooper-250-sleeping-bag\/#primaryimage"},"image":{"@id":"https:\/\/www.outdoors.ee\/et\/toode\/highlander-magamiskott-trooper-250-sleeping-bag\/#primaryimage"},"thumbnailUrl":"https:\/\/www.outdoors.ee\/wp-content\/uploads\/2025\/10\/Highlander\u00ae-Trooper-250-Sleeping-Bag-1.jpg","datePublished":"2025-10-17T08:40:54+00:00","dateModified":"2025-10-17T08:41:05+00:00","breadcrumb":{"@id":"https:\/\/www.outdoors.ee\/et\/toode\/highlander-magamiskott-trooper-250-sleeping-bag\/#breadcrumb"},"inLanguage":"et","potentialAction":[{"@type":"ReadAction","target":["https:\/\/www.outdoors.ee\/et\/toode\/highlander-magamiskott-trooper-250-sleeping-bag\/"]}]},{"@type":"ImageObject","inLanguage":"et","@id":"https:\/\/www.outdoors.ee\/et\/toode\/highlander-magamiskott-trooper-250-sleeping-bag\/#primaryimage","url":"https:\/\/www.outdoors.ee\/wp-content\/uploads\/2025\/10\/Highlander\u00ae-Trooper-250-Sleeping-Bag-1.jpg","contentUrl":"https:\/\/www.outdoors.ee\/wp-content\/uploads\/2025\/10\/Highlander\u00ae-Trooper-250-Sleeping-Bag-1.jpg","width":1800,"height":1800},{"@type":"BreadcrumbList","@id":"https:\/\/www.outdoors.ee\/et\/toode\/highlander-magamiskott-trooper-250-sleeping-bag\/#breadcrumb","itemListElement":[{"@type":"ListItem","position":1,"name":"Home","item":"https:\/\/www.outdoors.ee\/et\/"},{"@type":"ListItem","position":2,"name":"Tooted","item":"https:\/\/www.outdoors.ee\/products\/"},{"@type":"ListItem","position":3,"name":"Highlander\u00ae magamiskott Trooper 250 Sleeping Bag"}]},{"@type":"WebSite","@id":"https:\/\/www.outdoors.ee\/#website","url":"https:\/\/www.outdoors.ee\/","name":"Outdoors","description":"Genuine military surplus and not only!","potentialAction":[{"@type":"SearchAction","target":{"@type":"EntryPoint","urlTemplate":"https:\/\/www.outdoors.ee\/?s={search_term_string}"},"query-input":{"@type":"PropertyValueSpecification","valueRequired":true,"valueName":"search_term_string"}}],"inLanguage":"et"}]}},"_links":{"self":[{"href":"https:\/\/www.outdoors.ee\/et\/wp-json\/wp\/v2\/product\/106534","targetHints":{"allow":["GET"]}}],"collection":[{"href":"https:\/\/www.outdoors.ee\/et\/wp-json\/wp\/v2\/product"}],"about":[{"href":"https:\/\/www.outdoors.ee\/et\/wp-json\/wp\/v2\/types\/product"}],"wp:featuredmedia":[{"embeddable":true,"href":"https:\/\/www.outdoors.ee\/et\/wp-json\/wp\/v2\/media\/106529"}],"wp:attachment":[{"href":"https:\/\/www.outdoors.ee\/et\/wp-json\/wp\/v2\/media?parent=106534"}],"wp:term":[{"taxonomy":"product_brand","embeddable":true,"href":"https:\/\/www.outdoors.ee\/et\/wp-json\/wp\/v2\/product_brand?post=106534"},{"taxonomy":"product_cat","embeddable":true,"href":"https:\/\/www.outdoors.ee\/et\/wp-json\/wp\/v2\/product_cat?post=106534"},{"taxonomy":"product_tag","embeddable":true,"href":"https:\/\/www.outdoors.ee\/et\/wp-json\/wp\/v2\/product_tag?post=106534"}],"curies":[{"name":"wp","href":"https:\/\/api.w.org\/{rel}","templated":true}]}}