{"id":106525,"date":"2025-10-17T11:14:32","date_gmt":"2025-10-17T08:14:32","guid":{"rendered":"https:\/\/www.outdoors.ee\/?post_type=product&#038;p=106525"},"modified":"2026-03-04T17:56:54","modified_gmt":"2026-03-04T15:56:54","slug":"highlander-vorkkiik-trekker-hammock","status":"publish","type":"product","link":"https:\/\/www.outdoors.ee\/et\/toode\/highlander-vorkkiik-trekker-hammock\/","title":{"rendered":"Highlander\u00ae v\u00f5rkkiik Trekker Hammock"},"content":{"rendered":"<p>Trekker v\u00f5rkkiik on ideaalne soojadeks \u00f6\u00f6deks \u2013 valmistatud tugevast, kuid kergest pol\u00fcamiidkangast ning sisaldab riputuskomplekti. Vastupidav ja kerge pol\u00fcamiidmaterjal tagab turvalise ja mugava une peaaegu igas paigas, j\u00e4tmata \u00fcmbritsevasse loodusesse \u00fchtegi j\u00e4lge.<\/p>\n<p><strong>Omadused:<\/strong><\/p>\n<ul>\n<li>lihtne ning kiire \u00fcles panna<\/li>\n<li>pakkekott ning riputusvahendid komplektis<\/li>\n<li>\u00e4\u00e4rmiselt kompaktne<\/li>\n<li>vastupidav ja kerge pol\u00fcamiidkangas tagab turvalise ja mugava une peaaegu igas paigas<\/li>\n<li>mahutab \u00fchte inimest<\/li>\n<li>kaal: 1.2kg<\/li>\n<li>materjal: pol\u00fcamiid<\/li>\n<li>m\u00f5\u00f5tmed: 200cm x 140cm<\/li>\n<\/ul>\n<p><strong>Seisukord:<\/strong> uus<\/p>\n","protected":false},"excerpt":{"rendered":"<p>Trekker v\u00f5rkkiik on ideaalne soojadeks \u00f6\u00f6deks \u2013 valmistatud tugevast, kuid kergest pol\u00fcamiidkangast ning sisaldab riputuskomplekti. Vastupidav ja kerge pol\u00fcamiidmaterjal tagab<\/p>\n","protected":false},"featured_media":106520,"template":"","meta":[],"product_brand":[],"product_cat":[150],"product_tag":[],"class_list":{"0":"post-106525","1":"product","2":"type-product","3":"status-publish","4":"has-post-thumbnail","6":"product_cat-magamisvarustus","7":"pa_brand-highlander-2","9":"first","10":"outofstock","11":"taxable","12":"shipping-taxable","13":"purchasable","14":"product-type-simple"},"yoast_head":"<!-- This site is optimized with the Yoast SEO plugin v27.2 - https:\/\/yoast.com\/product\/yoast-seo-wordpress\/ -->\n<title>Highlander\u00ae v\u00f5rkkiik Trekker Hammock - Outdoors<\/title>\n<meta name=\"robots\" content=\"index, follow, max-snippet:-1, max-image-preview:large, max-video-preview:-1\" \/>\n<link rel=\"canonical\" href=\"https:\/\/www.outdoors.ee\/et\/toode\/highlander-vorkkiik-trekker-hammock\/\" \/>\n<meta property=\"og:locale\" content=\"et_EE\" \/>\n<meta property=\"og:type\" content=\"article\" \/>\n<meta property=\"og:title\" content=\"Highlander\u00ae v\u00f5rkkiik Trekker Hammock - Outdoors\" \/>\n<meta property=\"og:description\" content=\"Trekker v\u00f5rkkiik on ideaalne soojadeks \u00f6\u00f6deks \u2013 valmistatud tugevast, kuid kergest pol\u00fcamiidkangast ning sisaldab riputuskomplekti. Vastupidav ja kerge pol\u00fcamiidmaterjal tagab\" \/>\n<meta property=\"og:url\" content=\"https:\/\/www.outdoors.ee\/et\/toode\/highlander-vorkkiik-trekker-hammock\/\" \/>\n<meta property=\"og:site_name\" content=\"Outdoors\" \/>\n<meta property=\"article:modified_time\" content=\"2026-03-04T15:56:54+00:00\" \/>\n<meta property=\"og:image\" content=\"https:\/\/www.outdoors.ee\/wp-content\/uploads\/2025\/10\/Highlander\u00ae-Trekker-Hammock-1.jpg\" \/>\n\t<meta property=\"og:image:width\" content=\"1800\" \/>\n\t<meta property=\"og:image:height\" content=\"1800\" \/>\n\t<meta property=\"og:image:type\" content=\"image\/jpeg\" \/>\n<meta name=\"twitter:card\" content=\"summary_large_image\" \/>\n<meta name=\"twitter:label1\" content=\"Est. reading time\" \/>\n\t<meta name=\"twitter:data1\" content=\"1 minut\" \/>\n<script type=\"application\/ld+json\" class=\"yoast-schema-graph\">{\"@context\":\"https:\/\/schema.org\",\"@graph\":[{\"@type\":\"WebPage\",\"@id\":\"https:\/\/www.outdoors.ee\/et\/toode\/highlander-vorkkiik-trekker-hammock\/\",\"url\":\"https:\/\/www.outdoors.ee\/et\/toode\/highlander-vorkkiik-trekker-hammock\/\",\"name\":\"Highlander\u00ae v\u00f5rkkiik Trekker Hammock - Outdoors\",\"isPartOf\":{\"@id\":\"https:\/\/www.outdoors.ee\/#website\"},\"primaryImageOfPage\":{\"@id\":\"https:\/\/www.outdoors.ee\/et\/toode\/highlander-vorkkiik-trekker-hammock\/#primaryimage\"},\"image\":{\"@id\":\"https:\/\/www.outdoors.ee\/et\/toode\/highlander-vorkkiik-trekker-hammock\/#primaryimage\"},\"thumbnailUrl\":\"https:\/\/www.outdoors.ee\/wp-content\/uploads\/2025\/10\/Highlander\u00ae-Trekker-Hammock-1.jpg\",\"datePublished\":\"2025-10-17T08:14:32+00:00\",\"dateModified\":\"2026-03-04T15:56:54+00:00\",\"breadcrumb\":{\"@id\":\"https:\/\/www.outdoors.ee\/et\/toode\/highlander-vorkkiik-trekker-hammock\/#breadcrumb\"},\"inLanguage\":\"et\",\"potentialAction\":[{\"@type\":\"ReadAction\",\"target\":[\"https:\/\/www.outdoors.ee\/et\/toode\/highlander-vorkkiik-trekker-hammock\/\"]}]},{\"@type\":\"ImageObject\",\"inLanguage\":\"et\",\"@id\":\"https:\/\/www.outdoors.ee\/et\/toode\/highlander-vorkkiik-trekker-hammock\/#primaryimage\",\"url\":\"https:\/\/www.outdoors.ee\/wp-content\/uploads\/2025\/10\/Highlander\u00ae-Trekker-Hammock-1.jpg\",\"contentUrl\":\"https:\/\/www.outdoors.ee\/wp-content\/uploads\/2025\/10\/Highlander\u00ae-Trekker-Hammock-1.jpg\",\"width\":1800,\"height\":1800},{\"@type\":\"BreadcrumbList\",\"@id\":\"https:\/\/www.outdoors.ee\/et\/toode\/highlander-vorkkiik-trekker-hammock\/#breadcrumb\",\"itemListElement\":[{\"@type\":\"ListItem\",\"position\":1,\"name\":\"Home\",\"item\":\"https:\/\/www.outdoors.ee\/et\/\"},{\"@type\":\"ListItem\",\"position\":2,\"name\":\"Tooted\",\"item\":\"https:\/\/www.outdoors.ee\/products\/\"},{\"@type\":\"ListItem\",\"position\":3,\"name\":\"Highlander\u00ae v\u00f5rkkiik Trekker Hammock\"}]},{\"@type\":\"WebSite\",\"@id\":\"https:\/\/www.outdoors.ee\/#website\",\"url\":\"https:\/\/www.outdoors.ee\/\",\"name\":\"Outdoors\",\"description\":\"Genuine military surplus and not only!\",\"potentialAction\":[{\"@type\":\"SearchAction\",\"target\":{\"@type\":\"EntryPoint\",\"urlTemplate\":\"https:\/\/www.outdoors.ee\/?s={search_term_string}\"},\"query-input\":{\"@type\":\"PropertyValueSpecification\",\"valueRequired\":true,\"valueName\":\"search_term_string\"}}],\"inLanguage\":\"et\"}]}<\/script>\n<!-- \/ Yoast SEO plugin. -->","yoast_head_json":{"title":"Highlander\u00ae v\u00f5rkkiik Trekker Hammock - Outdoors","robots":{"index":"index","follow":"follow","max-snippet":"max-snippet:-1","max-image-preview":"max-image-preview:large","max-video-preview":"max-video-preview:-1"},"canonical":"https:\/\/www.outdoors.ee\/et\/toode\/highlander-vorkkiik-trekker-hammock\/","og_locale":"et_EE","og_type":"article","og_title":"Highlander\u00ae v\u00f5rkkiik Trekker Hammock - Outdoors","og_description":"Trekker v\u00f5rkkiik on ideaalne soojadeks \u00f6\u00f6deks \u2013 valmistatud tugevast, kuid kergest pol\u00fcamiidkangast ning sisaldab riputuskomplekti. Vastupidav ja kerge pol\u00fcamiidmaterjal tagab","og_url":"https:\/\/www.outdoors.ee\/et\/toode\/highlander-vorkkiik-trekker-hammock\/","og_site_name":"Outdoors","article_modified_time":"2026-03-04T15:56:54+00:00","og_image":[{"width":1800,"height":1800,"url":"https:\/\/www.outdoors.ee\/wp-content\/uploads\/2025\/10\/Highlander\u00ae-Trekker-Hammock-1.jpg","type":"image\/jpeg"}],"twitter_card":"summary_large_image","twitter_misc":{"Est. reading time":"1 minut"},"schema":{"@context":"https:\/\/schema.org","@graph":[{"@type":"WebPage","@id":"https:\/\/www.outdoors.ee\/et\/toode\/highlander-vorkkiik-trekker-hammock\/","url":"https:\/\/www.outdoors.ee\/et\/toode\/highlander-vorkkiik-trekker-hammock\/","name":"Highlander\u00ae v\u00f5rkkiik Trekker Hammock - Outdoors","isPartOf":{"@id":"https:\/\/www.outdoors.ee\/#website"},"primaryImageOfPage":{"@id":"https:\/\/www.outdoors.ee\/et\/toode\/highlander-vorkkiik-trekker-hammock\/#primaryimage"},"image":{"@id":"https:\/\/www.outdoors.ee\/et\/toode\/highlander-vorkkiik-trekker-hammock\/#primaryimage"},"thumbnailUrl":"https:\/\/www.outdoors.ee\/wp-content\/uploads\/2025\/10\/Highlander\u00ae-Trekker-Hammock-1.jpg","datePublished":"2025-10-17T08:14:32+00:00","dateModified":"2026-03-04T15:56:54+00:00","breadcrumb":{"@id":"https:\/\/www.outdoors.ee\/et\/toode\/highlander-vorkkiik-trekker-hammock\/#breadcrumb"},"inLanguage":"et","potentialAction":[{"@type":"ReadAction","target":["https:\/\/www.outdoors.ee\/et\/toode\/highlander-vorkkiik-trekker-hammock\/"]}]},{"@type":"ImageObject","inLanguage":"et","@id":"https:\/\/www.outdoors.ee\/et\/toode\/highlander-vorkkiik-trekker-hammock\/#primaryimage","url":"https:\/\/www.outdoors.ee\/wp-content\/uploads\/2025\/10\/Highlander\u00ae-Trekker-Hammock-1.jpg","contentUrl":"https:\/\/www.outdoors.ee\/wp-content\/uploads\/2025\/10\/Highlander\u00ae-Trekker-Hammock-1.jpg","width":1800,"height":1800},{"@type":"BreadcrumbList","@id":"https:\/\/www.outdoors.ee\/et\/toode\/highlander-vorkkiik-trekker-hammock\/#breadcrumb","itemListElement":[{"@type":"ListItem","position":1,"name":"Home","item":"https:\/\/www.outdoors.ee\/et\/"},{"@type":"ListItem","position":2,"name":"Tooted","item":"https:\/\/www.outdoors.ee\/products\/"},{"@type":"ListItem","position":3,"name":"Highlander\u00ae v\u00f5rkkiik Trekker Hammock"}]},{"@type":"WebSite","@id":"https:\/\/www.outdoors.ee\/#website","url":"https:\/\/www.outdoors.ee\/","name":"Outdoors","description":"Genuine military surplus and not only!","potentialAction":[{"@type":"SearchAction","target":{"@type":"EntryPoint","urlTemplate":"https:\/\/www.outdoors.ee\/?s={search_term_string}"},"query-input":{"@type":"PropertyValueSpecification","valueRequired":true,"valueName":"search_term_string"}}],"inLanguage":"et"}]}},"_links":{"self":[{"href":"https:\/\/www.outdoors.ee\/et\/wp-json\/wp\/v2\/product\/106525","targetHints":{"allow":["GET"]}}],"collection":[{"href":"https:\/\/www.outdoors.ee\/et\/wp-json\/wp\/v2\/product"}],"about":[{"href":"https:\/\/www.outdoors.ee\/et\/wp-json\/wp\/v2\/types\/product"}],"wp:featuredmedia":[{"embeddable":true,"href":"https:\/\/www.outdoors.ee\/et\/wp-json\/wp\/v2\/media\/106520"}],"wp:attachment":[{"href":"https:\/\/www.outdoors.ee\/et\/wp-json\/wp\/v2\/media?parent=106525"}],"wp:term":[{"taxonomy":"product_brand","embeddable":true,"href":"https:\/\/www.outdoors.ee\/et\/wp-json\/wp\/v2\/product_brand?post=106525"},{"taxonomy":"product_cat","embeddable":true,"href":"https:\/\/www.outdoors.ee\/et\/wp-json\/wp\/v2\/product_cat?post=106525"},{"taxonomy":"product_tag","embeddable":true,"href":"https:\/\/www.outdoors.ee\/et\/wp-json\/wp\/v2\/product_tag?post=106525"}],"curies":[{"name":"wp","href":"https:\/\/api.w.org\/{rel}","templated":true}]}}