{"id":106495,"date":"2025-10-17T09:11:38","date_gmt":"2025-10-17T06:11:38","guid":{"rendered":"https:\/\/www.outdoors.ee\/?post_type=product&#038;p=106495"},"modified":"2025-10-17T09:11:55","modified_gmt":"2025-10-17T06:11:55","slug":"highlander-talvejope-stoirm-primaloft-cold-weather-jacket","status":"publish","type":"product","link":"https:\/\/www.outdoors.ee\/et\/toode\/highlander-talvejope-stoirm-primaloft-cold-weather-jacket\/","title":{"rendered":"Highlander\u00ae talvejope STOIRM Primaloft\u00ae Cold Weather Jacket"},"content":{"rendered":"<p data-start=\"0\" data-end=\"307\">STOIRM Primaloft\u00ae k\u00fclma ilmastiku jope on erakordselt tuulekindel ja soojustatud taktikaline jope. Valmistatud veekindla ja hingava membraaniga, t\u00e4ielikult teibitud \u00f5mbluste ning vettpidavate t\u00f5mblukkudega, pakub see multifunktsionaalne jope t\u00e4ielikku kaitset karmides ilmastikuoludes.<\/p>\n<p data-start=\"309\" data-end=\"663\" data-is-last-node=\"\" data-is-only-node=\"\">Ideaalne ka k\u00fclma ilma operatsioonideks \u2013 Primaloft\u00ae-isolatsioon hoiab sind soojas, samas kui fliisvoodriga krae ja elastsed varrukaotsad aitavad soojust s\u00e4ilitada. Vastupidav ja samas stiilselt tagasihoidlik disain muudab selle jope mitmek\u00fclgseks, sobides ka linnatingimustess.<\/p>\n<p><strong>Omadused:<\/strong><\/p>\n<ul>\n<li><span class=\"metafield-multi_line_text_field\">Primaloft\u00ae polsterdus tagab maksimaalse soojuse<\/span><\/li>\n<li>niiskuskindel ja h\u00e4sti hingav<\/li>\n<li><span class=\"metafield-multi_line_text_field\">Cordura\u00ae tugevdused<\/span><\/li>\n<li>2 fliisvoodriga k\u00e4etaskut<\/li>\n<li>veekindlad t\u00f5mblukud<\/li>\n<li>palju taskuid<\/li>\n<li>kaenlaalused vent.t\u00f5mblukud<\/li>\n<li>veekindel kahesuunaline t\u00f5mblukk-kinnis l\u00f5uakaitsmega<\/li>\n<li>vastupidav, kiirelt kuivav ning hingav kangas<\/li>\n<li>kaal: ca 1.1kg<\/li>\n<li>materjal: Ripstop Nylon Taslon membraaniga. Primaloft\u00ae soojustus<\/li>\n<\/ul>\n<p><strong>Seisukord:<\/strong> uus<\/p>\n","protected":false},"excerpt":{"rendered":"<p>STOIRM Primaloft\u00ae k\u00fclma ilmastiku jope on erakordselt tuulekindel ja soojustatud taktikaline jope. Valmistatud veekindla ja hingava membraaniga, t\u00e4ielikult teibitud \u00f5mbluste<\/p>\n","protected":false},"featured_media":106472,"template":"","meta":[],"product_brand":[],"product_cat":[101],"product_tag":[],"class_list":{"0":"post-106495","1":"product","2":"type-product","3":"status-publish","4":"has-post-thumbnail","6":"product_cat-joped-parkad","7":"pa_brand-highlander-2","8":"pa_color-black-2","9":"pa_color-ranger-green-2","10":"pa_size-l-2","11":"pa_size-m-2","12":"pa_size-xl-2","14":"first","15":"instock","16":"taxable","17":"shipping-taxable","18":"purchasable","19":"product-type-variable"},"yoast_head":"<!-- This site is optimized with the Yoast SEO plugin v27.2 - https:\/\/yoast.com\/product\/yoast-seo-wordpress\/ -->\n<title>Highlander\u00ae talvejope STOIRM Primaloft\u00ae Cold Weather Jacket - Outdoors<\/title>\n<meta name=\"robots\" content=\"index, follow, max-snippet:-1, max-image-preview:large, max-video-preview:-1\" \/>\n<link rel=\"canonical\" href=\"https:\/\/www.outdoors.ee\/et\/toode\/highlander-talvejope-stoirm-primaloft-cold-weather-jacket\/\" \/>\n<meta property=\"og:locale\" content=\"et_EE\" \/>\n<meta property=\"og:type\" content=\"article\" \/>\n<meta property=\"og:title\" content=\"Highlander\u00ae talvejope STOIRM Primaloft\u00ae Cold Weather Jacket - Outdoors\" \/>\n<meta property=\"og:description\" content=\"STOIRM Primaloft\u00ae k\u00fclma ilmastiku jope on erakordselt tuulekindel ja soojustatud taktikaline jope. Valmistatud veekindla ja hingava membraaniga, t\u00e4ielikult teibitud \u00f5mbluste\" \/>\n<meta property=\"og:url\" content=\"https:\/\/www.outdoors.ee\/et\/toode\/highlander-talvejope-stoirm-primaloft-cold-weather-jacket\/\" \/>\n<meta property=\"og:site_name\" content=\"Outdoors\" \/>\n<meta property=\"article:modified_time\" content=\"2025-10-17T06:11:55+00:00\" \/>\n<meta property=\"og:image\" content=\"https:\/\/www.outdoors.ee\/wp-content\/uploads\/2025\/10\/Highlander\u00ae-STOIRM-Primaloft\u00ae-Cold-Weather-Jacket-Ranger-Green-2.jpg\" \/>\n\t<meta property=\"og:image:width\" content=\"1200\" \/>\n\t<meta property=\"og:image:height\" content=\"1200\" \/>\n\t<meta property=\"og:image:type\" content=\"image\/jpeg\" \/>\n<meta name=\"twitter:card\" content=\"summary_large_image\" \/>\n<meta name=\"twitter:label1\" content=\"Est. reading time\" \/>\n\t<meta name=\"twitter:data1\" content=\"1 minut\" \/>\n<script type=\"application\/ld+json\" class=\"yoast-schema-graph\">{\"@context\":\"https:\/\/schema.org\",\"@graph\":[{\"@type\":\"WebPage\",\"@id\":\"https:\/\/www.outdoors.ee\/et\/toode\/highlander-talvejope-stoirm-primaloft-cold-weather-jacket\/\",\"url\":\"https:\/\/www.outdoors.ee\/et\/toode\/highlander-talvejope-stoirm-primaloft-cold-weather-jacket\/\",\"name\":\"Highlander\u00ae talvejope STOIRM Primaloft\u00ae Cold Weather Jacket - Outdoors\",\"isPartOf\":{\"@id\":\"https:\/\/www.outdoors.ee\/#website\"},\"primaryImageOfPage\":{\"@id\":\"https:\/\/www.outdoors.ee\/et\/toode\/highlander-talvejope-stoirm-primaloft-cold-weather-jacket\/#primaryimage\"},\"image\":{\"@id\":\"https:\/\/www.outdoors.ee\/et\/toode\/highlander-talvejope-stoirm-primaloft-cold-weather-jacket\/#primaryimage\"},\"thumbnailUrl\":\"https:\/\/www.outdoors.ee\/wp-content\/uploads\/2025\/10\/Highlander\u00ae-STOIRM-Primaloft\u00ae-Cold-Weather-Jacket-Ranger-Green-2.jpg\",\"datePublished\":\"2025-10-17T06:11:38+00:00\",\"dateModified\":\"2025-10-17T06:11:55+00:00\",\"breadcrumb\":{\"@id\":\"https:\/\/www.outdoors.ee\/et\/toode\/highlander-talvejope-stoirm-primaloft-cold-weather-jacket\/#breadcrumb\"},\"inLanguage\":\"et\",\"potentialAction\":[{\"@type\":\"ReadAction\",\"target\":[\"https:\/\/www.outdoors.ee\/et\/toode\/highlander-talvejope-stoirm-primaloft-cold-weather-jacket\/\"]}]},{\"@type\":\"ImageObject\",\"inLanguage\":\"et\",\"@id\":\"https:\/\/www.outdoors.ee\/et\/toode\/highlander-talvejope-stoirm-primaloft-cold-weather-jacket\/#primaryimage\",\"url\":\"https:\/\/www.outdoors.ee\/wp-content\/uploads\/2025\/10\/Highlander\u00ae-STOIRM-Primaloft\u00ae-Cold-Weather-Jacket-Ranger-Green-2.jpg\",\"contentUrl\":\"https:\/\/www.outdoors.ee\/wp-content\/uploads\/2025\/10\/Highlander\u00ae-STOIRM-Primaloft\u00ae-Cold-Weather-Jacket-Ranger-Green-2.jpg\",\"width\":1200,\"height\":1200},{\"@type\":\"BreadcrumbList\",\"@id\":\"https:\/\/www.outdoors.ee\/et\/toode\/highlander-talvejope-stoirm-primaloft-cold-weather-jacket\/#breadcrumb\",\"itemListElement\":[{\"@type\":\"ListItem\",\"position\":1,\"name\":\"Home\",\"item\":\"https:\/\/www.outdoors.ee\/et\/\"},{\"@type\":\"ListItem\",\"position\":2,\"name\":\"Tooted\",\"item\":\"https:\/\/www.outdoors.ee\/products\/\"},{\"@type\":\"ListItem\",\"position\":3,\"name\":\"Highlander\u00ae talvejope STOIRM Primaloft\u00ae Cold Weather Jacket\"}]},{\"@type\":\"WebSite\",\"@id\":\"https:\/\/www.outdoors.ee\/#website\",\"url\":\"https:\/\/www.outdoors.ee\/\",\"name\":\"Outdoors\",\"description\":\"Genuine military surplus and not only!\",\"potentialAction\":[{\"@type\":\"SearchAction\",\"target\":{\"@type\":\"EntryPoint\",\"urlTemplate\":\"https:\/\/www.outdoors.ee\/?s={search_term_string}\"},\"query-input\":{\"@type\":\"PropertyValueSpecification\",\"valueRequired\":true,\"valueName\":\"search_term_string\"}}],\"inLanguage\":\"et\"}]}<\/script>\n<!-- \/ Yoast SEO plugin. -->","yoast_head_json":{"title":"Highlander\u00ae talvejope STOIRM Primaloft\u00ae Cold Weather Jacket - Outdoors","robots":{"index":"index","follow":"follow","max-snippet":"max-snippet:-1","max-image-preview":"max-image-preview:large","max-video-preview":"max-video-preview:-1"},"canonical":"https:\/\/www.outdoors.ee\/et\/toode\/highlander-talvejope-stoirm-primaloft-cold-weather-jacket\/","og_locale":"et_EE","og_type":"article","og_title":"Highlander\u00ae talvejope STOIRM Primaloft\u00ae Cold Weather Jacket - Outdoors","og_description":"STOIRM Primaloft\u00ae k\u00fclma ilmastiku jope on erakordselt tuulekindel ja soojustatud taktikaline jope. Valmistatud veekindla ja hingava membraaniga, t\u00e4ielikult teibitud \u00f5mbluste","og_url":"https:\/\/www.outdoors.ee\/et\/toode\/highlander-talvejope-stoirm-primaloft-cold-weather-jacket\/","og_site_name":"Outdoors","article_modified_time":"2025-10-17T06:11:55+00:00","og_image":[{"width":1200,"height":1200,"url":"https:\/\/www.outdoors.ee\/wp-content\/uploads\/2025\/10\/Highlander\u00ae-STOIRM-Primaloft\u00ae-Cold-Weather-Jacket-Ranger-Green-2.jpg","type":"image\/jpeg"}],"twitter_card":"summary_large_image","twitter_misc":{"Est. reading time":"1 minut"},"schema":{"@context":"https:\/\/schema.org","@graph":[{"@type":"WebPage","@id":"https:\/\/www.outdoors.ee\/et\/toode\/highlander-talvejope-stoirm-primaloft-cold-weather-jacket\/","url":"https:\/\/www.outdoors.ee\/et\/toode\/highlander-talvejope-stoirm-primaloft-cold-weather-jacket\/","name":"Highlander\u00ae talvejope STOIRM Primaloft\u00ae Cold Weather Jacket - Outdoors","isPartOf":{"@id":"https:\/\/www.outdoors.ee\/#website"},"primaryImageOfPage":{"@id":"https:\/\/www.outdoors.ee\/et\/toode\/highlander-talvejope-stoirm-primaloft-cold-weather-jacket\/#primaryimage"},"image":{"@id":"https:\/\/www.outdoors.ee\/et\/toode\/highlander-talvejope-stoirm-primaloft-cold-weather-jacket\/#primaryimage"},"thumbnailUrl":"https:\/\/www.outdoors.ee\/wp-content\/uploads\/2025\/10\/Highlander\u00ae-STOIRM-Primaloft\u00ae-Cold-Weather-Jacket-Ranger-Green-2.jpg","datePublished":"2025-10-17T06:11:38+00:00","dateModified":"2025-10-17T06:11:55+00:00","breadcrumb":{"@id":"https:\/\/www.outdoors.ee\/et\/toode\/highlander-talvejope-stoirm-primaloft-cold-weather-jacket\/#breadcrumb"},"inLanguage":"et","potentialAction":[{"@type":"ReadAction","target":["https:\/\/www.outdoors.ee\/et\/toode\/highlander-talvejope-stoirm-primaloft-cold-weather-jacket\/"]}]},{"@type":"ImageObject","inLanguage":"et","@id":"https:\/\/www.outdoors.ee\/et\/toode\/highlander-talvejope-stoirm-primaloft-cold-weather-jacket\/#primaryimage","url":"https:\/\/www.outdoors.ee\/wp-content\/uploads\/2025\/10\/Highlander\u00ae-STOIRM-Primaloft\u00ae-Cold-Weather-Jacket-Ranger-Green-2.jpg","contentUrl":"https:\/\/www.outdoors.ee\/wp-content\/uploads\/2025\/10\/Highlander\u00ae-STOIRM-Primaloft\u00ae-Cold-Weather-Jacket-Ranger-Green-2.jpg","width":1200,"height":1200},{"@type":"BreadcrumbList","@id":"https:\/\/www.outdoors.ee\/et\/toode\/highlander-talvejope-stoirm-primaloft-cold-weather-jacket\/#breadcrumb","itemListElement":[{"@type":"ListItem","position":1,"name":"Home","item":"https:\/\/www.outdoors.ee\/et\/"},{"@type":"ListItem","position":2,"name":"Tooted","item":"https:\/\/www.outdoors.ee\/products\/"},{"@type":"ListItem","position":3,"name":"Highlander\u00ae talvejope STOIRM Primaloft\u00ae Cold Weather Jacket"}]},{"@type":"WebSite","@id":"https:\/\/www.outdoors.ee\/#website","url":"https:\/\/www.outdoors.ee\/","name":"Outdoors","description":"Genuine military surplus and not only!","potentialAction":[{"@type":"SearchAction","target":{"@type":"EntryPoint","urlTemplate":"https:\/\/www.outdoors.ee\/?s={search_term_string}"},"query-input":{"@type":"PropertyValueSpecification","valueRequired":true,"valueName":"search_term_string"}}],"inLanguage":"et"}]}},"_links":{"self":[{"href":"https:\/\/www.outdoors.ee\/et\/wp-json\/wp\/v2\/product\/106495","targetHints":{"allow":["GET"]}}],"collection":[{"href":"https:\/\/www.outdoors.ee\/et\/wp-json\/wp\/v2\/product"}],"about":[{"href":"https:\/\/www.outdoors.ee\/et\/wp-json\/wp\/v2\/types\/product"}],"wp:featuredmedia":[{"embeddable":true,"href":"https:\/\/www.outdoors.ee\/et\/wp-json\/wp\/v2\/media\/106472"}],"wp:attachment":[{"href":"https:\/\/www.outdoors.ee\/et\/wp-json\/wp\/v2\/media?parent=106495"}],"wp:term":[{"taxonomy":"product_brand","embeddable":true,"href":"https:\/\/www.outdoors.ee\/et\/wp-json\/wp\/v2\/product_brand?post=106495"},{"taxonomy":"product_cat","embeddable":true,"href":"https:\/\/www.outdoors.ee\/et\/wp-json\/wp\/v2\/product_cat?post=106495"},{"taxonomy":"product_tag","embeddable":true,"href":"https:\/\/www.outdoors.ee\/et\/wp-json\/wp\/v2\/product_tag?post=106495"}],"curies":[{"name":"wp","href":"https:\/\/api.w.org\/{rel}","templated":true}]}}