{"id":106411,"date":"2025-10-16T14:27:55","date_gmt":"2025-10-16T11:27:55","guid":{"rendered":"https:\/\/www.outdoors.ee\/?post_type=product&#038;p=106411"},"modified":"2026-04-13T09:11:56","modified_gmt":"2026-04-13T06:11:56","slug":"highlander-seljakott-venture-20l-backpack","status":"publish","type":"product","link":"https:\/\/www.outdoors.ee\/et\/toode\/highlander-seljakott-venture-20l-backpack\/","title":{"rendered":"Highlander\u00ae seljakott Venture 20L Backpack"},"content":{"rendered":"<p>Suurep\u00e4rane valik igap\u00e4evaseks kasutamiseks \u2013 olgu selleks linnas liikumine v\u00f5i matk m\u00e4gedes.<\/p>\n<p><strong>Omadused:<\/strong><\/p>\n<ul>\n<li>\u00f5huvoolu v\u00f5imaldav v\u00f5rkmaterjaliga kaetud seljapaneel<\/li>\n<li><span class=\"metafield-multi_line_text_field\">Airmesh padded back system with Air Flow spine channel<\/span><\/li>\n<li>reguleetitavad \u00f5larihmad ning rinnarihm<\/li>\n<li><span class=\"metafield-multi_line_text_field\">mahukas t\u00f5mblukuga peasahtel<\/span><\/li>\n<li>kompressioonirihmad k\u00fclgedel<\/li>\n<li><span class=\"metafield-multi_line_text_field\">joogis\u00fcsteemiga \u00fchilduv<\/span><\/li>\n<li>venivat k\u00fcljetaskud<\/li>\n<li>stopperitega pingutusn\u00f6\u00f6r esipaneelil lisavarustuse kinnitamiseks<\/li>\n<li>maht: 20L<\/li>\n<li>kaal: 470g<\/li>\n<li>materjal: Ripstop pol\u00fcester PU kattega<\/li>\n<li>m\u00f5\u00f5tmed: 48cm x 27cm x 16cm<\/li>\n<\/ul>\n<p><strong>Seisukord:<\/strong> uus<\/p>\n","protected":false},"excerpt":{"rendered":"<p>Suurep\u00e4rane valik igap\u00e4evaseks kasutamiseks \u2013 olgu selleks linnas liikumine v\u00f5i matk m\u00e4gedes. Omadused: \u00f5huvoolu v\u00f5imaldav v\u00f5rkmaterjaliga kaetud seljapaneel Airmesh padded<\/p>\n","protected":false},"featured_media":106390,"template":"","meta":[],"product_brand":[],"product_cat":[3539],"product_tag":[],"class_list":{"0":"post-106411","1":"product","2":"type-product","3":"status-publish","4":"has-post-thumbnail","6":"product_cat-seljakotid","7":"pa_brand-highlander-2","8":"pa_color-black-2","9":"pa_color-olive-grey","10":"pa_color-petrol-grey","11":"pa_color-rust-grey","13":"first","14":"instock","15":"taxable","16":"shipping-taxable","17":"purchasable","18":"product-type-variable"},"yoast_head":"<!-- This site is optimized with the Yoast SEO plugin v27.2 - https:\/\/yoast.com\/product\/yoast-seo-wordpress\/ -->\n<title>Highlander\u00ae seljakott Venture 20L Backpack - Outdoors<\/title>\n<meta name=\"robots\" content=\"index, follow, max-snippet:-1, max-image-preview:large, max-video-preview:-1\" \/>\n<link rel=\"canonical\" href=\"https:\/\/www.outdoors.ee\/et\/toode\/highlander-seljakott-venture-20l-backpack\/\" \/>\n<meta property=\"og:locale\" content=\"et_EE\" \/>\n<meta property=\"og:type\" content=\"article\" \/>\n<meta property=\"og:title\" content=\"Highlander\u00ae seljakott Venture 20L Backpack - Outdoors\" \/>\n<meta property=\"og:description\" content=\"Suurep\u00e4rane valik igap\u00e4evaseks kasutamiseks \u2013 olgu selleks linnas liikumine v\u00f5i matk m\u00e4gedes. Omadused: \u00f5huvoolu v\u00f5imaldav v\u00f5rkmaterjaliga kaetud seljapaneel Airmesh padded\" \/>\n<meta property=\"og:url\" content=\"https:\/\/www.outdoors.ee\/et\/toode\/highlander-seljakott-venture-20l-backpack\/\" \/>\n<meta property=\"og:site_name\" content=\"Outdoors\" \/>\n<meta property=\"article:modified_time\" content=\"2026-04-13T06:11:56+00:00\" \/>\n<meta property=\"og:image\" content=\"https:\/\/www.outdoors.ee\/wp-content\/uploads\/2025\/10\/Highlander\u00ae-Venture-20L-Backpack-Olive-Grey.jpg\" \/>\n\t<meta property=\"og:image:width\" content=\"2500\" \/>\n\t<meta property=\"og:image:height\" content=\"2500\" \/>\n\t<meta property=\"og:image:type\" content=\"image\/jpeg\" \/>\n<meta name=\"twitter:card\" content=\"summary_large_image\" \/>\n<meta name=\"twitter:label1\" content=\"Est. reading time\" \/>\n\t<meta name=\"twitter:data1\" content=\"1 minut\" \/>\n<script type=\"application\/ld+json\" class=\"yoast-schema-graph\">{\"@context\":\"https:\/\/schema.org\",\"@graph\":[{\"@type\":\"WebPage\",\"@id\":\"https:\/\/www.outdoors.ee\/et\/toode\/highlander-seljakott-venture-20l-backpack\/\",\"url\":\"https:\/\/www.outdoors.ee\/et\/toode\/highlander-seljakott-venture-20l-backpack\/\",\"name\":\"Highlander\u00ae seljakott Venture 20L Backpack - Outdoors\",\"isPartOf\":{\"@id\":\"https:\/\/www.outdoors.ee\/#website\"},\"primaryImageOfPage\":{\"@id\":\"https:\/\/www.outdoors.ee\/et\/toode\/highlander-seljakott-venture-20l-backpack\/#primaryimage\"},\"image\":{\"@id\":\"https:\/\/www.outdoors.ee\/et\/toode\/highlander-seljakott-venture-20l-backpack\/#primaryimage\"},\"thumbnailUrl\":\"https:\/\/www.outdoors.ee\/wp-content\/uploads\/2025\/10\/Highlander\u00ae-Venture-20L-Backpack-Olive-Grey.jpg\",\"datePublished\":\"2025-10-16T11:27:55+00:00\",\"dateModified\":\"2026-04-13T06:11:56+00:00\",\"breadcrumb\":{\"@id\":\"https:\/\/www.outdoors.ee\/et\/toode\/highlander-seljakott-venture-20l-backpack\/#breadcrumb\"},\"inLanguage\":\"et\",\"potentialAction\":[{\"@type\":\"ReadAction\",\"target\":[\"https:\/\/www.outdoors.ee\/et\/toode\/highlander-seljakott-venture-20l-backpack\/\"]}]},{\"@type\":\"ImageObject\",\"inLanguage\":\"et\",\"@id\":\"https:\/\/www.outdoors.ee\/et\/toode\/highlander-seljakott-venture-20l-backpack\/#primaryimage\",\"url\":\"https:\/\/www.outdoors.ee\/wp-content\/uploads\/2025\/10\/Highlander\u00ae-Venture-20L-Backpack-Olive-Grey.jpg\",\"contentUrl\":\"https:\/\/www.outdoors.ee\/wp-content\/uploads\/2025\/10\/Highlander\u00ae-Venture-20L-Backpack-Olive-Grey.jpg\",\"width\":2500,\"height\":2500},{\"@type\":\"BreadcrumbList\",\"@id\":\"https:\/\/www.outdoors.ee\/et\/toode\/highlander-seljakott-venture-20l-backpack\/#breadcrumb\",\"itemListElement\":[{\"@type\":\"ListItem\",\"position\":1,\"name\":\"Home\",\"item\":\"https:\/\/www.outdoors.ee\/et\/\"},{\"@type\":\"ListItem\",\"position\":2,\"name\":\"Tooted\",\"item\":\"https:\/\/www.outdoors.ee\/products\/\"},{\"@type\":\"ListItem\",\"position\":3,\"name\":\"Highlander\u00ae seljakott Venture 20L Backpack\"}]},{\"@type\":\"WebSite\",\"@id\":\"https:\/\/www.outdoors.ee\/#website\",\"url\":\"https:\/\/www.outdoors.ee\/\",\"name\":\"Outdoors\",\"description\":\"Genuine military surplus and not only!\",\"potentialAction\":[{\"@type\":\"SearchAction\",\"target\":{\"@type\":\"EntryPoint\",\"urlTemplate\":\"https:\/\/www.outdoors.ee\/?s={search_term_string}\"},\"query-input\":{\"@type\":\"PropertyValueSpecification\",\"valueRequired\":true,\"valueName\":\"search_term_string\"}}],\"inLanguage\":\"et\"}]}<\/script>\n<!-- \/ Yoast SEO plugin. -->","yoast_head_json":{"title":"Highlander\u00ae seljakott Venture 20L Backpack - Outdoors","robots":{"index":"index","follow":"follow","max-snippet":"max-snippet:-1","max-image-preview":"max-image-preview:large","max-video-preview":"max-video-preview:-1"},"canonical":"https:\/\/www.outdoors.ee\/et\/toode\/highlander-seljakott-venture-20l-backpack\/","og_locale":"et_EE","og_type":"article","og_title":"Highlander\u00ae seljakott Venture 20L Backpack - Outdoors","og_description":"Suurep\u00e4rane valik igap\u00e4evaseks kasutamiseks \u2013 olgu selleks linnas liikumine v\u00f5i matk m\u00e4gedes. Omadused: \u00f5huvoolu v\u00f5imaldav v\u00f5rkmaterjaliga kaetud seljapaneel Airmesh padded","og_url":"https:\/\/www.outdoors.ee\/et\/toode\/highlander-seljakott-venture-20l-backpack\/","og_site_name":"Outdoors","article_modified_time":"2026-04-13T06:11:56+00:00","og_image":[{"width":2500,"height":2500,"url":"https:\/\/www.outdoors.ee\/wp-content\/uploads\/2025\/10\/Highlander\u00ae-Venture-20L-Backpack-Olive-Grey.jpg","type":"image\/jpeg"}],"twitter_card":"summary_large_image","twitter_misc":{"Est. reading time":"1 minut"},"schema":{"@context":"https:\/\/schema.org","@graph":[{"@type":"WebPage","@id":"https:\/\/www.outdoors.ee\/et\/toode\/highlander-seljakott-venture-20l-backpack\/","url":"https:\/\/www.outdoors.ee\/et\/toode\/highlander-seljakott-venture-20l-backpack\/","name":"Highlander\u00ae seljakott Venture 20L Backpack - Outdoors","isPartOf":{"@id":"https:\/\/www.outdoors.ee\/#website"},"primaryImageOfPage":{"@id":"https:\/\/www.outdoors.ee\/et\/toode\/highlander-seljakott-venture-20l-backpack\/#primaryimage"},"image":{"@id":"https:\/\/www.outdoors.ee\/et\/toode\/highlander-seljakott-venture-20l-backpack\/#primaryimage"},"thumbnailUrl":"https:\/\/www.outdoors.ee\/wp-content\/uploads\/2025\/10\/Highlander\u00ae-Venture-20L-Backpack-Olive-Grey.jpg","datePublished":"2025-10-16T11:27:55+00:00","dateModified":"2026-04-13T06:11:56+00:00","breadcrumb":{"@id":"https:\/\/www.outdoors.ee\/et\/toode\/highlander-seljakott-venture-20l-backpack\/#breadcrumb"},"inLanguage":"et","potentialAction":[{"@type":"ReadAction","target":["https:\/\/www.outdoors.ee\/et\/toode\/highlander-seljakott-venture-20l-backpack\/"]}]},{"@type":"ImageObject","inLanguage":"et","@id":"https:\/\/www.outdoors.ee\/et\/toode\/highlander-seljakott-venture-20l-backpack\/#primaryimage","url":"https:\/\/www.outdoors.ee\/wp-content\/uploads\/2025\/10\/Highlander\u00ae-Venture-20L-Backpack-Olive-Grey.jpg","contentUrl":"https:\/\/www.outdoors.ee\/wp-content\/uploads\/2025\/10\/Highlander\u00ae-Venture-20L-Backpack-Olive-Grey.jpg","width":2500,"height":2500},{"@type":"BreadcrumbList","@id":"https:\/\/www.outdoors.ee\/et\/toode\/highlander-seljakott-venture-20l-backpack\/#breadcrumb","itemListElement":[{"@type":"ListItem","position":1,"name":"Home","item":"https:\/\/www.outdoors.ee\/et\/"},{"@type":"ListItem","position":2,"name":"Tooted","item":"https:\/\/www.outdoors.ee\/products\/"},{"@type":"ListItem","position":3,"name":"Highlander\u00ae seljakott Venture 20L Backpack"}]},{"@type":"WebSite","@id":"https:\/\/www.outdoors.ee\/#website","url":"https:\/\/www.outdoors.ee\/","name":"Outdoors","description":"Genuine military surplus and not only!","potentialAction":[{"@type":"SearchAction","target":{"@type":"EntryPoint","urlTemplate":"https:\/\/www.outdoors.ee\/?s={search_term_string}"},"query-input":{"@type":"PropertyValueSpecification","valueRequired":true,"valueName":"search_term_string"}}],"inLanguage":"et"}]}},"_links":{"self":[{"href":"https:\/\/www.outdoors.ee\/et\/wp-json\/wp\/v2\/product\/106411","targetHints":{"allow":["GET"]}}],"collection":[{"href":"https:\/\/www.outdoors.ee\/et\/wp-json\/wp\/v2\/product"}],"about":[{"href":"https:\/\/www.outdoors.ee\/et\/wp-json\/wp\/v2\/types\/product"}],"wp:featuredmedia":[{"embeddable":true,"href":"https:\/\/www.outdoors.ee\/et\/wp-json\/wp\/v2\/media\/106390"}],"wp:attachment":[{"href":"https:\/\/www.outdoors.ee\/et\/wp-json\/wp\/v2\/media?parent=106411"}],"wp:term":[{"taxonomy":"product_brand","embeddable":true,"href":"https:\/\/www.outdoors.ee\/et\/wp-json\/wp\/v2\/product_brand?post=106411"},{"taxonomy":"product_cat","embeddable":true,"href":"https:\/\/www.outdoors.ee\/et\/wp-json\/wp\/v2\/product_cat?post=106411"},{"taxonomy":"product_tag","embeddable":true,"href":"https:\/\/www.outdoors.ee\/et\/wp-json\/wp\/v2\/product_tag?post=106411"}],"curies":[{"name":"wp","href":"https:\/\/api.w.org\/{rel}","templated":true}]}}