{"id":106315,"date":"2025-10-15T14:13:36","date_gmt":"2025-10-15T11:13:36","guid":{"rendered":"https:\/\/www.outdoors.ee\/?post_type=product&#038;p=106315"},"modified":"2026-02-06T16:00:09","modified_gmt":"2026-02-06T14:00:09","slug":"highlander-sokid-norwegian-army-socks","status":"publish","type":"product","link":"https:\/\/www.outdoors.ee\/et\/toode\/highlander-sokid-norwegian-army-socks\/","title":{"rendered":"Highlander\u00ae sokid Norwegian Army Socks"},"content":{"rendered":"<p>Norra armee disainil p\u00f5hinevad sokid sobivad h\u00e4sti tegutsemiseks k\u00fclmades ilmatingimustes. T\u00e4nu suurele villasisaldusele pakuvad need optimaalset soojust ja isolatsiooni, s\u00e4ilitades oma soojuse ka m\u00e4rjaks saades. Olulistes kohtades olev pehmendus aitab neelata p\u00f5rutusi ja v\u00e4ltida ville, v\u00f5imaldades sul v\u00e4litingimustes aktiivne ja mugav olla.<\/p>\n<p><strong>Omadused:<\/strong><\/p>\n<ul>\n<li>tugevdatud kanna- ning varbapiirkond<\/li>\n<li>lisapehmendus olulistes koormuspunktides<\/li>\n<li>kaal: 140g<\/li>\n<li>materjal: 80% vill, 17% nailon, 3% elastaan<\/li>\n<\/ul>\n<p><strong>Suurus:<\/strong> S: UK3-6\/EU36-39, M: UK6-9\/EU40-43, L UK9-12\/EU44-47<\/p>\n<p><strong>Seisukord:<\/strong> uus<\/p>\n","protected":false},"excerpt":{"rendered":"<p>Norra armee disainil p\u00f5hinevad sokid sobivad h\u00e4sti tegutsemiseks k\u00fclmades ilmatingimustes. T\u00e4nu suurele villasisaldusele pakuvad need optimaalset soojust ja isolatsiooni, s\u00e4ilitades<\/p>\n","protected":false},"featured_media":106304,"template":"","meta":[],"product_brand":[],"product_cat":[197],"product_tag":[],"class_list":{"0":"post-106315","1":"product","2":"type-product","3":"status-publish","4":"has-post-thumbnail","6":"product_cat-sokid-saarised","7":"pa_brand-highlander-2","8":"pa_color-black-2","9":"pa_color-olive-2","10":"pa_color-valge","11":"pa_size-l-2","12":"pa_size-m-2","13":"pa_size-s-2","15":"first","16":"instock","17":"taxable","18":"shipping-taxable","19":"purchasable","20":"product-type-variable"},"yoast_head":"<!-- This site is optimized with the Yoast SEO plugin v27.2 - https:\/\/yoast.com\/product\/yoast-seo-wordpress\/ -->\n<title>Highlander\u00ae sokid Norwegian Army Socks - Outdoors<\/title>\n<meta name=\"robots\" content=\"index, follow, max-snippet:-1, max-image-preview:large, max-video-preview:-1\" \/>\n<link rel=\"canonical\" href=\"https:\/\/www.outdoors.ee\/et\/toode\/highlander-sokid-norwegian-army-socks\/\" \/>\n<meta property=\"og:locale\" content=\"et_EE\" \/>\n<meta property=\"og:type\" content=\"article\" \/>\n<meta property=\"og:title\" content=\"Highlander\u00ae sokid Norwegian Army Socks - Outdoors\" \/>\n<meta property=\"og:description\" content=\"Norra armee disainil p\u00f5hinevad sokid sobivad h\u00e4sti tegutsemiseks k\u00fclmades ilmatingimustes. T\u00e4nu suurele villasisaldusele pakuvad need optimaalset soojust ja isolatsiooni, s\u00e4ilitades\" \/>\n<meta property=\"og:url\" content=\"https:\/\/www.outdoors.ee\/et\/toode\/highlander-sokid-norwegian-army-socks\/\" \/>\n<meta property=\"og:site_name\" content=\"Outdoors\" \/>\n<meta property=\"article:modified_time\" content=\"2026-02-06T14:00:09+00:00\" \/>\n<meta property=\"og:image\" content=\"https:\/\/www.outdoors.ee\/wp-content\/uploads\/2025\/10\/Highlander\u00ae-Norwegian-Army-Socks-3.jpg\" \/>\n\t<meta property=\"og:image:width\" content=\"2500\" \/>\n\t<meta property=\"og:image:height\" content=\"2500\" \/>\n\t<meta property=\"og:image:type\" content=\"image\/jpeg\" \/>\n<meta name=\"twitter:card\" content=\"summary_large_image\" \/>\n<meta name=\"twitter:label1\" content=\"Est. reading time\" \/>\n\t<meta name=\"twitter:data1\" content=\"1 minut\" \/>\n<script type=\"application\/ld+json\" class=\"yoast-schema-graph\">{\"@context\":\"https:\/\/schema.org\",\"@graph\":[{\"@type\":\"WebPage\",\"@id\":\"https:\/\/www.outdoors.ee\/et\/toode\/highlander-sokid-norwegian-army-socks\/\",\"url\":\"https:\/\/www.outdoors.ee\/et\/toode\/highlander-sokid-norwegian-army-socks\/\",\"name\":\"Highlander\u00ae sokid Norwegian Army Socks - Outdoors\",\"isPartOf\":{\"@id\":\"https:\/\/www.outdoors.ee\/#website\"},\"primaryImageOfPage\":{\"@id\":\"https:\/\/www.outdoors.ee\/et\/toode\/highlander-sokid-norwegian-army-socks\/#primaryimage\"},\"image\":{\"@id\":\"https:\/\/www.outdoors.ee\/et\/toode\/highlander-sokid-norwegian-army-socks\/#primaryimage\"},\"thumbnailUrl\":\"https:\/\/www.outdoors.ee\/wp-content\/uploads\/2025\/10\/Highlander\u00ae-Norwegian-Army-Socks-3.jpg\",\"datePublished\":\"2025-10-15T11:13:36+00:00\",\"dateModified\":\"2026-02-06T14:00:09+00:00\",\"breadcrumb\":{\"@id\":\"https:\/\/www.outdoors.ee\/et\/toode\/highlander-sokid-norwegian-army-socks\/#breadcrumb\"},\"inLanguage\":\"et\",\"potentialAction\":[{\"@type\":\"ReadAction\",\"target\":[\"https:\/\/www.outdoors.ee\/et\/toode\/highlander-sokid-norwegian-army-socks\/\"]}]},{\"@type\":\"ImageObject\",\"inLanguage\":\"et\",\"@id\":\"https:\/\/www.outdoors.ee\/et\/toode\/highlander-sokid-norwegian-army-socks\/#primaryimage\",\"url\":\"https:\/\/www.outdoors.ee\/wp-content\/uploads\/2025\/10\/Highlander\u00ae-Norwegian-Army-Socks-3.jpg\",\"contentUrl\":\"https:\/\/www.outdoors.ee\/wp-content\/uploads\/2025\/10\/Highlander\u00ae-Norwegian-Army-Socks-3.jpg\",\"width\":2500,\"height\":2500},{\"@type\":\"BreadcrumbList\",\"@id\":\"https:\/\/www.outdoors.ee\/et\/toode\/highlander-sokid-norwegian-army-socks\/#breadcrumb\",\"itemListElement\":[{\"@type\":\"ListItem\",\"position\":1,\"name\":\"Home\",\"item\":\"https:\/\/www.outdoors.ee\/et\/\"},{\"@type\":\"ListItem\",\"position\":2,\"name\":\"Tooted\",\"item\":\"https:\/\/www.outdoors.ee\/products\/\"},{\"@type\":\"ListItem\",\"position\":3,\"name\":\"Highlander\u00ae sokid Norwegian Army Socks\"}]},{\"@type\":\"WebSite\",\"@id\":\"https:\/\/www.outdoors.ee\/#website\",\"url\":\"https:\/\/www.outdoors.ee\/\",\"name\":\"Outdoors\",\"description\":\"Genuine military surplus and not only!\",\"potentialAction\":[{\"@type\":\"SearchAction\",\"target\":{\"@type\":\"EntryPoint\",\"urlTemplate\":\"https:\/\/www.outdoors.ee\/?s={search_term_string}\"},\"query-input\":{\"@type\":\"PropertyValueSpecification\",\"valueRequired\":true,\"valueName\":\"search_term_string\"}}],\"inLanguage\":\"et\"}]}<\/script>\n<!-- \/ Yoast SEO plugin. -->","yoast_head_json":{"title":"Highlander\u00ae sokid Norwegian Army Socks - Outdoors","robots":{"index":"index","follow":"follow","max-snippet":"max-snippet:-1","max-image-preview":"max-image-preview:large","max-video-preview":"max-video-preview:-1"},"canonical":"https:\/\/www.outdoors.ee\/et\/toode\/highlander-sokid-norwegian-army-socks\/","og_locale":"et_EE","og_type":"article","og_title":"Highlander\u00ae sokid Norwegian Army Socks - Outdoors","og_description":"Norra armee disainil p\u00f5hinevad sokid sobivad h\u00e4sti tegutsemiseks k\u00fclmades ilmatingimustes. T\u00e4nu suurele villasisaldusele pakuvad need optimaalset soojust ja isolatsiooni, s\u00e4ilitades","og_url":"https:\/\/www.outdoors.ee\/et\/toode\/highlander-sokid-norwegian-army-socks\/","og_site_name":"Outdoors","article_modified_time":"2026-02-06T14:00:09+00:00","og_image":[{"width":2500,"height":2500,"url":"https:\/\/www.outdoors.ee\/wp-content\/uploads\/2025\/10\/Highlander\u00ae-Norwegian-Army-Socks-3.jpg","type":"image\/jpeg"}],"twitter_card":"summary_large_image","twitter_misc":{"Est. reading time":"1 minut"},"schema":{"@context":"https:\/\/schema.org","@graph":[{"@type":"WebPage","@id":"https:\/\/www.outdoors.ee\/et\/toode\/highlander-sokid-norwegian-army-socks\/","url":"https:\/\/www.outdoors.ee\/et\/toode\/highlander-sokid-norwegian-army-socks\/","name":"Highlander\u00ae sokid Norwegian Army Socks - Outdoors","isPartOf":{"@id":"https:\/\/www.outdoors.ee\/#website"},"primaryImageOfPage":{"@id":"https:\/\/www.outdoors.ee\/et\/toode\/highlander-sokid-norwegian-army-socks\/#primaryimage"},"image":{"@id":"https:\/\/www.outdoors.ee\/et\/toode\/highlander-sokid-norwegian-army-socks\/#primaryimage"},"thumbnailUrl":"https:\/\/www.outdoors.ee\/wp-content\/uploads\/2025\/10\/Highlander\u00ae-Norwegian-Army-Socks-3.jpg","datePublished":"2025-10-15T11:13:36+00:00","dateModified":"2026-02-06T14:00:09+00:00","breadcrumb":{"@id":"https:\/\/www.outdoors.ee\/et\/toode\/highlander-sokid-norwegian-army-socks\/#breadcrumb"},"inLanguage":"et","potentialAction":[{"@type":"ReadAction","target":["https:\/\/www.outdoors.ee\/et\/toode\/highlander-sokid-norwegian-army-socks\/"]}]},{"@type":"ImageObject","inLanguage":"et","@id":"https:\/\/www.outdoors.ee\/et\/toode\/highlander-sokid-norwegian-army-socks\/#primaryimage","url":"https:\/\/www.outdoors.ee\/wp-content\/uploads\/2025\/10\/Highlander\u00ae-Norwegian-Army-Socks-3.jpg","contentUrl":"https:\/\/www.outdoors.ee\/wp-content\/uploads\/2025\/10\/Highlander\u00ae-Norwegian-Army-Socks-3.jpg","width":2500,"height":2500},{"@type":"BreadcrumbList","@id":"https:\/\/www.outdoors.ee\/et\/toode\/highlander-sokid-norwegian-army-socks\/#breadcrumb","itemListElement":[{"@type":"ListItem","position":1,"name":"Home","item":"https:\/\/www.outdoors.ee\/et\/"},{"@type":"ListItem","position":2,"name":"Tooted","item":"https:\/\/www.outdoors.ee\/products\/"},{"@type":"ListItem","position":3,"name":"Highlander\u00ae sokid Norwegian Army Socks"}]},{"@type":"WebSite","@id":"https:\/\/www.outdoors.ee\/#website","url":"https:\/\/www.outdoors.ee\/","name":"Outdoors","description":"Genuine military surplus and not only!","potentialAction":[{"@type":"SearchAction","target":{"@type":"EntryPoint","urlTemplate":"https:\/\/www.outdoors.ee\/?s={search_term_string}"},"query-input":{"@type":"PropertyValueSpecification","valueRequired":true,"valueName":"search_term_string"}}],"inLanguage":"et"}]}},"_links":{"self":[{"href":"https:\/\/www.outdoors.ee\/et\/wp-json\/wp\/v2\/product\/106315","targetHints":{"allow":["GET"]}}],"collection":[{"href":"https:\/\/www.outdoors.ee\/et\/wp-json\/wp\/v2\/product"}],"about":[{"href":"https:\/\/www.outdoors.ee\/et\/wp-json\/wp\/v2\/types\/product"}],"wp:featuredmedia":[{"embeddable":true,"href":"https:\/\/www.outdoors.ee\/et\/wp-json\/wp\/v2\/media\/106304"}],"wp:attachment":[{"href":"https:\/\/www.outdoors.ee\/et\/wp-json\/wp\/v2\/media?parent=106315"}],"wp:term":[{"taxonomy":"product_brand","embeddable":true,"href":"https:\/\/www.outdoors.ee\/et\/wp-json\/wp\/v2\/product_brand?post=106315"},{"taxonomy":"product_cat","embeddable":true,"href":"https:\/\/www.outdoors.ee\/et\/wp-json\/wp\/v2\/product_cat?post=106315"},{"taxonomy":"product_tag","embeddable":true,"href":"https:\/\/www.outdoors.ee\/et\/wp-json\/wp\/v2\/product_tag?post=106315"}],"curies":[{"name":"wp","href":"https:\/\/api.w.org\/{rel}","templated":true}]}}