{"id":106274,"date":"2025-10-15T12:52:14","date_gmt":"2025-10-15T09:52:14","guid":{"rendered":"https:\/\/www.outdoors.ee\/?post_type=product&#038;p=106274"},"modified":"2025-10-15T12:52:50","modified_gmt":"2025-10-15T09:52:50","slug":"highlanderseljakott-ivar-40l-rucksack","status":"publish","type":"product","link":"https:\/\/www.outdoors.ee\/et\/toode\/highlanderseljakott-ivar-40l-rucksack\/","title":{"rendered":"Highlander\u00aeseljakott IVAR 40L Rucksack"},"content":{"rendered":"<p>Ivar 40L on mitmek\u00fclgne ja kerge seljakott, mis on loodud p\u00e4evamatkadeks ja l\u00fchemateks v\u00e4liseiklusteks. Sobib ideaalselt nii algajatele kui ka kogenud matkajaile \u2013 see universaalne seljakott \u00fchendab endas mugavuse ja vastupidavuse, ilma et funktsionaalsus kannataks. Airvent-seljas\u00fcsteem parandab \u00f5huvoolu.<\/p>\n<p><strong>Omadused:<\/strong><\/p>\n<ul>\n<li>ruumikas peasahtel<\/li>\n<li>t\u00f5mbluku ligip\u00e4\u00e4s peasahtlisse eest<\/li>\n<li>suur t\u00f5mblukuga tasku esipaneelil<\/li>\n<li>pehmendatud puusav\u00f6\u00f6, 2 t\u00f5mblukuga taskut<\/li>\n<li>joogis\u00fcsteemiga \u00fchilduv<\/li>\n<li>kinnitusaasad matkakeppidele ning j\u00e4\u00e4kirkale<\/li>\n<li>t\u00f5mblukuga tasku \u00fclemisel klapil<\/li>\n<li>reguleeritav rinnarihm kiirvabastusklambriga<\/li>\n<li>vihmakate komplektis<\/li>\n<li>maht: 40L<\/li>\n<li>kaal: 1.3kg<\/li>\n<li>materjal: 100% nailon ja XTP tugevtatud materjal<\/li>\n<li>m\u00f5\u00f5tmed: 32(L) x 23(S) x 65(K)cm<\/li>\n<\/ul>\n<p><strong>Seisukord:<\/strong> uus<\/p>\n","protected":false},"excerpt":{"rendered":"<p>Ivar 40L on mitmek\u00fclgne ja kerge seljakott, mis on loodud p\u00e4evamatkadeks ja l\u00fchemateks v\u00e4liseiklusteks. Sobib ideaalselt nii algajatele kui ka<\/p>\n","protected":false},"featured_media":106265,"template":"","meta":[],"product_brand":[],"product_cat":[3539],"product_tag":[],"class_list":{"0":"post-106274","1":"product","2":"type-product","3":"status-publish","4":"has-post-thumbnail","6":"product_cat-seljakotid","7":"pa_brand-highlander-2","8":"pa_color-black-2","9":"pa_color-hall-2","11":"first","12":"instock","13":"taxable","14":"shipping-taxable","15":"purchasable","16":"product-type-variable"},"yoast_head":"<!-- This site is optimized with the Yoast SEO plugin v27.2 - https:\/\/yoast.com\/product\/yoast-seo-wordpress\/ -->\n<title>Highlander\u00aeseljakott IVAR 40L Rucksack - Outdoors<\/title>\n<meta name=\"robots\" content=\"index, follow, max-snippet:-1, max-image-preview:large, max-video-preview:-1\" \/>\n<link rel=\"canonical\" href=\"https:\/\/www.outdoors.ee\/et\/toode\/highlanderseljakott-ivar-40l-rucksack\/\" \/>\n<meta property=\"og:locale\" content=\"et_EE\" \/>\n<meta property=\"og:type\" content=\"article\" \/>\n<meta property=\"og:title\" content=\"Highlander\u00aeseljakott IVAR 40L Rucksack - Outdoors\" \/>\n<meta property=\"og:description\" content=\"Ivar 40L on mitmek\u00fclgne ja kerge seljakott, mis on loodud p\u00e4evamatkadeks ja l\u00fchemateks v\u00e4liseiklusteks. Sobib ideaalselt nii algajatele kui ka\" \/>\n<meta property=\"og:url\" content=\"https:\/\/www.outdoors.ee\/et\/toode\/highlanderseljakott-ivar-40l-rucksack\/\" \/>\n<meta property=\"og:site_name\" content=\"Outdoors\" \/>\n<meta property=\"article:modified_time\" content=\"2025-10-15T09:52:50+00:00\" \/>\n<meta property=\"og:image\" content=\"https:\/\/www.outdoors.ee\/wp-content\/uploads\/2025\/10\/Highlander\u00aeIVAR-40L-Rucksack-8.jpg\" \/>\n\t<meta property=\"og:image:width\" content=\"1800\" \/>\n\t<meta property=\"og:image:height\" content=\"1800\" \/>\n\t<meta property=\"og:image:type\" content=\"image\/jpeg\" \/>\n<meta name=\"twitter:card\" content=\"summary_large_image\" \/>\n<meta name=\"twitter:label1\" content=\"Est. reading time\" \/>\n\t<meta name=\"twitter:data1\" content=\"1 minut\" \/>\n<script type=\"application\/ld+json\" class=\"yoast-schema-graph\">{\"@context\":\"https:\/\/schema.org\",\"@graph\":[{\"@type\":\"WebPage\",\"@id\":\"https:\/\/www.outdoors.ee\/et\/toode\/highlanderseljakott-ivar-40l-rucksack\/\",\"url\":\"https:\/\/www.outdoors.ee\/et\/toode\/highlanderseljakott-ivar-40l-rucksack\/\",\"name\":\"Highlander\u00aeseljakott IVAR 40L Rucksack - Outdoors\",\"isPartOf\":{\"@id\":\"https:\/\/www.outdoors.ee\/#website\"},\"primaryImageOfPage\":{\"@id\":\"https:\/\/www.outdoors.ee\/et\/toode\/highlanderseljakott-ivar-40l-rucksack\/#primaryimage\"},\"image\":{\"@id\":\"https:\/\/www.outdoors.ee\/et\/toode\/highlanderseljakott-ivar-40l-rucksack\/#primaryimage\"},\"thumbnailUrl\":\"https:\/\/www.outdoors.ee\/wp-content\/uploads\/2025\/10\/Highlander\u00aeIVAR-40L-Rucksack-8.jpg\",\"datePublished\":\"2025-10-15T09:52:14+00:00\",\"dateModified\":\"2025-10-15T09:52:50+00:00\",\"breadcrumb\":{\"@id\":\"https:\/\/www.outdoors.ee\/et\/toode\/highlanderseljakott-ivar-40l-rucksack\/#breadcrumb\"},\"inLanguage\":\"et\",\"potentialAction\":[{\"@type\":\"ReadAction\",\"target\":[\"https:\/\/www.outdoors.ee\/et\/toode\/highlanderseljakott-ivar-40l-rucksack\/\"]}]},{\"@type\":\"ImageObject\",\"inLanguage\":\"et\",\"@id\":\"https:\/\/www.outdoors.ee\/et\/toode\/highlanderseljakott-ivar-40l-rucksack\/#primaryimage\",\"url\":\"https:\/\/www.outdoors.ee\/wp-content\/uploads\/2025\/10\/Highlander\u00aeIVAR-40L-Rucksack-8.jpg\",\"contentUrl\":\"https:\/\/www.outdoors.ee\/wp-content\/uploads\/2025\/10\/Highlander\u00aeIVAR-40L-Rucksack-8.jpg\",\"width\":1800,\"height\":1800},{\"@type\":\"BreadcrumbList\",\"@id\":\"https:\/\/www.outdoors.ee\/et\/toode\/highlanderseljakott-ivar-40l-rucksack\/#breadcrumb\",\"itemListElement\":[{\"@type\":\"ListItem\",\"position\":1,\"name\":\"Home\",\"item\":\"https:\/\/www.outdoors.ee\/et\/\"},{\"@type\":\"ListItem\",\"position\":2,\"name\":\"Tooted\",\"item\":\"https:\/\/www.outdoors.ee\/products\/\"},{\"@type\":\"ListItem\",\"position\":3,\"name\":\"Highlander\u00aeseljakott IVAR 40L Rucksack\"}]},{\"@type\":\"WebSite\",\"@id\":\"https:\/\/www.outdoors.ee\/#website\",\"url\":\"https:\/\/www.outdoors.ee\/\",\"name\":\"Outdoors\",\"description\":\"Genuine military surplus and not only!\",\"potentialAction\":[{\"@type\":\"SearchAction\",\"target\":{\"@type\":\"EntryPoint\",\"urlTemplate\":\"https:\/\/www.outdoors.ee\/?s={search_term_string}\"},\"query-input\":{\"@type\":\"PropertyValueSpecification\",\"valueRequired\":true,\"valueName\":\"search_term_string\"}}],\"inLanguage\":\"et\"}]}<\/script>\n<!-- \/ Yoast SEO plugin. -->","yoast_head_json":{"title":"Highlander\u00aeseljakott IVAR 40L Rucksack - Outdoors","robots":{"index":"index","follow":"follow","max-snippet":"max-snippet:-1","max-image-preview":"max-image-preview:large","max-video-preview":"max-video-preview:-1"},"canonical":"https:\/\/www.outdoors.ee\/et\/toode\/highlanderseljakott-ivar-40l-rucksack\/","og_locale":"et_EE","og_type":"article","og_title":"Highlander\u00aeseljakott IVAR 40L Rucksack - Outdoors","og_description":"Ivar 40L on mitmek\u00fclgne ja kerge seljakott, mis on loodud p\u00e4evamatkadeks ja l\u00fchemateks v\u00e4liseiklusteks. Sobib ideaalselt nii algajatele kui ka","og_url":"https:\/\/www.outdoors.ee\/et\/toode\/highlanderseljakott-ivar-40l-rucksack\/","og_site_name":"Outdoors","article_modified_time":"2025-10-15T09:52:50+00:00","og_image":[{"width":1800,"height":1800,"url":"https:\/\/www.outdoors.ee\/wp-content\/uploads\/2025\/10\/Highlander\u00aeIVAR-40L-Rucksack-8.jpg","type":"image\/jpeg"}],"twitter_card":"summary_large_image","twitter_misc":{"Est. reading time":"1 minut"},"schema":{"@context":"https:\/\/schema.org","@graph":[{"@type":"WebPage","@id":"https:\/\/www.outdoors.ee\/et\/toode\/highlanderseljakott-ivar-40l-rucksack\/","url":"https:\/\/www.outdoors.ee\/et\/toode\/highlanderseljakott-ivar-40l-rucksack\/","name":"Highlander\u00aeseljakott IVAR 40L Rucksack - Outdoors","isPartOf":{"@id":"https:\/\/www.outdoors.ee\/#website"},"primaryImageOfPage":{"@id":"https:\/\/www.outdoors.ee\/et\/toode\/highlanderseljakott-ivar-40l-rucksack\/#primaryimage"},"image":{"@id":"https:\/\/www.outdoors.ee\/et\/toode\/highlanderseljakott-ivar-40l-rucksack\/#primaryimage"},"thumbnailUrl":"https:\/\/www.outdoors.ee\/wp-content\/uploads\/2025\/10\/Highlander\u00aeIVAR-40L-Rucksack-8.jpg","datePublished":"2025-10-15T09:52:14+00:00","dateModified":"2025-10-15T09:52:50+00:00","breadcrumb":{"@id":"https:\/\/www.outdoors.ee\/et\/toode\/highlanderseljakott-ivar-40l-rucksack\/#breadcrumb"},"inLanguage":"et","potentialAction":[{"@type":"ReadAction","target":["https:\/\/www.outdoors.ee\/et\/toode\/highlanderseljakott-ivar-40l-rucksack\/"]}]},{"@type":"ImageObject","inLanguage":"et","@id":"https:\/\/www.outdoors.ee\/et\/toode\/highlanderseljakott-ivar-40l-rucksack\/#primaryimage","url":"https:\/\/www.outdoors.ee\/wp-content\/uploads\/2025\/10\/Highlander\u00aeIVAR-40L-Rucksack-8.jpg","contentUrl":"https:\/\/www.outdoors.ee\/wp-content\/uploads\/2025\/10\/Highlander\u00aeIVAR-40L-Rucksack-8.jpg","width":1800,"height":1800},{"@type":"BreadcrumbList","@id":"https:\/\/www.outdoors.ee\/et\/toode\/highlanderseljakott-ivar-40l-rucksack\/#breadcrumb","itemListElement":[{"@type":"ListItem","position":1,"name":"Home","item":"https:\/\/www.outdoors.ee\/et\/"},{"@type":"ListItem","position":2,"name":"Tooted","item":"https:\/\/www.outdoors.ee\/products\/"},{"@type":"ListItem","position":3,"name":"Highlander\u00aeseljakott IVAR 40L Rucksack"}]},{"@type":"WebSite","@id":"https:\/\/www.outdoors.ee\/#website","url":"https:\/\/www.outdoors.ee\/","name":"Outdoors","description":"Genuine military surplus and not only!","potentialAction":[{"@type":"SearchAction","target":{"@type":"EntryPoint","urlTemplate":"https:\/\/www.outdoors.ee\/?s={search_term_string}"},"query-input":{"@type":"PropertyValueSpecification","valueRequired":true,"valueName":"search_term_string"}}],"inLanguage":"et"}]}},"_links":{"self":[{"href":"https:\/\/www.outdoors.ee\/et\/wp-json\/wp\/v2\/product\/106274","targetHints":{"allow":["GET"]}}],"collection":[{"href":"https:\/\/www.outdoors.ee\/et\/wp-json\/wp\/v2\/product"}],"about":[{"href":"https:\/\/www.outdoors.ee\/et\/wp-json\/wp\/v2\/types\/product"}],"wp:featuredmedia":[{"embeddable":true,"href":"https:\/\/www.outdoors.ee\/et\/wp-json\/wp\/v2\/media\/106265"}],"wp:attachment":[{"href":"https:\/\/www.outdoors.ee\/et\/wp-json\/wp\/v2\/media?parent=106274"}],"wp:term":[{"taxonomy":"product_brand","embeddable":true,"href":"https:\/\/www.outdoors.ee\/et\/wp-json\/wp\/v2\/product_brand?post=106274"},{"taxonomy":"product_cat","embeddable":true,"href":"https:\/\/www.outdoors.ee\/et\/wp-json\/wp\/v2\/product_cat?post=106274"},{"taxonomy":"product_tag","embeddable":true,"href":"https:\/\/www.outdoors.ee\/et\/wp-json\/wp\/v2\/product_tag?post=106274"}],"curies":[{"name":"wp","href":"https:\/\/api.w.org\/{rel}","templated":true}]}}