{"id":106244,"date":"2025-10-15T10:23:22","date_gmt":"2025-10-15T07:23:22","guid":{"rendered":"https:\/\/www.outdoors.ee\/?post_type=product&#038;p=106244"},"modified":"2025-10-15T10:23:41","modified_gmt":"2025-10-15T07:23:41","slug":"highlander-torusall-thermal-fleece-headover","status":"publish","type":"product","link":"https:\/\/www.outdoors.ee\/et\/toode\/highlander-torusall-thermal-fleece-headover\/","title":{"rendered":"Highlander\u00ae torusall Thermal Fleece Headover"},"content":{"rendered":"<p>Multifunktsionaalne peakate, mis pakub kaitset k\u00fclma eest, t\u00e4nu oma kergele, soojale ning pehmele fliismaterjalile kaela osas. Seda saab kanda sallina, poolmaskina, avatud n\u00e4oga balaklava ehk suusamaskina, kiivri alusm\u00fctsina, tavam\u00fctsina v\u00f5i peapaelana.<\/p>\n<p><strong>Omadused:<\/strong><\/p>\n<ul>\n<li>Kerge, hingav ja mugav<\/li>\n<li>pehme termofliis<\/li>\n<li>\u00fcks suurus sobib k\u00f5igile<\/li>\n<li>\u00f5mblusteta disain<\/li>\n<li>kaal: 62 g<\/li>\n<li>materjal: pol\u00fcester ja fliis<\/li>\n<li>\u00fcks suurus<\/li>\n<\/ul>\n<p><strong>Seisukord:<\/strong> uus<\/p>\n","protected":false},"excerpt":{"rendered":"<p>Multifunktsionaalne peakate, mis pakub kaitset k\u00fclma eest, t\u00e4nu oma kergele, soojale ning pehmele fliismaterjalile kaela osas. Seda saab kanda sallina,<\/p>\n","protected":false},"featured_media":106238,"template":"","meta":[],"product_brand":[],"product_cat":[128],"product_tag":[],"class_list":{"0":"post-106244","1":"product","2":"type-product","3":"status-publish","4":"has-post-thumbnail","6":"product_cat-peakatted","7":"pa_brand-highlander-2","8":"pa_color-black-2","9":"pa_color-hmtc-et","10":"pa_color-olive-2","12":"first","13":"instock","14":"taxable","15":"shipping-taxable","16":"purchasable","17":"product-type-variable"},"yoast_head":"<!-- This site is optimized with the Yoast SEO plugin v27.2 - https:\/\/yoast.com\/product\/yoast-seo-wordpress\/ -->\n<title>Highlander\u00ae torusall Thermal Fleece Headover - Outdoors<\/title>\n<meta name=\"robots\" content=\"index, follow, max-snippet:-1, max-image-preview:large, max-video-preview:-1\" \/>\n<link rel=\"canonical\" href=\"https:\/\/www.outdoors.ee\/et\/toode\/highlander-torusall-thermal-fleece-headover\/\" \/>\n<meta property=\"og:locale\" content=\"et_EE\" \/>\n<meta property=\"og:type\" content=\"article\" \/>\n<meta property=\"og:title\" content=\"Highlander\u00ae torusall Thermal Fleece Headover - Outdoors\" \/>\n<meta property=\"og:description\" content=\"Multifunktsionaalne peakate, mis pakub kaitset k\u00fclma eest, t\u00e4nu oma kergele, soojale ning pehmele fliismaterjalile kaela osas. Seda saab kanda sallina,\" \/>\n<meta property=\"og:url\" content=\"https:\/\/www.outdoors.ee\/et\/toode\/highlander-torusall-thermal-fleece-headover\/\" \/>\n<meta property=\"og:site_name\" content=\"Outdoors\" \/>\n<meta property=\"article:modified_time\" content=\"2025-10-15T07:23:41+00:00\" \/>\n<meta property=\"og:image\" content=\"https:\/\/www.outdoors.ee\/wp-content\/uploads\/2025\/10\/Highlander\u00ae-Thermal-Fleece-Headover-2.jpg\" \/>\n\t<meta property=\"og:image:width\" content=\"2500\" \/>\n\t<meta property=\"og:image:height\" content=\"2500\" \/>\n\t<meta property=\"og:image:type\" content=\"image\/jpeg\" \/>\n<meta name=\"twitter:card\" content=\"summary_large_image\" \/>\n<meta name=\"twitter:label1\" content=\"Est. reading time\" \/>\n\t<meta name=\"twitter:data1\" content=\"1 minut\" \/>\n<script type=\"application\/ld+json\" class=\"yoast-schema-graph\">{\"@context\":\"https:\/\/schema.org\",\"@graph\":[{\"@type\":\"WebPage\",\"@id\":\"https:\/\/www.outdoors.ee\/et\/toode\/highlander-torusall-thermal-fleece-headover\/\",\"url\":\"https:\/\/www.outdoors.ee\/et\/toode\/highlander-torusall-thermal-fleece-headover\/\",\"name\":\"Highlander\u00ae torusall Thermal Fleece Headover - Outdoors\",\"isPartOf\":{\"@id\":\"https:\/\/www.outdoors.ee\/#website\"},\"primaryImageOfPage\":{\"@id\":\"https:\/\/www.outdoors.ee\/et\/toode\/highlander-torusall-thermal-fleece-headover\/#primaryimage\"},\"image\":{\"@id\":\"https:\/\/www.outdoors.ee\/et\/toode\/highlander-torusall-thermal-fleece-headover\/#primaryimage\"},\"thumbnailUrl\":\"https:\/\/www.outdoors.ee\/wp-content\/uploads\/2025\/10\/Highlander\u00ae-Thermal-Fleece-Headover-2.jpg\",\"datePublished\":\"2025-10-15T07:23:22+00:00\",\"dateModified\":\"2025-10-15T07:23:41+00:00\",\"breadcrumb\":{\"@id\":\"https:\/\/www.outdoors.ee\/et\/toode\/highlander-torusall-thermal-fleece-headover\/#breadcrumb\"},\"inLanguage\":\"et\",\"potentialAction\":[{\"@type\":\"ReadAction\",\"target\":[\"https:\/\/www.outdoors.ee\/et\/toode\/highlander-torusall-thermal-fleece-headover\/\"]}]},{\"@type\":\"ImageObject\",\"inLanguage\":\"et\",\"@id\":\"https:\/\/www.outdoors.ee\/et\/toode\/highlander-torusall-thermal-fleece-headover\/#primaryimage\",\"url\":\"https:\/\/www.outdoors.ee\/wp-content\/uploads\/2025\/10\/Highlander\u00ae-Thermal-Fleece-Headover-2.jpg\",\"contentUrl\":\"https:\/\/www.outdoors.ee\/wp-content\/uploads\/2025\/10\/Highlander\u00ae-Thermal-Fleece-Headover-2.jpg\",\"width\":2500,\"height\":2500},{\"@type\":\"BreadcrumbList\",\"@id\":\"https:\/\/www.outdoors.ee\/et\/toode\/highlander-torusall-thermal-fleece-headover\/#breadcrumb\",\"itemListElement\":[{\"@type\":\"ListItem\",\"position\":1,\"name\":\"Home\",\"item\":\"https:\/\/www.outdoors.ee\/et\/\"},{\"@type\":\"ListItem\",\"position\":2,\"name\":\"Tooted\",\"item\":\"https:\/\/www.outdoors.ee\/products\/\"},{\"@type\":\"ListItem\",\"position\":3,\"name\":\"Highlander\u00ae torusall Thermal Fleece Headover\"}]},{\"@type\":\"WebSite\",\"@id\":\"https:\/\/www.outdoors.ee\/#website\",\"url\":\"https:\/\/www.outdoors.ee\/\",\"name\":\"Outdoors\",\"description\":\"Genuine military surplus and not only!\",\"potentialAction\":[{\"@type\":\"SearchAction\",\"target\":{\"@type\":\"EntryPoint\",\"urlTemplate\":\"https:\/\/www.outdoors.ee\/?s={search_term_string}\"},\"query-input\":{\"@type\":\"PropertyValueSpecification\",\"valueRequired\":true,\"valueName\":\"search_term_string\"}}],\"inLanguage\":\"et\"}]}<\/script>\n<!-- \/ Yoast SEO plugin. -->","yoast_head_json":{"title":"Highlander\u00ae torusall Thermal Fleece Headover - Outdoors","robots":{"index":"index","follow":"follow","max-snippet":"max-snippet:-1","max-image-preview":"max-image-preview:large","max-video-preview":"max-video-preview:-1"},"canonical":"https:\/\/www.outdoors.ee\/et\/toode\/highlander-torusall-thermal-fleece-headover\/","og_locale":"et_EE","og_type":"article","og_title":"Highlander\u00ae torusall Thermal Fleece Headover - Outdoors","og_description":"Multifunktsionaalne peakate, mis pakub kaitset k\u00fclma eest, t\u00e4nu oma kergele, soojale ning pehmele fliismaterjalile kaela osas. Seda saab kanda sallina,","og_url":"https:\/\/www.outdoors.ee\/et\/toode\/highlander-torusall-thermal-fleece-headover\/","og_site_name":"Outdoors","article_modified_time":"2025-10-15T07:23:41+00:00","og_image":[{"width":2500,"height":2500,"url":"https:\/\/www.outdoors.ee\/wp-content\/uploads\/2025\/10\/Highlander\u00ae-Thermal-Fleece-Headover-2.jpg","type":"image\/jpeg"}],"twitter_card":"summary_large_image","twitter_misc":{"Est. reading time":"1 minut"},"schema":{"@context":"https:\/\/schema.org","@graph":[{"@type":"WebPage","@id":"https:\/\/www.outdoors.ee\/et\/toode\/highlander-torusall-thermal-fleece-headover\/","url":"https:\/\/www.outdoors.ee\/et\/toode\/highlander-torusall-thermal-fleece-headover\/","name":"Highlander\u00ae torusall Thermal Fleece Headover - Outdoors","isPartOf":{"@id":"https:\/\/www.outdoors.ee\/#website"},"primaryImageOfPage":{"@id":"https:\/\/www.outdoors.ee\/et\/toode\/highlander-torusall-thermal-fleece-headover\/#primaryimage"},"image":{"@id":"https:\/\/www.outdoors.ee\/et\/toode\/highlander-torusall-thermal-fleece-headover\/#primaryimage"},"thumbnailUrl":"https:\/\/www.outdoors.ee\/wp-content\/uploads\/2025\/10\/Highlander\u00ae-Thermal-Fleece-Headover-2.jpg","datePublished":"2025-10-15T07:23:22+00:00","dateModified":"2025-10-15T07:23:41+00:00","breadcrumb":{"@id":"https:\/\/www.outdoors.ee\/et\/toode\/highlander-torusall-thermal-fleece-headover\/#breadcrumb"},"inLanguage":"et","potentialAction":[{"@type":"ReadAction","target":["https:\/\/www.outdoors.ee\/et\/toode\/highlander-torusall-thermal-fleece-headover\/"]}]},{"@type":"ImageObject","inLanguage":"et","@id":"https:\/\/www.outdoors.ee\/et\/toode\/highlander-torusall-thermal-fleece-headover\/#primaryimage","url":"https:\/\/www.outdoors.ee\/wp-content\/uploads\/2025\/10\/Highlander\u00ae-Thermal-Fleece-Headover-2.jpg","contentUrl":"https:\/\/www.outdoors.ee\/wp-content\/uploads\/2025\/10\/Highlander\u00ae-Thermal-Fleece-Headover-2.jpg","width":2500,"height":2500},{"@type":"BreadcrumbList","@id":"https:\/\/www.outdoors.ee\/et\/toode\/highlander-torusall-thermal-fleece-headover\/#breadcrumb","itemListElement":[{"@type":"ListItem","position":1,"name":"Home","item":"https:\/\/www.outdoors.ee\/et\/"},{"@type":"ListItem","position":2,"name":"Tooted","item":"https:\/\/www.outdoors.ee\/products\/"},{"@type":"ListItem","position":3,"name":"Highlander\u00ae torusall Thermal Fleece Headover"}]},{"@type":"WebSite","@id":"https:\/\/www.outdoors.ee\/#website","url":"https:\/\/www.outdoors.ee\/","name":"Outdoors","description":"Genuine military surplus and not only!","potentialAction":[{"@type":"SearchAction","target":{"@type":"EntryPoint","urlTemplate":"https:\/\/www.outdoors.ee\/?s={search_term_string}"},"query-input":{"@type":"PropertyValueSpecification","valueRequired":true,"valueName":"search_term_string"}}],"inLanguage":"et"}]}},"_links":{"self":[{"href":"https:\/\/www.outdoors.ee\/et\/wp-json\/wp\/v2\/product\/106244","targetHints":{"allow":["GET"]}}],"collection":[{"href":"https:\/\/www.outdoors.ee\/et\/wp-json\/wp\/v2\/product"}],"about":[{"href":"https:\/\/www.outdoors.ee\/et\/wp-json\/wp\/v2\/types\/product"}],"wp:featuredmedia":[{"embeddable":true,"href":"https:\/\/www.outdoors.ee\/et\/wp-json\/wp\/v2\/media\/106238"}],"wp:attachment":[{"href":"https:\/\/www.outdoors.ee\/et\/wp-json\/wp\/v2\/media?parent=106244"}],"wp:term":[{"taxonomy":"product_brand","embeddable":true,"href":"https:\/\/www.outdoors.ee\/et\/wp-json\/wp\/v2\/product_brand?post=106244"},{"taxonomy":"product_cat","embeddable":true,"href":"https:\/\/www.outdoors.ee\/et\/wp-json\/wp\/v2\/product_cat?post=106244"},{"taxonomy":"product_tag","embeddable":true,"href":"https:\/\/www.outdoors.ee\/et\/wp-json\/wp\/v2\/product_tag?post=106244"}],"curies":[{"name":"wp","href":"https:\/\/api.w.org\/{rel}","templated":true}]}}