{"id":105956,"date":"2025-10-09T13:35:34","date_gmt":"2025-10-09T10:35:34","guid":{"rendered":"https:\/\/www.outdoors.ee\/?post_type=product&#038;p=105956"},"modified":"2025-10-09T13:44:42","modified_gmt":"2025-10-09T10:44:42","slug":"highlander-kois-utility-rope-9mm-x-15m","status":"publish","type":"product","link":"https:\/\/www.outdoors.ee\/et\/toode\/highlander-kois-utility-rope-9mm-x-15m\/","title":{"rendered":"Highlander\u00ae k\u00f6is Utility Rope 9mm x 15m"},"content":{"rendered":"<p>Suurep\u00e4rane, mitmek\u00fclgne ja vastupidav 9 mm paksusega k\u00f6is on m\u00f5eldud kasutamiseks olukordades, kus on vaja kerget n\u00f6\u00f6ri.<\/p>\n<p><strong>Omadused:<\/strong><\/p>\n<ul>\n<li>mitmek\u00fclgne elluj\u00e4\u00e4misabivahend<\/li>\n<li>sobib varjualuse tegemiseks<\/li>\n<li><span class=\"metafield-multi_line_text_field\">ligikaudne koormustaluvus: 200kg \/ 1.96KN<\/span><\/li>\n<li>pikkus: 15m<\/li>\n<li>kaal: 386g<\/li>\n<li>materjal: pol\u00fcester<\/li>\n<li>m\u00f5\u00f5tmed: 15m x 9mm<\/li>\n<\/ul>\n<p><strong>Seisukord:<\/strong> uus<\/p>\n","protected":false},"excerpt":{"rendered":"<p>Suurep\u00e4rane, mitmek\u00fclgne ja vastupidav 9 mm paksusega k\u00f6is on m\u00f5eldud kasutamiseks olukordades, kus on vaja kerget n\u00f6\u00f6ri. Omadused: mitmek\u00fclgne elluj\u00e4\u00e4misabivahend<\/p>\n","protected":false},"featured_media":105953,"template":"","meta":[],"product_brand":[],"product_cat":[149],"product_tag":[],"class_list":{"0":"post-105956","1":"product","2":"type-product","3":"status-publish","4":"has-post-thumbnail","6":"product_cat-taktikaline-varustus","7":"pa_brand-highlander-2","9":"first","10":"instock","11":"taxable","12":"shipping-taxable","13":"purchasable","14":"product-type-simple"},"yoast_head":"<!-- This site is optimized with the Yoast SEO plugin v27.2 - https:\/\/yoast.com\/product\/yoast-seo-wordpress\/ -->\n<title>Highlander\u00ae k\u00f6is Utility Rope 9mm x 15m - Outdoors<\/title>\n<meta name=\"robots\" content=\"index, follow, max-snippet:-1, max-image-preview:large, max-video-preview:-1\" \/>\n<link rel=\"canonical\" href=\"https:\/\/www.outdoors.ee\/toode\/highlander-utility-rope-9mm-x-15m\/\" \/>\n<meta property=\"og:locale\" content=\"et_EE\" \/>\n<meta property=\"og:type\" content=\"article\" \/>\n<meta property=\"og:title\" content=\"Highlander\u00ae k\u00f6is Utility Rope 9mm x 15m - Outdoors\" \/>\n<meta property=\"og:description\" content=\"Suurep\u00e4rane, mitmek\u00fclgne ja vastupidav 9 mm paksusega k\u00f6is on m\u00f5eldud kasutamiseks olukordades, kus on vaja kerget n\u00f6\u00f6ri. Omadused: mitmek\u00fclgne elluj\u00e4\u00e4misabivahend\" \/>\n<meta property=\"og:url\" content=\"https:\/\/www.outdoors.ee\/toode\/highlander-utility-rope-9mm-x-15m\/\" \/>\n<meta property=\"og:site_name\" content=\"Outdoors\" \/>\n<meta property=\"article:modified_time\" content=\"2025-10-09T10:44:42+00:00\" \/>\n<meta property=\"og:image\" content=\"https:\/\/www.outdoors.ee\/wp-content\/uploads\/2025\/10\/Highlander\u00ae-Utility-Rope-9mm-x-15m-1.jpg\" \/>\n\t<meta property=\"og:image:width\" content=\"1800\" \/>\n\t<meta property=\"og:image:height\" content=\"1800\" \/>\n\t<meta property=\"og:image:type\" content=\"image\/jpeg\" \/>\n<meta name=\"twitter:card\" content=\"summary_large_image\" \/>\n<meta name=\"twitter:label1\" content=\"Est. reading time\" \/>\n\t<meta name=\"twitter:data1\" content=\"1 minut\" \/>\n<script type=\"application\/ld+json\" class=\"yoast-schema-graph\">{\"@context\":\"https:\/\/schema.org\",\"@graph\":[{\"@type\":\"WebPage\",\"@id\":\"https:\/\/www.outdoors.ee\/toode\/highlander-utility-rope-9mm-x-15m\/\",\"url\":\"https:\/\/www.outdoors.ee\/toode\/highlander-utility-rope-9mm-x-15m\/\",\"name\":\"Highlander\u00ae k\u00f6is Utility Rope 9mm x 15m - Outdoors\",\"isPartOf\":{\"@id\":\"https:\/\/www.outdoors.ee\/#website\"},\"primaryImageOfPage\":{\"@id\":\"https:\/\/www.outdoors.ee\/toode\/highlander-utility-rope-9mm-x-15m\/#primaryimage\"},\"image\":{\"@id\":\"https:\/\/www.outdoors.ee\/toode\/highlander-utility-rope-9mm-x-15m\/#primaryimage\"},\"thumbnailUrl\":\"https:\/\/www.outdoors.ee\/wp-content\/uploads\/2025\/10\/Highlander\u00ae-Utility-Rope-9mm-x-15m-1.jpg\",\"datePublished\":\"2025-10-09T10:35:34+00:00\",\"dateModified\":\"2025-10-09T10:44:42+00:00\",\"breadcrumb\":{\"@id\":\"https:\/\/www.outdoors.ee\/toode\/highlander-utility-rope-9mm-x-15m\/#breadcrumb\"},\"inLanguage\":\"et\",\"potentialAction\":[{\"@type\":\"ReadAction\",\"target\":[\"https:\/\/www.outdoors.ee\/toode\/highlander-utility-rope-9mm-x-15m\/\"]}]},{\"@type\":\"ImageObject\",\"inLanguage\":\"et\",\"@id\":\"https:\/\/www.outdoors.ee\/toode\/highlander-utility-rope-9mm-x-15m\/#primaryimage\",\"url\":\"https:\/\/www.outdoors.ee\/wp-content\/uploads\/2025\/10\/Highlander\u00ae-Utility-Rope-9mm-x-15m-1.jpg\",\"contentUrl\":\"https:\/\/www.outdoors.ee\/wp-content\/uploads\/2025\/10\/Highlander\u00ae-Utility-Rope-9mm-x-15m-1.jpg\",\"width\":1800,\"height\":1800},{\"@type\":\"BreadcrumbList\",\"@id\":\"https:\/\/www.outdoors.ee\/toode\/highlander-utility-rope-9mm-x-15m\/#breadcrumb\",\"itemListElement\":[{\"@type\":\"ListItem\",\"position\":1,\"name\":\"Home\",\"item\":\"https:\/\/www.outdoors.ee\/et\/\"},{\"@type\":\"ListItem\",\"position\":2,\"name\":\"Tooted\",\"item\":\"https:\/\/www.outdoors.ee\/products\/\"},{\"@type\":\"ListItem\",\"position\":3,\"name\":\"Highlander\u00ae k\u00f6is Utility Rope 9mm x 15m\"}]},{\"@type\":\"WebSite\",\"@id\":\"https:\/\/www.outdoors.ee\/#website\",\"url\":\"https:\/\/www.outdoors.ee\/\",\"name\":\"Outdoors\",\"description\":\"Genuine military surplus and not only!\",\"potentialAction\":[{\"@type\":\"SearchAction\",\"target\":{\"@type\":\"EntryPoint\",\"urlTemplate\":\"https:\/\/www.outdoors.ee\/?s={search_term_string}\"},\"query-input\":{\"@type\":\"PropertyValueSpecification\",\"valueRequired\":true,\"valueName\":\"search_term_string\"}}],\"inLanguage\":\"et\"}]}<\/script>\n<!-- \/ Yoast SEO plugin. -->","yoast_head_json":{"title":"Highlander\u00ae k\u00f6is Utility Rope 9mm x 15m - Outdoors","robots":{"index":"index","follow":"follow","max-snippet":"max-snippet:-1","max-image-preview":"max-image-preview:large","max-video-preview":"max-video-preview:-1"},"canonical":"https:\/\/www.outdoors.ee\/toode\/highlander-utility-rope-9mm-x-15m\/","og_locale":"et_EE","og_type":"article","og_title":"Highlander\u00ae k\u00f6is Utility Rope 9mm x 15m - Outdoors","og_description":"Suurep\u00e4rane, mitmek\u00fclgne ja vastupidav 9 mm paksusega k\u00f6is on m\u00f5eldud kasutamiseks olukordades, kus on vaja kerget n\u00f6\u00f6ri. Omadused: mitmek\u00fclgne elluj\u00e4\u00e4misabivahend","og_url":"https:\/\/www.outdoors.ee\/toode\/highlander-utility-rope-9mm-x-15m\/","og_site_name":"Outdoors","article_modified_time":"2025-10-09T10:44:42+00:00","og_image":[{"width":1800,"height":1800,"url":"https:\/\/www.outdoors.ee\/wp-content\/uploads\/2025\/10\/Highlander\u00ae-Utility-Rope-9mm-x-15m-1.jpg","type":"image\/jpeg"}],"twitter_card":"summary_large_image","twitter_misc":{"Est. reading time":"1 minut"},"schema":{"@context":"https:\/\/schema.org","@graph":[{"@type":"WebPage","@id":"https:\/\/www.outdoors.ee\/toode\/highlander-utility-rope-9mm-x-15m\/","url":"https:\/\/www.outdoors.ee\/toode\/highlander-utility-rope-9mm-x-15m\/","name":"Highlander\u00ae k\u00f6is Utility Rope 9mm x 15m - Outdoors","isPartOf":{"@id":"https:\/\/www.outdoors.ee\/#website"},"primaryImageOfPage":{"@id":"https:\/\/www.outdoors.ee\/toode\/highlander-utility-rope-9mm-x-15m\/#primaryimage"},"image":{"@id":"https:\/\/www.outdoors.ee\/toode\/highlander-utility-rope-9mm-x-15m\/#primaryimage"},"thumbnailUrl":"https:\/\/www.outdoors.ee\/wp-content\/uploads\/2025\/10\/Highlander\u00ae-Utility-Rope-9mm-x-15m-1.jpg","datePublished":"2025-10-09T10:35:34+00:00","dateModified":"2025-10-09T10:44:42+00:00","breadcrumb":{"@id":"https:\/\/www.outdoors.ee\/toode\/highlander-utility-rope-9mm-x-15m\/#breadcrumb"},"inLanguage":"et","potentialAction":[{"@type":"ReadAction","target":["https:\/\/www.outdoors.ee\/toode\/highlander-utility-rope-9mm-x-15m\/"]}]},{"@type":"ImageObject","inLanguage":"et","@id":"https:\/\/www.outdoors.ee\/toode\/highlander-utility-rope-9mm-x-15m\/#primaryimage","url":"https:\/\/www.outdoors.ee\/wp-content\/uploads\/2025\/10\/Highlander\u00ae-Utility-Rope-9mm-x-15m-1.jpg","contentUrl":"https:\/\/www.outdoors.ee\/wp-content\/uploads\/2025\/10\/Highlander\u00ae-Utility-Rope-9mm-x-15m-1.jpg","width":1800,"height":1800},{"@type":"BreadcrumbList","@id":"https:\/\/www.outdoors.ee\/toode\/highlander-utility-rope-9mm-x-15m\/#breadcrumb","itemListElement":[{"@type":"ListItem","position":1,"name":"Home","item":"https:\/\/www.outdoors.ee\/et\/"},{"@type":"ListItem","position":2,"name":"Tooted","item":"https:\/\/www.outdoors.ee\/products\/"},{"@type":"ListItem","position":3,"name":"Highlander\u00ae k\u00f6is Utility Rope 9mm x 15m"}]},{"@type":"WebSite","@id":"https:\/\/www.outdoors.ee\/#website","url":"https:\/\/www.outdoors.ee\/","name":"Outdoors","description":"Genuine military surplus and not only!","potentialAction":[{"@type":"SearchAction","target":{"@type":"EntryPoint","urlTemplate":"https:\/\/www.outdoors.ee\/?s={search_term_string}"},"query-input":{"@type":"PropertyValueSpecification","valueRequired":true,"valueName":"search_term_string"}}],"inLanguage":"et"}]}},"_links":{"self":[{"href":"https:\/\/www.outdoors.ee\/et\/wp-json\/wp\/v2\/product\/105956","targetHints":{"allow":["GET"]}}],"collection":[{"href":"https:\/\/www.outdoors.ee\/et\/wp-json\/wp\/v2\/product"}],"about":[{"href":"https:\/\/www.outdoors.ee\/et\/wp-json\/wp\/v2\/types\/product"}],"wp:featuredmedia":[{"embeddable":true,"href":"https:\/\/www.outdoors.ee\/et\/wp-json\/wp\/v2\/media\/105953"}],"wp:attachment":[{"href":"https:\/\/www.outdoors.ee\/et\/wp-json\/wp\/v2\/media?parent=105956"}],"wp:term":[{"taxonomy":"product_brand","embeddable":true,"href":"https:\/\/www.outdoors.ee\/et\/wp-json\/wp\/v2\/product_brand?post=105956"},{"taxonomy":"product_cat","embeddable":true,"href":"https:\/\/www.outdoors.ee\/et\/wp-json\/wp\/v2\/product_cat?post=105956"},{"taxonomy":"product_tag","embeddable":true,"href":"https:\/\/www.outdoors.ee\/et\/wp-json\/wp\/v2\/product_tag?post=105956"}],"curies":[{"name":"wp","href":"https:\/\/api.w.org\/{rel}","templated":true}]}}