{"id":105932,"date":"2025-10-09T10:46:48","date_gmt":"2025-10-09T07:46:48","guid":{"rendered":"https:\/\/www.outdoors.ee\/?post_type=product&#038;p=105932"},"modified":"2026-01-26T14:03:39","modified_gmt":"2026-01-26T12:03:39","slug":"highlander-anorak-halo-tactical-smock","status":"publish","type":"product","link":"https:\/\/www.outdoors.ee\/et\/toode\/highlander-anorak-halo-tactical-smock\/","title":{"rendered":"Highlander\u00ae anorak HALO Tactical Smock"},"content":{"rendered":"<p>Taktikaline tipptase kohtub kerge mitmek\u00fclgsusega Halo anorak-jopes. Valmistatud 210T ripstop-kangast ja mikro-fliisvoodriga, on Halo erakordselt kerge, soe ja tuulekindel. Niiskuskaitse on tagatud veekindla pealiskihi t\u00f6\u00f6tluse ning veekindlate t\u00f5mblukkudega, muutes selle suurep\u00e4raseks kaitseks muutlike ilmastikutingimuste eest. Lisaks muudavad suur rinnatasku, peidetav nokaga kapuuts ja k\u00f5rge krae Halo \u00e4\u00e4rmiselt mitmek\u00fclgseks kihiks, sobides nii \u00f5ppusteks kui ka matkamiseks.<\/p>\n<p><strong>Omadused:<\/strong><\/p>\n<ul>\n<li>tuulekindel, kerge ning kompaktne<\/li>\n<li>kraesse kokkupandav kapuuts pingutusn\u00f6\u00f6riga<\/li>\n<li>takjapaela abil reguleeritavad mansetid<\/li>\n<li>veekindlad t\u00f5mblukud<\/li>\n<li>kaenlaalused vent.t\u00f5mblukud<\/li>\n<li>soe mikrofliisist sisevooder<\/li>\n<li>fliisiga vooderdatud, t\u00f5mblukkudega k\u00fcljetaskud<\/li>\n<li>mahukas rinnatasku, tormklapi all asetseva t\u00f5mblukuga<\/li>\n<li>kaal ca 350g<\/li>\n<li>materjal: 210T Nylon RipStop Teflon t\u00f6\u00f6tlusega, mikrofliisist sisevooder<\/li>\n<\/ul>\n<p><strong>Seisukord:<\/strong> uus<\/p>\n","protected":false},"excerpt":{"rendered":"<p>Highlander\u00ae anorak HALO Tactical Smock with Chest Pocket<\/p>\n","protected":false},"featured_media":105928,"template":"","meta":[],"product_brand":[],"product_cat":[101],"product_tag":[],"class_list":{"0":"post-105932","1":"product","2":"type-product","3":"status-publish","4":"has-post-thumbnail","6":"product_cat-joped-parkad","7":"pa_brand-highlander-2","8":"pa_color-black-2","9":"pa_color-hmtc-et","10":"pa_color-olive-2","11":"pa_color-ranger-green-2","12":"pa_size-l-2","13":"pa_size-m-2","14":"pa_size-xl-2","16":"first","17":"instock","18":"taxable","19":"shipping-taxable","20":"purchasable","21":"product-type-variable"},"yoast_head":"<!-- This site is optimized with the Yoast SEO plugin v27.2 - https:\/\/yoast.com\/product\/yoast-seo-wordpress\/ -->\n<title>Highlander\u00ae anorak HALO Tactical Smock - Outdoors<\/title>\n<meta name=\"robots\" content=\"index, follow, max-snippet:-1, max-image-preview:large, max-video-preview:-1\" \/>\n<link rel=\"canonical\" href=\"https:\/\/www.outdoors.ee\/et\/toode\/highlander-anorak-halo-tactical-smock\/\" \/>\n<meta property=\"og:locale\" content=\"et_EE\" \/>\n<meta property=\"og:type\" content=\"article\" \/>\n<meta property=\"og:title\" content=\"Highlander\u00ae anorak HALO Tactical Smock - Outdoors\" \/>\n<meta property=\"og:description\" content=\"Highlander\u00ae anorak HALO Tactical Smock with Chest Pocket\" \/>\n<meta property=\"og:url\" content=\"https:\/\/www.outdoors.ee\/et\/toode\/highlander-anorak-halo-tactical-smock\/\" \/>\n<meta property=\"og:site_name\" content=\"Outdoors\" \/>\n<meta property=\"article:modified_time\" content=\"2026-01-26T12:03:39+00:00\" \/>\n<meta property=\"og:image\" content=\"https:\/\/www.outdoors.ee\/wp-content\/uploads\/2025\/10\/Highlander\u00ae-HALO-Tactical-Smock-with-Chest-Pocket-Ranger-Green.jpg\" \/>\n\t<meta property=\"og:image:width\" content=\"1800\" \/>\n\t<meta property=\"og:image:height\" content=\"1800\" \/>\n\t<meta property=\"og:image:type\" content=\"image\/jpeg\" \/>\n<meta name=\"twitter:card\" content=\"summary_large_image\" \/>\n<meta name=\"twitter:label1\" content=\"Est. reading time\" \/>\n\t<meta name=\"twitter:data1\" content=\"1 minut\" \/>\n<script type=\"application\/ld+json\" class=\"yoast-schema-graph\">{\"@context\":\"https:\/\/schema.org\",\"@graph\":[{\"@type\":\"WebPage\",\"@id\":\"https:\/\/www.outdoors.ee\/et\/toode\/highlander-anorak-halo-tactical-smock\/\",\"url\":\"https:\/\/www.outdoors.ee\/et\/toode\/highlander-anorak-halo-tactical-smock\/\",\"name\":\"Highlander\u00ae anorak HALO Tactical Smock - Outdoors\",\"isPartOf\":{\"@id\":\"https:\/\/www.outdoors.ee\/#website\"},\"primaryImageOfPage\":{\"@id\":\"https:\/\/www.outdoors.ee\/et\/toode\/highlander-anorak-halo-tactical-smock\/#primaryimage\"},\"image\":{\"@id\":\"https:\/\/www.outdoors.ee\/et\/toode\/highlander-anorak-halo-tactical-smock\/#primaryimage\"},\"thumbnailUrl\":\"https:\/\/www.outdoors.ee\/wp-content\/uploads\/2025\/10\/Highlander\u00ae-HALO-Tactical-Smock-with-Chest-Pocket-Ranger-Green.jpg\",\"datePublished\":\"2025-10-09T07:46:48+00:00\",\"dateModified\":\"2026-01-26T12:03:39+00:00\",\"breadcrumb\":{\"@id\":\"https:\/\/www.outdoors.ee\/et\/toode\/highlander-anorak-halo-tactical-smock\/#breadcrumb\"},\"inLanguage\":\"et\",\"potentialAction\":[{\"@type\":\"ReadAction\",\"target\":[\"https:\/\/www.outdoors.ee\/et\/toode\/highlander-anorak-halo-tactical-smock\/\"]}]},{\"@type\":\"ImageObject\",\"inLanguage\":\"et\",\"@id\":\"https:\/\/www.outdoors.ee\/et\/toode\/highlander-anorak-halo-tactical-smock\/#primaryimage\",\"url\":\"https:\/\/www.outdoors.ee\/wp-content\/uploads\/2025\/10\/Highlander\u00ae-HALO-Tactical-Smock-with-Chest-Pocket-Ranger-Green.jpg\",\"contentUrl\":\"https:\/\/www.outdoors.ee\/wp-content\/uploads\/2025\/10\/Highlander\u00ae-HALO-Tactical-Smock-with-Chest-Pocket-Ranger-Green.jpg\",\"width\":1800,\"height\":1800},{\"@type\":\"BreadcrumbList\",\"@id\":\"https:\/\/www.outdoors.ee\/et\/toode\/highlander-anorak-halo-tactical-smock\/#breadcrumb\",\"itemListElement\":[{\"@type\":\"ListItem\",\"position\":1,\"name\":\"Home\",\"item\":\"https:\/\/www.outdoors.ee\/et\/\"},{\"@type\":\"ListItem\",\"position\":2,\"name\":\"Tooted\",\"item\":\"https:\/\/www.outdoors.ee\/products\/\"},{\"@type\":\"ListItem\",\"position\":3,\"name\":\"Highlander\u00ae anorak HALO Tactical Smock\"}]},{\"@type\":\"WebSite\",\"@id\":\"https:\/\/www.outdoors.ee\/#website\",\"url\":\"https:\/\/www.outdoors.ee\/\",\"name\":\"Outdoors\",\"description\":\"Genuine military surplus and not only!\",\"potentialAction\":[{\"@type\":\"SearchAction\",\"target\":{\"@type\":\"EntryPoint\",\"urlTemplate\":\"https:\/\/www.outdoors.ee\/?s={search_term_string}\"},\"query-input\":{\"@type\":\"PropertyValueSpecification\",\"valueRequired\":true,\"valueName\":\"search_term_string\"}}],\"inLanguage\":\"et\"}]}<\/script>\n<!-- \/ Yoast SEO plugin. -->","yoast_head_json":{"title":"Highlander\u00ae anorak HALO Tactical Smock - Outdoors","robots":{"index":"index","follow":"follow","max-snippet":"max-snippet:-1","max-image-preview":"max-image-preview:large","max-video-preview":"max-video-preview:-1"},"canonical":"https:\/\/www.outdoors.ee\/et\/toode\/highlander-anorak-halo-tactical-smock\/","og_locale":"et_EE","og_type":"article","og_title":"Highlander\u00ae anorak HALO Tactical Smock - Outdoors","og_description":"Highlander\u00ae anorak HALO Tactical Smock with Chest Pocket","og_url":"https:\/\/www.outdoors.ee\/et\/toode\/highlander-anorak-halo-tactical-smock\/","og_site_name":"Outdoors","article_modified_time":"2026-01-26T12:03:39+00:00","og_image":[{"width":1800,"height":1800,"url":"https:\/\/www.outdoors.ee\/wp-content\/uploads\/2025\/10\/Highlander\u00ae-HALO-Tactical-Smock-with-Chest-Pocket-Ranger-Green.jpg","type":"image\/jpeg"}],"twitter_card":"summary_large_image","twitter_misc":{"Est. reading time":"1 minut"},"schema":{"@context":"https:\/\/schema.org","@graph":[{"@type":"WebPage","@id":"https:\/\/www.outdoors.ee\/et\/toode\/highlander-anorak-halo-tactical-smock\/","url":"https:\/\/www.outdoors.ee\/et\/toode\/highlander-anorak-halo-tactical-smock\/","name":"Highlander\u00ae anorak HALO Tactical Smock - Outdoors","isPartOf":{"@id":"https:\/\/www.outdoors.ee\/#website"},"primaryImageOfPage":{"@id":"https:\/\/www.outdoors.ee\/et\/toode\/highlander-anorak-halo-tactical-smock\/#primaryimage"},"image":{"@id":"https:\/\/www.outdoors.ee\/et\/toode\/highlander-anorak-halo-tactical-smock\/#primaryimage"},"thumbnailUrl":"https:\/\/www.outdoors.ee\/wp-content\/uploads\/2025\/10\/Highlander\u00ae-HALO-Tactical-Smock-with-Chest-Pocket-Ranger-Green.jpg","datePublished":"2025-10-09T07:46:48+00:00","dateModified":"2026-01-26T12:03:39+00:00","breadcrumb":{"@id":"https:\/\/www.outdoors.ee\/et\/toode\/highlander-anorak-halo-tactical-smock\/#breadcrumb"},"inLanguage":"et","potentialAction":[{"@type":"ReadAction","target":["https:\/\/www.outdoors.ee\/et\/toode\/highlander-anorak-halo-tactical-smock\/"]}]},{"@type":"ImageObject","inLanguage":"et","@id":"https:\/\/www.outdoors.ee\/et\/toode\/highlander-anorak-halo-tactical-smock\/#primaryimage","url":"https:\/\/www.outdoors.ee\/wp-content\/uploads\/2025\/10\/Highlander\u00ae-HALO-Tactical-Smock-with-Chest-Pocket-Ranger-Green.jpg","contentUrl":"https:\/\/www.outdoors.ee\/wp-content\/uploads\/2025\/10\/Highlander\u00ae-HALO-Tactical-Smock-with-Chest-Pocket-Ranger-Green.jpg","width":1800,"height":1800},{"@type":"BreadcrumbList","@id":"https:\/\/www.outdoors.ee\/et\/toode\/highlander-anorak-halo-tactical-smock\/#breadcrumb","itemListElement":[{"@type":"ListItem","position":1,"name":"Home","item":"https:\/\/www.outdoors.ee\/et\/"},{"@type":"ListItem","position":2,"name":"Tooted","item":"https:\/\/www.outdoors.ee\/products\/"},{"@type":"ListItem","position":3,"name":"Highlander\u00ae anorak HALO Tactical Smock"}]},{"@type":"WebSite","@id":"https:\/\/www.outdoors.ee\/#website","url":"https:\/\/www.outdoors.ee\/","name":"Outdoors","description":"Genuine military surplus and not only!","potentialAction":[{"@type":"SearchAction","target":{"@type":"EntryPoint","urlTemplate":"https:\/\/www.outdoors.ee\/?s={search_term_string}"},"query-input":{"@type":"PropertyValueSpecification","valueRequired":true,"valueName":"search_term_string"}}],"inLanguage":"et"}]}},"_links":{"self":[{"href":"https:\/\/www.outdoors.ee\/et\/wp-json\/wp\/v2\/product\/105932","targetHints":{"allow":["GET"]}}],"collection":[{"href":"https:\/\/www.outdoors.ee\/et\/wp-json\/wp\/v2\/product"}],"about":[{"href":"https:\/\/www.outdoors.ee\/et\/wp-json\/wp\/v2\/types\/product"}],"wp:featuredmedia":[{"embeddable":true,"href":"https:\/\/www.outdoors.ee\/et\/wp-json\/wp\/v2\/media\/105928"}],"wp:attachment":[{"href":"https:\/\/www.outdoors.ee\/et\/wp-json\/wp\/v2\/media?parent=105932"}],"wp:term":[{"taxonomy":"product_brand","embeddable":true,"href":"https:\/\/www.outdoors.ee\/et\/wp-json\/wp\/v2\/product_brand?post=105932"},{"taxonomy":"product_cat","embeddable":true,"href":"https:\/\/www.outdoors.ee\/et\/wp-json\/wp\/v2\/product_cat?post=105932"},{"taxonomy":"product_tag","embeddable":true,"href":"https:\/\/www.outdoors.ee\/et\/wp-json\/wp\/v2\/product_tag?post=105932"}],"curies":[{"name":"wp","href":"https:\/\/api.w.org\/{rel}","templated":true}]}}