{"id":105177,"date":"2025-10-09T10:56:47","date_gmt":"2025-10-09T07:56:47","guid":{"rendered":"https:\/\/www.outdoors.ee\/?post_type=product&#038;p=105177"},"modified":"2026-01-28T17:40:33","modified_gmt":"2026-01-28T15:40:33","slug":"highlander-meeste-vihmajope-stow-go-pack-away-waterproof-jacket","status":"publish","type":"product","link":"https:\/\/www.outdoors.ee\/et\/toode\/highlander-meeste-vihmajope-stow-go-pack-away-waterproof-jacket\/","title":{"rendered":"Highlander\u00ae meeste vihmajope Stow &#038; Go Pack Away Waterproof Jacket"},"content":{"rendered":"<p data-start=\"41\" data-end=\"501\">Stow &amp; Go Packaway on ideaalne vihmajope igap\u00e4evaseks kasutamiseks.\u00a0 Jakk mahub kiiresti ning kompaktselt kaasasolevasse pakkekotti, mis teeb sellest t\u00e4iusliku valiku seljakotti matkale v\u00f5i reisidele kaasa v\u00f5tmiseks. T\u00e4nu hingavusele sobib see suurep\u00e4raselt v\u00e4limiseks kihiks ka k\u00fclmemates tingimustes.<\/p>\n<p data-start=\"503\" data-end=\"518\"><strong data-start=\"503\" data-end=\"516\">Omadused:<\/strong><\/p>\n<ul>\n<li data-start=\"503\" data-end=\"518\">veekindel ja hingav, teibitud \u00f5mblustega (6000mm\/6000mvp)<\/li>\n<li data-start=\"503\" data-end=\"518\">tuulekindel<\/li>\n<li data-start=\"503\" data-end=\"518\">v\u00f5rkvoodriga ning nokatsiga\u00a0kapuuts<\/li>\n<li data-start=\"503\" data-end=\"518\">2 k\u00e4etaskut t\u00f5mblukuga<\/li>\n<li data-start=\"503\" data-end=\"518\">kapuutsi ja v\u00f6\u00f6koha pingutusn\u00f6\u00f6rid<\/li>\n<li data-start=\"503\" data-end=\"518\">takjapaelaga reguleeritavad mansetid<\/li>\n<li data-start=\"503\" data-end=\"518\">l\u00f5uakaitsmega t\u00f5mblukk-kinnis<\/li>\n<li data-start=\"503\" data-end=\"518\">pakkekott komplektis<\/li>\n<li data-start=\"503\" data-end=\"518\">Kaal 310 g<\/li>\n<li data-start=\"503\" data-end=\"518\">Materjal. kangas 100% nailon; vooder 100% pol\u00fcester-v\u00f5rk<\/li>\n<\/ul>\n<p data-start=\"898\" data-end=\"918\"><strong data-start=\"898\" data-end=\"912\">Seisukord:<\/strong> Uus<\/p>\n","protected":false},"excerpt":{"rendered":"<p>Stow &amp; Go Packaway on ideaalne vihmajope igap\u00e4evaseks kasutamiseks.\u00a0 Jakk mahub kiiresti ning kompaktselt kaasasolevasse pakkekotti, mis teeb sellest t\u00e4iusliku<\/p>\n","protected":false},"featured_media":105149,"template":"","meta":[],"product_brand":[],"product_cat":[101],"product_tag":[3143],"class_list":{"0":"post-105177","1":"product","2":"type-product","3":"status-publish","4":"has-post-thumbnail","6":"product_cat-joped-parkad","7":"product_tag-vihmariided","8":"pa_brand-highlander-2","9":"pa_color-black-2","10":"pa_color-hall-2","11":"pa_color-olive-green-2","12":"pa_color-ranger-green-2","13":"pa_size-l-2","14":"pa_size-m-2","15":"pa_size-xl-2","16":"pa_size-xxl-2","18":"first","19":"instock","20":"taxable","21":"shipping-taxable","22":"purchasable","23":"product-type-variable"},"yoast_head":"<!-- This site is optimized with the Yoast SEO plugin v27.2 - https:\/\/yoast.com\/product\/yoast-seo-wordpress\/ -->\n<title>Highlander\u00ae meeste vihmajope Stow &amp; Go Pack Away Waterproof Jacket - Outdoors<\/title>\n<meta name=\"robots\" content=\"index, follow, max-snippet:-1, max-image-preview:large, max-video-preview:-1\" \/>\n<link rel=\"canonical\" href=\"https:\/\/www.outdoors.ee\/et\/toode\/highlander-meeste-vihmajope-stow-go-pack-away-waterproof-jacket\/\" \/>\n<meta property=\"og:locale\" content=\"et_EE\" \/>\n<meta property=\"og:type\" content=\"article\" \/>\n<meta property=\"og:title\" content=\"Highlander\u00ae meeste vihmajope Stow &amp; Go Pack Away Waterproof Jacket - Outdoors\" \/>\n<meta property=\"og:description\" content=\"Stow &amp; Go Packaway on ideaalne vihmajope igap\u00e4evaseks kasutamiseks.\u00a0 Jakk mahub kiiresti ning kompaktselt kaasasolevasse pakkekotti, mis teeb sellest t\u00e4iusliku\" \/>\n<meta property=\"og:url\" content=\"https:\/\/www.outdoors.ee\/et\/toode\/highlander-meeste-vihmajope-stow-go-pack-away-waterproof-jacket\/\" \/>\n<meta property=\"og:site_name\" content=\"Outdoors\" \/>\n<meta property=\"article:modified_time\" content=\"2026-01-28T15:40:33+00:00\" \/>\n<meta property=\"og:image\" content=\"https:\/\/www.outdoors.ee\/wp-content\/uploads\/2025\/09\/Highlander\u00ae-Stow-Go-Pack-Away-Waterproof-Jacket-Olive-Green.png\" \/>\n\t<meta property=\"og:image:width\" content=\"1800\" \/>\n\t<meta property=\"og:image:height\" content=\"1800\" \/>\n\t<meta property=\"og:image:type\" content=\"image\/png\" \/>\n<meta name=\"twitter:card\" content=\"summary_large_image\" \/>\n<meta name=\"twitter:label1\" content=\"Est. reading time\" \/>\n\t<meta name=\"twitter:data1\" content=\"1 minut\" \/>\n<script type=\"application\/ld+json\" class=\"yoast-schema-graph\">{\"@context\":\"https:\/\/schema.org\",\"@graph\":[{\"@type\":\"WebPage\",\"@id\":\"https:\/\/www.outdoors.ee\/et\/toode\/highlander-meeste-vihmajope-stow-go-pack-away-waterproof-jacket\/\",\"url\":\"https:\/\/www.outdoors.ee\/et\/toode\/highlander-meeste-vihmajope-stow-go-pack-away-waterproof-jacket\/\",\"name\":\"Highlander\u00ae meeste vihmajope Stow & Go Pack Away Waterproof Jacket - Outdoors\",\"isPartOf\":{\"@id\":\"https:\/\/www.outdoors.ee\/#website\"},\"primaryImageOfPage\":{\"@id\":\"https:\/\/www.outdoors.ee\/et\/toode\/highlander-meeste-vihmajope-stow-go-pack-away-waterproof-jacket\/#primaryimage\"},\"image\":{\"@id\":\"https:\/\/www.outdoors.ee\/et\/toode\/highlander-meeste-vihmajope-stow-go-pack-away-waterproof-jacket\/#primaryimage\"},\"thumbnailUrl\":\"https:\/\/www.outdoors.ee\/wp-content\/uploads\/2025\/09\/Highlander\u00ae-Stow-Go-Pack-Away-Waterproof-Jacket-Olive-Green.png\",\"datePublished\":\"2025-10-09T07:56:47+00:00\",\"dateModified\":\"2026-01-28T15:40:33+00:00\",\"breadcrumb\":{\"@id\":\"https:\/\/www.outdoors.ee\/et\/toode\/highlander-meeste-vihmajope-stow-go-pack-away-waterproof-jacket\/#breadcrumb\"},\"inLanguage\":\"et\",\"potentialAction\":[{\"@type\":\"ReadAction\",\"target\":[\"https:\/\/www.outdoors.ee\/et\/toode\/highlander-meeste-vihmajope-stow-go-pack-away-waterproof-jacket\/\"]}]},{\"@type\":\"ImageObject\",\"inLanguage\":\"et\",\"@id\":\"https:\/\/www.outdoors.ee\/et\/toode\/highlander-meeste-vihmajope-stow-go-pack-away-waterproof-jacket\/#primaryimage\",\"url\":\"https:\/\/www.outdoors.ee\/wp-content\/uploads\/2025\/09\/Highlander\u00ae-Stow-Go-Pack-Away-Waterproof-Jacket-Olive-Green.png\",\"contentUrl\":\"https:\/\/www.outdoors.ee\/wp-content\/uploads\/2025\/09\/Highlander\u00ae-Stow-Go-Pack-Away-Waterproof-Jacket-Olive-Green.png\",\"width\":1800,\"height\":1800},{\"@type\":\"BreadcrumbList\",\"@id\":\"https:\/\/www.outdoors.ee\/et\/toode\/highlander-meeste-vihmajope-stow-go-pack-away-waterproof-jacket\/#breadcrumb\",\"itemListElement\":[{\"@type\":\"ListItem\",\"position\":1,\"name\":\"Home\",\"item\":\"https:\/\/www.outdoors.ee\/et\/\"},{\"@type\":\"ListItem\",\"position\":2,\"name\":\"Tooted\",\"item\":\"https:\/\/www.outdoors.ee\/products\/\"},{\"@type\":\"ListItem\",\"position\":3,\"name\":\"Highlander\u00ae meeste vihmajope Stow &#038; Go Pack Away Waterproof Jacket\"}]},{\"@type\":\"WebSite\",\"@id\":\"https:\/\/www.outdoors.ee\/#website\",\"url\":\"https:\/\/www.outdoors.ee\/\",\"name\":\"Outdoors\",\"description\":\"Genuine military surplus and not only!\",\"potentialAction\":[{\"@type\":\"SearchAction\",\"target\":{\"@type\":\"EntryPoint\",\"urlTemplate\":\"https:\/\/www.outdoors.ee\/?s={search_term_string}\"},\"query-input\":{\"@type\":\"PropertyValueSpecification\",\"valueRequired\":true,\"valueName\":\"search_term_string\"}}],\"inLanguage\":\"et\"}]}<\/script>\n<!-- \/ Yoast SEO plugin. -->","yoast_head_json":{"title":"Highlander\u00ae meeste vihmajope Stow & Go Pack Away Waterproof Jacket - Outdoors","robots":{"index":"index","follow":"follow","max-snippet":"max-snippet:-1","max-image-preview":"max-image-preview:large","max-video-preview":"max-video-preview:-1"},"canonical":"https:\/\/www.outdoors.ee\/et\/toode\/highlander-meeste-vihmajope-stow-go-pack-away-waterproof-jacket\/","og_locale":"et_EE","og_type":"article","og_title":"Highlander\u00ae meeste vihmajope Stow & Go Pack Away Waterproof Jacket - Outdoors","og_description":"Stow &amp; Go Packaway on ideaalne vihmajope igap\u00e4evaseks kasutamiseks.\u00a0 Jakk mahub kiiresti ning kompaktselt kaasasolevasse pakkekotti, mis teeb sellest t\u00e4iusliku","og_url":"https:\/\/www.outdoors.ee\/et\/toode\/highlander-meeste-vihmajope-stow-go-pack-away-waterproof-jacket\/","og_site_name":"Outdoors","article_modified_time":"2026-01-28T15:40:33+00:00","og_image":[{"width":1800,"height":1800,"url":"https:\/\/www.outdoors.ee\/wp-content\/uploads\/2025\/09\/Highlander\u00ae-Stow-Go-Pack-Away-Waterproof-Jacket-Olive-Green.png","type":"image\/png"}],"twitter_card":"summary_large_image","twitter_misc":{"Est. reading time":"1 minut"},"schema":{"@context":"https:\/\/schema.org","@graph":[{"@type":"WebPage","@id":"https:\/\/www.outdoors.ee\/et\/toode\/highlander-meeste-vihmajope-stow-go-pack-away-waterproof-jacket\/","url":"https:\/\/www.outdoors.ee\/et\/toode\/highlander-meeste-vihmajope-stow-go-pack-away-waterproof-jacket\/","name":"Highlander\u00ae meeste vihmajope Stow & Go Pack Away Waterproof Jacket - Outdoors","isPartOf":{"@id":"https:\/\/www.outdoors.ee\/#website"},"primaryImageOfPage":{"@id":"https:\/\/www.outdoors.ee\/et\/toode\/highlander-meeste-vihmajope-stow-go-pack-away-waterproof-jacket\/#primaryimage"},"image":{"@id":"https:\/\/www.outdoors.ee\/et\/toode\/highlander-meeste-vihmajope-stow-go-pack-away-waterproof-jacket\/#primaryimage"},"thumbnailUrl":"https:\/\/www.outdoors.ee\/wp-content\/uploads\/2025\/09\/Highlander\u00ae-Stow-Go-Pack-Away-Waterproof-Jacket-Olive-Green.png","datePublished":"2025-10-09T07:56:47+00:00","dateModified":"2026-01-28T15:40:33+00:00","breadcrumb":{"@id":"https:\/\/www.outdoors.ee\/et\/toode\/highlander-meeste-vihmajope-stow-go-pack-away-waterproof-jacket\/#breadcrumb"},"inLanguage":"et","potentialAction":[{"@type":"ReadAction","target":["https:\/\/www.outdoors.ee\/et\/toode\/highlander-meeste-vihmajope-stow-go-pack-away-waterproof-jacket\/"]}]},{"@type":"ImageObject","inLanguage":"et","@id":"https:\/\/www.outdoors.ee\/et\/toode\/highlander-meeste-vihmajope-stow-go-pack-away-waterproof-jacket\/#primaryimage","url":"https:\/\/www.outdoors.ee\/wp-content\/uploads\/2025\/09\/Highlander\u00ae-Stow-Go-Pack-Away-Waterproof-Jacket-Olive-Green.png","contentUrl":"https:\/\/www.outdoors.ee\/wp-content\/uploads\/2025\/09\/Highlander\u00ae-Stow-Go-Pack-Away-Waterproof-Jacket-Olive-Green.png","width":1800,"height":1800},{"@type":"BreadcrumbList","@id":"https:\/\/www.outdoors.ee\/et\/toode\/highlander-meeste-vihmajope-stow-go-pack-away-waterproof-jacket\/#breadcrumb","itemListElement":[{"@type":"ListItem","position":1,"name":"Home","item":"https:\/\/www.outdoors.ee\/et\/"},{"@type":"ListItem","position":2,"name":"Tooted","item":"https:\/\/www.outdoors.ee\/products\/"},{"@type":"ListItem","position":3,"name":"Highlander\u00ae meeste vihmajope Stow &#038; Go Pack Away Waterproof Jacket"}]},{"@type":"WebSite","@id":"https:\/\/www.outdoors.ee\/#website","url":"https:\/\/www.outdoors.ee\/","name":"Outdoors","description":"Genuine military surplus and not only!","potentialAction":[{"@type":"SearchAction","target":{"@type":"EntryPoint","urlTemplate":"https:\/\/www.outdoors.ee\/?s={search_term_string}"},"query-input":{"@type":"PropertyValueSpecification","valueRequired":true,"valueName":"search_term_string"}}],"inLanguage":"et"}]}},"_links":{"self":[{"href":"https:\/\/www.outdoors.ee\/et\/wp-json\/wp\/v2\/product\/105177","targetHints":{"allow":["GET"]}}],"collection":[{"href":"https:\/\/www.outdoors.ee\/et\/wp-json\/wp\/v2\/product"}],"about":[{"href":"https:\/\/www.outdoors.ee\/et\/wp-json\/wp\/v2\/types\/product"}],"wp:featuredmedia":[{"embeddable":true,"href":"https:\/\/www.outdoors.ee\/et\/wp-json\/wp\/v2\/media\/105149"}],"wp:attachment":[{"href":"https:\/\/www.outdoors.ee\/et\/wp-json\/wp\/v2\/media?parent=105177"}],"wp:term":[{"taxonomy":"product_brand","embeddable":true,"href":"https:\/\/www.outdoors.ee\/et\/wp-json\/wp\/v2\/product_brand?post=105177"},{"taxonomy":"product_cat","embeddable":true,"href":"https:\/\/www.outdoors.ee\/et\/wp-json\/wp\/v2\/product_cat?post=105177"},{"taxonomy":"product_tag","embeddable":true,"href":"https:\/\/www.outdoors.ee\/et\/wp-json\/wp\/v2\/product_tag?post=105177"}],"curies":[{"name":"wp","href":"https:\/\/api.w.org\/{rel}","templated":true}]}}