{"id":105075,"date":"2025-10-09T09:24:58","date_gmt":"2025-10-09T06:24:58","guid":{"rendered":"https:\/\/www.outdoors.ee\/?post_type=product&#038;p=105075"},"modified":"2025-10-09T09:25:44","modified_gmt":"2025-10-09T06:25:44","slug":"highlander-seljakott-scorpion-gearslinger-12l","status":"publish","type":"product","link":"https:\/\/www.outdoors.ee\/et\/toode\/highlander-seljakott-scorpion-gearslinger-12l\/","title":{"rendered":"Highlander\u00ae seljakott Scorpion Gearslinger 12L"},"content":{"rendered":"<p>\u00dche \u00f5larimaga seljakott, mis on m\u00f5eldud kandmiseks \u00fcle selja, kus pehmendatud rihm tagab mugavuse ning mitmed taskud tagavad kiiret ligip\u00e4\u00e4su varustusele. Eemaldatav sisemine korraldaja ja madala profiiliga MOLLE s\u00fcsteem teevad sellest vastupidava ja mitmek\u00fclgse patrullpaki.<\/p>\n<p><strong>Omadused:<\/strong><\/p>\n<ul>\n<li>mahukas p\u00f5hisahtel<\/li>\n<li>lukuga tasku esipaneelil<\/li>\n<li>sisemine kahe t\u00f5mblukuga v\u00f5rktasku<\/li>\n<li>eemaldatav t\u00f5mblukuga v\u00f5rktasku<\/li>\n<li>eeguleeritav pehmendatud \u00f5larihm<\/li>\n<li>eemaldatav reguleeritav k\u00fclgstabilisaatori rihm<\/li>\n<li>takjapaneel<\/li>\n<li>MOLLE kinnituspunktid<\/li>\n<li>joogis\u00fcsteemi tasku voolikuavaga<\/li>\n<li>mahutab s\u00fclearvuti suurusega kuni <span class=\"metafield-multi_line_text_field\">13&#8243;<\/span><\/li>\n<li>maht 12L<\/li>\n<li>kaal 580g<\/li>\n<li>materjal: 600D XTP kangas<\/li>\n<\/ul>\n<p><b>Seisukord: <\/b>uus<\/p>\n","protected":false},"excerpt":{"rendered":"<p>\u00dche \u00f5larimaga seljakott, mis on m\u00f5eldud kandmiseks \u00fcle selja, kus pehmendatud rihm tagab mugavuse ning mitmed taskud tagavad kiiret ligip\u00e4\u00e4su<\/p>\n","protected":false},"featured_media":105074,"template":"","meta":[],"product_brand":[],"product_cat":[3539],"product_tag":[],"class_list":{"0":"post-105075","1":"product","2":"type-product","3":"status-publish","4":"has-post-thumbnail","6":"product_cat-seljakotid","7":"pa_brand-highlander-2","8":"pa_color-black-2","9":"pa_color-coyote-2","10":"pa_color-hmtc-et","11":"pa_color-olive-2","13":"first","14":"instock","15":"taxable","16":"shipping-taxable","17":"purchasable","18":"product-type-variable"},"yoast_head":"<!-- This site is optimized with the Yoast SEO plugin v27.2 - https:\/\/yoast.com\/product\/yoast-seo-wordpress\/ -->\n<title>Highlander\u00ae seljakott Scorpion Gearslinger 12L - Outdoors<\/title>\n<meta name=\"robots\" content=\"index, follow, max-snippet:-1, max-image-preview:large, max-video-preview:-1\" \/>\n<link rel=\"canonical\" href=\"https:\/\/www.outdoors.ee\/et\/toode\/highlander-seljakott-scorpion-gearslinger-12l\/\" \/>\n<meta property=\"og:locale\" content=\"et_EE\" \/>\n<meta property=\"og:type\" content=\"article\" \/>\n<meta property=\"og:title\" content=\"Highlander\u00ae seljakott Scorpion Gearslinger 12L - Outdoors\" \/>\n<meta property=\"og:description\" content=\"\u00dche \u00f5larimaga seljakott, mis on m\u00f5eldud kandmiseks \u00fcle selja, kus pehmendatud rihm tagab mugavuse ning mitmed taskud tagavad kiiret ligip\u00e4\u00e4su\" \/>\n<meta property=\"og:url\" content=\"https:\/\/www.outdoors.ee\/et\/toode\/highlander-seljakott-scorpion-gearslinger-12l\/\" \/>\n<meta property=\"og:site_name\" content=\"Outdoors\" \/>\n<meta property=\"article:modified_time\" content=\"2025-10-09T06:25:44+00:00\" \/>\n<meta property=\"og:image\" content=\"https:\/\/www.outdoors.ee\/wp-content\/uploads\/2025\/09\/Highlander\u00aeScorpion-Gearslinger-12L-14.jpg\" \/>\n\t<meta property=\"og:image:width\" content=\"1500\" \/>\n\t<meta property=\"og:image:height\" content=\"1500\" \/>\n\t<meta property=\"og:image:type\" content=\"image\/jpeg\" \/>\n<meta name=\"twitter:card\" content=\"summary_large_image\" \/>\n<meta name=\"twitter:label1\" content=\"Est. reading time\" \/>\n\t<meta name=\"twitter:data1\" content=\"1 minut\" \/>\n<script type=\"application\/ld+json\" class=\"yoast-schema-graph\">{\"@context\":\"https:\/\/schema.org\",\"@graph\":[{\"@type\":\"WebPage\",\"@id\":\"https:\/\/www.outdoors.ee\/et\/toode\/highlander-seljakott-scorpion-gearslinger-12l\/\",\"url\":\"https:\/\/www.outdoors.ee\/et\/toode\/highlander-seljakott-scorpion-gearslinger-12l\/\",\"name\":\"Highlander\u00ae seljakott Scorpion Gearslinger 12L - Outdoors\",\"isPartOf\":{\"@id\":\"https:\/\/www.outdoors.ee\/#website\"},\"primaryImageOfPage\":{\"@id\":\"https:\/\/www.outdoors.ee\/et\/toode\/highlander-seljakott-scorpion-gearslinger-12l\/#primaryimage\"},\"image\":{\"@id\":\"https:\/\/www.outdoors.ee\/et\/toode\/highlander-seljakott-scorpion-gearslinger-12l\/#primaryimage\"},\"thumbnailUrl\":\"https:\/\/www.outdoors.ee\/wp-content\/uploads\/2025\/09\/Highlander\u00aeScorpion-Gearslinger-12L-14.jpg\",\"datePublished\":\"2025-10-09T06:24:58+00:00\",\"dateModified\":\"2025-10-09T06:25:44+00:00\",\"breadcrumb\":{\"@id\":\"https:\/\/www.outdoors.ee\/et\/toode\/highlander-seljakott-scorpion-gearslinger-12l\/#breadcrumb\"},\"inLanguage\":\"et\",\"potentialAction\":[{\"@type\":\"ReadAction\",\"target\":[\"https:\/\/www.outdoors.ee\/et\/toode\/highlander-seljakott-scorpion-gearslinger-12l\/\"]}]},{\"@type\":\"ImageObject\",\"inLanguage\":\"et\",\"@id\":\"https:\/\/www.outdoors.ee\/et\/toode\/highlander-seljakott-scorpion-gearslinger-12l\/#primaryimage\",\"url\":\"https:\/\/www.outdoors.ee\/wp-content\/uploads\/2025\/09\/Highlander\u00aeScorpion-Gearslinger-12L-14.jpg\",\"contentUrl\":\"https:\/\/www.outdoors.ee\/wp-content\/uploads\/2025\/09\/Highlander\u00aeScorpion-Gearslinger-12L-14.jpg\",\"width\":1500,\"height\":1500},{\"@type\":\"BreadcrumbList\",\"@id\":\"https:\/\/www.outdoors.ee\/et\/toode\/highlander-seljakott-scorpion-gearslinger-12l\/#breadcrumb\",\"itemListElement\":[{\"@type\":\"ListItem\",\"position\":1,\"name\":\"Home\",\"item\":\"https:\/\/www.outdoors.ee\/et\/\"},{\"@type\":\"ListItem\",\"position\":2,\"name\":\"Tooted\",\"item\":\"https:\/\/www.outdoors.ee\/products\/\"},{\"@type\":\"ListItem\",\"position\":3,\"name\":\"Highlander\u00ae seljakott Scorpion Gearslinger 12L\"}]},{\"@type\":\"WebSite\",\"@id\":\"https:\/\/www.outdoors.ee\/#website\",\"url\":\"https:\/\/www.outdoors.ee\/\",\"name\":\"Outdoors\",\"description\":\"Genuine military surplus and not only!\",\"potentialAction\":[{\"@type\":\"SearchAction\",\"target\":{\"@type\":\"EntryPoint\",\"urlTemplate\":\"https:\/\/www.outdoors.ee\/?s={search_term_string}\"},\"query-input\":{\"@type\":\"PropertyValueSpecification\",\"valueRequired\":true,\"valueName\":\"search_term_string\"}}],\"inLanguage\":\"et\"}]}<\/script>\n<!-- \/ Yoast SEO plugin. -->","yoast_head_json":{"title":"Highlander\u00ae seljakott Scorpion Gearslinger 12L - Outdoors","robots":{"index":"index","follow":"follow","max-snippet":"max-snippet:-1","max-image-preview":"max-image-preview:large","max-video-preview":"max-video-preview:-1"},"canonical":"https:\/\/www.outdoors.ee\/et\/toode\/highlander-seljakott-scorpion-gearslinger-12l\/","og_locale":"et_EE","og_type":"article","og_title":"Highlander\u00ae seljakott Scorpion Gearslinger 12L - Outdoors","og_description":"\u00dche \u00f5larimaga seljakott, mis on m\u00f5eldud kandmiseks \u00fcle selja, kus pehmendatud rihm tagab mugavuse ning mitmed taskud tagavad kiiret ligip\u00e4\u00e4su","og_url":"https:\/\/www.outdoors.ee\/et\/toode\/highlander-seljakott-scorpion-gearslinger-12l\/","og_site_name":"Outdoors","article_modified_time":"2025-10-09T06:25:44+00:00","og_image":[{"width":1500,"height":1500,"url":"https:\/\/www.outdoors.ee\/wp-content\/uploads\/2025\/09\/Highlander\u00aeScorpion-Gearslinger-12L-14.jpg","type":"image\/jpeg"}],"twitter_card":"summary_large_image","twitter_misc":{"Est. reading time":"1 minut"},"schema":{"@context":"https:\/\/schema.org","@graph":[{"@type":"WebPage","@id":"https:\/\/www.outdoors.ee\/et\/toode\/highlander-seljakott-scorpion-gearslinger-12l\/","url":"https:\/\/www.outdoors.ee\/et\/toode\/highlander-seljakott-scorpion-gearslinger-12l\/","name":"Highlander\u00ae seljakott Scorpion Gearslinger 12L - Outdoors","isPartOf":{"@id":"https:\/\/www.outdoors.ee\/#website"},"primaryImageOfPage":{"@id":"https:\/\/www.outdoors.ee\/et\/toode\/highlander-seljakott-scorpion-gearslinger-12l\/#primaryimage"},"image":{"@id":"https:\/\/www.outdoors.ee\/et\/toode\/highlander-seljakott-scorpion-gearslinger-12l\/#primaryimage"},"thumbnailUrl":"https:\/\/www.outdoors.ee\/wp-content\/uploads\/2025\/09\/Highlander\u00aeScorpion-Gearslinger-12L-14.jpg","datePublished":"2025-10-09T06:24:58+00:00","dateModified":"2025-10-09T06:25:44+00:00","breadcrumb":{"@id":"https:\/\/www.outdoors.ee\/et\/toode\/highlander-seljakott-scorpion-gearslinger-12l\/#breadcrumb"},"inLanguage":"et","potentialAction":[{"@type":"ReadAction","target":["https:\/\/www.outdoors.ee\/et\/toode\/highlander-seljakott-scorpion-gearslinger-12l\/"]}]},{"@type":"ImageObject","inLanguage":"et","@id":"https:\/\/www.outdoors.ee\/et\/toode\/highlander-seljakott-scorpion-gearslinger-12l\/#primaryimage","url":"https:\/\/www.outdoors.ee\/wp-content\/uploads\/2025\/09\/Highlander\u00aeScorpion-Gearslinger-12L-14.jpg","contentUrl":"https:\/\/www.outdoors.ee\/wp-content\/uploads\/2025\/09\/Highlander\u00aeScorpion-Gearslinger-12L-14.jpg","width":1500,"height":1500},{"@type":"BreadcrumbList","@id":"https:\/\/www.outdoors.ee\/et\/toode\/highlander-seljakott-scorpion-gearslinger-12l\/#breadcrumb","itemListElement":[{"@type":"ListItem","position":1,"name":"Home","item":"https:\/\/www.outdoors.ee\/et\/"},{"@type":"ListItem","position":2,"name":"Tooted","item":"https:\/\/www.outdoors.ee\/products\/"},{"@type":"ListItem","position":3,"name":"Highlander\u00ae seljakott Scorpion Gearslinger 12L"}]},{"@type":"WebSite","@id":"https:\/\/www.outdoors.ee\/#website","url":"https:\/\/www.outdoors.ee\/","name":"Outdoors","description":"Genuine military surplus and not only!","potentialAction":[{"@type":"SearchAction","target":{"@type":"EntryPoint","urlTemplate":"https:\/\/www.outdoors.ee\/?s={search_term_string}"},"query-input":{"@type":"PropertyValueSpecification","valueRequired":true,"valueName":"search_term_string"}}],"inLanguage":"et"}]}},"_links":{"self":[{"href":"https:\/\/www.outdoors.ee\/et\/wp-json\/wp\/v2\/product\/105075","targetHints":{"allow":["GET"]}}],"collection":[{"href":"https:\/\/www.outdoors.ee\/et\/wp-json\/wp\/v2\/product"}],"about":[{"href":"https:\/\/www.outdoors.ee\/et\/wp-json\/wp\/v2\/types\/product"}],"wp:featuredmedia":[{"embeddable":true,"href":"https:\/\/www.outdoors.ee\/et\/wp-json\/wp\/v2\/media\/105074"}],"wp:attachment":[{"href":"https:\/\/www.outdoors.ee\/et\/wp-json\/wp\/v2\/media?parent=105075"}],"wp:term":[{"taxonomy":"product_brand","embeddable":true,"href":"https:\/\/www.outdoors.ee\/et\/wp-json\/wp\/v2\/product_brand?post=105075"},{"taxonomy":"product_cat","embeddable":true,"href":"https:\/\/www.outdoors.ee\/et\/wp-json\/wp\/v2\/product_cat?post=105075"},{"taxonomy":"product_tag","embeddable":true,"href":"https:\/\/www.outdoors.ee\/et\/wp-json\/wp\/v2\/product_tag?post=105075"}],"curies":[{"name":"wp","href":"https:\/\/api.w.org\/{rel}","templated":true}]}}