{"id":104535,"date":"2025-09-04T09:29:13","date_gmt":"2025-09-04T06:29:13","guid":{"rendered":"https:\/\/www.outdoors.ee\/?post_type=product&#038;p=104535"},"modified":"2025-09-04T09:34:56","modified_gmt":"2025-09-04T06:34:56","slug":"berghaus-mmps-centurio-ii-30-seljakott-copy","status":"publish","type":"product","link":"https:\/\/www.outdoors.ee\/et\/toode\/berghaus-mmps-centurio-ii-30-seljakott-copy\/","title":{"rendered":"Berghaus\u00ae MMPS CENTURIO II 30 seljakott"},"content":{"rendered":"<div id=\"tab-description\" class=\"woocommerce-Tabs-panel woocommerce-Tabs-panel--description panel entry-content wc-tab\">\n<div class=\"wc-tab-inner \">\n<div class=\"\">\n<p><strong>Omadused:<\/strong><\/p>\n<ul>\n<li>v\u00e4ikseima suurusega seljakott MMPS (Multi Mission Pack System) s\u00fcsteemis<\/li>\n<li>eemaldatav alumiiniumraam paremaks raskuse jaotuseks<\/li>\n<li>pehmendatud seljapaneel ventilatsioonikanaliga<\/li>\n<li>joogis\u00fcsteemi valmidus<\/li>\n<li>puusav\u00f6\u00f6<\/li>\n<li>\u00fclemise klapi tasku<\/li>\n<li>kangas: Armadura 1000D<\/li>\n<li>ligikaudsed m\u00f5\u00f5tmed: 54cm (k\u00f5rgus) x 26cm (laius) x 31cm (s\u00fcgavus)<\/li>\n<li>kaal ca 1350g<\/li>\n<li>maht 30L<\/li>\n<\/ul>\n<div id=\"tab-description\" class=\"woocommerce-Tabs-panel woocommerce-Tabs-panel--description panel entry-content wc-tab\">\n<div class=\"wc-tab-inner \">\n<div class=\"\">\n<p><strong>Seisukord:<\/strong> uus<\/p>\n<\/div>\n<\/div>\n<\/div>\n<\/div>\n<\/div>\n<\/div>\n","protected":false},"excerpt":{"rendered":"<p>Omadused: v\u00e4ikseima suurusega seljakott MMPS (Multi Mission Pack System) s\u00fcsteemis eemaldatav alumiiniumraam paremaks raskuse jaotuseks pehmendatud seljapaneel ventilatsioonikanaliga joogis\u00fcsteemi valmidus<\/p>\n","protected":false},"featured_media":104532,"template":"","meta":[],"product_brand":[],"product_cat":[3539],"product_tag":[],"class_list":{"0":"post-104535","1":"product","2":"type-product","3":"status-publish","4":"has-post-thumbnail","6":"product_cat-seljakotid","7":"pa_brand-berghaus-2","8":"pa_color-black-2","9":"pa_color-earth-brown-2","11":"first","12":"instock","13":"taxable","14":"shipping-taxable","15":"purchasable","16":"product-type-variable"},"yoast_head":"<!-- This site is optimized with the Yoast SEO plugin v27.2 - https:\/\/yoast.com\/product\/yoast-seo-wordpress\/ -->\n<title>Berghaus\u00ae MMPS CENTURIO II 30 seljakott - Outdoors<\/title>\n<meta name=\"robots\" content=\"index, follow, max-snippet:-1, max-image-preview:large, max-video-preview:-1\" \/>\n<link rel=\"canonical\" href=\"https:\/\/www.outdoors.ee\/et\/toode\/berghaus-mmps-centurio-ii-30-seljakott-copy\/\" \/>\n<meta property=\"og:locale\" content=\"et_EE\" \/>\n<meta property=\"og:type\" content=\"article\" \/>\n<meta property=\"og:title\" content=\"Berghaus\u00ae MMPS CENTURIO II 30 seljakott - Outdoors\" \/>\n<meta property=\"og:description\" content=\"Omadused: v\u00e4ikseima suurusega seljakott MMPS (Multi Mission Pack System) s\u00fcsteemis eemaldatav alumiiniumraam paremaks raskuse jaotuseks pehmendatud seljapaneel ventilatsioonikanaliga joogis\u00fcsteemi valmidus\" \/>\n<meta property=\"og:url\" content=\"https:\/\/www.outdoors.ee\/et\/toode\/berghaus-mmps-centurio-ii-30-seljakott-copy\/\" \/>\n<meta property=\"og:site_name\" content=\"Outdoors\" \/>\n<meta property=\"article:modified_time\" content=\"2025-09-04T06:34:56+00:00\" \/>\n<meta property=\"og:image\" content=\"https:\/\/www.outdoors.ee\/wp-content\/uploads\/2024\/10\/Berghaus\u00ae-MMPS-CENTURIO-II-30-Black.jpg\" \/>\n\t<meta property=\"og:image:width\" content=\"1500\" \/>\n\t<meta property=\"og:image:height\" content=\"1500\" \/>\n\t<meta property=\"og:image:type\" content=\"image\/jpeg\" \/>\n<meta name=\"twitter:card\" content=\"summary_large_image\" \/>\n<meta name=\"twitter:label1\" content=\"Est. reading time\" \/>\n\t<meta name=\"twitter:data1\" content=\"1 minut\" \/>\n<script type=\"application\/ld+json\" class=\"yoast-schema-graph\">{\"@context\":\"https:\/\/schema.org\",\"@graph\":[{\"@type\":\"WebPage\",\"@id\":\"https:\/\/www.outdoors.ee\/et\/toode\/berghaus-mmps-centurio-ii-30-seljakott-copy\/\",\"url\":\"https:\/\/www.outdoors.ee\/et\/toode\/berghaus-mmps-centurio-ii-30-seljakott-copy\/\",\"name\":\"Berghaus\u00ae MMPS CENTURIO II 30 seljakott - Outdoors\",\"isPartOf\":{\"@id\":\"https:\/\/www.outdoors.ee\/#website\"},\"primaryImageOfPage\":{\"@id\":\"https:\/\/www.outdoors.ee\/et\/toode\/berghaus-mmps-centurio-ii-30-seljakott-copy\/#primaryimage\"},\"image\":{\"@id\":\"https:\/\/www.outdoors.ee\/et\/toode\/berghaus-mmps-centurio-ii-30-seljakott-copy\/#primaryimage\"},\"thumbnailUrl\":\"https:\/\/www.outdoors.ee\/wp-content\/uploads\/2024\/10\/Berghaus\u00ae-MMPS-CENTURIO-II-30-Black.jpg\",\"datePublished\":\"2025-09-04T06:29:13+00:00\",\"dateModified\":\"2025-09-04T06:34:56+00:00\",\"breadcrumb\":{\"@id\":\"https:\/\/www.outdoors.ee\/et\/toode\/berghaus-mmps-centurio-ii-30-seljakott-copy\/#breadcrumb\"},\"inLanguage\":\"et\",\"potentialAction\":[{\"@type\":\"ReadAction\",\"target\":[\"https:\/\/www.outdoors.ee\/et\/toode\/berghaus-mmps-centurio-ii-30-seljakott-copy\/\"]}]},{\"@type\":\"ImageObject\",\"inLanguage\":\"et\",\"@id\":\"https:\/\/www.outdoors.ee\/et\/toode\/berghaus-mmps-centurio-ii-30-seljakott-copy\/#primaryimage\",\"url\":\"https:\/\/www.outdoors.ee\/wp-content\/uploads\/2024\/10\/Berghaus\u00ae-MMPS-CENTURIO-II-30-Black.jpg\",\"contentUrl\":\"https:\/\/www.outdoors.ee\/wp-content\/uploads\/2024\/10\/Berghaus\u00ae-MMPS-CENTURIO-II-30-Black.jpg\",\"width\":1500,\"height\":1500},{\"@type\":\"BreadcrumbList\",\"@id\":\"https:\/\/www.outdoors.ee\/et\/toode\/berghaus-mmps-centurio-ii-30-seljakott-copy\/#breadcrumb\",\"itemListElement\":[{\"@type\":\"ListItem\",\"position\":1,\"name\":\"Home\",\"item\":\"https:\/\/www.outdoors.ee\/et\/\"},{\"@type\":\"ListItem\",\"position\":2,\"name\":\"Tooted\",\"item\":\"https:\/\/www.outdoors.ee\/products\/\"},{\"@type\":\"ListItem\",\"position\":3,\"name\":\"Berghaus\u00ae MMPS CENTURIO II 30 seljakott\"}]},{\"@type\":\"WebSite\",\"@id\":\"https:\/\/www.outdoors.ee\/#website\",\"url\":\"https:\/\/www.outdoors.ee\/\",\"name\":\"Outdoors\",\"description\":\"Genuine military surplus and not only!\",\"potentialAction\":[{\"@type\":\"SearchAction\",\"target\":{\"@type\":\"EntryPoint\",\"urlTemplate\":\"https:\/\/www.outdoors.ee\/?s={search_term_string}\"},\"query-input\":{\"@type\":\"PropertyValueSpecification\",\"valueRequired\":true,\"valueName\":\"search_term_string\"}}],\"inLanguage\":\"et\"}]}<\/script>\n<!-- \/ Yoast SEO plugin. -->","yoast_head_json":{"title":"Berghaus\u00ae MMPS CENTURIO II 30 seljakott - Outdoors","robots":{"index":"index","follow":"follow","max-snippet":"max-snippet:-1","max-image-preview":"max-image-preview:large","max-video-preview":"max-video-preview:-1"},"canonical":"https:\/\/www.outdoors.ee\/et\/toode\/berghaus-mmps-centurio-ii-30-seljakott-copy\/","og_locale":"et_EE","og_type":"article","og_title":"Berghaus\u00ae MMPS CENTURIO II 30 seljakott - Outdoors","og_description":"Omadused: v\u00e4ikseima suurusega seljakott MMPS (Multi Mission Pack System) s\u00fcsteemis eemaldatav alumiiniumraam paremaks raskuse jaotuseks pehmendatud seljapaneel ventilatsioonikanaliga joogis\u00fcsteemi valmidus","og_url":"https:\/\/www.outdoors.ee\/et\/toode\/berghaus-mmps-centurio-ii-30-seljakott-copy\/","og_site_name":"Outdoors","article_modified_time":"2025-09-04T06:34:56+00:00","og_image":[{"width":1500,"height":1500,"url":"https:\/\/www.outdoors.ee\/wp-content\/uploads\/2024\/10\/Berghaus\u00ae-MMPS-CENTURIO-II-30-Black.jpg","type":"image\/jpeg"}],"twitter_card":"summary_large_image","twitter_misc":{"Est. reading time":"1 minut"},"schema":{"@context":"https:\/\/schema.org","@graph":[{"@type":"WebPage","@id":"https:\/\/www.outdoors.ee\/et\/toode\/berghaus-mmps-centurio-ii-30-seljakott-copy\/","url":"https:\/\/www.outdoors.ee\/et\/toode\/berghaus-mmps-centurio-ii-30-seljakott-copy\/","name":"Berghaus\u00ae MMPS CENTURIO II 30 seljakott - Outdoors","isPartOf":{"@id":"https:\/\/www.outdoors.ee\/#website"},"primaryImageOfPage":{"@id":"https:\/\/www.outdoors.ee\/et\/toode\/berghaus-mmps-centurio-ii-30-seljakott-copy\/#primaryimage"},"image":{"@id":"https:\/\/www.outdoors.ee\/et\/toode\/berghaus-mmps-centurio-ii-30-seljakott-copy\/#primaryimage"},"thumbnailUrl":"https:\/\/www.outdoors.ee\/wp-content\/uploads\/2024\/10\/Berghaus\u00ae-MMPS-CENTURIO-II-30-Black.jpg","datePublished":"2025-09-04T06:29:13+00:00","dateModified":"2025-09-04T06:34:56+00:00","breadcrumb":{"@id":"https:\/\/www.outdoors.ee\/et\/toode\/berghaus-mmps-centurio-ii-30-seljakott-copy\/#breadcrumb"},"inLanguage":"et","potentialAction":[{"@type":"ReadAction","target":["https:\/\/www.outdoors.ee\/et\/toode\/berghaus-mmps-centurio-ii-30-seljakott-copy\/"]}]},{"@type":"ImageObject","inLanguage":"et","@id":"https:\/\/www.outdoors.ee\/et\/toode\/berghaus-mmps-centurio-ii-30-seljakott-copy\/#primaryimage","url":"https:\/\/www.outdoors.ee\/wp-content\/uploads\/2024\/10\/Berghaus\u00ae-MMPS-CENTURIO-II-30-Black.jpg","contentUrl":"https:\/\/www.outdoors.ee\/wp-content\/uploads\/2024\/10\/Berghaus\u00ae-MMPS-CENTURIO-II-30-Black.jpg","width":1500,"height":1500},{"@type":"BreadcrumbList","@id":"https:\/\/www.outdoors.ee\/et\/toode\/berghaus-mmps-centurio-ii-30-seljakott-copy\/#breadcrumb","itemListElement":[{"@type":"ListItem","position":1,"name":"Home","item":"https:\/\/www.outdoors.ee\/et\/"},{"@type":"ListItem","position":2,"name":"Tooted","item":"https:\/\/www.outdoors.ee\/products\/"},{"@type":"ListItem","position":3,"name":"Berghaus\u00ae MMPS CENTURIO II 30 seljakott"}]},{"@type":"WebSite","@id":"https:\/\/www.outdoors.ee\/#website","url":"https:\/\/www.outdoors.ee\/","name":"Outdoors","description":"Genuine military surplus and not only!","potentialAction":[{"@type":"SearchAction","target":{"@type":"EntryPoint","urlTemplate":"https:\/\/www.outdoors.ee\/?s={search_term_string}"},"query-input":{"@type":"PropertyValueSpecification","valueRequired":true,"valueName":"search_term_string"}}],"inLanguage":"et"}]}},"_links":{"self":[{"href":"https:\/\/www.outdoors.ee\/et\/wp-json\/wp\/v2\/product\/104535","targetHints":{"allow":["GET"]}}],"collection":[{"href":"https:\/\/www.outdoors.ee\/et\/wp-json\/wp\/v2\/product"}],"about":[{"href":"https:\/\/www.outdoors.ee\/et\/wp-json\/wp\/v2\/types\/product"}],"wp:featuredmedia":[{"embeddable":true,"href":"https:\/\/www.outdoors.ee\/et\/wp-json\/wp\/v2\/media\/104532"}],"wp:attachment":[{"href":"https:\/\/www.outdoors.ee\/et\/wp-json\/wp\/v2\/media?parent=104535"}],"wp:term":[{"taxonomy":"product_brand","embeddable":true,"href":"https:\/\/www.outdoors.ee\/et\/wp-json\/wp\/v2\/product_brand?post=104535"},{"taxonomy":"product_cat","embeddable":true,"href":"https:\/\/www.outdoors.ee\/et\/wp-json\/wp\/v2\/product_cat?post=104535"},{"taxonomy":"product_tag","embeddable":true,"href":"https:\/\/www.outdoors.ee\/et\/wp-json\/wp\/v2\/product_tag?post=104535"}],"curies":[{"name":"wp","href":"https:\/\/api.w.org\/{rel}","templated":true}]}}