{"id":104067,"date":"2025-08-08T14:00:36","date_gmt":"2025-08-08T11:00:36","guid":{"rendered":"https:\/\/www.outdoors.ee\/?post_type=product&#038;p=104067"},"modified":"2025-08-27T11:39:49","modified_gmt":"2025-08-27T08:39:49","slug":"mfh-kompresioonkott-bw-compression-sack","status":"publish","type":"product","link":"https:\/\/www.outdoors.ee\/et\/toode\/mfh-kompresioonkott-bw-compression-sack\/","title":{"rendered":"MFH\u00ae kompresioonkott BW Compression Sack"},"content":{"rendered":"<p><strong>Omadused:<\/strong><\/p>\n<ul>\n<li>Bundeswehr\u00b4i originaalkoti koopia<\/li>\n<li>stopperiga pingutusn\u00f6\u00f6rid pealt<\/li>\n<li>10 D-r\u00f5nga ning stopperiga pingutusn\u00f6\u00f6r k\u00fcljel<\/li>\n<li>kandesang alumises osas<\/li>\n<li>m\u00f5\u00f5tmed ca.: 64 x D35cm<\/li>\n<li>kaal ca. 300g<\/li>\n<li>materjal: 100% pol\u00fcester<\/li>\n<\/ul>\n<p><strong>Seisukord:<\/strong> uus<\/p>\n","protected":false},"excerpt":{"rendered":"<p>MFH\u00ae BW kompresioonkott magamiskotile, oliivroheline<\/p>\n","protected":false},"featured_media":104064,"template":"","meta":[],"product_brand":[],"product_cat":[150],"product_tag":[],"class_list":{"0":"post-104067","1":"product","2":"type-product","3":"status-publish","4":"has-post-thumbnail","6":"product_cat-magamisvarustus","7":"pa_brand-mfh-2","9":"first","10":"instock","11":"taxable","12":"shipping-taxable","13":"purchasable","14":"product-type-simple"},"yoast_head":"<!-- This site is optimized with the Yoast SEO plugin v27.2 - https:\/\/yoast.com\/product\/yoast-seo-wordpress\/ -->\n<title>MFH\u00ae kompresioonkott BW Compression Sack - Outdoors<\/title>\n<meta name=\"robots\" content=\"index, follow, max-snippet:-1, max-image-preview:large, max-video-preview:-1\" \/>\n<link rel=\"canonical\" href=\"https:\/\/www.outdoors.ee\/et\/toode\/mfh-kompresioonkott-bw-compression-sack\/\" \/>\n<meta property=\"og:locale\" content=\"et_EE\" \/>\n<meta property=\"og:type\" content=\"article\" \/>\n<meta property=\"og:title\" content=\"MFH\u00ae kompresioonkott BW Compression Sack - Outdoors\" \/>\n<meta property=\"og:description\" content=\"MFH\u00ae BW kompresioonkott magamiskotile, oliivroheline\" \/>\n<meta property=\"og:url\" content=\"https:\/\/www.outdoors.ee\/et\/toode\/mfh-kompresioonkott-bw-compression-sack\/\" \/>\n<meta property=\"og:site_name\" content=\"Outdoors\" \/>\n<meta property=\"article:modified_time\" content=\"2025-08-27T08:39:49+00:00\" \/>\n<meta property=\"og:image\" content=\"https:\/\/www.outdoors.ee\/wp-content\/uploads\/2025\/08\/31420-MFH-BW-Compression-Sack-2.jpg\" \/>\n\t<meta property=\"og:image:width\" content=\"1200\" \/>\n\t<meta property=\"og:image:height\" content=\"1200\" \/>\n\t<meta property=\"og:image:type\" content=\"image\/jpeg\" \/>\n<meta name=\"twitter:card\" content=\"summary_large_image\" \/>\n<meta name=\"twitter:label1\" content=\"Est. reading time\" \/>\n\t<meta name=\"twitter:data1\" content=\"1 minut\" \/>\n<script type=\"application\/ld+json\" class=\"yoast-schema-graph\">{\"@context\":\"https:\/\/schema.org\",\"@graph\":[{\"@type\":\"WebPage\",\"@id\":\"https:\/\/www.outdoors.ee\/et\/toode\/mfh-kompresioonkott-bw-compression-sack\/\",\"url\":\"https:\/\/www.outdoors.ee\/et\/toode\/mfh-kompresioonkott-bw-compression-sack\/\",\"name\":\"MFH\u00ae kompresioonkott BW Compression Sack - Outdoors\",\"isPartOf\":{\"@id\":\"https:\/\/www.outdoors.ee\/#website\"},\"primaryImageOfPage\":{\"@id\":\"https:\/\/www.outdoors.ee\/et\/toode\/mfh-kompresioonkott-bw-compression-sack\/#primaryimage\"},\"image\":{\"@id\":\"https:\/\/www.outdoors.ee\/et\/toode\/mfh-kompresioonkott-bw-compression-sack\/#primaryimage\"},\"thumbnailUrl\":\"https:\/\/www.outdoors.ee\/wp-content\/uploads\/2025\/08\/31420-MFH-BW-Compression-Sack-2.jpg\",\"datePublished\":\"2025-08-08T11:00:36+00:00\",\"dateModified\":\"2025-08-27T08:39:49+00:00\",\"breadcrumb\":{\"@id\":\"https:\/\/www.outdoors.ee\/et\/toode\/mfh-kompresioonkott-bw-compression-sack\/#breadcrumb\"},\"inLanguage\":\"et\",\"potentialAction\":[{\"@type\":\"ReadAction\",\"target\":[\"https:\/\/www.outdoors.ee\/et\/toode\/mfh-kompresioonkott-bw-compression-sack\/\"]}]},{\"@type\":\"ImageObject\",\"inLanguage\":\"et\",\"@id\":\"https:\/\/www.outdoors.ee\/et\/toode\/mfh-kompresioonkott-bw-compression-sack\/#primaryimage\",\"url\":\"https:\/\/www.outdoors.ee\/wp-content\/uploads\/2025\/08\/31420-MFH-BW-Compression-Sack-2.jpg\",\"contentUrl\":\"https:\/\/www.outdoors.ee\/wp-content\/uploads\/2025\/08\/31420-MFH-BW-Compression-Sack-2.jpg\",\"width\":1200,\"height\":1200},{\"@type\":\"BreadcrumbList\",\"@id\":\"https:\/\/www.outdoors.ee\/et\/toode\/mfh-kompresioonkott-bw-compression-sack\/#breadcrumb\",\"itemListElement\":[{\"@type\":\"ListItem\",\"position\":1,\"name\":\"Home\",\"item\":\"https:\/\/www.outdoors.ee\/et\/\"},{\"@type\":\"ListItem\",\"position\":2,\"name\":\"Tooted\",\"item\":\"https:\/\/www.outdoors.ee\/products\/\"},{\"@type\":\"ListItem\",\"position\":3,\"name\":\"MFH\u00ae kompresioonkott BW Compression Sack\"}]},{\"@type\":\"WebSite\",\"@id\":\"https:\/\/www.outdoors.ee\/#website\",\"url\":\"https:\/\/www.outdoors.ee\/\",\"name\":\"Outdoors\",\"description\":\"Genuine military surplus and not only!\",\"potentialAction\":[{\"@type\":\"SearchAction\",\"target\":{\"@type\":\"EntryPoint\",\"urlTemplate\":\"https:\/\/www.outdoors.ee\/?s={search_term_string}\"},\"query-input\":{\"@type\":\"PropertyValueSpecification\",\"valueRequired\":true,\"valueName\":\"search_term_string\"}}],\"inLanguage\":\"et\"}]}<\/script>\n<!-- \/ Yoast SEO plugin. -->","yoast_head_json":{"title":"MFH\u00ae kompresioonkott BW Compression Sack - Outdoors","robots":{"index":"index","follow":"follow","max-snippet":"max-snippet:-1","max-image-preview":"max-image-preview:large","max-video-preview":"max-video-preview:-1"},"canonical":"https:\/\/www.outdoors.ee\/et\/toode\/mfh-kompresioonkott-bw-compression-sack\/","og_locale":"et_EE","og_type":"article","og_title":"MFH\u00ae kompresioonkott BW Compression Sack - Outdoors","og_description":"MFH\u00ae BW kompresioonkott magamiskotile, oliivroheline","og_url":"https:\/\/www.outdoors.ee\/et\/toode\/mfh-kompresioonkott-bw-compression-sack\/","og_site_name":"Outdoors","article_modified_time":"2025-08-27T08:39:49+00:00","og_image":[{"width":1200,"height":1200,"url":"https:\/\/www.outdoors.ee\/wp-content\/uploads\/2025\/08\/31420-MFH-BW-Compression-Sack-2.jpg","type":"image\/jpeg"}],"twitter_card":"summary_large_image","twitter_misc":{"Est. reading time":"1 minut"},"schema":{"@context":"https:\/\/schema.org","@graph":[{"@type":"WebPage","@id":"https:\/\/www.outdoors.ee\/et\/toode\/mfh-kompresioonkott-bw-compression-sack\/","url":"https:\/\/www.outdoors.ee\/et\/toode\/mfh-kompresioonkott-bw-compression-sack\/","name":"MFH\u00ae kompresioonkott BW Compression Sack - Outdoors","isPartOf":{"@id":"https:\/\/www.outdoors.ee\/#website"},"primaryImageOfPage":{"@id":"https:\/\/www.outdoors.ee\/et\/toode\/mfh-kompresioonkott-bw-compression-sack\/#primaryimage"},"image":{"@id":"https:\/\/www.outdoors.ee\/et\/toode\/mfh-kompresioonkott-bw-compression-sack\/#primaryimage"},"thumbnailUrl":"https:\/\/www.outdoors.ee\/wp-content\/uploads\/2025\/08\/31420-MFH-BW-Compression-Sack-2.jpg","datePublished":"2025-08-08T11:00:36+00:00","dateModified":"2025-08-27T08:39:49+00:00","breadcrumb":{"@id":"https:\/\/www.outdoors.ee\/et\/toode\/mfh-kompresioonkott-bw-compression-sack\/#breadcrumb"},"inLanguage":"et","potentialAction":[{"@type":"ReadAction","target":["https:\/\/www.outdoors.ee\/et\/toode\/mfh-kompresioonkott-bw-compression-sack\/"]}]},{"@type":"ImageObject","inLanguage":"et","@id":"https:\/\/www.outdoors.ee\/et\/toode\/mfh-kompresioonkott-bw-compression-sack\/#primaryimage","url":"https:\/\/www.outdoors.ee\/wp-content\/uploads\/2025\/08\/31420-MFH-BW-Compression-Sack-2.jpg","contentUrl":"https:\/\/www.outdoors.ee\/wp-content\/uploads\/2025\/08\/31420-MFH-BW-Compression-Sack-2.jpg","width":1200,"height":1200},{"@type":"BreadcrumbList","@id":"https:\/\/www.outdoors.ee\/et\/toode\/mfh-kompresioonkott-bw-compression-sack\/#breadcrumb","itemListElement":[{"@type":"ListItem","position":1,"name":"Home","item":"https:\/\/www.outdoors.ee\/et\/"},{"@type":"ListItem","position":2,"name":"Tooted","item":"https:\/\/www.outdoors.ee\/products\/"},{"@type":"ListItem","position":3,"name":"MFH\u00ae kompresioonkott BW Compression Sack"}]},{"@type":"WebSite","@id":"https:\/\/www.outdoors.ee\/#website","url":"https:\/\/www.outdoors.ee\/","name":"Outdoors","description":"Genuine military surplus and not only!","potentialAction":[{"@type":"SearchAction","target":{"@type":"EntryPoint","urlTemplate":"https:\/\/www.outdoors.ee\/?s={search_term_string}"},"query-input":{"@type":"PropertyValueSpecification","valueRequired":true,"valueName":"search_term_string"}}],"inLanguage":"et"}]}},"_links":{"self":[{"href":"https:\/\/www.outdoors.ee\/et\/wp-json\/wp\/v2\/product\/104067","targetHints":{"allow":["GET"]}}],"collection":[{"href":"https:\/\/www.outdoors.ee\/et\/wp-json\/wp\/v2\/product"}],"about":[{"href":"https:\/\/www.outdoors.ee\/et\/wp-json\/wp\/v2\/types\/product"}],"wp:featuredmedia":[{"embeddable":true,"href":"https:\/\/www.outdoors.ee\/et\/wp-json\/wp\/v2\/media\/104064"}],"wp:attachment":[{"href":"https:\/\/www.outdoors.ee\/et\/wp-json\/wp\/v2\/media?parent=104067"}],"wp:term":[{"taxonomy":"product_brand","embeddable":true,"href":"https:\/\/www.outdoors.ee\/et\/wp-json\/wp\/v2\/product_brand?post=104067"},{"taxonomy":"product_cat","embeddable":true,"href":"https:\/\/www.outdoors.ee\/et\/wp-json\/wp\/v2\/product_cat?post=104067"},{"taxonomy":"product_tag","embeddable":true,"href":"https:\/\/www.outdoors.ee\/et\/wp-json\/wp\/v2\/product_tag?post=104067"}],"curies":[{"name":"wp","href":"https:\/\/api.w.org\/{rel}","templated":true}]}}