{"id":104018,"date":"2025-08-07T17:42:40","date_gmt":"2025-08-07T14:42:40","guid":{"rendered":"https:\/\/www.outdoors.ee\/?post_type=product&#038;p=104018"},"modified":"2025-08-27T11:40:11","modified_gmt":"2025-08-27T08:40:11","slug":"mfh-taktikaline-balaclava-1-ava","status":"publish","type":"product","link":"https:\/\/www.outdoors.ee\/et\/toode\/mfh-taktikaline-balaclava-1-ava\/","title":{"rendered":"MFH\u00ae taktikaline Balaclava, 1 ava"},"content":{"rendered":"<div id=\"tab-description\" class=\"entry-content woocommerce-Tabs-panel woocommerce-Tabs-panel--description wd-active panel wc-tab\" role=\"tabpanel\" aria-labelledby=\"tab-title-description\" data-accordion-index=\"description\">\n<div class=\"wc-tab-inner wd-entry-content\">\n<p><strong>Omadused:<\/strong><\/p>\n<ul>\n<li>kvaliteetne materjal ning t\u00f6\u00f6<\/li>\n<li>hingav ja niiskust t\u00f5rjuv<\/li>\n<li>v\u00f5rkpaneel suu piirkonnas<\/li>\n<li>veniv alumine \u00e4\u00e4r<\/li>\n<li>\u00fcks suurus, mugavalt veniv<\/li>\n<li>materjal 100% pol\u00fcester<\/li>\n<\/ul>\n<p><strong>Seisukord:<\/strong> uus<\/p>\n<\/div>\n<\/div>\n","protected":false},"excerpt":{"rendered":"<p>Omadused: kvaliteetne materjal ning t\u00f6\u00f6 hingav ja niiskust t\u00f5rjuv v\u00f5rkpaneel suu piirkonnas veniv alumine \u00e4\u00e4r \u00fcks suurus, mugavalt veniv materjal<\/p>\n","protected":false},"featured_media":104017,"template":"","meta":[],"product_brand":[],"product_cat":[128],"product_tag":[],"class_list":{"0":"post-104018","1":"product","2":"type-product","3":"status-publish","4":"has-post-thumbnail","6":"product_cat-peakatted","7":"pa_brand-mfh-2","8":"pa_color-black-2","9":"pa_color-coyote-2","10":"pa_color-m05-2","11":"pa_color-olive-2","13":"first","14":"instock","15":"taxable","16":"shipping-taxable","17":"purchasable","18":"product-type-variable"},"yoast_head":"<!-- This site is optimized with the Yoast SEO plugin v27.2 - https:\/\/yoast.com\/product\/yoast-seo-wordpress\/ -->\n<title>MFH\u00ae taktikaline Balaclava, 1 ava - Outdoors<\/title>\n<meta name=\"robots\" content=\"index, follow, max-snippet:-1, max-image-preview:large, max-video-preview:-1\" \/>\n<link rel=\"canonical\" href=\"https:\/\/www.outdoors.ee\/et\/toode\/mfh-taktikaline-balaclava-1-ava\/\" \/>\n<meta property=\"og:locale\" content=\"et_EE\" \/>\n<meta property=\"og:type\" content=\"article\" \/>\n<meta property=\"og:title\" content=\"MFH\u00ae taktikaline Balaclava, 1 ava - Outdoors\" \/>\n<meta property=\"og:description\" content=\"Omadused: kvaliteetne materjal ning t\u00f6\u00f6 hingav ja niiskust t\u00f5rjuv v\u00f5rkpaneel suu piirkonnas veniv alumine \u00e4\u00e4r \u00fcks suurus, mugavalt veniv materjal\" \/>\n<meta property=\"og:url\" content=\"https:\/\/www.outdoors.ee\/et\/toode\/mfh-taktikaline-balaclava-1-ava\/\" \/>\n<meta property=\"og:site_name\" content=\"Outdoors\" \/>\n<meta property=\"article:modified_time\" content=\"2025-08-27T08:40:11+00:00\" \/>\n<meta property=\"og:image\" content=\"https:\/\/www.outdoors.ee\/wp-content\/uploads\/2025\/08\/10897Y-MFH-Balaclava-1-hole-M05.jpg\" \/>\n\t<meta property=\"og:image:width\" content=\"1200\" \/>\n\t<meta property=\"og:image:height\" content=\"1200\" \/>\n\t<meta property=\"og:image:type\" content=\"image\/jpeg\" \/>\n<meta name=\"twitter:card\" content=\"summary_large_image\" \/>\n<meta name=\"twitter:label1\" content=\"Est. reading time\" \/>\n\t<meta name=\"twitter:data1\" content=\"1 minut\" \/>\n<script type=\"application\/ld+json\" class=\"yoast-schema-graph\">{\"@context\":\"https:\/\/schema.org\",\"@graph\":[{\"@type\":\"WebPage\",\"@id\":\"https:\/\/www.outdoors.ee\/et\/toode\/mfh-taktikaline-balaclava-1-ava\/\",\"url\":\"https:\/\/www.outdoors.ee\/et\/toode\/mfh-taktikaline-balaclava-1-ava\/\",\"name\":\"MFH\u00ae taktikaline Balaclava, 1 ava - Outdoors\",\"isPartOf\":{\"@id\":\"https:\/\/www.outdoors.ee\/#website\"},\"primaryImageOfPage\":{\"@id\":\"https:\/\/www.outdoors.ee\/et\/toode\/mfh-taktikaline-balaclava-1-ava\/#primaryimage\"},\"image\":{\"@id\":\"https:\/\/www.outdoors.ee\/et\/toode\/mfh-taktikaline-balaclava-1-ava\/#primaryimage\"},\"thumbnailUrl\":\"https:\/\/www.outdoors.ee\/wp-content\/uploads\/2025\/08\/10897Y-MFH-Balaclava-1-hole-M05.jpg\",\"datePublished\":\"2025-08-07T14:42:40+00:00\",\"dateModified\":\"2025-08-27T08:40:11+00:00\",\"breadcrumb\":{\"@id\":\"https:\/\/www.outdoors.ee\/et\/toode\/mfh-taktikaline-balaclava-1-ava\/#breadcrumb\"},\"inLanguage\":\"et\",\"potentialAction\":[{\"@type\":\"ReadAction\",\"target\":[\"https:\/\/www.outdoors.ee\/et\/toode\/mfh-taktikaline-balaclava-1-ava\/\"]}]},{\"@type\":\"ImageObject\",\"inLanguage\":\"et\",\"@id\":\"https:\/\/www.outdoors.ee\/et\/toode\/mfh-taktikaline-balaclava-1-ava\/#primaryimage\",\"url\":\"https:\/\/www.outdoors.ee\/wp-content\/uploads\/2025\/08\/10897Y-MFH-Balaclava-1-hole-M05.jpg\",\"contentUrl\":\"https:\/\/www.outdoors.ee\/wp-content\/uploads\/2025\/08\/10897Y-MFH-Balaclava-1-hole-M05.jpg\",\"width\":1200,\"height\":1200},{\"@type\":\"BreadcrumbList\",\"@id\":\"https:\/\/www.outdoors.ee\/et\/toode\/mfh-taktikaline-balaclava-1-ava\/#breadcrumb\",\"itemListElement\":[{\"@type\":\"ListItem\",\"position\":1,\"name\":\"Home\",\"item\":\"https:\/\/www.outdoors.ee\/et\/\"},{\"@type\":\"ListItem\",\"position\":2,\"name\":\"Tooted\",\"item\":\"https:\/\/www.outdoors.ee\/products\/\"},{\"@type\":\"ListItem\",\"position\":3,\"name\":\"MFH\u00ae taktikaline Balaclava, 1 ava\"}]},{\"@type\":\"WebSite\",\"@id\":\"https:\/\/www.outdoors.ee\/#website\",\"url\":\"https:\/\/www.outdoors.ee\/\",\"name\":\"Outdoors\",\"description\":\"Genuine military surplus and not only!\",\"potentialAction\":[{\"@type\":\"SearchAction\",\"target\":{\"@type\":\"EntryPoint\",\"urlTemplate\":\"https:\/\/www.outdoors.ee\/?s={search_term_string}\"},\"query-input\":{\"@type\":\"PropertyValueSpecification\",\"valueRequired\":true,\"valueName\":\"search_term_string\"}}],\"inLanguage\":\"et\"}]}<\/script>\n<!-- \/ Yoast SEO plugin. -->","yoast_head_json":{"title":"MFH\u00ae taktikaline Balaclava, 1 ava - Outdoors","robots":{"index":"index","follow":"follow","max-snippet":"max-snippet:-1","max-image-preview":"max-image-preview:large","max-video-preview":"max-video-preview:-1"},"canonical":"https:\/\/www.outdoors.ee\/et\/toode\/mfh-taktikaline-balaclava-1-ava\/","og_locale":"et_EE","og_type":"article","og_title":"MFH\u00ae taktikaline Balaclava, 1 ava - Outdoors","og_description":"Omadused: kvaliteetne materjal ning t\u00f6\u00f6 hingav ja niiskust t\u00f5rjuv v\u00f5rkpaneel suu piirkonnas veniv alumine \u00e4\u00e4r \u00fcks suurus, mugavalt veniv materjal","og_url":"https:\/\/www.outdoors.ee\/et\/toode\/mfh-taktikaline-balaclava-1-ava\/","og_site_name":"Outdoors","article_modified_time":"2025-08-27T08:40:11+00:00","og_image":[{"width":1200,"height":1200,"url":"https:\/\/www.outdoors.ee\/wp-content\/uploads\/2025\/08\/10897Y-MFH-Balaclava-1-hole-M05.jpg","type":"image\/jpeg"}],"twitter_card":"summary_large_image","twitter_misc":{"Est. reading time":"1 minut"},"schema":{"@context":"https:\/\/schema.org","@graph":[{"@type":"WebPage","@id":"https:\/\/www.outdoors.ee\/et\/toode\/mfh-taktikaline-balaclava-1-ava\/","url":"https:\/\/www.outdoors.ee\/et\/toode\/mfh-taktikaline-balaclava-1-ava\/","name":"MFH\u00ae taktikaline Balaclava, 1 ava - Outdoors","isPartOf":{"@id":"https:\/\/www.outdoors.ee\/#website"},"primaryImageOfPage":{"@id":"https:\/\/www.outdoors.ee\/et\/toode\/mfh-taktikaline-balaclava-1-ava\/#primaryimage"},"image":{"@id":"https:\/\/www.outdoors.ee\/et\/toode\/mfh-taktikaline-balaclava-1-ava\/#primaryimage"},"thumbnailUrl":"https:\/\/www.outdoors.ee\/wp-content\/uploads\/2025\/08\/10897Y-MFH-Balaclava-1-hole-M05.jpg","datePublished":"2025-08-07T14:42:40+00:00","dateModified":"2025-08-27T08:40:11+00:00","breadcrumb":{"@id":"https:\/\/www.outdoors.ee\/et\/toode\/mfh-taktikaline-balaclava-1-ava\/#breadcrumb"},"inLanguage":"et","potentialAction":[{"@type":"ReadAction","target":["https:\/\/www.outdoors.ee\/et\/toode\/mfh-taktikaline-balaclava-1-ava\/"]}]},{"@type":"ImageObject","inLanguage":"et","@id":"https:\/\/www.outdoors.ee\/et\/toode\/mfh-taktikaline-balaclava-1-ava\/#primaryimage","url":"https:\/\/www.outdoors.ee\/wp-content\/uploads\/2025\/08\/10897Y-MFH-Balaclava-1-hole-M05.jpg","contentUrl":"https:\/\/www.outdoors.ee\/wp-content\/uploads\/2025\/08\/10897Y-MFH-Balaclava-1-hole-M05.jpg","width":1200,"height":1200},{"@type":"BreadcrumbList","@id":"https:\/\/www.outdoors.ee\/et\/toode\/mfh-taktikaline-balaclava-1-ava\/#breadcrumb","itemListElement":[{"@type":"ListItem","position":1,"name":"Home","item":"https:\/\/www.outdoors.ee\/et\/"},{"@type":"ListItem","position":2,"name":"Tooted","item":"https:\/\/www.outdoors.ee\/products\/"},{"@type":"ListItem","position":3,"name":"MFH\u00ae taktikaline Balaclava, 1 ava"}]},{"@type":"WebSite","@id":"https:\/\/www.outdoors.ee\/#website","url":"https:\/\/www.outdoors.ee\/","name":"Outdoors","description":"Genuine military surplus and not only!","potentialAction":[{"@type":"SearchAction","target":{"@type":"EntryPoint","urlTemplate":"https:\/\/www.outdoors.ee\/?s={search_term_string}"},"query-input":{"@type":"PropertyValueSpecification","valueRequired":true,"valueName":"search_term_string"}}],"inLanguage":"et"}]}},"_links":{"self":[{"href":"https:\/\/www.outdoors.ee\/et\/wp-json\/wp\/v2\/product\/104018","targetHints":{"allow":["GET"]}}],"collection":[{"href":"https:\/\/www.outdoors.ee\/et\/wp-json\/wp\/v2\/product"}],"about":[{"href":"https:\/\/www.outdoors.ee\/et\/wp-json\/wp\/v2\/types\/product"}],"wp:featuredmedia":[{"embeddable":true,"href":"https:\/\/www.outdoors.ee\/et\/wp-json\/wp\/v2\/media\/104017"}],"wp:attachment":[{"href":"https:\/\/www.outdoors.ee\/et\/wp-json\/wp\/v2\/media?parent=104018"}],"wp:term":[{"taxonomy":"product_brand","embeddable":true,"href":"https:\/\/www.outdoors.ee\/et\/wp-json\/wp\/v2\/product_brand?post=104018"},{"taxonomy":"product_cat","embeddable":true,"href":"https:\/\/www.outdoors.ee\/et\/wp-json\/wp\/v2\/product_cat?post=104018"},{"taxonomy":"product_tag","embeddable":true,"href":"https:\/\/www.outdoors.ee\/et\/wp-json\/wp\/v2\/product_tag?post=104018"}],"curies":[{"name":"wp","href":"https:\/\/api.w.org\/{rel}","templated":true}]}}