{"id":103760,"date":"2025-08-11T12:48:27","date_gmt":"2025-08-11T09:48:27","guid":{"rendered":"https:\/\/www.outdoors.ee\/?post_type=product&#038;p=103760"},"modified":"2025-08-22T09:06:44","modified_gmt":"2025-08-22T06:06:44","slug":"valipuksid-delta-trousers","status":"publish","type":"product","link":"https:\/\/www.outdoors.ee\/et\/toode\/valipuksid-delta-trousers\/","title":{"rendered":"Highlander\u00ae v\u00e4lip\u00fcksid Delta Trousers"},"content":{"rendered":"<p><strong>Omadused:<\/strong><\/p>\n<ul>\n<li>loodud Briti s\u00f5jav\u00e4e v\u00e4livormi p\u00fckste eeskujul (&#8220;temperate weather&#8221; mudel)<\/li>\n<li>t\u00f5mbluku ning n\u00f6\u00f6biga eest suletavad<\/li>\n<li>n\u00f6\u00f6pide abil reguleeritav v\u00f6\u00f6koha laius<\/li>\n<li>2 puusataskut, v\u00e4ike t\u00f5mblukuga tasku vasaku puusatasku sees<\/li>\n<li>2 suurt nurga all asetsevat reietaskut n\u00f6\u00f6pidega<\/li>\n<li>k\u00f5ik taskun\u00f6\u00f6bid on klappidega kaetud<\/li>\n<li>laiad v\u00f6\u00f6rihma aasad, rihmadele laiusega kuni 8cm<\/li>\n<li>mansetide pingutusn\u00f6\u00f6rid<\/li>\n<li>materjal: 65% pol\u00fcester, 35% puuvill (tvillsidus)<\/li>\n<\/ul>\n<p><strong>Seisukord:<\/strong> uus<\/p>\n","protected":false},"excerpt":{"rendered":"<p>Omadused: loodud Briti s\u00f5jav\u00e4e v\u00e4livormi p\u00fckste eeskujul (&#8220;temperate weather&#8221; mudel) t\u00f5mbluku ning n\u00f6\u00f6biga eest suletavad n\u00f6\u00f6pide abil reguleeritav v\u00f6\u00f6koha laius<\/p>\n","protected":false},"featured_media":103782,"template":"","meta":[],"product_brand":[],"product_cat":[111],"product_tag":[],"class_list":{"0":"post-103760","1":"product","2":"type-product","3":"status-publish","4":"has-post-thumbnail","6":"product_cat-puksid","7":"pa_brand-highlander-2","8":"pa_color-hmtc-et","9":"pa_color-olive-2","10":"pa_size-30-32-et","11":"pa_size-32-32-et","12":"pa_size-34-32-et","13":"pa_size-36-32-et","14":"pa_size-38-32-et","15":"pa_size-40-32-et","16":"pa_size-42-32-et","17":"pa_size-44-32-et","18":"pa_size-46-32-et","20":"first","21":"instock","22":"taxable","23":"shipping-taxable","24":"purchasable","25":"product-type-variable"},"yoast_head":"<!-- This site is optimized with the Yoast SEO plugin v27.2 - https:\/\/yoast.com\/product\/yoast-seo-wordpress\/ -->\n<title>Highlander\u00ae v\u00e4lip\u00fcksid Delta Trousers - Outdoors<\/title>\n<meta name=\"robots\" content=\"index, follow, max-snippet:-1, max-image-preview:large, max-video-preview:-1\" \/>\n<link rel=\"canonical\" href=\"https:\/\/www.outdoors.ee\/et\/toode\/valipuksid-delta-trousers\/\" \/>\n<meta property=\"og:locale\" content=\"et_EE\" \/>\n<meta property=\"og:type\" content=\"article\" \/>\n<meta property=\"og:title\" content=\"Highlander\u00ae v\u00e4lip\u00fcksid Delta Trousers - Outdoors\" \/>\n<meta property=\"og:description\" content=\"Omadused: loodud Briti s\u00f5jav\u00e4e v\u00e4livormi p\u00fckste eeskujul (&#8220;temperate weather&#8221; mudel) t\u00f5mbluku ning n\u00f6\u00f6biga eest suletavad n\u00f6\u00f6pide abil reguleeritav v\u00f6\u00f6koha laius\" \/>\n<meta property=\"og:url\" content=\"https:\/\/www.outdoors.ee\/et\/toode\/valipuksid-delta-trousers\/\" \/>\n<meta property=\"og:site_name\" content=\"Outdoors\" \/>\n<meta property=\"article:modified_time\" content=\"2025-08-22T06:06:44+00:00\" \/>\n<meta property=\"og:image\" content=\"https:\/\/www.outdoors.ee\/wp-content\/uploads\/2025\/07\/Highlander\u00ae-Delta-Trousers-HMTC-8-scaled.jpg\" \/>\n\t<meta property=\"og:image:width\" content=\"2560\" \/>\n\t<meta property=\"og:image:height\" content=\"2560\" \/>\n\t<meta property=\"og:image:type\" content=\"image\/jpeg\" \/>\n<meta name=\"twitter:card\" content=\"summary_large_image\" \/>\n<meta name=\"twitter:label1\" content=\"Est. reading time\" \/>\n\t<meta name=\"twitter:data1\" content=\"1 minut\" \/>\n<script type=\"application\/ld+json\" class=\"yoast-schema-graph\">{\"@context\":\"https:\/\/schema.org\",\"@graph\":[{\"@type\":\"WebPage\",\"@id\":\"https:\/\/www.outdoors.ee\/et\/toode\/valipuksid-delta-trousers\/\",\"url\":\"https:\/\/www.outdoors.ee\/et\/toode\/valipuksid-delta-trousers\/\",\"name\":\"Highlander\u00ae v\u00e4lip\u00fcksid Delta Trousers - Outdoors\",\"isPartOf\":{\"@id\":\"https:\/\/www.outdoors.ee\/#website\"},\"primaryImageOfPage\":{\"@id\":\"https:\/\/www.outdoors.ee\/et\/toode\/valipuksid-delta-trousers\/#primaryimage\"},\"image\":{\"@id\":\"https:\/\/www.outdoors.ee\/et\/toode\/valipuksid-delta-trousers\/#primaryimage\"},\"thumbnailUrl\":\"https:\/\/www.outdoors.ee\/wp-content\/uploads\/2025\/07\/Highlander\u00ae-Delta-Trousers-HMTC-8-scaled.jpg\",\"datePublished\":\"2025-08-11T09:48:27+00:00\",\"dateModified\":\"2025-08-22T06:06:44+00:00\",\"breadcrumb\":{\"@id\":\"https:\/\/www.outdoors.ee\/et\/toode\/valipuksid-delta-trousers\/#breadcrumb\"},\"inLanguage\":\"et\",\"potentialAction\":[{\"@type\":\"ReadAction\",\"target\":[\"https:\/\/www.outdoors.ee\/et\/toode\/valipuksid-delta-trousers\/\"]}]},{\"@type\":\"ImageObject\",\"inLanguage\":\"et\",\"@id\":\"https:\/\/www.outdoors.ee\/et\/toode\/valipuksid-delta-trousers\/#primaryimage\",\"url\":\"https:\/\/www.outdoors.ee\/wp-content\/uploads\/2025\/07\/Highlander\u00ae-Delta-Trousers-HMTC-8-scaled.jpg\",\"contentUrl\":\"https:\/\/www.outdoors.ee\/wp-content\/uploads\/2025\/07\/Highlander\u00ae-Delta-Trousers-HMTC-8-scaled.jpg\",\"width\":2560,\"height\":2560},{\"@type\":\"BreadcrumbList\",\"@id\":\"https:\/\/www.outdoors.ee\/et\/toode\/valipuksid-delta-trousers\/#breadcrumb\",\"itemListElement\":[{\"@type\":\"ListItem\",\"position\":1,\"name\":\"Home\",\"item\":\"https:\/\/www.outdoors.ee\/et\/\"},{\"@type\":\"ListItem\",\"position\":2,\"name\":\"Tooted\",\"item\":\"https:\/\/www.outdoors.ee\/products\/\"},{\"@type\":\"ListItem\",\"position\":3,\"name\":\"Highlander\u00ae v\u00e4lip\u00fcksid Delta Trousers\"}]},{\"@type\":\"WebSite\",\"@id\":\"https:\/\/www.outdoors.ee\/#website\",\"url\":\"https:\/\/www.outdoors.ee\/\",\"name\":\"Outdoors\",\"description\":\"Genuine military surplus and not only!\",\"potentialAction\":[{\"@type\":\"SearchAction\",\"target\":{\"@type\":\"EntryPoint\",\"urlTemplate\":\"https:\/\/www.outdoors.ee\/?s={search_term_string}\"},\"query-input\":{\"@type\":\"PropertyValueSpecification\",\"valueRequired\":true,\"valueName\":\"search_term_string\"}}],\"inLanguage\":\"et\"}]}<\/script>\n<!-- \/ Yoast SEO plugin. -->","yoast_head_json":{"title":"Highlander\u00ae v\u00e4lip\u00fcksid Delta Trousers - Outdoors","robots":{"index":"index","follow":"follow","max-snippet":"max-snippet:-1","max-image-preview":"max-image-preview:large","max-video-preview":"max-video-preview:-1"},"canonical":"https:\/\/www.outdoors.ee\/et\/toode\/valipuksid-delta-trousers\/","og_locale":"et_EE","og_type":"article","og_title":"Highlander\u00ae v\u00e4lip\u00fcksid Delta Trousers - Outdoors","og_description":"Omadused: loodud Briti s\u00f5jav\u00e4e v\u00e4livormi p\u00fckste eeskujul (&#8220;temperate weather&#8221; mudel) t\u00f5mbluku ning n\u00f6\u00f6biga eest suletavad n\u00f6\u00f6pide abil reguleeritav v\u00f6\u00f6koha laius","og_url":"https:\/\/www.outdoors.ee\/et\/toode\/valipuksid-delta-trousers\/","og_site_name":"Outdoors","article_modified_time":"2025-08-22T06:06:44+00:00","og_image":[{"width":2560,"height":2560,"url":"https:\/\/www.outdoors.ee\/wp-content\/uploads\/2025\/07\/Highlander\u00ae-Delta-Trousers-HMTC-8-scaled.jpg","type":"image\/jpeg"}],"twitter_card":"summary_large_image","twitter_misc":{"Est. reading time":"1 minut"},"schema":{"@context":"https:\/\/schema.org","@graph":[{"@type":"WebPage","@id":"https:\/\/www.outdoors.ee\/et\/toode\/valipuksid-delta-trousers\/","url":"https:\/\/www.outdoors.ee\/et\/toode\/valipuksid-delta-trousers\/","name":"Highlander\u00ae v\u00e4lip\u00fcksid Delta Trousers - Outdoors","isPartOf":{"@id":"https:\/\/www.outdoors.ee\/#website"},"primaryImageOfPage":{"@id":"https:\/\/www.outdoors.ee\/et\/toode\/valipuksid-delta-trousers\/#primaryimage"},"image":{"@id":"https:\/\/www.outdoors.ee\/et\/toode\/valipuksid-delta-trousers\/#primaryimage"},"thumbnailUrl":"https:\/\/www.outdoors.ee\/wp-content\/uploads\/2025\/07\/Highlander\u00ae-Delta-Trousers-HMTC-8-scaled.jpg","datePublished":"2025-08-11T09:48:27+00:00","dateModified":"2025-08-22T06:06:44+00:00","breadcrumb":{"@id":"https:\/\/www.outdoors.ee\/et\/toode\/valipuksid-delta-trousers\/#breadcrumb"},"inLanguage":"et","potentialAction":[{"@type":"ReadAction","target":["https:\/\/www.outdoors.ee\/et\/toode\/valipuksid-delta-trousers\/"]}]},{"@type":"ImageObject","inLanguage":"et","@id":"https:\/\/www.outdoors.ee\/et\/toode\/valipuksid-delta-trousers\/#primaryimage","url":"https:\/\/www.outdoors.ee\/wp-content\/uploads\/2025\/07\/Highlander\u00ae-Delta-Trousers-HMTC-8-scaled.jpg","contentUrl":"https:\/\/www.outdoors.ee\/wp-content\/uploads\/2025\/07\/Highlander\u00ae-Delta-Trousers-HMTC-8-scaled.jpg","width":2560,"height":2560},{"@type":"BreadcrumbList","@id":"https:\/\/www.outdoors.ee\/et\/toode\/valipuksid-delta-trousers\/#breadcrumb","itemListElement":[{"@type":"ListItem","position":1,"name":"Home","item":"https:\/\/www.outdoors.ee\/et\/"},{"@type":"ListItem","position":2,"name":"Tooted","item":"https:\/\/www.outdoors.ee\/products\/"},{"@type":"ListItem","position":3,"name":"Highlander\u00ae v\u00e4lip\u00fcksid Delta Trousers"}]},{"@type":"WebSite","@id":"https:\/\/www.outdoors.ee\/#website","url":"https:\/\/www.outdoors.ee\/","name":"Outdoors","description":"Genuine military surplus and not only!","potentialAction":[{"@type":"SearchAction","target":{"@type":"EntryPoint","urlTemplate":"https:\/\/www.outdoors.ee\/?s={search_term_string}"},"query-input":{"@type":"PropertyValueSpecification","valueRequired":true,"valueName":"search_term_string"}}],"inLanguage":"et"}]}},"_links":{"self":[{"href":"https:\/\/www.outdoors.ee\/et\/wp-json\/wp\/v2\/product\/103760","targetHints":{"allow":["GET"]}}],"collection":[{"href":"https:\/\/www.outdoors.ee\/et\/wp-json\/wp\/v2\/product"}],"about":[{"href":"https:\/\/www.outdoors.ee\/et\/wp-json\/wp\/v2\/types\/product"}],"wp:featuredmedia":[{"embeddable":true,"href":"https:\/\/www.outdoors.ee\/et\/wp-json\/wp\/v2\/media\/103782"}],"wp:attachment":[{"href":"https:\/\/www.outdoors.ee\/et\/wp-json\/wp\/v2\/media?parent=103760"}],"wp:term":[{"taxonomy":"product_brand","embeddable":true,"href":"https:\/\/www.outdoors.ee\/et\/wp-json\/wp\/v2\/product_brand?post=103760"},{"taxonomy":"product_cat","embeddable":true,"href":"https:\/\/www.outdoors.ee\/et\/wp-json\/wp\/v2\/product_cat?post=103760"},{"taxonomy":"product_tag","embeddable":true,"href":"https:\/\/www.outdoors.ee\/et\/wp-json\/wp\/v2\/product_tag?post=103760"}],"curies":[{"name":"wp","href":"https:\/\/api.w.org\/{rel}","templated":true}]}}