{"id":103277,"date":"2025-07-16T09:10:40","date_gmt":"2025-07-16T06:10:40","guid":{"rendered":"https:\/\/www.outdoors.ee\/?post_type=product&#038;p=103277"},"modified":"2025-08-22T11:39:35","modified_gmt":"2025-08-22T08:39:35","slug":"fliisjope-cold-weather-fleece-jacket-2","status":"publish","type":"product","link":"https:\/\/www.outdoors.ee\/et\/toode\/fliisjope-cold-weather-fleece-jacket-2\/","title":{"rendered":"Mil-Tec\u00ae fliisjope Cold Weather Fleece Jacket"},"content":{"rendered":"<p><strong>Omadused:<\/strong><\/p>\n<ul>\n<li>kantav nii eraldiseisva sooja jopena kui ka sooja vahekihina<\/li>\n<li>tugevdatud \u00f5la ning k\u00fc\u00fcnarnuki piirkonnad<\/li>\n<li>k\u00f5rge kaelus pingutusn\u00f6\u00f6riga<\/li>\n<li>2 t\u00e4mblukuga taskut<\/li>\n<li>venivad mansetid ning alumine \u00e4\u00e4r<\/li>\n<li>pagunialused<\/li>\n<li>materjal: 100% pol\u00fcester fliis, 380 g\/m2<\/li>\n<\/ul>\n<p><strong>Seisukord:<\/strong> uus<\/p>\n","protected":false},"excerpt":{"rendered":"<p>Mil-Tec\u00ae fliisjope Cold Weather Fleece Jacket, oliivroheline<\/p>\n","protected":false},"featured_media":103274,"template":"","meta":[],"product_brand":[],"product_cat":[101],"product_tag":[],"class_list":{"0":"post-103277","1":"product","2":"type-product","3":"status-publish","4":"has-post-thumbnail","6":"product_cat-joped-parkad","7":"pa_brand-mil-tec-2","8":"pa_size-l-2","9":"pa_size-m-2","10":"pa_size-xl-2","12":"first","13":"instock","14":"taxable","15":"shipping-taxable","16":"purchasable","17":"product-type-variable"},"yoast_head":"<!-- This site is optimized with the Yoast SEO plugin v27.2 - https:\/\/yoast.com\/product\/yoast-seo-wordpress\/ -->\n<title>Mil-Tec\u00ae fliisjope Cold Weather Fleece Jacket - Outdoors<\/title>\n<meta name=\"robots\" content=\"index, follow, max-snippet:-1, max-image-preview:large, max-video-preview:-1\" \/>\n<link rel=\"canonical\" href=\"https:\/\/www.outdoors.ee\/et\/toode\/fliisjope-cold-weather-fleece-jacket-2\/\" \/>\n<meta property=\"og:locale\" content=\"et_EE\" \/>\n<meta property=\"og:type\" content=\"article\" \/>\n<meta property=\"og:title\" content=\"Mil-Tec\u00ae fliisjope Cold Weather Fleece Jacket - Outdoors\" \/>\n<meta property=\"og:description\" content=\"Mil-Tec\u00ae fliisjope Cold Weather Fleece Jacket, oliivroheline\" \/>\n<meta property=\"og:url\" content=\"https:\/\/www.outdoors.ee\/et\/toode\/fliisjope-cold-weather-fleece-jacket-2\/\" \/>\n<meta property=\"og:site_name\" content=\"Outdoors\" \/>\n<meta property=\"article:modified_time\" content=\"2025-08-22T08:39:35+00:00\" \/>\n<meta property=\"og:image\" content=\"https:\/\/www.outdoors.ee\/wp-content\/uploads\/2025\/07\/Mil-Tec\u00ae-Cold-Weather-Fleece-Jacket-Olive-1.jpg\" \/>\n\t<meta property=\"og:image:width\" content=\"800\" \/>\n\t<meta property=\"og:image:height\" content=\"950\" \/>\n\t<meta property=\"og:image:type\" content=\"image\/jpeg\" \/>\n<meta name=\"twitter:card\" content=\"summary_large_image\" \/>\n<meta name=\"twitter:label1\" content=\"Est. reading time\" \/>\n\t<meta name=\"twitter:data1\" content=\"1 minut\" \/>\n<script type=\"application\/ld+json\" class=\"yoast-schema-graph\">{\"@context\":\"https:\/\/schema.org\",\"@graph\":[{\"@type\":\"WebPage\",\"@id\":\"https:\/\/www.outdoors.ee\/et\/toode\/fliisjope-cold-weather-fleece-jacket-2\/\",\"url\":\"https:\/\/www.outdoors.ee\/et\/toode\/fliisjope-cold-weather-fleece-jacket-2\/\",\"name\":\"Mil-Tec\u00ae fliisjope Cold Weather Fleece Jacket - Outdoors\",\"isPartOf\":{\"@id\":\"https:\/\/www.outdoors.ee\/#website\"},\"primaryImageOfPage\":{\"@id\":\"https:\/\/www.outdoors.ee\/et\/toode\/fliisjope-cold-weather-fleece-jacket-2\/#primaryimage\"},\"image\":{\"@id\":\"https:\/\/www.outdoors.ee\/et\/toode\/fliisjope-cold-weather-fleece-jacket-2\/#primaryimage\"},\"thumbnailUrl\":\"https:\/\/www.outdoors.ee\/wp-content\/uploads\/2025\/07\/Mil-Tec\u00ae-Cold-Weather-Fleece-Jacket-Olive-1.jpg\",\"datePublished\":\"2025-07-16T06:10:40+00:00\",\"dateModified\":\"2025-08-22T08:39:35+00:00\",\"breadcrumb\":{\"@id\":\"https:\/\/www.outdoors.ee\/et\/toode\/fliisjope-cold-weather-fleece-jacket-2\/#breadcrumb\"},\"inLanguage\":\"et\",\"potentialAction\":[{\"@type\":\"ReadAction\",\"target\":[\"https:\/\/www.outdoors.ee\/et\/toode\/fliisjope-cold-weather-fleece-jacket-2\/\"]}]},{\"@type\":\"ImageObject\",\"inLanguage\":\"et\",\"@id\":\"https:\/\/www.outdoors.ee\/et\/toode\/fliisjope-cold-weather-fleece-jacket-2\/#primaryimage\",\"url\":\"https:\/\/www.outdoors.ee\/wp-content\/uploads\/2025\/07\/Mil-Tec\u00ae-Cold-Weather-Fleece-Jacket-Olive-1.jpg\",\"contentUrl\":\"https:\/\/www.outdoors.ee\/wp-content\/uploads\/2025\/07\/Mil-Tec\u00ae-Cold-Weather-Fleece-Jacket-Olive-1.jpg\",\"width\":800,\"height\":950},{\"@type\":\"BreadcrumbList\",\"@id\":\"https:\/\/www.outdoors.ee\/et\/toode\/fliisjope-cold-weather-fleece-jacket-2\/#breadcrumb\",\"itemListElement\":[{\"@type\":\"ListItem\",\"position\":1,\"name\":\"Home\",\"item\":\"https:\/\/www.outdoors.ee\/et\/\"},{\"@type\":\"ListItem\",\"position\":2,\"name\":\"Tooted\",\"item\":\"https:\/\/www.outdoors.ee\/products\/\"},{\"@type\":\"ListItem\",\"position\":3,\"name\":\"Mil-Tec\u00ae fliisjope Cold Weather Fleece Jacket\"}]},{\"@type\":\"WebSite\",\"@id\":\"https:\/\/www.outdoors.ee\/#website\",\"url\":\"https:\/\/www.outdoors.ee\/\",\"name\":\"Outdoors\",\"description\":\"Genuine military surplus and not only!\",\"potentialAction\":[{\"@type\":\"SearchAction\",\"target\":{\"@type\":\"EntryPoint\",\"urlTemplate\":\"https:\/\/www.outdoors.ee\/?s={search_term_string}\"},\"query-input\":{\"@type\":\"PropertyValueSpecification\",\"valueRequired\":true,\"valueName\":\"search_term_string\"}}],\"inLanguage\":\"et\"}]}<\/script>\n<!-- \/ Yoast SEO plugin. -->","yoast_head_json":{"title":"Mil-Tec\u00ae fliisjope Cold Weather Fleece Jacket - Outdoors","robots":{"index":"index","follow":"follow","max-snippet":"max-snippet:-1","max-image-preview":"max-image-preview:large","max-video-preview":"max-video-preview:-1"},"canonical":"https:\/\/www.outdoors.ee\/et\/toode\/fliisjope-cold-weather-fleece-jacket-2\/","og_locale":"et_EE","og_type":"article","og_title":"Mil-Tec\u00ae fliisjope Cold Weather Fleece Jacket - Outdoors","og_description":"Mil-Tec\u00ae fliisjope Cold Weather Fleece Jacket, oliivroheline","og_url":"https:\/\/www.outdoors.ee\/et\/toode\/fliisjope-cold-weather-fleece-jacket-2\/","og_site_name":"Outdoors","article_modified_time":"2025-08-22T08:39:35+00:00","og_image":[{"width":800,"height":950,"url":"https:\/\/www.outdoors.ee\/wp-content\/uploads\/2025\/07\/Mil-Tec\u00ae-Cold-Weather-Fleece-Jacket-Olive-1.jpg","type":"image\/jpeg"}],"twitter_card":"summary_large_image","twitter_misc":{"Est. reading time":"1 minut"},"schema":{"@context":"https:\/\/schema.org","@graph":[{"@type":"WebPage","@id":"https:\/\/www.outdoors.ee\/et\/toode\/fliisjope-cold-weather-fleece-jacket-2\/","url":"https:\/\/www.outdoors.ee\/et\/toode\/fliisjope-cold-weather-fleece-jacket-2\/","name":"Mil-Tec\u00ae fliisjope Cold Weather Fleece Jacket - Outdoors","isPartOf":{"@id":"https:\/\/www.outdoors.ee\/#website"},"primaryImageOfPage":{"@id":"https:\/\/www.outdoors.ee\/et\/toode\/fliisjope-cold-weather-fleece-jacket-2\/#primaryimage"},"image":{"@id":"https:\/\/www.outdoors.ee\/et\/toode\/fliisjope-cold-weather-fleece-jacket-2\/#primaryimage"},"thumbnailUrl":"https:\/\/www.outdoors.ee\/wp-content\/uploads\/2025\/07\/Mil-Tec\u00ae-Cold-Weather-Fleece-Jacket-Olive-1.jpg","datePublished":"2025-07-16T06:10:40+00:00","dateModified":"2025-08-22T08:39:35+00:00","breadcrumb":{"@id":"https:\/\/www.outdoors.ee\/et\/toode\/fliisjope-cold-weather-fleece-jacket-2\/#breadcrumb"},"inLanguage":"et","potentialAction":[{"@type":"ReadAction","target":["https:\/\/www.outdoors.ee\/et\/toode\/fliisjope-cold-weather-fleece-jacket-2\/"]}]},{"@type":"ImageObject","inLanguage":"et","@id":"https:\/\/www.outdoors.ee\/et\/toode\/fliisjope-cold-weather-fleece-jacket-2\/#primaryimage","url":"https:\/\/www.outdoors.ee\/wp-content\/uploads\/2025\/07\/Mil-Tec\u00ae-Cold-Weather-Fleece-Jacket-Olive-1.jpg","contentUrl":"https:\/\/www.outdoors.ee\/wp-content\/uploads\/2025\/07\/Mil-Tec\u00ae-Cold-Weather-Fleece-Jacket-Olive-1.jpg","width":800,"height":950},{"@type":"BreadcrumbList","@id":"https:\/\/www.outdoors.ee\/et\/toode\/fliisjope-cold-weather-fleece-jacket-2\/#breadcrumb","itemListElement":[{"@type":"ListItem","position":1,"name":"Home","item":"https:\/\/www.outdoors.ee\/et\/"},{"@type":"ListItem","position":2,"name":"Tooted","item":"https:\/\/www.outdoors.ee\/products\/"},{"@type":"ListItem","position":3,"name":"Mil-Tec\u00ae fliisjope Cold Weather Fleece Jacket"}]},{"@type":"WebSite","@id":"https:\/\/www.outdoors.ee\/#website","url":"https:\/\/www.outdoors.ee\/","name":"Outdoors","description":"Genuine military surplus and not only!","potentialAction":[{"@type":"SearchAction","target":{"@type":"EntryPoint","urlTemplate":"https:\/\/www.outdoors.ee\/?s={search_term_string}"},"query-input":{"@type":"PropertyValueSpecification","valueRequired":true,"valueName":"search_term_string"}}],"inLanguage":"et"}]}},"_links":{"self":[{"href":"https:\/\/www.outdoors.ee\/et\/wp-json\/wp\/v2\/product\/103277","targetHints":{"allow":["GET"]}}],"collection":[{"href":"https:\/\/www.outdoors.ee\/et\/wp-json\/wp\/v2\/product"}],"about":[{"href":"https:\/\/www.outdoors.ee\/et\/wp-json\/wp\/v2\/types\/product"}],"wp:featuredmedia":[{"embeddable":true,"href":"https:\/\/www.outdoors.ee\/et\/wp-json\/wp\/v2\/media\/103274"}],"wp:attachment":[{"href":"https:\/\/www.outdoors.ee\/et\/wp-json\/wp\/v2\/media?parent=103277"}],"wp:term":[{"taxonomy":"product_brand","embeddable":true,"href":"https:\/\/www.outdoors.ee\/et\/wp-json\/wp\/v2\/product_brand?post=103277"},{"taxonomy":"product_cat","embeddable":true,"href":"https:\/\/www.outdoors.ee\/et\/wp-json\/wp\/v2\/product_cat?post=103277"},{"taxonomy":"product_tag","embeddable":true,"href":"https:\/\/www.outdoors.ee\/et\/wp-json\/wp\/v2\/product_tag?post=103277"}],"curies":[{"name":"wp","href":"https:\/\/api.w.org\/{rel}","templated":true}]}}