{"id":103238,"date":"2025-07-15T15:50:14","date_gmt":"2025-07-15T12:50:14","guid":{"rendered":"https:\/\/www.outdoors.ee\/?post_type=product&#038;p=103238"},"modified":"2025-08-22T11:39:56","modified_gmt":"2025-08-22T08:39:56","slug":"taktikalised-kindad-leather-tactical-gloves-gen-ii","status":"publish","type":"product","link":"https:\/\/www.outdoors.ee\/et\/toode\/taktikalised-kindad-leather-tactical-gloves-gen-ii\/","title":{"rendered":"Mil-Tec\u00ae taktikalised kindad Leather Tactical Gloves Gen.II"},"content":{"rendered":"<p><strong>Omadused:<\/strong><\/p>\n<ul>\n<li>h\u00e4sti pehmendatud s\u00f5rmenukkide kaitse<\/li>\n<li>aasad k\u00e4ttepanemise lihtsustamiseks<\/li>\n<li>reguleeritav, takjakinnitusega randmerihm<\/li>\n<li>Libisemiskindel, hea hakuvusega peopesa<\/li>\n<li>l\u00fchike mansett<\/li>\n<li>nimetiss\u00f5rme avamine<\/li>\n<li>materjal. Peopesa: 60% pol\u00fcamiid, 40% pol\u00fcurethaan. Pealne: 100% nahk. Venivad paneelid: 70% nailon, 30% elastaan. Vooder: 50% puuvill , 50% akr\u00fc\u00fcl. Nukkide kaitse: karboon. Pehmendus: EVA vaht<\/li>\n<\/ul>\n<p><strong>Seisukord:<\/strong> uus<\/p>\n","protected":false},"excerpt":{"rendered":"<p style=\"text-align: left;\">Mil-Tec\u00ae taktikalised kindad nahast Gen.II, must<\/p>\n","protected":false},"featured_media":103235,"template":"","meta":[],"product_brand":[],"product_cat":[98],"product_tag":[],"class_list":{"0":"post-103238","1":"product","2":"type-product","3":"status-publish","4":"has-post-thumbnail","6":"product_cat-kindad","7":"pa_brand-mil-tec-2","8":"pa_size-l-2","9":"pa_size-m-2","10":"pa_size-xl-2","12":"first","13":"instock","14":"taxable","15":"shipping-taxable","16":"purchasable","17":"product-type-variable"},"yoast_head":"<!-- This site is optimized with the Yoast SEO plugin v27.2 - https:\/\/yoast.com\/product\/yoast-seo-wordpress\/ -->\n<title>Mil-Tec\u00ae taktikalised kindad Leather Tactical Gloves Gen.II - Outdoors<\/title>\n<meta name=\"robots\" content=\"index, follow, max-snippet:-1, max-image-preview:large, max-video-preview:-1\" \/>\n<link rel=\"canonical\" href=\"https:\/\/www.outdoors.ee\/et\/toode\/taktikalised-kindad-leather-tactical-gloves-gen-ii\/\" \/>\n<meta property=\"og:locale\" content=\"et_EE\" \/>\n<meta property=\"og:type\" content=\"article\" \/>\n<meta property=\"og:title\" content=\"Mil-Tec\u00ae taktikalised kindad Leather Tactical Gloves Gen.II - Outdoors\" \/>\n<meta property=\"og:description\" content=\"Mil-Tec\u00ae taktikalised kindad nahast Gen.II, must\" \/>\n<meta property=\"og:url\" content=\"https:\/\/www.outdoors.ee\/et\/toode\/taktikalised-kindad-leather-tactical-gloves-gen-ii\/\" \/>\n<meta property=\"og:site_name\" content=\"Outdoors\" \/>\n<meta property=\"article:modified_time\" content=\"2025-08-22T08:39:56+00:00\" \/>\n<meta property=\"og:image\" content=\"https:\/\/www.outdoors.ee\/wp-content\/uploads\/2025\/07\/Mil-Tec\u00ae-Leather-Tactical-Gloves-Gen.II-black-1.jpg\" \/>\n\t<meta property=\"og:image:width\" content=\"800\" \/>\n\t<meta property=\"og:image:height\" content=\"900\" \/>\n\t<meta property=\"og:image:type\" content=\"image\/jpeg\" \/>\n<meta name=\"twitter:card\" content=\"summary_large_image\" \/>\n<meta name=\"twitter:label1\" content=\"Est. reading time\" \/>\n\t<meta name=\"twitter:data1\" content=\"1 minut\" \/>\n<script type=\"application\/ld+json\" class=\"yoast-schema-graph\">{\"@context\":\"https:\/\/schema.org\",\"@graph\":[{\"@type\":\"WebPage\",\"@id\":\"https:\/\/www.outdoors.ee\/et\/toode\/taktikalised-kindad-leather-tactical-gloves-gen-ii\/\",\"url\":\"https:\/\/www.outdoors.ee\/et\/toode\/taktikalised-kindad-leather-tactical-gloves-gen-ii\/\",\"name\":\"Mil-Tec\u00ae taktikalised kindad Leather Tactical Gloves Gen.II - Outdoors\",\"isPartOf\":{\"@id\":\"https:\/\/www.outdoors.ee\/#website\"},\"primaryImageOfPage\":{\"@id\":\"https:\/\/www.outdoors.ee\/et\/toode\/taktikalised-kindad-leather-tactical-gloves-gen-ii\/#primaryimage\"},\"image\":{\"@id\":\"https:\/\/www.outdoors.ee\/et\/toode\/taktikalised-kindad-leather-tactical-gloves-gen-ii\/#primaryimage\"},\"thumbnailUrl\":\"https:\/\/www.outdoors.ee\/wp-content\/uploads\/2025\/07\/Mil-Tec\u00ae-Leather-Tactical-Gloves-Gen.II-black-1.jpg\",\"datePublished\":\"2025-07-15T12:50:14+00:00\",\"dateModified\":\"2025-08-22T08:39:56+00:00\",\"breadcrumb\":{\"@id\":\"https:\/\/www.outdoors.ee\/et\/toode\/taktikalised-kindad-leather-tactical-gloves-gen-ii\/#breadcrumb\"},\"inLanguage\":\"et\",\"potentialAction\":[{\"@type\":\"ReadAction\",\"target\":[\"https:\/\/www.outdoors.ee\/et\/toode\/taktikalised-kindad-leather-tactical-gloves-gen-ii\/\"]}]},{\"@type\":\"ImageObject\",\"inLanguage\":\"et\",\"@id\":\"https:\/\/www.outdoors.ee\/et\/toode\/taktikalised-kindad-leather-tactical-gloves-gen-ii\/#primaryimage\",\"url\":\"https:\/\/www.outdoors.ee\/wp-content\/uploads\/2025\/07\/Mil-Tec\u00ae-Leather-Tactical-Gloves-Gen.II-black-1.jpg\",\"contentUrl\":\"https:\/\/www.outdoors.ee\/wp-content\/uploads\/2025\/07\/Mil-Tec\u00ae-Leather-Tactical-Gloves-Gen.II-black-1.jpg\",\"width\":800,\"height\":900},{\"@type\":\"BreadcrumbList\",\"@id\":\"https:\/\/www.outdoors.ee\/et\/toode\/taktikalised-kindad-leather-tactical-gloves-gen-ii\/#breadcrumb\",\"itemListElement\":[{\"@type\":\"ListItem\",\"position\":1,\"name\":\"Home\",\"item\":\"https:\/\/www.outdoors.ee\/et\/\"},{\"@type\":\"ListItem\",\"position\":2,\"name\":\"Tooted\",\"item\":\"https:\/\/www.outdoors.ee\/products\/\"},{\"@type\":\"ListItem\",\"position\":3,\"name\":\"Mil-Tec\u00ae taktikalised kindad Leather Tactical Gloves Gen.II\"}]},{\"@type\":\"WebSite\",\"@id\":\"https:\/\/www.outdoors.ee\/#website\",\"url\":\"https:\/\/www.outdoors.ee\/\",\"name\":\"Outdoors\",\"description\":\"Genuine military surplus and not only!\",\"potentialAction\":[{\"@type\":\"SearchAction\",\"target\":{\"@type\":\"EntryPoint\",\"urlTemplate\":\"https:\/\/www.outdoors.ee\/?s={search_term_string}\"},\"query-input\":{\"@type\":\"PropertyValueSpecification\",\"valueRequired\":true,\"valueName\":\"search_term_string\"}}],\"inLanguage\":\"et\"}]}<\/script>\n<!-- \/ Yoast SEO plugin. -->","yoast_head_json":{"title":"Mil-Tec\u00ae taktikalised kindad Leather Tactical Gloves Gen.II - Outdoors","robots":{"index":"index","follow":"follow","max-snippet":"max-snippet:-1","max-image-preview":"max-image-preview:large","max-video-preview":"max-video-preview:-1"},"canonical":"https:\/\/www.outdoors.ee\/et\/toode\/taktikalised-kindad-leather-tactical-gloves-gen-ii\/","og_locale":"et_EE","og_type":"article","og_title":"Mil-Tec\u00ae taktikalised kindad Leather Tactical Gloves Gen.II - Outdoors","og_description":"Mil-Tec\u00ae taktikalised kindad nahast Gen.II, must","og_url":"https:\/\/www.outdoors.ee\/et\/toode\/taktikalised-kindad-leather-tactical-gloves-gen-ii\/","og_site_name":"Outdoors","article_modified_time":"2025-08-22T08:39:56+00:00","og_image":[{"width":800,"height":900,"url":"https:\/\/www.outdoors.ee\/wp-content\/uploads\/2025\/07\/Mil-Tec\u00ae-Leather-Tactical-Gloves-Gen.II-black-1.jpg","type":"image\/jpeg"}],"twitter_card":"summary_large_image","twitter_misc":{"Est. reading time":"1 minut"},"schema":{"@context":"https:\/\/schema.org","@graph":[{"@type":"WebPage","@id":"https:\/\/www.outdoors.ee\/et\/toode\/taktikalised-kindad-leather-tactical-gloves-gen-ii\/","url":"https:\/\/www.outdoors.ee\/et\/toode\/taktikalised-kindad-leather-tactical-gloves-gen-ii\/","name":"Mil-Tec\u00ae taktikalised kindad Leather Tactical Gloves Gen.II - Outdoors","isPartOf":{"@id":"https:\/\/www.outdoors.ee\/#website"},"primaryImageOfPage":{"@id":"https:\/\/www.outdoors.ee\/et\/toode\/taktikalised-kindad-leather-tactical-gloves-gen-ii\/#primaryimage"},"image":{"@id":"https:\/\/www.outdoors.ee\/et\/toode\/taktikalised-kindad-leather-tactical-gloves-gen-ii\/#primaryimage"},"thumbnailUrl":"https:\/\/www.outdoors.ee\/wp-content\/uploads\/2025\/07\/Mil-Tec\u00ae-Leather-Tactical-Gloves-Gen.II-black-1.jpg","datePublished":"2025-07-15T12:50:14+00:00","dateModified":"2025-08-22T08:39:56+00:00","breadcrumb":{"@id":"https:\/\/www.outdoors.ee\/et\/toode\/taktikalised-kindad-leather-tactical-gloves-gen-ii\/#breadcrumb"},"inLanguage":"et","potentialAction":[{"@type":"ReadAction","target":["https:\/\/www.outdoors.ee\/et\/toode\/taktikalised-kindad-leather-tactical-gloves-gen-ii\/"]}]},{"@type":"ImageObject","inLanguage":"et","@id":"https:\/\/www.outdoors.ee\/et\/toode\/taktikalised-kindad-leather-tactical-gloves-gen-ii\/#primaryimage","url":"https:\/\/www.outdoors.ee\/wp-content\/uploads\/2025\/07\/Mil-Tec\u00ae-Leather-Tactical-Gloves-Gen.II-black-1.jpg","contentUrl":"https:\/\/www.outdoors.ee\/wp-content\/uploads\/2025\/07\/Mil-Tec\u00ae-Leather-Tactical-Gloves-Gen.II-black-1.jpg","width":800,"height":900},{"@type":"BreadcrumbList","@id":"https:\/\/www.outdoors.ee\/et\/toode\/taktikalised-kindad-leather-tactical-gloves-gen-ii\/#breadcrumb","itemListElement":[{"@type":"ListItem","position":1,"name":"Home","item":"https:\/\/www.outdoors.ee\/et\/"},{"@type":"ListItem","position":2,"name":"Tooted","item":"https:\/\/www.outdoors.ee\/products\/"},{"@type":"ListItem","position":3,"name":"Mil-Tec\u00ae taktikalised kindad Leather Tactical Gloves Gen.II"}]},{"@type":"WebSite","@id":"https:\/\/www.outdoors.ee\/#website","url":"https:\/\/www.outdoors.ee\/","name":"Outdoors","description":"Genuine military surplus and not only!","potentialAction":[{"@type":"SearchAction","target":{"@type":"EntryPoint","urlTemplate":"https:\/\/www.outdoors.ee\/?s={search_term_string}"},"query-input":{"@type":"PropertyValueSpecification","valueRequired":true,"valueName":"search_term_string"}}],"inLanguage":"et"}]}},"_links":{"self":[{"href":"https:\/\/www.outdoors.ee\/et\/wp-json\/wp\/v2\/product\/103238","targetHints":{"allow":["GET"]}}],"collection":[{"href":"https:\/\/www.outdoors.ee\/et\/wp-json\/wp\/v2\/product"}],"about":[{"href":"https:\/\/www.outdoors.ee\/et\/wp-json\/wp\/v2\/types\/product"}],"wp:featuredmedia":[{"embeddable":true,"href":"https:\/\/www.outdoors.ee\/et\/wp-json\/wp\/v2\/media\/103235"}],"wp:attachment":[{"href":"https:\/\/www.outdoors.ee\/et\/wp-json\/wp\/v2\/media?parent=103238"}],"wp:term":[{"taxonomy":"product_brand","embeddable":true,"href":"https:\/\/www.outdoors.ee\/et\/wp-json\/wp\/v2\/product_brand?post=103238"},{"taxonomy":"product_cat","embeddable":true,"href":"https:\/\/www.outdoors.ee\/et\/wp-json\/wp\/v2\/product_cat?post=103238"},{"taxonomy":"product_tag","embeddable":true,"href":"https:\/\/www.outdoors.ee\/et\/wp-json\/wp\/v2\/product_tag?post=103238"}],"curies":[{"name":"wp","href":"https:\/\/api.w.org\/{rel}","templated":true}]}}