{"id":103176,"date":"2025-07-15T13:10:03","date_gmt":"2025-07-15T10:10:03","guid":{"rendered":"https:\/\/www.outdoors.ee\/?post_type=product&#038;p=103176"},"modified":"2026-03-04T21:28:01","modified_gmt":"2026-03-04T19:28:01","slug":"nuga-us-m3-combat-knife","status":"publish","type":"product","link":"https:\/\/www.outdoors.ee\/et\/toode\/nuga-us-m3-combat-knife\/","title":{"rendered":"Mil-Tec\u00ae nuga US M3 Combat Knife"},"content":{"rendered":"<p><strong>Omadused:<\/strong><\/p>\n<ul>\n<li>USA s\u00f5jav\u00e4e II maailmas\u00f5jaaegse noa koopia<\/li>\n<li>tera pikkus: 17cm<\/li>\n<li>kogupikkus: 29,5cm<\/li>\n<li>libisemisvastane, pressitud nahast k\u00e4epide<\/li>\n<li>kaal ca 340g<\/li>\n<\/ul>\n<p><strong>Seisukord:<\/strong> uus<\/p>\n","protected":false},"excerpt":{"rendered":"<p>Omadused: USA s\u00f5jav\u00e4e II maailmas\u00f5jaaegse noa koopia tera pikkus: 17cm kogupikkus: 29,5cm libisemisvastane, pressitud nahast k\u00e4epide kaal ca 340g Seisukord:<\/p>\n","protected":false},"featured_media":103175,"template":"","meta":[],"product_brand":[],"product_cat":[149],"product_tag":[],"class_list":{"0":"post-103176","1":"product","2":"type-product","3":"status-publish","4":"has-post-thumbnail","6":"product_cat-taktikaline-varustus","8":"first","9":"instock","10":"taxable","11":"shipping-taxable","12":"purchasable","13":"product-type-simple"},"yoast_head":"<!-- This site is optimized with the Yoast SEO plugin v27.2 - https:\/\/yoast.com\/product\/yoast-seo-wordpress\/ -->\n<title>Mil-Tec\u00ae nuga US M3 Combat Knife - Outdoors<\/title>\n<meta name=\"robots\" content=\"index, follow, max-snippet:-1, max-image-preview:large, max-video-preview:-1\" \/>\n<link rel=\"canonical\" href=\"https:\/\/www.outdoors.ee\/et\/toode\/nuga-us-m3-combat-knife\/\" \/>\n<meta property=\"og:locale\" content=\"et_EE\" \/>\n<meta property=\"og:type\" content=\"article\" \/>\n<meta property=\"og:title\" content=\"Mil-Tec\u00ae nuga US M3 Combat Knife - Outdoors\" \/>\n<meta property=\"og:description\" content=\"Omadused: USA s\u00f5jav\u00e4e II maailmas\u00f5jaaegse noa koopia tera pikkus: 17cm kogupikkus: 29,5cm libisemisvastane, pressitud nahast k\u00e4epide kaal ca 340g Seisukord:\" \/>\n<meta property=\"og:url\" content=\"https:\/\/www.outdoors.ee\/et\/toode\/nuga-us-m3-combat-knife\/\" \/>\n<meta property=\"og:site_name\" content=\"Outdoors\" \/>\n<meta property=\"article:modified_time\" content=\"2026-03-04T19:28:01+00:00\" \/>\n<meta property=\"og:image\" content=\"https:\/\/www.outdoors.ee\/wp-content\/uploads\/2025\/07\/Mil-Tec\u00ae-US-M3-Combat-Knife.jpg\" \/>\n\t<meta property=\"og:image:width\" content=\"799\" \/>\n\t<meta property=\"og:image:height\" content=\"999\" \/>\n\t<meta property=\"og:image:type\" content=\"image\/jpeg\" \/>\n<meta name=\"twitter:card\" content=\"summary_large_image\" \/>\n<meta name=\"twitter:label1\" content=\"Est. reading time\" \/>\n\t<meta name=\"twitter:data1\" content=\"1 minut\" \/>\n<script type=\"application\/ld+json\" class=\"yoast-schema-graph\">{\"@context\":\"https:\/\/schema.org\",\"@graph\":[{\"@type\":\"WebPage\",\"@id\":\"https:\/\/www.outdoors.ee\/et\/toode\/nuga-us-m3-combat-knife\/\",\"url\":\"https:\/\/www.outdoors.ee\/et\/toode\/nuga-us-m3-combat-knife\/\",\"name\":\"Mil-Tec\u00ae nuga US M3 Combat Knife - Outdoors\",\"isPartOf\":{\"@id\":\"https:\/\/www.outdoors.ee\/#website\"},\"primaryImageOfPage\":{\"@id\":\"https:\/\/www.outdoors.ee\/et\/toode\/nuga-us-m3-combat-knife\/#primaryimage\"},\"image\":{\"@id\":\"https:\/\/www.outdoors.ee\/et\/toode\/nuga-us-m3-combat-knife\/#primaryimage\"},\"thumbnailUrl\":\"https:\/\/www.outdoors.ee\/wp-content\/uploads\/2025\/07\/Mil-Tec\u00ae-US-M3-Combat-Knife.jpg\",\"datePublished\":\"2025-07-15T10:10:03+00:00\",\"dateModified\":\"2026-03-04T19:28:01+00:00\",\"breadcrumb\":{\"@id\":\"https:\/\/www.outdoors.ee\/et\/toode\/nuga-us-m3-combat-knife\/#breadcrumb\"},\"inLanguage\":\"et\",\"potentialAction\":[{\"@type\":\"ReadAction\",\"target\":[\"https:\/\/www.outdoors.ee\/et\/toode\/nuga-us-m3-combat-knife\/\"]}]},{\"@type\":\"ImageObject\",\"inLanguage\":\"et\",\"@id\":\"https:\/\/www.outdoors.ee\/et\/toode\/nuga-us-m3-combat-knife\/#primaryimage\",\"url\":\"https:\/\/www.outdoors.ee\/wp-content\/uploads\/2025\/07\/Mil-Tec\u00ae-US-M3-Combat-Knife.jpg\",\"contentUrl\":\"https:\/\/www.outdoors.ee\/wp-content\/uploads\/2025\/07\/Mil-Tec\u00ae-US-M3-Combat-Knife.jpg\",\"width\":799,\"height\":999},{\"@type\":\"BreadcrumbList\",\"@id\":\"https:\/\/www.outdoors.ee\/et\/toode\/nuga-us-m3-combat-knife\/#breadcrumb\",\"itemListElement\":[{\"@type\":\"ListItem\",\"position\":1,\"name\":\"Home\",\"item\":\"https:\/\/www.outdoors.ee\/et\/\"},{\"@type\":\"ListItem\",\"position\":2,\"name\":\"Tooted\",\"item\":\"https:\/\/www.outdoors.ee\/products\/\"},{\"@type\":\"ListItem\",\"position\":3,\"name\":\"Mil-Tec\u00ae nuga US M3 Combat Knife\"}]},{\"@type\":\"WebSite\",\"@id\":\"https:\/\/www.outdoors.ee\/#website\",\"url\":\"https:\/\/www.outdoors.ee\/\",\"name\":\"Outdoors\",\"description\":\"Genuine military surplus and not only!\",\"potentialAction\":[{\"@type\":\"SearchAction\",\"target\":{\"@type\":\"EntryPoint\",\"urlTemplate\":\"https:\/\/www.outdoors.ee\/?s={search_term_string}\"},\"query-input\":{\"@type\":\"PropertyValueSpecification\",\"valueRequired\":true,\"valueName\":\"search_term_string\"}}],\"inLanguage\":\"et\"}]}<\/script>\n<!-- \/ Yoast SEO plugin. -->","yoast_head_json":{"title":"Mil-Tec\u00ae nuga US M3 Combat Knife - Outdoors","robots":{"index":"index","follow":"follow","max-snippet":"max-snippet:-1","max-image-preview":"max-image-preview:large","max-video-preview":"max-video-preview:-1"},"canonical":"https:\/\/www.outdoors.ee\/et\/toode\/nuga-us-m3-combat-knife\/","og_locale":"et_EE","og_type":"article","og_title":"Mil-Tec\u00ae nuga US M3 Combat Knife - Outdoors","og_description":"Omadused: USA s\u00f5jav\u00e4e II maailmas\u00f5jaaegse noa koopia tera pikkus: 17cm kogupikkus: 29,5cm libisemisvastane, pressitud nahast k\u00e4epide kaal ca 340g Seisukord:","og_url":"https:\/\/www.outdoors.ee\/et\/toode\/nuga-us-m3-combat-knife\/","og_site_name":"Outdoors","article_modified_time":"2026-03-04T19:28:01+00:00","og_image":[{"width":799,"height":999,"url":"https:\/\/www.outdoors.ee\/wp-content\/uploads\/2025\/07\/Mil-Tec\u00ae-US-M3-Combat-Knife.jpg","type":"image\/jpeg"}],"twitter_card":"summary_large_image","twitter_misc":{"Est. reading time":"1 minut"},"schema":{"@context":"https:\/\/schema.org","@graph":[{"@type":"WebPage","@id":"https:\/\/www.outdoors.ee\/et\/toode\/nuga-us-m3-combat-knife\/","url":"https:\/\/www.outdoors.ee\/et\/toode\/nuga-us-m3-combat-knife\/","name":"Mil-Tec\u00ae nuga US M3 Combat Knife - Outdoors","isPartOf":{"@id":"https:\/\/www.outdoors.ee\/#website"},"primaryImageOfPage":{"@id":"https:\/\/www.outdoors.ee\/et\/toode\/nuga-us-m3-combat-knife\/#primaryimage"},"image":{"@id":"https:\/\/www.outdoors.ee\/et\/toode\/nuga-us-m3-combat-knife\/#primaryimage"},"thumbnailUrl":"https:\/\/www.outdoors.ee\/wp-content\/uploads\/2025\/07\/Mil-Tec\u00ae-US-M3-Combat-Knife.jpg","datePublished":"2025-07-15T10:10:03+00:00","dateModified":"2026-03-04T19:28:01+00:00","breadcrumb":{"@id":"https:\/\/www.outdoors.ee\/et\/toode\/nuga-us-m3-combat-knife\/#breadcrumb"},"inLanguage":"et","potentialAction":[{"@type":"ReadAction","target":["https:\/\/www.outdoors.ee\/et\/toode\/nuga-us-m3-combat-knife\/"]}]},{"@type":"ImageObject","inLanguage":"et","@id":"https:\/\/www.outdoors.ee\/et\/toode\/nuga-us-m3-combat-knife\/#primaryimage","url":"https:\/\/www.outdoors.ee\/wp-content\/uploads\/2025\/07\/Mil-Tec\u00ae-US-M3-Combat-Knife.jpg","contentUrl":"https:\/\/www.outdoors.ee\/wp-content\/uploads\/2025\/07\/Mil-Tec\u00ae-US-M3-Combat-Knife.jpg","width":799,"height":999},{"@type":"BreadcrumbList","@id":"https:\/\/www.outdoors.ee\/et\/toode\/nuga-us-m3-combat-knife\/#breadcrumb","itemListElement":[{"@type":"ListItem","position":1,"name":"Home","item":"https:\/\/www.outdoors.ee\/et\/"},{"@type":"ListItem","position":2,"name":"Tooted","item":"https:\/\/www.outdoors.ee\/products\/"},{"@type":"ListItem","position":3,"name":"Mil-Tec\u00ae nuga US M3 Combat Knife"}]},{"@type":"WebSite","@id":"https:\/\/www.outdoors.ee\/#website","url":"https:\/\/www.outdoors.ee\/","name":"Outdoors","description":"Genuine military surplus and not only!","potentialAction":[{"@type":"SearchAction","target":{"@type":"EntryPoint","urlTemplate":"https:\/\/www.outdoors.ee\/?s={search_term_string}"},"query-input":{"@type":"PropertyValueSpecification","valueRequired":true,"valueName":"search_term_string"}}],"inLanguage":"et"}]}},"_links":{"self":[{"href":"https:\/\/www.outdoors.ee\/et\/wp-json\/wp\/v2\/product\/103176","targetHints":{"allow":["GET"]}}],"collection":[{"href":"https:\/\/www.outdoors.ee\/et\/wp-json\/wp\/v2\/product"}],"about":[{"href":"https:\/\/www.outdoors.ee\/et\/wp-json\/wp\/v2\/types\/product"}],"wp:featuredmedia":[{"embeddable":true,"href":"https:\/\/www.outdoors.ee\/et\/wp-json\/wp\/v2\/media\/103175"}],"wp:attachment":[{"href":"https:\/\/www.outdoors.ee\/et\/wp-json\/wp\/v2\/media?parent=103176"}],"wp:term":[{"taxonomy":"product_brand","embeddable":true,"href":"https:\/\/www.outdoors.ee\/et\/wp-json\/wp\/v2\/product_brand?post=103176"},{"taxonomy":"product_cat","embeddable":true,"href":"https:\/\/www.outdoors.ee\/et\/wp-json\/wp\/v2\/product_cat?post=103176"},{"taxonomy":"product_tag","embeddable":true,"href":"https:\/\/www.outdoors.ee\/et\/wp-json\/wp\/v2\/product_tag?post=103176"}],"curies":[{"name":"wp","href":"https:\/\/api.w.org\/{rel}","templated":true}]}}