{"id":103083,"date":"2025-07-11T14:24:08","date_gmt":"2025-07-11T11:24:08","guid":{"rendered":"https:\/\/www.outdoors.ee\/?post_type=product&#038;p=103083"},"modified":"2025-08-22T11:41:12","modified_gmt":"2025-08-22T08:41:12","slug":"vihmajope-german-trilaminate-wet-weather-jacket","status":"publish","type":"product","link":"https:\/\/www.outdoors.ee\/et\/toode\/vihmajope-german-trilaminate-wet-weather-jacket\/","title":{"rendered":"Mil-Tec\u00ae vihmajope German Trilaminate Wet Weather Jacket"},"content":{"rendered":"<p><strong>Features:<\/strong><\/p>\n<ul>\n<li>Bundeswehr\u00b4i originaal vihmajope koopia<\/li>\n<li>tuulekindel ja vetth\u00fclgav<\/li>\n<li>veekindel 5000mm<\/li>\n<li>vastupidav 3-kihiline struktuur<\/li>\n<li>teibitud \u00f5mblused<\/li>\n<li>pingutusn\u00f6\u00f6riga kapuuts<\/li>\n<li>YKK\u00ae t\u00f5mblukk, tormklapiga kaetud<\/li>\n<li>kaks klapi ning trukkide abil suletavat k\u00e4etaskut<\/li>\n<li>takjapaela abil reguleeritavad mansetid<\/li>\n<li>takjapaela riba nimesildile rinnal<\/li>\n<li>alumise \u00e4\u00e4re pingutusn\u00f6\u00f6r<\/li>\n<li>materjal. 3-kihiline laminaat: 1. 100% nailon ; 2. hingav PU membraan; 3. 100% nailon<\/li>\n<\/ul>\n<p><strong>Seisukord:<\/strong> uus<\/p>\n","protected":false},"excerpt":{"rendered":"<p>Mil-Tec\u00ae vihmajope German Trilaminate Wet Weather Jacket, flecktarn<\/p>\n","protected":false},"featured_media":103074,"template":"","meta":[],"product_brand":[],"product_cat":[101],"product_tag":[3143],"class_list":{"0":"post-103083","1":"product","2":"type-product","3":"status-publish","4":"has-post-thumbnail","6":"product_cat-joped-parkad","7":"product_tag-vihmariided","8":"pa_brand-mil-tec-2","9":"pa_size-l-52-54-et","10":"pa_size-m-48-50-et","11":"pa_size-xl-56-58-et","12":"pa_size-xxl-60-62-et","14":"first","15":"instock","16":"taxable","17":"shipping-taxable","18":"purchasable","19":"product-type-variable"},"yoast_head":"<!-- This site is optimized with the Yoast SEO plugin v27.2 - https:\/\/yoast.com\/product\/yoast-seo-wordpress\/ -->\n<title>Mil-Tec\u00ae vihmajope German Trilaminate Wet Weather Jacket - Outdoors<\/title>\n<meta name=\"robots\" content=\"index, follow, max-snippet:-1, max-image-preview:large, max-video-preview:-1\" \/>\n<link rel=\"canonical\" href=\"https:\/\/www.outdoors.ee\/et\/toode\/vihmajope-german-trilaminate-wet-weather-jacket\/\" \/>\n<meta property=\"og:locale\" content=\"et_EE\" \/>\n<meta property=\"og:type\" content=\"article\" \/>\n<meta property=\"og:title\" content=\"Mil-Tec\u00ae vihmajope German Trilaminate Wet Weather Jacket - Outdoors\" \/>\n<meta property=\"og:description\" content=\"Mil-Tec\u00ae vihmajope German Trilaminate Wet Weather Jacket, flecktarn\" \/>\n<meta property=\"og:url\" content=\"https:\/\/www.outdoors.ee\/et\/toode\/vihmajope-german-trilaminate-wet-weather-jacket\/\" \/>\n<meta property=\"og:site_name\" content=\"Outdoors\" \/>\n<meta property=\"article:modified_time\" content=\"2025-08-22T08:41:12+00:00\" \/>\n<meta property=\"og:image\" content=\"https:\/\/www.outdoors.ee\/wp-content\/uploads\/2025\/07\/Mil-Tec\u00ae-German-Trilaminate-Wet-Weather-Jacket-flecktarn-1.jpg\" \/>\n\t<meta property=\"og:image:width\" content=\"2000\" \/>\n\t<meta property=\"og:image:height\" content=\"1955\" \/>\n\t<meta property=\"og:image:type\" content=\"image\/jpeg\" \/>\n<meta name=\"twitter:card\" content=\"summary_large_image\" \/>\n<meta name=\"twitter:label1\" content=\"Est. reading time\" \/>\n\t<meta name=\"twitter:data1\" content=\"1 minut\" \/>\n<script type=\"application\/ld+json\" class=\"yoast-schema-graph\">{\"@context\":\"https:\/\/schema.org\",\"@graph\":[{\"@type\":\"WebPage\",\"@id\":\"https:\/\/www.outdoors.ee\/et\/toode\/vihmajope-german-trilaminate-wet-weather-jacket\/\",\"url\":\"https:\/\/www.outdoors.ee\/et\/toode\/vihmajope-german-trilaminate-wet-weather-jacket\/\",\"name\":\"Mil-Tec\u00ae vihmajope German Trilaminate Wet Weather Jacket - Outdoors\",\"isPartOf\":{\"@id\":\"https:\/\/www.outdoors.ee\/#website\"},\"primaryImageOfPage\":{\"@id\":\"https:\/\/www.outdoors.ee\/et\/toode\/vihmajope-german-trilaminate-wet-weather-jacket\/#primaryimage\"},\"image\":{\"@id\":\"https:\/\/www.outdoors.ee\/et\/toode\/vihmajope-german-trilaminate-wet-weather-jacket\/#primaryimage\"},\"thumbnailUrl\":\"https:\/\/www.outdoors.ee\/wp-content\/uploads\/2025\/07\/Mil-Tec\u00ae-German-Trilaminate-Wet-Weather-Jacket-flecktarn-1.jpg\",\"datePublished\":\"2025-07-11T11:24:08+00:00\",\"dateModified\":\"2025-08-22T08:41:12+00:00\",\"breadcrumb\":{\"@id\":\"https:\/\/www.outdoors.ee\/et\/toode\/vihmajope-german-trilaminate-wet-weather-jacket\/#breadcrumb\"},\"inLanguage\":\"et\",\"potentialAction\":[{\"@type\":\"ReadAction\",\"target\":[\"https:\/\/www.outdoors.ee\/et\/toode\/vihmajope-german-trilaminate-wet-weather-jacket\/\"]}]},{\"@type\":\"ImageObject\",\"inLanguage\":\"et\",\"@id\":\"https:\/\/www.outdoors.ee\/et\/toode\/vihmajope-german-trilaminate-wet-weather-jacket\/#primaryimage\",\"url\":\"https:\/\/www.outdoors.ee\/wp-content\/uploads\/2025\/07\/Mil-Tec\u00ae-German-Trilaminate-Wet-Weather-Jacket-flecktarn-1.jpg\",\"contentUrl\":\"https:\/\/www.outdoors.ee\/wp-content\/uploads\/2025\/07\/Mil-Tec\u00ae-German-Trilaminate-Wet-Weather-Jacket-flecktarn-1.jpg\",\"width\":2000,\"height\":1955},{\"@type\":\"BreadcrumbList\",\"@id\":\"https:\/\/www.outdoors.ee\/et\/toode\/vihmajope-german-trilaminate-wet-weather-jacket\/#breadcrumb\",\"itemListElement\":[{\"@type\":\"ListItem\",\"position\":1,\"name\":\"Home\",\"item\":\"https:\/\/www.outdoors.ee\/et\/\"},{\"@type\":\"ListItem\",\"position\":2,\"name\":\"Tooted\",\"item\":\"https:\/\/www.outdoors.ee\/products\/\"},{\"@type\":\"ListItem\",\"position\":3,\"name\":\"Mil-Tec\u00ae vihmajope German Trilaminate Wet Weather Jacket\"}]},{\"@type\":\"WebSite\",\"@id\":\"https:\/\/www.outdoors.ee\/#website\",\"url\":\"https:\/\/www.outdoors.ee\/\",\"name\":\"Outdoors\",\"description\":\"Genuine military surplus and not only!\",\"potentialAction\":[{\"@type\":\"SearchAction\",\"target\":{\"@type\":\"EntryPoint\",\"urlTemplate\":\"https:\/\/www.outdoors.ee\/?s={search_term_string}\"},\"query-input\":{\"@type\":\"PropertyValueSpecification\",\"valueRequired\":true,\"valueName\":\"search_term_string\"}}],\"inLanguage\":\"et\"}]}<\/script>\n<!-- \/ Yoast SEO plugin. -->","yoast_head_json":{"title":"Mil-Tec\u00ae vihmajope German Trilaminate Wet Weather Jacket - Outdoors","robots":{"index":"index","follow":"follow","max-snippet":"max-snippet:-1","max-image-preview":"max-image-preview:large","max-video-preview":"max-video-preview:-1"},"canonical":"https:\/\/www.outdoors.ee\/et\/toode\/vihmajope-german-trilaminate-wet-weather-jacket\/","og_locale":"et_EE","og_type":"article","og_title":"Mil-Tec\u00ae vihmajope German Trilaminate Wet Weather Jacket - Outdoors","og_description":"Mil-Tec\u00ae vihmajope German Trilaminate Wet Weather Jacket, flecktarn","og_url":"https:\/\/www.outdoors.ee\/et\/toode\/vihmajope-german-trilaminate-wet-weather-jacket\/","og_site_name":"Outdoors","article_modified_time":"2025-08-22T08:41:12+00:00","og_image":[{"width":2000,"height":1955,"url":"https:\/\/www.outdoors.ee\/wp-content\/uploads\/2025\/07\/Mil-Tec\u00ae-German-Trilaminate-Wet-Weather-Jacket-flecktarn-1.jpg","type":"image\/jpeg"}],"twitter_card":"summary_large_image","twitter_misc":{"Est. reading time":"1 minut"},"schema":{"@context":"https:\/\/schema.org","@graph":[{"@type":"WebPage","@id":"https:\/\/www.outdoors.ee\/et\/toode\/vihmajope-german-trilaminate-wet-weather-jacket\/","url":"https:\/\/www.outdoors.ee\/et\/toode\/vihmajope-german-trilaminate-wet-weather-jacket\/","name":"Mil-Tec\u00ae vihmajope German Trilaminate Wet Weather Jacket - Outdoors","isPartOf":{"@id":"https:\/\/www.outdoors.ee\/#website"},"primaryImageOfPage":{"@id":"https:\/\/www.outdoors.ee\/et\/toode\/vihmajope-german-trilaminate-wet-weather-jacket\/#primaryimage"},"image":{"@id":"https:\/\/www.outdoors.ee\/et\/toode\/vihmajope-german-trilaminate-wet-weather-jacket\/#primaryimage"},"thumbnailUrl":"https:\/\/www.outdoors.ee\/wp-content\/uploads\/2025\/07\/Mil-Tec\u00ae-German-Trilaminate-Wet-Weather-Jacket-flecktarn-1.jpg","datePublished":"2025-07-11T11:24:08+00:00","dateModified":"2025-08-22T08:41:12+00:00","breadcrumb":{"@id":"https:\/\/www.outdoors.ee\/et\/toode\/vihmajope-german-trilaminate-wet-weather-jacket\/#breadcrumb"},"inLanguage":"et","potentialAction":[{"@type":"ReadAction","target":["https:\/\/www.outdoors.ee\/et\/toode\/vihmajope-german-trilaminate-wet-weather-jacket\/"]}]},{"@type":"ImageObject","inLanguage":"et","@id":"https:\/\/www.outdoors.ee\/et\/toode\/vihmajope-german-trilaminate-wet-weather-jacket\/#primaryimage","url":"https:\/\/www.outdoors.ee\/wp-content\/uploads\/2025\/07\/Mil-Tec\u00ae-German-Trilaminate-Wet-Weather-Jacket-flecktarn-1.jpg","contentUrl":"https:\/\/www.outdoors.ee\/wp-content\/uploads\/2025\/07\/Mil-Tec\u00ae-German-Trilaminate-Wet-Weather-Jacket-flecktarn-1.jpg","width":2000,"height":1955},{"@type":"BreadcrumbList","@id":"https:\/\/www.outdoors.ee\/et\/toode\/vihmajope-german-trilaminate-wet-weather-jacket\/#breadcrumb","itemListElement":[{"@type":"ListItem","position":1,"name":"Home","item":"https:\/\/www.outdoors.ee\/et\/"},{"@type":"ListItem","position":2,"name":"Tooted","item":"https:\/\/www.outdoors.ee\/products\/"},{"@type":"ListItem","position":3,"name":"Mil-Tec\u00ae vihmajope German Trilaminate Wet Weather Jacket"}]},{"@type":"WebSite","@id":"https:\/\/www.outdoors.ee\/#website","url":"https:\/\/www.outdoors.ee\/","name":"Outdoors","description":"Genuine military surplus and not only!","potentialAction":[{"@type":"SearchAction","target":{"@type":"EntryPoint","urlTemplate":"https:\/\/www.outdoors.ee\/?s={search_term_string}"},"query-input":{"@type":"PropertyValueSpecification","valueRequired":true,"valueName":"search_term_string"}}],"inLanguage":"et"}]}},"_links":{"self":[{"href":"https:\/\/www.outdoors.ee\/et\/wp-json\/wp\/v2\/product\/103083","targetHints":{"allow":["GET"]}}],"collection":[{"href":"https:\/\/www.outdoors.ee\/et\/wp-json\/wp\/v2\/product"}],"about":[{"href":"https:\/\/www.outdoors.ee\/et\/wp-json\/wp\/v2\/types\/product"}],"wp:featuredmedia":[{"embeddable":true,"href":"https:\/\/www.outdoors.ee\/et\/wp-json\/wp\/v2\/media\/103074"}],"wp:attachment":[{"href":"https:\/\/www.outdoors.ee\/et\/wp-json\/wp\/v2\/media?parent=103083"}],"wp:term":[{"taxonomy":"product_brand","embeddable":true,"href":"https:\/\/www.outdoors.ee\/et\/wp-json\/wp\/v2\/product_brand?post=103083"},{"taxonomy":"product_cat","embeddable":true,"href":"https:\/\/www.outdoors.ee\/et\/wp-json\/wp\/v2\/product_cat?post=103083"},{"taxonomy":"product_tag","embeddable":true,"href":"https:\/\/www.outdoors.ee\/et\/wp-json\/wp\/v2\/product_tag?post=103083"}],"curies":[{"name":"wp","href":"https:\/\/api.w.org\/{rel}","templated":true}]}}