{"id":102993,"date":"2025-07-08T15:37:08","date_gmt":"2025-07-08T12:37:08","guid":{"rendered":"https:\/\/www.outdoors.ee\/?post_type=product&#038;p=102993"},"modified":"2026-03-29T21:54:10","modified_gmt":"2026-03-29T18:54:10","slug":"mil-tec-austria-villane-sviiter","status":"publish","type":"product","link":"https:\/\/www.outdoors.ee\/et\/toode\/mil-tec-austria-villane-sviiter\/","title":{"rendered":"Mil-Tec\u00ae Austria villane sviiter"},"content":{"rendered":"<p><strong>Omadused:<\/strong><\/p>\n<ul>\n<li>Austria s\u00f5jav\u00e4e (\u00d6BH) keedetud villast originaal sviitri koopia<\/li>\n<li>paks ja tihe tekstuur v\u00f5imaldab kanda sviitrit k\u00fclma ja tuulise ilmaga<\/li>\n<li>suurep\u00e4rane soojaisolatsioon ning hingavus<\/li>\n<li>vastupidav m\u00e4\u00e4rdumisele<\/li>\n<li>puuvillased tugevdused \u00f5lgadel ja k\u00fc\u00fcnarnukkidel<\/li>\n<li>k\u00f5rge kaelus n\u00f6\u00f6pidega<\/li>\n<li>n\u00f6\u00f6pidega auastme eraldusm\u00e4rgi klapid \u00f5lgadel<\/li>\n<li>takjapaela riba nimesildile paremal rinnal<\/li>\n<li>materjal 100% vill<\/li>\n<\/ul>\n<p><strong>Seisukord:<\/strong> uus<\/p>\n","protected":false},"excerpt":{"rendered":"<p>Mil-Tec\u00ae sviiter Austrian Alpine Wool Sweater, oliivroheline<\/p>\n","protected":false},"featured_media":102989,"template":"","meta":[],"product_brand":[],"product_cat":[2699],"product_tag":[],"class_list":{"0":"post-102993","1":"product","2":"type-product","3":"status-publish","4":"has-post-thumbnail","6":"product_cat-sviitrid-pulloverid","7":"pa_brand-mil-tec-2","8":"pa_size-l-54-et","9":"pa_size-m-52-et","10":"pa_size-xl-56-et","11":"pa_size-xxl-58-et","12":"pa_size-xxxl-60-et","14":"first","15":"instock","16":"taxable","17":"shipping-taxable","18":"purchasable","19":"product-type-variable"},"yoast_head":"<!-- This site is optimized with the Yoast SEO plugin v27.2 - https:\/\/yoast.com\/product\/yoast-seo-wordpress\/ -->\n<title>Mil-Tec\u00ae Austria villane sviiter - Outdoors<\/title>\n<meta name=\"robots\" content=\"index, follow, max-snippet:-1, max-image-preview:large, max-video-preview:-1\" \/>\n<link rel=\"canonical\" href=\"https:\/\/www.outdoors.ee\/et\/toode\/mil-tec-austria-villane-sviiter\/\" \/>\n<meta property=\"og:locale\" content=\"et_EE\" \/>\n<meta property=\"og:type\" content=\"article\" \/>\n<meta property=\"og:title\" content=\"Mil-Tec\u00ae Austria villane sviiter - Outdoors\" \/>\n<meta property=\"og:description\" content=\"Mil-Tec\u00ae sviiter Austrian Alpine Wool Sweater, oliivroheline\" \/>\n<meta property=\"og:url\" content=\"https:\/\/www.outdoors.ee\/et\/toode\/mil-tec-austria-villane-sviiter\/\" \/>\n<meta property=\"og:site_name\" content=\"Outdoors\" \/>\n<meta property=\"article:modified_time\" content=\"2026-03-29T18:54:10+00:00\" \/>\n<meta property=\"og:image\" content=\"https:\/\/www.outdoors.ee\/wp-content\/uploads\/2025\/07\/Mil-Tec\u00ae-Austrian-Alpine-Wool-Sweater-olive-drab-3.jpg\" \/>\n\t<meta property=\"og:image:width\" content=\"1600\" \/>\n\t<meta property=\"og:image:height\" content=\"1600\" \/>\n\t<meta property=\"og:image:type\" content=\"image\/jpeg\" \/>\n<meta name=\"twitter:card\" content=\"summary_large_image\" \/>\n<meta name=\"twitter:label1\" content=\"Est. reading time\" \/>\n\t<meta name=\"twitter:data1\" content=\"1 minut\" \/>\n<script type=\"application\/ld+json\" class=\"yoast-schema-graph\">{\"@context\":\"https:\/\/schema.org\",\"@graph\":[{\"@type\":\"WebPage\",\"@id\":\"https:\/\/www.outdoors.ee\/et\/toode\/mil-tec-austria-villane-sviiter\/\",\"url\":\"https:\/\/www.outdoors.ee\/et\/toode\/mil-tec-austria-villane-sviiter\/\",\"name\":\"Mil-Tec\u00ae Austria villane sviiter - Outdoors\",\"isPartOf\":{\"@id\":\"https:\/\/www.outdoors.ee\/#website\"},\"primaryImageOfPage\":{\"@id\":\"https:\/\/www.outdoors.ee\/et\/toode\/mil-tec-austria-villane-sviiter\/#primaryimage\"},\"image\":{\"@id\":\"https:\/\/www.outdoors.ee\/et\/toode\/mil-tec-austria-villane-sviiter\/#primaryimage\"},\"thumbnailUrl\":\"https:\/\/www.outdoors.ee\/wp-content\/uploads\/2025\/07\/Mil-Tec\u00ae-Austrian-Alpine-Wool-Sweater-olive-drab-3.jpg\",\"datePublished\":\"2025-07-08T12:37:08+00:00\",\"dateModified\":\"2026-03-29T18:54:10+00:00\",\"breadcrumb\":{\"@id\":\"https:\/\/www.outdoors.ee\/et\/toode\/mil-tec-austria-villane-sviiter\/#breadcrumb\"},\"inLanguage\":\"et\",\"potentialAction\":[{\"@type\":\"ReadAction\",\"target\":[\"https:\/\/www.outdoors.ee\/et\/toode\/mil-tec-austria-villane-sviiter\/\"]}]},{\"@type\":\"ImageObject\",\"inLanguage\":\"et\",\"@id\":\"https:\/\/www.outdoors.ee\/et\/toode\/mil-tec-austria-villane-sviiter\/#primaryimage\",\"url\":\"https:\/\/www.outdoors.ee\/wp-content\/uploads\/2025\/07\/Mil-Tec\u00ae-Austrian-Alpine-Wool-Sweater-olive-drab-3.jpg\",\"contentUrl\":\"https:\/\/www.outdoors.ee\/wp-content\/uploads\/2025\/07\/Mil-Tec\u00ae-Austrian-Alpine-Wool-Sweater-olive-drab-3.jpg\",\"width\":1600,\"height\":1600},{\"@type\":\"BreadcrumbList\",\"@id\":\"https:\/\/www.outdoors.ee\/et\/toode\/mil-tec-austria-villane-sviiter\/#breadcrumb\",\"itemListElement\":[{\"@type\":\"ListItem\",\"position\":1,\"name\":\"Home\",\"item\":\"https:\/\/www.outdoors.ee\/et\/\"},{\"@type\":\"ListItem\",\"position\":2,\"name\":\"Tooted\",\"item\":\"https:\/\/www.outdoors.ee\/products\/\"},{\"@type\":\"ListItem\",\"position\":3,\"name\":\"Mil-Tec\u00ae Austria villane sviiter\"}]},{\"@type\":\"WebSite\",\"@id\":\"https:\/\/www.outdoors.ee\/#website\",\"url\":\"https:\/\/www.outdoors.ee\/\",\"name\":\"Outdoors\",\"description\":\"Genuine military surplus and not only!\",\"potentialAction\":[{\"@type\":\"SearchAction\",\"target\":{\"@type\":\"EntryPoint\",\"urlTemplate\":\"https:\/\/www.outdoors.ee\/?s={search_term_string}\"},\"query-input\":{\"@type\":\"PropertyValueSpecification\",\"valueRequired\":true,\"valueName\":\"search_term_string\"}}],\"inLanguage\":\"et\"}]}<\/script>\n<!-- \/ Yoast SEO plugin. -->","yoast_head_json":{"title":"Mil-Tec\u00ae Austria villane sviiter - Outdoors","robots":{"index":"index","follow":"follow","max-snippet":"max-snippet:-1","max-image-preview":"max-image-preview:large","max-video-preview":"max-video-preview:-1"},"canonical":"https:\/\/www.outdoors.ee\/et\/toode\/mil-tec-austria-villane-sviiter\/","og_locale":"et_EE","og_type":"article","og_title":"Mil-Tec\u00ae Austria villane sviiter - Outdoors","og_description":"Mil-Tec\u00ae sviiter Austrian Alpine Wool Sweater, oliivroheline","og_url":"https:\/\/www.outdoors.ee\/et\/toode\/mil-tec-austria-villane-sviiter\/","og_site_name":"Outdoors","article_modified_time":"2026-03-29T18:54:10+00:00","og_image":[{"width":1600,"height":1600,"url":"https:\/\/www.outdoors.ee\/wp-content\/uploads\/2025\/07\/Mil-Tec\u00ae-Austrian-Alpine-Wool-Sweater-olive-drab-3.jpg","type":"image\/jpeg"}],"twitter_card":"summary_large_image","twitter_misc":{"Est. reading time":"1 minut"},"schema":{"@context":"https:\/\/schema.org","@graph":[{"@type":"WebPage","@id":"https:\/\/www.outdoors.ee\/et\/toode\/mil-tec-austria-villane-sviiter\/","url":"https:\/\/www.outdoors.ee\/et\/toode\/mil-tec-austria-villane-sviiter\/","name":"Mil-Tec\u00ae Austria villane sviiter - Outdoors","isPartOf":{"@id":"https:\/\/www.outdoors.ee\/#website"},"primaryImageOfPage":{"@id":"https:\/\/www.outdoors.ee\/et\/toode\/mil-tec-austria-villane-sviiter\/#primaryimage"},"image":{"@id":"https:\/\/www.outdoors.ee\/et\/toode\/mil-tec-austria-villane-sviiter\/#primaryimage"},"thumbnailUrl":"https:\/\/www.outdoors.ee\/wp-content\/uploads\/2025\/07\/Mil-Tec\u00ae-Austrian-Alpine-Wool-Sweater-olive-drab-3.jpg","datePublished":"2025-07-08T12:37:08+00:00","dateModified":"2026-03-29T18:54:10+00:00","breadcrumb":{"@id":"https:\/\/www.outdoors.ee\/et\/toode\/mil-tec-austria-villane-sviiter\/#breadcrumb"},"inLanguage":"et","potentialAction":[{"@type":"ReadAction","target":["https:\/\/www.outdoors.ee\/et\/toode\/mil-tec-austria-villane-sviiter\/"]}]},{"@type":"ImageObject","inLanguage":"et","@id":"https:\/\/www.outdoors.ee\/et\/toode\/mil-tec-austria-villane-sviiter\/#primaryimage","url":"https:\/\/www.outdoors.ee\/wp-content\/uploads\/2025\/07\/Mil-Tec\u00ae-Austrian-Alpine-Wool-Sweater-olive-drab-3.jpg","contentUrl":"https:\/\/www.outdoors.ee\/wp-content\/uploads\/2025\/07\/Mil-Tec\u00ae-Austrian-Alpine-Wool-Sweater-olive-drab-3.jpg","width":1600,"height":1600},{"@type":"BreadcrumbList","@id":"https:\/\/www.outdoors.ee\/et\/toode\/mil-tec-austria-villane-sviiter\/#breadcrumb","itemListElement":[{"@type":"ListItem","position":1,"name":"Home","item":"https:\/\/www.outdoors.ee\/et\/"},{"@type":"ListItem","position":2,"name":"Tooted","item":"https:\/\/www.outdoors.ee\/products\/"},{"@type":"ListItem","position":3,"name":"Mil-Tec\u00ae Austria villane sviiter"}]},{"@type":"WebSite","@id":"https:\/\/www.outdoors.ee\/#website","url":"https:\/\/www.outdoors.ee\/","name":"Outdoors","description":"Genuine military surplus and not only!","potentialAction":[{"@type":"SearchAction","target":{"@type":"EntryPoint","urlTemplate":"https:\/\/www.outdoors.ee\/?s={search_term_string}"},"query-input":{"@type":"PropertyValueSpecification","valueRequired":true,"valueName":"search_term_string"}}],"inLanguage":"et"}]}},"_links":{"self":[{"href":"https:\/\/www.outdoors.ee\/et\/wp-json\/wp\/v2\/product\/102993","targetHints":{"allow":["GET"]}}],"collection":[{"href":"https:\/\/www.outdoors.ee\/et\/wp-json\/wp\/v2\/product"}],"about":[{"href":"https:\/\/www.outdoors.ee\/et\/wp-json\/wp\/v2\/types\/product"}],"wp:featuredmedia":[{"embeddable":true,"href":"https:\/\/www.outdoors.ee\/et\/wp-json\/wp\/v2\/media\/102989"}],"wp:attachment":[{"href":"https:\/\/www.outdoors.ee\/et\/wp-json\/wp\/v2\/media?parent=102993"}],"wp:term":[{"taxonomy":"product_brand","embeddable":true,"href":"https:\/\/www.outdoors.ee\/et\/wp-json\/wp\/v2\/product_brand?post=102993"},{"taxonomy":"product_cat","embeddable":true,"href":"https:\/\/www.outdoors.ee\/et\/wp-json\/wp\/v2\/product_cat?post=102993"},{"taxonomy":"product_tag","embeddable":true,"href":"https:\/\/www.outdoors.ee\/et\/wp-json\/wp\/v2\/product_tag?post=102993"}],"curies":[{"name":"wp","href":"https:\/\/api.w.org\/{rel}","templated":true}]}}