{"id":102769,"date":"2025-06-18T14:55:47","date_gmt":"2025-06-18T11:55:47","guid":{"rendered":"https:\/\/www.outdoors.ee\/?post_type=product&#038;p=102769"},"modified":"2026-03-03T14:28:43","modified_gmt":"2026-03-03T12:28:43","slug":"varustuse-kott-loader-100l-holdall-2","status":"publish","type":"product","link":"https:\/\/www.outdoors.ee\/et\/toode\/varustuse-kott-loader-100l-holdall-2\/","title":{"rendered":"Highlander\u00ae varustuse kott Loader 100L Holdall"},"content":{"rendered":"<p>Loader on \u00e4\u00e4rmiselt vastupidav ning talub rasket koormust. Selle 1000D vetth\u00fclgav kangas ja tugevad t\u00f5mblukud pakuvad sisule usaldusv\u00e4\u00e4rset kaitset. Eemaldatavad seljakotirihmad v\u00f5imaldavad seda mugavalt seljas kanda, et kiiresti ja lihtsalt liikuda. Kolme erineva kandes\u00fcsteemiga Loader pakub maksimaalset paindlikkust.<\/p>\n<p><strong>Omadused:<\/strong><\/p>\n<ul>\n<li><span class=\"metafield-multi_line_text_field\">vastupidav, vetth\u00fclgav kate (DWR coating)<\/span><\/li>\n<li>laialt avanev p\u00f5hisahtel<\/li>\n<li><span class=\"metafield-multi_line_text_field\">kolmel erineval viisil kantav<\/span><\/li>\n<li>peidetavad, polsterdatud \u00f5larihmad<\/li>\n<li>tugevdatud kandesangad<\/li>\n<li>2 t\u00f5mblukuga k\u00fcljetaskut<\/li>\n<li>vastupidavad t\u00f5mblukud<\/li>\n<li>kompressioonrihmad<\/li>\n<li>D-r\u00f5ngad ning klambrid<\/li>\n<li>ID-tasku<\/li>\n<li>maht 100L<\/li>\n<li>kaal ca 1.4kg<\/li>\n<li>materjal 1000D XTP pol\u00fcester<\/li>\n<li>m\u00f5\u00f5tmed: 76 x 38 x 36cm<\/li>\n<\/ul>\n<p><strong>Seisukord:<\/strong> uus<\/p>\n","protected":false},"excerpt":{"rendered":"<p>Loader on \u00e4\u00e4rmiselt vastupidav ning talub rasket koormust. Selle 1000D vetth\u00fclgav kangas ja tugevad t\u00f5mblukud pakuvad sisule usaldusv\u00e4\u00e4rset kaitset. Eemaldatavad<\/p>\n","protected":false},"featured_media":102747,"template":"","meta":[],"product_brand":[],"product_cat":[3541],"product_tag":[],"class_list":{"0":"post-102769","1":"product","2":"type-product","3":"status-publish","4":"has-post-thumbnail","6":"product_cat-kotid-taskud","7":"pa_brand-highlander-2","8":"pa_color-black-2","9":"pa_color-hall-2","10":"pa_color-olive-2","12":"first","13":"instock","14":"taxable","15":"shipping-taxable","16":"purchasable","17":"product-type-variable"},"yoast_head":"<!-- This site is optimized with the Yoast SEO plugin v27.2 - https:\/\/yoast.com\/product\/yoast-seo-wordpress\/ -->\n<title>Highlander\u00ae varustuse kott Loader 100L Holdall - Outdoors<\/title>\n<meta name=\"robots\" content=\"index, follow, max-snippet:-1, max-image-preview:large, max-video-preview:-1\" \/>\n<link rel=\"canonical\" href=\"https:\/\/www.outdoors.ee\/et\/toode\/varustuse-kott-loader-100l-holdall-2\/\" \/>\n<meta property=\"og:locale\" content=\"et_EE\" \/>\n<meta property=\"og:type\" content=\"article\" \/>\n<meta property=\"og:title\" content=\"Highlander\u00ae varustuse kott Loader 100L Holdall - Outdoors\" \/>\n<meta property=\"og:description\" content=\"Loader on \u00e4\u00e4rmiselt vastupidav ning talub rasket koormust. Selle 1000D vetth\u00fclgav kangas ja tugevad t\u00f5mblukud pakuvad sisule usaldusv\u00e4\u00e4rset kaitset. Eemaldatavad\" \/>\n<meta property=\"og:url\" content=\"https:\/\/www.outdoors.ee\/et\/toode\/varustuse-kott-loader-100l-holdall-2\/\" \/>\n<meta property=\"og:site_name\" content=\"Outdoors\" \/>\n<meta property=\"article:modified_time\" content=\"2026-03-03T12:28:43+00:00\" \/>\n<meta property=\"og:image\" content=\"https:\/\/www.outdoors.ee\/wp-content\/uploads\/2025\/06\/Highlander\u00ae-Loader-100L-Holdall-Olive-2.jpg\" \/>\n\t<meta property=\"og:image:width\" content=\"2500\" \/>\n\t<meta property=\"og:image:height\" content=\"2500\" \/>\n\t<meta property=\"og:image:type\" content=\"image\/jpeg\" \/>\n<meta name=\"twitter:card\" content=\"summary_large_image\" \/>\n<meta name=\"twitter:label1\" content=\"Est. reading time\" \/>\n\t<meta name=\"twitter:data1\" content=\"1 minut\" \/>\n<script type=\"application\/ld+json\" class=\"yoast-schema-graph\">{\"@context\":\"https:\/\/schema.org\",\"@graph\":[{\"@type\":\"WebPage\",\"@id\":\"https:\/\/www.outdoors.ee\/et\/toode\/varustuse-kott-loader-100l-holdall-2\/\",\"url\":\"https:\/\/www.outdoors.ee\/et\/toode\/varustuse-kott-loader-100l-holdall-2\/\",\"name\":\"Highlander\u00ae varustuse kott Loader 100L Holdall - Outdoors\",\"isPartOf\":{\"@id\":\"https:\/\/www.outdoors.ee\/#website\"},\"primaryImageOfPage\":{\"@id\":\"https:\/\/www.outdoors.ee\/et\/toode\/varustuse-kott-loader-100l-holdall-2\/#primaryimage\"},\"image\":{\"@id\":\"https:\/\/www.outdoors.ee\/et\/toode\/varustuse-kott-loader-100l-holdall-2\/#primaryimage\"},\"thumbnailUrl\":\"https:\/\/www.outdoors.ee\/wp-content\/uploads\/2025\/06\/Highlander\u00ae-Loader-100L-Holdall-Olive-2.jpg\",\"datePublished\":\"2025-06-18T11:55:47+00:00\",\"dateModified\":\"2026-03-03T12:28:43+00:00\",\"breadcrumb\":{\"@id\":\"https:\/\/www.outdoors.ee\/et\/toode\/varustuse-kott-loader-100l-holdall-2\/#breadcrumb\"},\"inLanguage\":\"et\",\"potentialAction\":[{\"@type\":\"ReadAction\",\"target\":[\"https:\/\/www.outdoors.ee\/et\/toode\/varustuse-kott-loader-100l-holdall-2\/\"]}]},{\"@type\":\"ImageObject\",\"inLanguage\":\"et\",\"@id\":\"https:\/\/www.outdoors.ee\/et\/toode\/varustuse-kott-loader-100l-holdall-2\/#primaryimage\",\"url\":\"https:\/\/www.outdoors.ee\/wp-content\/uploads\/2025\/06\/Highlander\u00ae-Loader-100L-Holdall-Olive-2.jpg\",\"contentUrl\":\"https:\/\/www.outdoors.ee\/wp-content\/uploads\/2025\/06\/Highlander\u00ae-Loader-100L-Holdall-Olive-2.jpg\",\"width\":2500,\"height\":2500},{\"@type\":\"BreadcrumbList\",\"@id\":\"https:\/\/www.outdoors.ee\/et\/toode\/varustuse-kott-loader-100l-holdall-2\/#breadcrumb\",\"itemListElement\":[{\"@type\":\"ListItem\",\"position\":1,\"name\":\"Home\",\"item\":\"https:\/\/www.outdoors.ee\/et\/\"},{\"@type\":\"ListItem\",\"position\":2,\"name\":\"Tooted\",\"item\":\"https:\/\/www.outdoors.ee\/products\/\"},{\"@type\":\"ListItem\",\"position\":3,\"name\":\"Highlander\u00ae varustuse kott Loader 100L Holdall\"}]},{\"@type\":\"WebSite\",\"@id\":\"https:\/\/www.outdoors.ee\/#website\",\"url\":\"https:\/\/www.outdoors.ee\/\",\"name\":\"Outdoors\",\"description\":\"Genuine military surplus and not only!\",\"potentialAction\":[{\"@type\":\"SearchAction\",\"target\":{\"@type\":\"EntryPoint\",\"urlTemplate\":\"https:\/\/www.outdoors.ee\/?s={search_term_string}\"},\"query-input\":{\"@type\":\"PropertyValueSpecification\",\"valueRequired\":true,\"valueName\":\"search_term_string\"}}],\"inLanguage\":\"et\"}]}<\/script>\n<!-- \/ Yoast SEO plugin. -->","yoast_head_json":{"title":"Highlander\u00ae varustuse kott Loader 100L Holdall - Outdoors","robots":{"index":"index","follow":"follow","max-snippet":"max-snippet:-1","max-image-preview":"max-image-preview:large","max-video-preview":"max-video-preview:-1"},"canonical":"https:\/\/www.outdoors.ee\/et\/toode\/varustuse-kott-loader-100l-holdall-2\/","og_locale":"et_EE","og_type":"article","og_title":"Highlander\u00ae varustuse kott Loader 100L Holdall - Outdoors","og_description":"Loader on \u00e4\u00e4rmiselt vastupidav ning talub rasket koormust. Selle 1000D vetth\u00fclgav kangas ja tugevad t\u00f5mblukud pakuvad sisule usaldusv\u00e4\u00e4rset kaitset. Eemaldatavad","og_url":"https:\/\/www.outdoors.ee\/et\/toode\/varustuse-kott-loader-100l-holdall-2\/","og_site_name":"Outdoors","article_modified_time":"2026-03-03T12:28:43+00:00","og_image":[{"width":2500,"height":2500,"url":"https:\/\/www.outdoors.ee\/wp-content\/uploads\/2025\/06\/Highlander\u00ae-Loader-100L-Holdall-Olive-2.jpg","type":"image\/jpeg"}],"twitter_card":"summary_large_image","twitter_misc":{"Est. reading time":"1 minut"},"schema":{"@context":"https:\/\/schema.org","@graph":[{"@type":"WebPage","@id":"https:\/\/www.outdoors.ee\/et\/toode\/varustuse-kott-loader-100l-holdall-2\/","url":"https:\/\/www.outdoors.ee\/et\/toode\/varustuse-kott-loader-100l-holdall-2\/","name":"Highlander\u00ae varustuse kott Loader 100L Holdall - Outdoors","isPartOf":{"@id":"https:\/\/www.outdoors.ee\/#website"},"primaryImageOfPage":{"@id":"https:\/\/www.outdoors.ee\/et\/toode\/varustuse-kott-loader-100l-holdall-2\/#primaryimage"},"image":{"@id":"https:\/\/www.outdoors.ee\/et\/toode\/varustuse-kott-loader-100l-holdall-2\/#primaryimage"},"thumbnailUrl":"https:\/\/www.outdoors.ee\/wp-content\/uploads\/2025\/06\/Highlander\u00ae-Loader-100L-Holdall-Olive-2.jpg","datePublished":"2025-06-18T11:55:47+00:00","dateModified":"2026-03-03T12:28:43+00:00","breadcrumb":{"@id":"https:\/\/www.outdoors.ee\/et\/toode\/varustuse-kott-loader-100l-holdall-2\/#breadcrumb"},"inLanguage":"et","potentialAction":[{"@type":"ReadAction","target":["https:\/\/www.outdoors.ee\/et\/toode\/varustuse-kott-loader-100l-holdall-2\/"]}]},{"@type":"ImageObject","inLanguage":"et","@id":"https:\/\/www.outdoors.ee\/et\/toode\/varustuse-kott-loader-100l-holdall-2\/#primaryimage","url":"https:\/\/www.outdoors.ee\/wp-content\/uploads\/2025\/06\/Highlander\u00ae-Loader-100L-Holdall-Olive-2.jpg","contentUrl":"https:\/\/www.outdoors.ee\/wp-content\/uploads\/2025\/06\/Highlander\u00ae-Loader-100L-Holdall-Olive-2.jpg","width":2500,"height":2500},{"@type":"BreadcrumbList","@id":"https:\/\/www.outdoors.ee\/et\/toode\/varustuse-kott-loader-100l-holdall-2\/#breadcrumb","itemListElement":[{"@type":"ListItem","position":1,"name":"Home","item":"https:\/\/www.outdoors.ee\/et\/"},{"@type":"ListItem","position":2,"name":"Tooted","item":"https:\/\/www.outdoors.ee\/products\/"},{"@type":"ListItem","position":3,"name":"Highlander\u00ae varustuse kott Loader 100L Holdall"}]},{"@type":"WebSite","@id":"https:\/\/www.outdoors.ee\/#website","url":"https:\/\/www.outdoors.ee\/","name":"Outdoors","description":"Genuine military surplus and not only!","potentialAction":[{"@type":"SearchAction","target":{"@type":"EntryPoint","urlTemplate":"https:\/\/www.outdoors.ee\/?s={search_term_string}"},"query-input":{"@type":"PropertyValueSpecification","valueRequired":true,"valueName":"search_term_string"}}],"inLanguage":"et"}]}},"_links":{"self":[{"href":"https:\/\/www.outdoors.ee\/et\/wp-json\/wp\/v2\/product\/102769","targetHints":{"allow":["GET"]}}],"collection":[{"href":"https:\/\/www.outdoors.ee\/et\/wp-json\/wp\/v2\/product"}],"about":[{"href":"https:\/\/www.outdoors.ee\/et\/wp-json\/wp\/v2\/types\/product"}],"wp:featuredmedia":[{"embeddable":true,"href":"https:\/\/www.outdoors.ee\/et\/wp-json\/wp\/v2\/media\/102747"}],"wp:attachment":[{"href":"https:\/\/www.outdoors.ee\/et\/wp-json\/wp\/v2\/media?parent=102769"}],"wp:term":[{"taxonomy":"product_brand","embeddable":true,"href":"https:\/\/www.outdoors.ee\/et\/wp-json\/wp\/v2\/product_brand?post=102769"},{"taxonomy":"product_cat","embeddable":true,"href":"https:\/\/www.outdoors.ee\/et\/wp-json\/wp\/v2\/product_cat?post=102769"},{"taxonomy":"product_tag","embeddable":true,"href":"https:\/\/www.outdoors.ee\/et\/wp-json\/wp\/v2\/product_tag?post=102769"}],"curies":[{"name":"wp","href":"https:\/\/api.w.org\/{rel}","templated":true}]}}