{"id":102690,"date":"2025-06-18T10:41:07","date_gmt":"2025-06-18T07:41:07","guid":{"rendered":"https:\/\/www.outdoors.ee\/?post_type=product&#038;p=102690"},"modified":"2026-01-25T14:12:18","modified_gmt":"2026-01-25T12:12:18","slug":"varikatus-basha-shelter","status":"publish","type":"product","link":"https:\/\/www.outdoors.ee\/et\/toode\/varikatus-basha-shelter\/","title":{"rendered":"Highlander\u00ae varikatus Basha Shelter"},"content":{"rendered":"<p>Mitmek\u00fclgselt kasutatav varikatus, mida saab siduda puu k\u00fclge. Veekindla katte, trukkide (millega saab \u00fchendada kaks v\u00f5i mitu varikatust) ja rebenemiskindlast kangast valmistatuna loob see vastupidava varjualuse.<\/p>\n<p><strong>Omadused:<\/strong><\/p>\n<ul>\n<li><span class=\"metafield-multi_line_text_field\">vastupidav ja vihmakindel (2000mm) PU kate\u00a0<\/span><\/li>\n<li>teibitud \u00f5mblused<\/li>\n<li>kahekordse \u00f5mblusega aasad<\/li>\n<li>trukid kahe (v\u00f5i mitme) varikatuse \u00fchendamiseks<\/li>\n<li>kaal 500g<\/li>\n<li>m\u00f5\u00f5tmed: 250 x 170cm; pakituna: 22 x 12cm<\/li>\n<li>materjal: 210D Ripstop pol\u00fcester<\/li>\n<\/ul>\n<p><strong>Seisukord:<\/strong> uus<\/p>\n","protected":false},"excerpt":{"rendered":"<p>Mitmek\u00fclgselt kasutatav varikatus, mida saab siduda puu k\u00fclge. Veekindla katte, trukkide (millega saab \u00fchendada kaks v\u00f5i mitu varikatust) ja rebenemiskindlast<\/p>\n","protected":false},"featured_media":102665,"template":"","meta":[],"product_brand":[],"product_cat":[150],"product_tag":[],"class_list":{"0":"post-102690","1":"product","2":"type-product","3":"status-publish","4":"has-post-thumbnail","6":"product_cat-magamisvarustus","7":"pa_brand-highlander-2","8":"pa_color-hmtc-et","9":"pa_color-olive-2","11":"first","12":"instock","13":"taxable","14":"shipping-taxable","15":"purchasable","16":"product-type-variable"},"yoast_head":"<!-- This site is optimized with the Yoast SEO plugin v27.2 - https:\/\/yoast.com\/product\/yoast-seo-wordpress\/ -->\n<title>Highlander\u00ae varikatus Basha Shelter - Outdoors<\/title>\n<meta name=\"robots\" content=\"index, follow, max-snippet:-1, max-image-preview:large, max-video-preview:-1\" \/>\n<link rel=\"canonical\" href=\"https:\/\/www.outdoors.ee\/et\/toode\/varikatus-basha-shelter\/\" \/>\n<meta property=\"og:locale\" content=\"et_EE\" \/>\n<meta property=\"og:type\" content=\"article\" \/>\n<meta property=\"og:title\" content=\"Highlander\u00ae varikatus Basha Shelter - Outdoors\" \/>\n<meta property=\"og:description\" content=\"Mitmek\u00fclgselt kasutatav varikatus, mida saab siduda puu k\u00fclge. Veekindla katte, trukkide (millega saab \u00fchendada kaks v\u00f5i mitu varikatust) ja rebenemiskindlast\" \/>\n<meta property=\"og:url\" content=\"https:\/\/www.outdoors.ee\/et\/toode\/varikatus-basha-shelter\/\" \/>\n<meta property=\"og:site_name\" content=\"Outdoors\" \/>\n<meta property=\"article:modified_time\" content=\"2026-01-25T12:12:18+00:00\" \/>\n<meta property=\"og:image\" content=\"https:\/\/www.outdoors.ee\/wp-content\/uploads\/2025\/06\/Highlander\u00ae-Basha-Shelter-HMTC-1.jpg\" \/>\n\t<meta property=\"og:image:width\" content=\"2500\" \/>\n\t<meta property=\"og:image:height\" content=\"2500\" \/>\n\t<meta property=\"og:image:type\" content=\"image\/jpeg\" \/>\n<meta name=\"twitter:card\" content=\"summary_large_image\" \/>\n<meta name=\"twitter:label1\" content=\"Est. reading time\" \/>\n\t<meta name=\"twitter:data1\" content=\"1 minut\" \/>\n<script type=\"application\/ld+json\" class=\"yoast-schema-graph\">{\"@context\":\"https:\/\/schema.org\",\"@graph\":[{\"@type\":\"WebPage\",\"@id\":\"https:\/\/www.outdoors.ee\/et\/toode\/varikatus-basha-shelter\/\",\"url\":\"https:\/\/www.outdoors.ee\/et\/toode\/varikatus-basha-shelter\/\",\"name\":\"Highlander\u00ae varikatus Basha Shelter - Outdoors\",\"isPartOf\":{\"@id\":\"https:\/\/www.outdoors.ee\/#website\"},\"primaryImageOfPage\":{\"@id\":\"https:\/\/www.outdoors.ee\/et\/toode\/varikatus-basha-shelter\/#primaryimage\"},\"image\":{\"@id\":\"https:\/\/www.outdoors.ee\/et\/toode\/varikatus-basha-shelter\/#primaryimage\"},\"thumbnailUrl\":\"https:\/\/www.outdoors.ee\/wp-content\/uploads\/2025\/06\/Highlander\u00ae-Basha-Shelter-HMTC-1.jpg\",\"datePublished\":\"2025-06-18T07:41:07+00:00\",\"dateModified\":\"2026-01-25T12:12:18+00:00\",\"breadcrumb\":{\"@id\":\"https:\/\/www.outdoors.ee\/et\/toode\/varikatus-basha-shelter\/#breadcrumb\"},\"inLanguage\":\"et\",\"potentialAction\":[{\"@type\":\"ReadAction\",\"target\":[\"https:\/\/www.outdoors.ee\/et\/toode\/varikatus-basha-shelter\/\"]}]},{\"@type\":\"ImageObject\",\"inLanguage\":\"et\",\"@id\":\"https:\/\/www.outdoors.ee\/et\/toode\/varikatus-basha-shelter\/#primaryimage\",\"url\":\"https:\/\/www.outdoors.ee\/wp-content\/uploads\/2025\/06\/Highlander\u00ae-Basha-Shelter-HMTC-1.jpg\",\"contentUrl\":\"https:\/\/www.outdoors.ee\/wp-content\/uploads\/2025\/06\/Highlander\u00ae-Basha-Shelter-HMTC-1.jpg\",\"width\":2500,\"height\":2500},{\"@type\":\"BreadcrumbList\",\"@id\":\"https:\/\/www.outdoors.ee\/et\/toode\/varikatus-basha-shelter\/#breadcrumb\",\"itemListElement\":[{\"@type\":\"ListItem\",\"position\":1,\"name\":\"Home\",\"item\":\"https:\/\/www.outdoors.ee\/et\/\"},{\"@type\":\"ListItem\",\"position\":2,\"name\":\"Tooted\",\"item\":\"https:\/\/www.outdoors.ee\/products\/\"},{\"@type\":\"ListItem\",\"position\":3,\"name\":\"Highlander\u00ae varikatus Basha Shelter\"}]},{\"@type\":\"WebSite\",\"@id\":\"https:\/\/www.outdoors.ee\/#website\",\"url\":\"https:\/\/www.outdoors.ee\/\",\"name\":\"Outdoors\",\"description\":\"Genuine military surplus and not only!\",\"potentialAction\":[{\"@type\":\"SearchAction\",\"target\":{\"@type\":\"EntryPoint\",\"urlTemplate\":\"https:\/\/www.outdoors.ee\/?s={search_term_string}\"},\"query-input\":{\"@type\":\"PropertyValueSpecification\",\"valueRequired\":true,\"valueName\":\"search_term_string\"}}],\"inLanguage\":\"et\"}]}<\/script>\n<!-- \/ Yoast SEO plugin. -->","yoast_head_json":{"title":"Highlander\u00ae varikatus Basha Shelter - Outdoors","robots":{"index":"index","follow":"follow","max-snippet":"max-snippet:-1","max-image-preview":"max-image-preview:large","max-video-preview":"max-video-preview:-1"},"canonical":"https:\/\/www.outdoors.ee\/et\/toode\/varikatus-basha-shelter\/","og_locale":"et_EE","og_type":"article","og_title":"Highlander\u00ae varikatus Basha Shelter - Outdoors","og_description":"Mitmek\u00fclgselt kasutatav varikatus, mida saab siduda puu k\u00fclge. Veekindla katte, trukkide (millega saab \u00fchendada kaks v\u00f5i mitu varikatust) ja rebenemiskindlast","og_url":"https:\/\/www.outdoors.ee\/et\/toode\/varikatus-basha-shelter\/","og_site_name":"Outdoors","article_modified_time":"2026-01-25T12:12:18+00:00","og_image":[{"width":2500,"height":2500,"url":"https:\/\/www.outdoors.ee\/wp-content\/uploads\/2025\/06\/Highlander\u00ae-Basha-Shelter-HMTC-1.jpg","type":"image\/jpeg"}],"twitter_card":"summary_large_image","twitter_misc":{"Est. reading time":"1 minut"},"schema":{"@context":"https:\/\/schema.org","@graph":[{"@type":"WebPage","@id":"https:\/\/www.outdoors.ee\/et\/toode\/varikatus-basha-shelter\/","url":"https:\/\/www.outdoors.ee\/et\/toode\/varikatus-basha-shelter\/","name":"Highlander\u00ae varikatus Basha Shelter - Outdoors","isPartOf":{"@id":"https:\/\/www.outdoors.ee\/#website"},"primaryImageOfPage":{"@id":"https:\/\/www.outdoors.ee\/et\/toode\/varikatus-basha-shelter\/#primaryimage"},"image":{"@id":"https:\/\/www.outdoors.ee\/et\/toode\/varikatus-basha-shelter\/#primaryimage"},"thumbnailUrl":"https:\/\/www.outdoors.ee\/wp-content\/uploads\/2025\/06\/Highlander\u00ae-Basha-Shelter-HMTC-1.jpg","datePublished":"2025-06-18T07:41:07+00:00","dateModified":"2026-01-25T12:12:18+00:00","breadcrumb":{"@id":"https:\/\/www.outdoors.ee\/et\/toode\/varikatus-basha-shelter\/#breadcrumb"},"inLanguage":"et","potentialAction":[{"@type":"ReadAction","target":["https:\/\/www.outdoors.ee\/et\/toode\/varikatus-basha-shelter\/"]}]},{"@type":"ImageObject","inLanguage":"et","@id":"https:\/\/www.outdoors.ee\/et\/toode\/varikatus-basha-shelter\/#primaryimage","url":"https:\/\/www.outdoors.ee\/wp-content\/uploads\/2025\/06\/Highlander\u00ae-Basha-Shelter-HMTC-1.jpg","contentUrl":"https:\/\/www.outdoors.ee\/wp-content\/uploads\/2025\/06\/Highlander\u00ae-Basha-Shelter-HMTC-1.jpg","width":2500,"height":2500},{"@type":"BreadcrumbList","@id":"https:\/\/www.outdoors.ee\/et\/toode\/varikatus-basha-shelter\/#breadcrumb","itemListElement":[{"@type":"ListItem","position":1,"name":"Home","item":"https:\/\/www.outdoors.ee\/et\/"},{"@type":"ListItem","position":2,"name":"Tooted","item":"https:\/\/www.outdoors.ee\/products\/"},{"@type":"ListItem","position":3,"name":"Highlander\u00ae varikatus Basha Shelter"}]},{"@type":"WebSite","@id":"https:\/\/www.outdoors.ee\/#website","url":"https:\/\/www.outdoors.ee\/","name":"Outdoors","description":"Genuine military surplus and not only!","potentialAction":[{"@type":"SearchAction","target":{"@type":"EntryPoint","urlTemplate":"https:\/\/www.outdoors.ee\/?s={search_term_string}"},"query-input":{"@type":"PropertyValueSpecification","valueRequired":true,"valueName":"search_term_string"}}],"inLanguage":"et"}]}},"_links":{"self":[{"href":"https:\/\/www.outdoors.ee\/et\/wp-json\/wp\/v2\/product\/102690","targetHints":{"allow":["GET"]}}],"collection":[{"href":"https:\/\/www.outdoors.ee\/et\/wp-json\/wp\/v2\/product"}],"about":[{"href":"https:\/\/www.outdoors.ee\/et\/wp-json\/wp\/v2\/types\/product"}],"wp:featuredmedia":[{"embeddable":true,"href":"https:\/\/www.outdoors.ee\/et\/wp-json\/wp\/v2\/media\/102665"}],"wp:attachment":[{"href":"https:\/\/www.outdoors.ee\/et\/wp-json\/wp\/v2\/media?parent=102690"}],"wp:term":[{"taxonomy":"product_brand","embeddable":true,"href":"https:\/\/www.outdoors.ee\/et\/wp-json\/wp\/v2\/product_brand?post=102690"},{"taxonomy":"product_cat","embeddable":true,"href":"https:\/\/www.outdoors.ee\/et\/wp-json\/wp\/v2\/product_cat?post=102690"},{"taxonomy":"product_tag","embeddable":true,"href":"https:\/\/www.outdoors.ee\/et\/wp-json\/wp\/v2\/product_tag?post=102690"}],"curies":[{"name":"wp","href":"https:\/\/api.w.org\/{rel}","templated":true}]}}