{"id":102571,"date":"2025-06-13T15:46:18","date_gmt":"2025-06-13T12:46:18","guid":{"rendered":"https:\/\/www.outdoors.ee\/?post_type=product&#038;p=102571"},"modified":"2025-08-22T09:07:32","modified_gmt":"2025-08-22T06:07:32","slug":"kuivkott-140l-dry-bag-v2","status":"publish","type":"product","link":"https:\/\/www.outdoors.ee\/et\/toode\/kuivkott-140l-dry-bag-v2\/","title":{"rendered":"Highlander\u00ae kuivkott 140L Dry Bag V2"},"content":{"rendered":"<p>Highlander X-Lite kuivkotid pakuvad mitmekesiseid v\u00f5imalusi praktiliselt igas suuruses varustuse hoiustamiseks. Saadaval mahutavusega alates 1 kuni hiiglasliku 140-liitriseni. Kotil on rullkinnitus ja teibitud \u00f5mblused, mis muudavad selle veekindlaks, ning vastupidav kiirvabastusklamber, mis tagab lihtsa avamise ja sulgemise. Kui kotti parajasti ei kasutata, on see h\u00e4sti kompaktselt kokkupakitav.<\/p>\n<p><strong>Omadused:<\/strong><\/p>\n<ul>\n<li>voltimise\/rullimise teel pealt suletav<\/li>\n<li>teibitud \u00f5mblused<\/li>\n<li><span class=\"metafield-multi_line_text_field\">kiirvabastusklamber<\/span><\/li>\n<li>kompaktselt kokkupakitav<\/li>\n<li><span class=\"metafield-multi_line_text_field\">100% taaskasutatav plastpakend<\/span><\/li>\n<li>materjal: XTP LITE (190T pol\u00fcamiid Taffeta PU kattega)<\/li>\n<li>m\u00f5\u00f5tmed: 100 x \u00d846cm<\/li>\n<li>maht 140L<\/li>\n<li>kaal 215g<\/li>\n<\/ul>\n<p><strong>Seisukord:<\/strong> uus<\/p>\n","protected":false},"excerpt":{"rendered":"<p>Highlander\u00ae 140L kuivkott Lightweight Waterproof Dry Bag V2<\/p>\n","protected":false},"featured_media":102570,"template":"","meta":[],"product_brand":[],"product_cat":[3541],"product_tag":[],"class_list":{"0":"post-102571","1":"product","2":"type-product","3":"status-publish","4":"has-post-thumbnail","6":"product_cat-kotid-taskud","7":"pa_brand-highlander-2","8":"pa_color-black-2","9":"pa_color-ranger-green-2","11":"first","12":"instock","13":"taxable","14":"shipping-taxable","15":"purchasable","16":"product-type-variable"},"yoast_head":"<!-- This site is optimized with the Yoast SEO plugin v27.2 - https:\/\/yoast.com\/product\/yoast-seo-wordpress\/ -->\n<title>Highlander\u00ae kuivkott 140L Dry Bag V2 - Outdoors<\/title>\n<meta name=\"robots\" content=\"index, follow, max-snippet:-1, max-image-preview:large, max-video-preview:-1\" \/>\n<link rel=\"canonical\" href=\"https:\/\/www.outdoors.ee\/et\/toode\/kuivkott-140l-dry-bag-v2\/\" \/>\n<meta property=\"og:locale\" content=\"et_EE\" \/>\n<meta property=\"og:type\" content=\"article\" \/>\n<meta property=\"og:title\" content=\"Highlander\u00ae kuivkott 140L Dry Bag V2 - Outdoors\" \/>\n<meta property=\"og:description\" content=\"Highlander\u00ae 140L kuivkott Lightweight Waterproof Dry Bag V2\" \/>\n<meta property=\"og:url\" content=\"https:\/\/www.outdoors.ee\/et\/toode\/kuivkott-140l-dry-bag-v2\/\" \/>\n<meta property=\"og:site_name\" content=\"Outdoors\" \/>\n<meta property=\"article:modified_time\" content=\"2025-08-22T06:07:32+00:00\" \/>\n<meta property=\"og:image\" content=\"https:\/\/www.outdoors.ee\/wp-content\/uploads\/2025\/06\/Highlander\u00ae-140L-Lightweight-Waterproof-Dry-Bag-V2-Ranger-Green.jpg\" \/>\n\t<meta property=\"og:image:width\" content=\"1500\" \/>\n\t<meta property=\"og:image:height\" content=\"1500\" \/>\n\t<meta property=\"og:image:type\" content=\"image\/jpeg\" \/>\n<meta name=\"twitter:card\" content=\"summary_large_image\" \/>\n<meta name=\"twitter:label1\" content=\"Est. reading time\" \/>\n\t<meta name=\"twitter:data1\" content=\"1 minut\" \/>\n<script type=\"application\/ld+json\" class=\"yoast-schema-graph\">{\"@context\":\"https:\/\/schema.org\",\"@graph\":[{\"@type\":\"WebPage\",\"@id\":\"https:\/\/www.outdoors.ee\/et\/toode\/kuivkott-140l-dry-bag-v2\/\",\"url\":\"https:\/\/www.outdoors.ee\/et\/toode\/kuivkott-140l-dry-bag-v2\/\",\"name\":\"Highlander\u00ae kuivkott 140L Dry Bag V2 - Outdoors\",\"isPartOf\":{\"@id\":\"https:\/\/www.outdoors.ee\/#website\"},\"primaryImageOfPage\":{\"@id\":\"https:\/\/www.outdoors.ee\/et\/toode\/kuivkott-140l-dry-bag-v2\/#primaryimage\"},\"image\":{\"@id\":\"https:\/\/www.outdoors.ee\/et\/toode\/kuivkott-140l-dry-bag-v2\/#primaryimage\"},\"thumbnailUrl\":\"https:\/\/www.outdoors.ee\/wp-content\/uploads\/2025\/06\/Highlander\u00ae-140L-Lightweight-Waterproof-Dry-Bag-V2-Ranger-Green.jpg\",\"datePublished\":\"2025-06-13T12:46:18+00:00\",\"dateModified\":\"2025-08-22T06:07:32+00:00\",\"breadcrumb\":{\"@id\":\"https:\/\/www.outdoors.ee\/et\/toode\/kuivkott-140l-dry-bag-v2\/#breadcrumb\"},\"inLanguage\":\"et\",\"potentialAction\":[{\"@type\":\"ReadAction\",\"target\":[\"https:\/\/www.outdoors.ee\/et\/toode\/kuivkott-140l-dry-bag-v2\/\"]}]},{\"@type\":\"ImageObject\",\"inLanguage\":\"et\",\"@id\":\"https:\/\/www.outdoors.ee\/et\/toode\/kuivkott-140l-dry-bag-v2\/#primaryimage\",\"url\":\"https:\/\/www.outdoors.ee\/wp-content\/uploads\/2025\/06\/Highlander\u00ae-140L-Lightweight-Waterproof-Dry-Bag-V2-Ranger-Green.jpg\",\"contentUrl\":\"https:\/\/www.outdoors.ee\/wp-content\/uploads\/2025\/06\/Highlander\u00ae-140L-Lightweight-Waterproof-Dry-Bag-V2-Ranger-Green.jpg\",\"width\":1500,\"height\":1500},{\"@type\":\"BreadcrumbList\",\"@id\":\"https:\/\/www.outdoors.ee\/et\/toode\/kuivkott-140l-dry-bag-v2\/#breadcrumb\",\"itemListElement\":[{\"@type\":\"ListItem\",\"position\":1,\"name\":\"Home\",\"item\":\"https:\/\/www.outdoors.ee\/et\/\"},{\"@type\":\"ListItem\",\"position\":2,\"name\":\"Tooted\",\"item\":\"https:\/\/www.outdoors.ee\/products\/\"},{\"@type\":\"ListItem\",\"position\":3,\"name\":\"Highlander\u00ae kuivkott 140L Dry Bag V2\"}]},{\"@type\":\"WebSite\",\"@id\":\"https:\/\/www.outdoors.ee\/#website\",\"url\":\"https:\/\/www.outdoors.ee\/\",\"name\":\"Outdoors\",\"description\":\"Genuine military surplus and not only!\",\"potentialAction\":[{\"@type\":\"SearchAction\",\"target\":{\"@type\":\"EntryPoint\",\"urlTemplate\":\"https:\/\/www.outdoors.ee\/?s={search_term_string}\"},\"query-input\":{\"@type\":\"PropertyValueSpecification\",\"valueRequired\":true,\"valueName\":\"search_term_string\"}}],\"inLanguage\":\"et\"}]}<\/script>\n<!-- \/ Yoast SEO plugin. -->","yoast_head_json":{"title":"Highlander\u00ae kuivkott 140L Dry Bag V2 - Outdoors","robots":{"index":"index","follow":"follow","max-snippet":"max-snippet:-1","max-image-preview":"max-image-preview:large","max-video-preview":"max-video-preview:-1"},"canonical":"https:\/\/www.outdoors.ee\/et\/toode\/kuivkott-140l-dry-bag-v2\/","og_locale":"et_EE","og_type":"article","og_title":"Highlander\u00ae kuivkott 140L Dry Bag V2 - Outdoors","og_description":"Highlander\u00ae 140L kuivkott Lightweight Waterproof Dry Bag V2","og_url":"https:\/\/www.outdoors.ee\/et\/toode\/kuivkott-140l-dry-bag-v2\/","og_site_name":"Outdoors","article_modified_time":"2025-08-22T06:07:32+00:00","og_image":[{"width":1500,"height":1500,"url":"https:\/\/www.outdoors.ee\/wp-content\/uploads\/2025\/06\/Highlander\u00ae-140L-Lightweight-Waterproof-Dry-Bag-V2-Ranger-Green.jpg","type":"image\/jpeg"}],"twitter_card":"summary_large_image","twitter_misc":{"Est. reading time":"1 minut"},"schema":{"@context":"https:\/\/schema.org","@graph":[{"@type":"WebPage","@id":"https:\/\/www.outdoors.ee\/et\/toode\/kuivkott-140l-dry-bag-v2\/","url":"https:\/\/www.outdoors.ee\/et\/toode\/kuivkott-140l-dry-bag-v2\/","name":"Highlander\u00ae kuivkott 140L Dry Bag V2 - Outdoors","isPartOf":{"@id":"https:\/\/www.outdoors.ee\/#website"},"primaryImageOfPage":{"@id":"https:\/\/www.outdoors.ee\/et\/toode\/kuivkott-140l-dry-bag-v2\/#primaryimage"},"image":{"@id":"https:\/\/www.outdoors.ee\/et\/toode\/kuivkott-140l-dry-bag-v2\/#primaryimage"},"thumbnailUrl":"https:\/\/www.outdoors.ee\/wp-content\/uploads\/2025\/06\/Highlander\u00ae-140L-Lightweight-Waterproof-Dry-Bag-V2-Ranger-Green.jpg","datePublished":"2025-06-13T12:46:18+00:00","dateModified":"2025-08-22T06:07:32+00:00","breadcrumb":{"@id":"https:\/\/www.outdoors.ee\/et\/toode\/kuivkott-140l-dry-bag-v2\/#breadcrumb"},"inLanguage":"et","potentialAction":[{"@type":"ReadAction","target":["https:\/\/www.outdoors.ee\/et\/toode\/kuivkott-140l-dry-bag-v2\/"]}]},{"@type":"ImageObject","inLanguage":"et","@id":"https:\/\/www.outdoors.ee\/et\/toode\/kuivkott-140l-dry-bag-v2\/#primaryimage","url":"https:\/\/www.outdoors.ee\/wp-content\/uploads\/2025\/06\/Highlander\u00ae-140L-Lightweight-Waterproof-Dry-Bag-V2-Ranger-Green.jpg","contentUrl":"https:\/\/www.outdoors.ee\/wp-content\/uploads\/2025\/06\/Highlander\u00ae-140L-Lightweight-Waterproof-Dry-Bag-V2-Ranger-Green.jpg","width":1500,"height":1500},{"@type":"BreadcrumbList","@id":"https:\/\/www.outdoors.ee\/et\/toode\/kuivkott-140l-dry-bag-v2\/#breadcrumb","itemListElement":[{"@type":"ListItem","position":1,"name":"Home","item":"https:\/\/www.outdoors.ee\/et\/"},{"@type":"ListItem","position":2,"name":"Tooted","item":"https:\/\/www.outdoors.ee\/products\/"},{"@type":"ListItem","position":3,"name":"Highlander\u00ae kuivkott 140L Dry Bag V2"}]},{"@type":"WebSite","@id":"https:\/\/www.outdoors.ee\/#website","url":"https:\/\/www.outdoors.ee\/","name":"Outdoors","description":"Genuine military surplus and not only!","potentialAction":[{"@type":"SearchAction","target":{"@type":"EntryPoint","urlTemplate":"https:\/\/www.outdoors.ee\/?s={search_term_string}"},"query-input":{"@type":"PropertyValueSpecification","valueRequired":true,"valueName":"search_term_string"}}],"inLanguage":"et"}]}},"_links":{"self":[{"href":"https:\/\/www.outdoors.ee\/et\/wp-json\/wp\/v2\/product\/102571","targetHints":{"allow":["GET"]}}],"collection":[{"href":"https:\/\/www.outdoors.ee\/et\/wp-json\/wp\/v2\/product"}],"about":[{"href":"https:\/\/www.outdoors.ee\/et\/wp-json\/wp\/v2\/types\/product"}],"wp:featuredmedia":[{"embeddable":true,"href":"https:\/\/www.outdoors.ee\/et\/wp-json\/wp\/v2\/media\/102570"}],"wp:attachment":[{"href":"https:\/\/www.outdoors.ee\/et\/wp-json\/wp\/v2\/media?parent=102571"}],"wp:term":[{"taxonomy":"product_brand","embeddable":true,"href":"https:\/\/www.outdoors.ee\/et\/wp-json\/wp\/v2\/product_brand?post=102571"},{"taxonomy":"product_cat","embeddable":true,"href":"https:\/\/www.outdoors.ee\/et\/wp-json\/wp\/v2\/product_cat?post=102571"},{"taxonomy":"product_tag","embeddable":true,"href":"https:\/\/www.outdoors.ee\/et\/wp-json\/wp\/v2\/product_tag?post=102571"}],"curies":[{"name":"wp","href":"https:\/\/api.w.org\/{rel}","templated":true}]}}