{"id":102535,"date":"2025-06-12T14:14:21","date_gmt":"2025-06-12T11:14:21","guid":{"rendered":"https:\/\/www.outdoors.ee\/?post_type=product&#038;p=102535"},"modified":"2026-01-18T15:44:59","modified_gmt":"2026-01-18T13:44:59","slug":"magamiskoti-umbris-hawk-bivvy-bag","status":"publish","type":"product","link":"https:\/\/www.outdoors.ee\/et\/toode\/magamiskoti-umbris-hawk-bivvy-bag\/","title":{"rendered":"Highlander\u00ae magamiskoti \u00fcmbris Hawk Bivvy Bag"},"content":{"rendered":"<p>Ideaalne kasutamiseks v\u00e4litingimustes ilma tendi v\u00f5i varjualuseta magamiseks.<\/p>\n<p><strong>Omadused:<\/strong><\/p>\n<ul>\n<li>kerge ja kompaktne<\/li>\n<li><span class=\"metafield-multi_line_text_field\">vetth\u00fclgav (HH 5000mm) ja hingav\u00a0<\/span><\/li>\n<li>teibitud \u00f5mblused<\/li>\n<li>vastupidav Ripstop materjal<\/li>\n<li><span class=\"metafield-multi_line_text_field\">2-suunaline veekindel t\u00f5mblukk<\/span><\/li>\n<li>traadiga tugevdatud kapuutsi \u00e4\u00e4r<\/li>\n<li>vetth\u00fclgav s\u00e4\u00e4sev\u00f5rk<\/li>\n<li>materjal: 100% polyester AB-Tex Ripstop PU kattega<\/li>\n<li>m\u00f5\u00f5tmed: 230 x 90 x 50cm<\/li>\n<li>kaal 950g<\/li>\n<\/ul>\n<p><strong>Seisukord:<\/strong> uus<\/p>\n","protected":false},"excerpt":{"rendered":"<p>Highlander\u00ae magamiskoti \u00fcmbris Hawk Bivvy Bag, oliivroheline<\/p>\n","protected":false},"featured_media":102526,"template":"","meta":[],"product_brand":[],"product_cat":[150],"product_tag":[],"class_list":{"0":"post-102535","1":"product","2":"type-product","3":"status-publish","4":"has-post-thumbnail","6":"product_cat-magamisvarustus","7":"pa_brand-highlander-2","9":"first","10":"instock","11":"taxable","12":"shipping-taxable","13":"purchasable","14":"product-type-simple"},"yoast_head":"<!-- This site is optimized with the Yoast SEO plugin v27.2 - https:\/\/yoast.com\/product\/yoast-seo-wordpress\/ -->\n<title>Highlander\u00ae magamiskoti \u00fcmbris Hawk Bivvy Bag - Outdoors<\/title>\n<meta name=\"robots\" content=\"index, follow, max-snippet:-1, max-image-preview:large, max-video-preview:-1\" \/>\n<link rel=\"canonical\" href=\"https:\/\/www.outdoors.ee\/et\/toode\/magamiskoti-umbris-hawk-bivvy-bag\/\" \/>\n<meta property=\"og:locale\" content=\"et_EE\" \/>\n<meta property=\"og:type\" content=\"article\" \/>\n<meta property=\"og:title\" content=\"Highlander\u00ae magamiskoti \u00fcmbris Hawk Bivvy Bag - Outdoors\" \/>\n<meta property=\"og:description\" content=\"Highlander\u00ae magamiskoti \u00fcmbris Hawk Bivvy Bag, oliivroheline\" \/>\n<meta property=\"og:url\" content=\"https:\/\/www.outdoors.ee\/et\/toode\/magamiskoti-umbris-hawk-bivvy-bag\/\" \/>\n<meta property=\"og:site_name\" content=\"Outdoors\" \/>\n<meta property=\"article:modified_time\" content=\"2026-01-18T13:44:59+00:00\" \/>\n<meta property=\"og:image\" content=\"https:\/\/www.outdoors.ee\/wp-content\/uploads\/2025\/06\/Highlander\u00ae-Hawk-Bivvy-Bag-Olive-2.jpg\" \/>\n\t<meta property=\"og:image:width\" content=\"1800\" \/>\n\t<meta property=\"og:image:height\" content=\"1800\" \/>\n\t<meta property=\"og:image:type\" content=\"image\/jpeg\" \/>\n<meta name=\"twitter:card\" content=\"summary_large_image\" \/>\n<meta name=\"twitter:label1\" content=\"Est. reading time\" \/>\n\t<meta name=\"twitter:data1\" content=\"1 minut\" \/>\n<script type=\"application\/ld+json\" class=\"yoast-schema-graph\">{\"@context\":\"https:\/\/schema.org\",\"@graph\":[{\"@type\":\"WebPage\",\"@id\":\"https:\/\/www.outdoors.ee\/et\/toode\/magamiskoti-umbris-hawk-bivvy-bag\/\",\"url\":\"https:\/\/www.outdoors.ee\/et\/toode\/magamiskoti-umbris-hawk-bivvy-bag\/\",\"name\":\"Highlander\u00ae magamiskoti \u00fcmbris Hawk Bivvy Bag - Outdoors\",\"isPartOf\":{\"@id\":\"https:\/\/www.outdoors.ee\/#website\"},\"primaryImageOfPage\":{\"@id\":\"https:\/\/www.outdoors.ee\/et\/toode\/magamiskoti-umbris-hawk-bivvy-bag\/#primaryimage\"},\"image\":{\"@id\":\"https:\/\/www.outdoors.ee\/et\/toode\/magamiskoti-umbris-hawk-bivvy-bag\/#primaryimage\"},\"thumbnailUrl\":\"https:\/\/www.outdoors.ee\/wp-content\/uploads\/2025\/06\/Highlander\u00ae-Hawk-Bivvy-Bag-Olive-2.jpg\",\"datePublished\":\"2025-06-12T11:14:21+00:00\",\"dateModified\":\"2026-01-18T13:44:59+00:00\",\"breadcrumb\":{\"@id\":\"https:\/\/www.outdoors.ee\/et\/toode\/magamiskoti-umbris-hawk-bivvy-bag\/#breadcrumb\"},\"inLanguage\":\"et\",\"potentialAction\":[{\"@type\":\"ReadAction\",\"target\":[\"https:\/\/www.outdoors.ee\/et\/toode\/magamiskoti-umbris-hawk-bivvy-bag\/\"]}]},{\"@type\":\"ImageObject\",\"inLanguage\":\"et\",\"@id\":\"https:\/\/www.outdoors.ee\/et\/toode\/magamiskoti-umbris-hawk-bivvy-bag\/#primaryimage\",\"url\":\"https:\/\/www.outdoors.ee\/wp-content\/uploads\/2025\/06\/Highlander\u00ae-Hawk-Bivvy-Bag-Olive-2.jpg\",\"contentUrl\":\"https:\/\/www.outdoors.ee\/wp-content\/uploads\/2025\/06\/Highlander\u00ae-Hawk-Bivvy-Bag-Olive-2.jpg\",\"width\":1800,\"height\":1800},{\"@type\":\"BreadcrumbList\",\"@id\":\"https:\/\/www.outdoors.ee\/et\/toode\/magamiskoti-umbris-hawk-bivvy-bag\/#breadcrumb\",\"itemListElement\":[{\"@type\":\"ListItem\",\"position\":1,\"name\":\"Home\",\"item\":\"https:\/\/www.outdoors.ee\/et\/\"},{\"@type\":\"ListItem\",\"position\":2,\"name\":\"Tooted\",\"item\":\"https:\/\/www.outdoors.ee\/products\/\"},{\"@type\":\"ListItem\",\"position\":3,\"name\":\"Highlander\u00ae magamiskoti \u00fcmbris Hawk Bivvy Bag\"}]},{\"@type\":\"WebSite\",\"@id\":\"https:\/\/www.outdoors.ee\/#website\",\"url\":\"https:\/\/www.outdoors.ee\/\",\"name\":\"Outdoors\",\"description\":\"Genuine military surplus and not only!\",\"potentialAction\":[{\"@type\":\"SearchAction\",\"target\":{\"@type\":\"EntryPoint\",\"urlTemplate\":\"https:\/\/www.outdoors.ee\/?s={search_term_string}\"},\"query-input\":{\"@type\":\"PropertyValueSpecification\",\"valueRequired\":true,\"valueName\":\"search_term_string\"}}],\"inLanguage\":\"et\"}]}<\/script>\n<!-- \/ Yoast SEO plugin. -->","yoast_head_json":{"title":"Highlander\u00ae magamiskoti \u00fcmbris Hawk Bivvy Bag - Outdoors","robots":{"index":"index","follow":"follow","max-snippet":"max-snippet:-1","max-image-preview":"max-image-preview:large","max-video-preview":"max-video-preview:-1"},"canonical":"https:\/\/www.outdoors.ee\/et\/toode\/magamiskoti-umbris-hawk-bivvy-bag\/","og_locale":"et_EE","og_type":"article","og_title":"Highlander\u00ae magamiskoti \u00fcmbris Hawk Bivvy Bag - Outdoors","og_description":"Highlander\u00ae magamiskoti \u00fcmbris Hawk Bivvy Bag, oliivroheline","og_url":"https:\/\/www.outdoors.ee\/et\/toode\/magamiskoti-umbris-hawk-bivvy-bag\/","og_site_name":"Outdoors","article_modified_time":"2026-01-18T13:44:59+00:00","og_image":[{"width":1800,"height":1800,"url":"https:\/\/www.outdoors.ee\/wp-content\/uploads\/2025\/06\/Highlander\u00ae-Hawk-Bivvy-Bag-Olive-2.jpg","type":"image\/jpeg"}],"twitter_card":"summary_large_image","twitter_misc":{"Est. reading time":"1 minut"},"schema":{"@context":"https:\/\/schema.org","@graph":[{"@type":"WebPage","@id":"https:\/\/www.outdoors.ee\/et\/toode\/magamiskoti-umbris-hawk-bivvy-bag\/","url":"https:\/\/www.outdoors.ee\/et\/toode\/magamiskoti-umbris-hawk-bivvy-bag\/","name":"Highlander\u00ae magamiskoti \u00fcmbris Hawk Bivvy Bag - Outdoors","isPartOf":{"@id":"https:\/\/www.outdoors.ee\/#website"},"primaryImageOfPage":{"@id":"https:\/\/www.outdoors.ee\/et\/toode\/magamiskoti-umbris-hawk-bivvy-bag\/#primaryimage"},"image":{"@id":"https:\/\/www.outdoors.ee\/et\/toode\/magamiskoti-umbris-hawk-bivvy-bag\/#primaryimage"},"thumbnailUrl":"https:\/\/www.outdoors.ee\/wp-content\/uploads\/2025\/06\/Highlander\u00ae-Hawk-Bivvy-Bag-Olive-2.jpg","datePublished":"2025-06-12T11:14:21+00:00","dateModified":"2026-01-18T13:44:59+00:00","breadcrumb":{"@id":"https:\/\/www.outdoors.ee\/et\/toode\/magamiskoti-umbris-hawk-bivvy-bag\/#breadcrumb"},"inLanguage":"et","potentialAction":[{"@type":"ReadAction","target":["https:\/\/www.outdoors.ee\/et\/toode\/magamiskoti-umbris-hawk-bivvy-bag\/"]}]},{"@type":"ImageObject","inLanguage":"et","@id":"https:\/\/www.outdoors.ee\/et\/toode\/magamiskoti-umbris-hawk-bivvy-bag\/#primaryimage","url":"https:\/\/www.outdoors.ee\/wp-content\/uploads\/2025\/06\/Highlander\u00ae-Hawk-Bivvy-Bag-Olive-2.jpg","contentUrl":"https:\/\/www.outdoors.ee\/wp-content\/uploads\/2025\/06\/Highlander\u00ae-Hawk-Bivvy-Bag-Olive-2.jpg","width":1800,"height":1800},{"@type":"BreadcrumbList","@id":"https:\/\/www.outdoors.ee\/et\/toode\/magamiskoti-umbris-hawk-bivvy-bag\/#breadcrumb","itemListElement":[{"@type":"ListItem","position":1,"name":"Home","item":"https:\/\/www.outdoors.ee\/et\/"},{"@type":"ListItem","position":2,"name":"Tooted","item":"https:\/\/www.outdoors.ee\/products\/"},{"@type":"ListItem","position":3,"name":"Highlander\u00ae magamiskoti \u00fcmbris Hawk Bivvy Bag"}]},{"@type":"WebSite","@id":"https:\/\/www.outdoors.ee\/#website","url":"https:\/\/www.outdoors.ee\/","name":"Outdoors","description":"Genuine military surplus and not only!","potentialAction":[{"@type":"SearchAction","target":{"@type":"EntryPoint","urlTemplate":"https:\/\/www.outdoors.ee\/?s={search_term_string}"},"query-input":{"@type":"PropertyValueSpecification","valueRequired":true,"valueName":"search_term_string"}}],"inLanguage":"et"}]}},"_links":{"self":[{"href":"https:\/\/www.outdoors.ee\/et\/wp-json\/wp\/v2\/product\/102535","targetHints":{"allow":["GET"]}}],"collection":[{"href":"https:\/\/www.outdoors.ee\/et\/wp-json\/wp\/v2\/product"}],"about":[{"href":"https:\/\/www.outdoors.ee\/et\/wp-json\/wp\/v2\/types\/product"}],"wp:featuredmedia":[{"embeddable":true,"href":"https:\/\/www.outdoors.ee\/et\/wp-json\/wp\/v2\/media\/102526"}],"wp:attachment":[{"href":"https:\/\/www.outdoors.ee\/et\/wp-json\/wp\/v2\/media?parent=102535"}],"wp:term":[{"taxonomy":"product_brand","embeddable":true,"href":"https:\/\/www.outdoors.ee\/et\/wp-json\/wp\/v2\/product_brand?post=102535"},{"taxonomy":"product_cat","embeddable":true,"href":"https:\/\/www.outdoors.ee\/et\/wp-json\/wp\/v2\/product_cat?post=102535"},{"taxonomy":"product_tag","embeddable":true,"href":"https:\/\/www.outdoors.ee\/et\/wp-json\/wp\/v2\/product_tag?post=102535"}],"curies":[{"name":"wp","href":"https:\/\/api.w.org\/{rel}","templated":true}]}}