{"id":102515,"date":"2025-06-12T11:42:05","date_gmt":"2025-06-12T08:42:05","guid":{"rendered":"https:\/\/www.outdoors.ee\/?post_type=product&#038;p=102515"},"modified":"2026-01-08T12:09:29","modified_gmt":"2026-01-08T10:09:29","slug":"saarised-walking-gaiters-v2","status":"publish","type":"product","link":"https:\/\/www.outdoors.ee\/et\/toode\/saarised-walking-gaiters-v2\/","title":{"rendered":"Highlander\u00ae s\u00e4\u00e4rised Walking Gaiters V2"},"content":{"rendered":"<p><strong>Omadused:<\/strong><\/p>\n<ul>\n<li>vetth\u00fclgavad ning vastupidavad<\/li>\n<li>veniv riba keskel<\/li>\n<li>reguleeritava pikkusega tallaalune Hypalon pael<\/li>\n<li>\u00fclemise \u00e4\u00e4re pingutusn\u00f6\u00f6r<\/li>\n<li>trukkidega klapp<\/li>\n<li>alumine serva haak, et s\u00e4\u00e4ris ei t\u00f5useks \u00fcles<\/li>\n<li>materjal: 600D XTP AB-Tex Ripstop<\/li>\n<li>m\u00f5\u00f5tmed: 43cm (k\u00f5rgus) x 23cm (\u00fcmberm\u00f5\u00f5t)<\/li>\n<li>kaal 310g<\/li>\n<\/ul>\n<p><strong>Seisukord:<\/strong> uus<\/p>\n","protected":false},"excerpt":{"rendered":"<p>Omadused: vetth\u00fclgavad ning vastupidavad veniv riba keskel reguleeritava pikkusega tallaalune Hypalon pael \u00fclemise \u00e4\u00e4re pingutusn\u00f6\u00f6r trukkidega klapp alumine serva haak,<\/p>\n","protected":false},"featured_media":102512,"template":"","meta":[],"product_brand":[],"product_cat":[70],"product_tag":[],"class_list":{"0":"post-102515","1":"product","2":"type-product","3":"status-publish","4":"has-post-thumbnail","6":"product_cat-jalanoud","7":"pa_brand-highlander-2","8":"pa_color-black-2","9":"pa_color-ranger-green-2","11":"first","12":"outofstock","13":"taxable","14":"shipping-taxable","15":"purchasable","16":"product-type-variable"},"yoast_head":"<!-- This site is optimized with the Yoast SEO plugin v27.2 - https:\/\/yoast.com\/product\/yoast-seo-wordpress\/ -->\n<title>Highlander\u00ae s\u00e4\u00e4rised Walking Gaiters V2 - Outdoors<\/title>\n<meta name=\"robots\" content=\"index, follow, max-snippet:-1, max-image-preview:large, max-video-preview:-1\" \/>\n<link rel=\"canonical\" href=\"https:\/\/www.outdoors.ee\/et\/toode\/saarised-walking-gaiters-v2\/\" \/>\n<meta property=\"og:locale\" content=\"et_EE\" \/>\n<meta property=\"og:type\" content=\"article\" \/>\n<meta property=\"og:title\" content=\"Highlander\u00ae s\u00e4\u00e4rised Walking Gaiters V2 - Outdoors\" \/>\n<meta property=\"og:description\" content=\"Omadused: vetth\u00fclgavad ning vastupidavad veniv riba keskel reguleeritava pikkusega tallaalune Hypalon pael \u00fclemise \u00e4\u00e4re pingutusn\u00f6\u00f6r trukkidega klapp alumine serva haak,\" \/>\n<meta property=\"og:url\" content=\"https:\/\/www.outdoors.ee\/et\/toode\/saarised-walking-gaiters-v2\/\" \/>\n<meta property=\"og:site_name\" content=\"Outdoors\" \/>\n<meta property=\"article:modified_time\" content=\"2026-01-08T10:09:29+00:00\" \/>\n<meta property=\"og:image\" content=\"https:\/\/www.outdoors.ee\/wp-content\/uploads\/2025\/06\/Highlander\u00ae-Walking-Gaiters-V2-2.jpg\" \/>\n\t<meta property=\"og:image:width\" content=\"2000\" \/>\n\t<meta property=\"og:image:height\" content=\"2000\" \/>\n\t<meta property=\"og:image:type\" content=\"image\/jpeg\" \/>\n<meta name=\"twitter:card\" content=\"summary_large_image\" \/>\n<meta name=\"twitter:label1\" content=\"Est. reading time\" \/>\n\t<meta name=\"twitter:data1\" content=\"1 minut\" \/>\n<script type=\"application\/ld+json\" class=\"yoast-schema-graph\">{\"@context\":\"https:\/\/schema.org\",\"@graph\":[{\"@type\":\"WebPage\",\"@id\":\"https:\/\/www.outdoors.ee\/et\/toode\/saarised-walking-gaiters-v2\/\",\"url\":\"https:\/\/www.outdoors.ee\/et\/toode\/saarised-walking-gaiters-v2\/\",\"name\":\"Highlander\u00ae s\u00e4\u00e4rised Walking Gaiters V2 - Outdoors\",\"isPartOf\":{\"@id\":\"https:\/\/www.outdoors.ee\/#website\"},\"primaryImageOfPage\":{\"@id\":\"https:\/\/www.outdoors.ee\/et\/toode\/saarised-walking-gaiters-v2\/#primaryimage\"},\"image\":{\"@id\":\"https:\/\/www.outdoors.ee\/et\/toode\/saarised-walking-gaiters-v2\/#primaryimage\"},\"thumbnailUrl\":\"https:\/\/www.outdoors.ee\/wp-content\/uploads\/2025\/06\/Highlander\u00ae-Walking-Gaiters-V2-2.jpg\",\"datePublished\":\"2025-06-12T08:42:05+00:00\",\"dateModified\":\"2026-01-08T10:09:29+00:00\",\"breadcrumb\":{\"@id\":\"https:\/\/www.outdoors.ee\/et\/toode\/saarised-walking-gaiters-v2\/#breadcrumb\"},\"inLanguage\":\"et\",\"potentialAction\":[{\"@type\":\"ReadAction\",\"target\":[\"https:\/\/www.outdoors.ee\/et\/toode\/saarised-walking-gaiters-v2\/\"]}]},{\"@type\":\"ImageObject\",\"inLanguage\":\"et\",\"@id\":\"https:\/\/www.outdoors.ee\/et\/toode\/saarised-walking-gaiters-v2\/#primaryimage\",\"url\":\"https:\/\/www.outdoors.ee\/wp-content\/uploads\/2025\/06\/Highlander\u00ae-Walking-Gaiters-V2-2.jpg\",\"contentUrl\":\"https:\/\/www.outdoors.ee\/wp-content\/uploads\/2025\/06\/Highlander\u00ae-Walking-Gaiters-V2-2.jpg\",\"width\":2000,\"height\":2000},{\"@type\":\"BreadcrumbList\",\"@id\":\"https:\/\/www.outdoors.ee\/et\/toode\/saarised-walking-gaiters-v2\/#breadcrumb\",\"itemListElement\":[{\"@type\":\"ListItem\",\"position\":1,\"name\":\"Home\",\"item\":\"https:\/\/www.outdoors.ee\/et\/\"},{\"@type\":\"ListItem\",\"position\":2,\"name\":\"Tooted\",\"item\":\"https:\/\/www.outdoors.ee\/products\/\"},{\"@type\":\"ListItem\",\"position\":3,\"name\":\"Highlander\u00ae s\u00e4\u00e4rised Walking Gaiters V2\"}]},{\"@type\":\"WebSite\",\"@id\":\"https:\/\/www.outdoors.ee\/#website\",\"url\":\"https:\/\/www.outdoors.ee\/\",\"name\":\"Outdoors\",\"description\":\"Genuine military surplus and not only!\",\"potentialAction\":[{\"@type\":\"SearchAction\",\"target\":{\"@type\":\"EntryPoint\",\"urlTemplate\":\"https:\/\/www.outdoors.ee\/?s={search_term_string}\"},\"query-input\":{\"@type\":\"PropertyValueSpecification\",\"valueRequired\":true,\"valueName\":\"search_term_string\"}}],\"inLanguage\":\"et\"}]}<\/script>\n<!-- \/ Yoast SEO plugin. -->","yoast_head_json":{"title":"Highlander\u00ae s\u00e4\u00e4rised Walking Gaiters V2 - Outdoors","robots":{"index":"index","follow":"follow","max-snippet":"max-snippet:-1","max-image-preview":"max-image-preview:large","max-video-preview":"max-video-preview:-1"},"canonical":"https:\/\/www.outdoors.ee\/et\/toode\/saarised-walking-gaiters-v2\/","og_locale":"et_EE","og_type":"article","og_title":"Highlander\u00ae s\u00e4\u00e4rised Walking Gaiters V2 - Outdoors","og_description":"Omadused: vetth\u00fclgavad ning vastupidavad veniv riba keskel reguleeritava pikkusega tallaalune Hypalon pael \u00fclemise \u00e4\u00e4re pingutusn\u00f6\u00f6r trukkidega klapp alumine serva haak,","og_url":"https:\/\/www.outdoors.ee\/et\/toode\/saarised-walking-gaiters-v2\/","og_site_name":"Outdoors","article_modified_time":"2026-01-08T10:09:29+00:00","og_image":[{"width":2000,"height":2000,"url":"https:\/\/www.outdoors.ee\/wp-content\/uploads\/2025\/06\/Highlander\u00ae-Walking-Gaiters-V2-2.jpg","type":"image\/jpeg"}],"twitter_card":"summary_large_image","twitter_misc":{"Est. reading time":"1 minut"},"schema":{"@context":"https:\/\/schema.org","@graph":[{"@type":"WebPage","@id":"https:\/\/www.outdoors.ee\/et\/toode\/saarised-walking-gaiters-v2\/","url":"https:\/\/www.outdoors.ee\/et\/toode\/saarised-walking-gaiters-v2\/","name":"Highlander\u00ae s\u00e4\u00e4rised Walking Gaiters V2 - Outdoors","isPartOf":{"@id":"https:\/\/www.outdoors.ee\/#website"},"primaryImageOfPage":{"@id":"https:\/\/www.outdoors.ee\/et\/toode\/saarised-walking-gaiters-v2\/#primaryimage"},"image":{"@id":"https:\/\/www.outdoors.ee\/et\/toode\/saarised-walking-gaiters-v2\/#primaryimage"},"thumbnailUrl":"https:\/\/www.outdoors.ee\/wp-content\/uploads\/2025\/06\/Highlander\u00ae-Walking-Gaiters-V2-2.jpg","datePublished":"2025-06-12T08:42:05+00:00","dateModified":"2026-01-08T10:09:29+00:00","breadcrumb":{"@id":"https:\/\/www.outdoors.ee\/et\/toode\/saarised-walking-gaiters-v2\/#breadcrumb"},"inLanguage":"et","potentialAction":[{"@type":"ReadAction","target":["https:\/\/www.outdoors.ee\/et\/toode\/saarised-walking-gaiters-v2\/"]}]},{"@type":"ImageObject","inLanguage":"et","@id":"https:\/\/www.outdoors.ee\/et\/toode\/saarised-walking-gaiters-v2\/#primaryimage","url":"https:\/\/www.outdoors.ee\/wp-content\/uploads\/2025\/06\/Highlander\u00ae-Walking-Gaiters-V2-2.jpg","contentUrl":"https:\/\/www.outdoors.ee\/wp-content\/uploads\/2025\/06\/Highlander\u00ae-Walking-Gaiters-V2-2.jpg","width":2000,"height":2000},{"@type":"BreadcrumbList","@id":"https:\/\/www.outdoors.ee\/et\/toode\/saarised-walking-gaiters-v2\/#breadcrumb","itemListElement":[{"@type":"ListItem","position":1,"name":"Home","item":"https:\/\/www.outdoors.ee\/et\/"},{"@type":"ListItem","position":2,"name":"Tooted","item":"https:\/\/www.outdoors.ee\/products\/"},{"@type":"ListItem","position":3,"name":"Highlander\u00ae s\u00e4\u00e4rised Walking Gaiters V2"}]},{"@type":"WebSite","@id":"https:\/\/www.outdoors.ee\/#website","url":"https:\/\/www.outdoors.ee\/","name":"Outdoors","description":"Genuine military surplus and not only!","potentialAction":[{"@type":"SearchAction","target":{"@type":"EntryPoint","urlTemplate":"https:\/\/www.outdoors.ee\/?s={search_term_string}"},"query-input":{"@type":"PropertyValueSpecification","valueRequired":true,"valueName":"search_term_string"}}],"inLanguage":"et"}]}},"_links":{"self":[{"href":"https:\/\/www.outdoors.ee\/et\/wp-json\/wp\/v2\/product\/102515","targetHints":{"allow":["GET"]}}],"collection":[{"href":"https:\/\/www.outdoors.ee\/et\/wp-json\/wp\/v2\/product"}],"about":[{"href":"https:\/\/www.outdoors.ee\/et\/wp-json\/wp\/v2\/types\/product"}],"wp:featuredmedia":[{"embeddable":true,"href":"https:\/\/www.outdoors.ee\/et\/wp-json\/wp\/v2\/media\/102512"}],"wp:attachment":[{"href":"https:\/\/www.outdoors.ee\/et\/wp-json\/wp\/v2\/media?parent=102515"}],"wp:term":[{"taxonomy":"product_brand","embeddable":true,"href":"https:\/\/www.outdoors.ee\/et\/wp-json\/wp\/v2\/product_brand?post=102515"},{"taxonomy":"product_cat","embeddable":true,"href":"https:\/\/www.outdoors.ee\/et\/wp-json\/wp\/v2\/product_cat?post=102515"},{"taxonomy":"product_tag","embeddable":true,"href":"https:\/\/www.outdoors.ee\/et\/wp-json\/wp\/v2\/product_tag?post=102515"}],"curies":[{"name":"wp","href":"https:\/\/api.w.org\/{rel}","templated":true}]}}