{"id":102455,"date":"2025-06-11T09:26:27","date_gmt":"2025-06-11T06:26:27","guid":{"rendered":"https:\/\/www.outdoors.ee\/?post_type=product&#038;p=102455"},"modified":"2025-08-22T09:09:34","modified_gmt":"2025-08-22T06:09:34","slug":"t-sark-tactical-quick-dry-t-shirt","status":"publish","type":"product","link":"https:\/\/www.outdoors.ee\/et\/toode\/t-sark-tactical-quick-dry-t-shirt\/","title":{"rendered":"Highlander\u00ae t-s\u00e4rk Tactical Quick Dry T-Shirt"},"content":{"rendered":"<p>See kiiresti kuivav, taktikaline t-s\u00e4rk on sinu parim kaaslane intensiivsetel missioonidel, treeningutel v\u00f5i k\u00f5rge liikuvusega \u00fclesannetes. Valmistatud kaasaegsest kiiresti kuivavast materjalist, juhib see niiskuse kehast eemale, hoides sind kuivana olenemata tingimustest.<\/p>\n<p><strong>Omadused:<\/strong><\/p>\n<ul>\n<li>loodud Briti s\u00f5jav\u00e4e originaal t-s\u00e4rgi (PCS Combat Anti-static t-shirt) eeskujul<\/li>\n<li>kerge, h\u00e4sti hingav<\/li>\n<li>\u00f5mar kaelus<\/li>\n<li>materjal: 100% pol\u00fcester, 140 g\/m2 bird eye mesh<\/li>\n<li>kaal 143g<\/li>\n<\/ul>\n<p><strong>Seisukord:<\/strong> uus<\/p>\n","protected":false},"excerpt":{"rendered":"<p>Highlander\u00ae taktikaline t-s\u00e4rk Quick Dry T-Shirt<\/p>\n","protected":false},"featured_media":102448,"template":"","meta":[],"product_brand":[],"product_cat":[129],"product_tag":[],"class_list":{"0":"post-102455","1":"product","2":"type-product","3":"status-publish","4":"has-post-thumbnail","6":"product_cat-soe-pesu-aluskiht","7":"pa_brand-highlander-2","8":"pa_color-black-2","9":"pa_color-ranger-green-2","10":"pa_size-l-2","11":"pa_size-m-2","12":"pa_size-xl-2","14":"first","15":"instock","16":"taxable","17":"shipping-taxable","18":"purchasable","19":"product-type-variable"},"yoast_head":"<!-- This site is optimized with the Yoast SEO plugin v27.2 - https:\/\/yoast.com\/product\/yoast-seo-wordpress\/ -->\n<title>Highlander\u00ae t-s\u00e4rk Tactical Quick Dry T-Shirt - Outdoors<\/title>\n<meta name=\"robots\" content=\"index, follow, max-snippet:-1, max-image-preview:large, max-video-preview:-1\" \/>\n<link rel=\"canonical\" href=\"https:\/\/www.outdoors.ee\/et\/toode\/t-sark-tactical-quick-dry-t-shirt\/\" \/>\n<meta property=\"og:locale\" content=\"et_EE\" \/>\n<meta property=\"og:type\" content=\"article\" \/>\n<meta property=\"og:title\" content=\"Highlander\u00ae t-s\u00e4rk Tactical Quick Dry T-Shirt - Outdoors\" \/>\n<meta property=\"og:description\" content=\"Highlander\u00ae taktikaline t-s\u00e4rk Quick Dry T-Shirt\" \/>\n<meta property=\"og:url\" content=\"https:\/\/www.outdoors.ee\/et\/toode\/t-sark-tactical-quick-dry-t-shirt\/\" \/>\n<meta property=\"og:site_name\" content=\"Outdoors\" \/>\n<meta property=\"article:modified_time\" content=\"2025-08-22T06:09:34+00:00\" \/>\n<meta property=\"og:image\" content=\"https:\/\/www.outdoors.ee\/wp-content\/uploads\/2025\/06\/Highlander\u00ae-Tactical-Quick-Dry-T-Shirt-1.jpg\" \/>\n\t<meta property=\"og:image:width\" content=\"1500\" \/>\n\t<meta property=\"og:image:height\" content=\"1500\" \/>\n\t<meta property=\"og:image:type\" content=\"image\/jpeg\" \/>\n<meta name=\"twitter:card\" content=\"summary_large_image\" \/>\n<meta name=\"twitter:label1\" content=\"Est. reading time\" \/>\n\t<meta name=\"twitter:data1\" content=\"1 minut\" \/>\n<script type=\"application\/ld+json\" class=\"yoast-schema-graph\">{\"@context\":\"https:\/\/schema.org\",\"@graph\":[{\"@type\":\"WebPage\",\"@id\":\"https:\/\/www.outdoors.ee\/et\/toode\/t-sark-tactical-quick-dry-t-shirt\/\",\"url\":\"https:\/\/www.outdoors.ee\/et\/toode\/t-sark-tactical-quick-dry-t-shirt\/\",\"name\":\"Highlander\u00ae t-s\u00e4rk Tactical Quick Dry T-Shirt - Outdoors\",\"isPartOf\":{\"@id\":\"https:\/\/www.outdoors.ee\/#website\"},\"primaryImageOfPage\":{\"@id\":\"https:\/\/www.outdoors.ee\/et\/toode\/t-sark-tactical-quick-dry-t-shirt\/#primaryimage\"},\"image\":{\"@id\":\"https:\/\/www.outdoors.ee\/et\/toode\/t-sark-tactical-quick-dry-t-shirt\/#primaryimage\"},\"thumbnailUrl\":\"https:\/\/www.outdoors.ee\/wp-content\/uploads\/2025\/06\/Highlander\u00ae-Tactical-Quick-Dry-T-Shirt-1.jpg\",\"datePublished\":\"2025-06-11T06:26:27+00:00\",\"dateModified\":\"2025-08-22T06:09:34+00:00\",\"breadcrumb\":{\"@id\":\"https:\/\/www.outdoors.ee\/et\/toode\/t-sark-tactical-quick-dry-t-shirt\/#breadcrumb\"},\"inLanguage\":\"et\",\"potentialAction\":[{\"@type\":\"ReadAction\",\"target\":[\"https:\/\/www.outdoors.ee\/et\/toode\/t-sark-tactical-quick-dry-t-shirt\/\"]}]},{\"@type\":\"ImageObject\",\"inLanguage\":\"et\",\"@id\":\"https:\/\/www.outdoors.ee\/et\/toode\/t-sark-tactical-quick-dry-t-shirt\/#primaryimage\",\"url\":\"https:\/\/www.outdoors.ee\/wp-content\/uploads\/2025\/06\/Highlander\u00ae-Tactical-Quick-Dry-T-Shirt-1.jpg\",\"contentUrl\":\"https:\/\/www.outdoors.ee\/wp-content\/uploads\/2025\/06\/Highlander\u00ae-Tactical-Quick-Dry-T-Shirt-1.jpg\",\"width\":1500,\"height\":1500},{\"@type\":\"BreadcrumbList\",\"@id\":\"https:\/\/www.outdoors.ee\/et\/toode\/t-sark-tactical-quick-dry-t-shirt\/#breadcrumb\",\"itemListElement\":[{\"@type\":\"ListItem\",\"position\":1,\"name\":\"Home\",\"item\":\"https:\/\/www.outdoors.ee\/et\/\"},{\"@type\":\"ListItem\",\"position\":2,\"name\":\"Tooted\",\"item\":\"https:\/\/www.outdoors.ee\/products\/\"},{\"@type\":\"ListItem\",\"position\":3,\"name\":\"Highlander\u00ae t-s\u00e4rk Tactical Quick Dry T-Shirt\"}]},{\"@type\":\"WebSite\",\"@id\":\"https:\/\/www.outdoors.ee\/#website\",\"url\":\"https:\/\/www.outdoors.ee\/\",\"name\":\"Outdoors\",\"description\":\"Genuine military surplus and not only!\",\"potentialAction\":[{\"@type\":\"SearchAction\",\"target\":{\"@type\":\"EntryPoint\",\"urlTemplate\":\"https:\/\/www.outdoors.ee\/?s={search_term_string}\"},\"query-input\":{\"@type\":\"PropertyValueSpecification\",\"valueRequired\":true,\"valueName\":\"search_term_string\"}}],\"inLanguage\":\"et\"}]}<\/script>\n<!-- \/ Yoast SEO plugin. -->","yoast_head_json":{"title":"Highlander\u00ae t-s\u00e4rk Tactical Quick Dry T-Shirt - Outdoors","robots":{"index":"index","follow":"follow","max-snippet":"max-snippet:-1","max-image-preview":"max-image-preview:large","max-video-preview":"max-video-preview:-1"},"canonical":"https:\/\/www.outdoors.ee\/et\/toode\/t-sark-tactical-quick-dry-t-shirt\/","og_locale":"et_EE","og_type":"article","og_title":"Highlander\u00ae t-s\u00e4rk Tactical Quick Dry T-Shirt - Outdoors","og_description":"Highlander\u00ae taktikaline t-s\u00e4rk Quick Dry T-Shirt","og_url":"https:\/\/www.outdoors.ee\/et\/toode\/t-sark-tactical-quick-dry-t-shirt\/","og_site_name":"Outdoors","article_modified_time":"2025-08-22T06:09:34+00:00","og_image":[{"width":1500,"height":1500,"url":"https:\/\/www.outdoors.ee\/wp-content\/uploads\/2025\/06\/Highlander\u00ae-Tactical-Quick-Dry-T-Shirt-1.jpg","type":"image\/jpeg"}],"twitter_card":"summary_large_image","twitter_misc":{"Est. reading time":"1 minut"},"schema":{"@context":"https:\/\/schema.org","@graph":[{"@type":"WebPage","@id":"https:\/\/www.outdoors.ee\/et\/toode\/t-sark-tactical-quick-dry-t-shirt\/","url":"https:\/\/www.outdoors.ee\/et\/toode\/t-sark-tactical-quick-dry-t-shirt\/","name":"Highlander\u00ae t-s\u00e4rk Tactical Quick Dry T-Shirt - Outdoors","isPartOf":{"@id":"https:\/\/www.outdoors.ee\/#website"},"primaryImageOfPage":{"@id":"https:\/\/www.outdoors.ee\/et\/toode\/t-sark-tactical-quick-dry-t-shirt\/#primaryimage"},"image":{"@id":"https:\/\/www.outdoors.ee\/et\/toode\/t-sark-tactical-quick-dry-t-shirt\/#primaryimage"},"thumbnailUrl":"https:\/\/www.outdoors.ee\/wp-content\/uploads\/2025\/06\/Highlander\u00ae-Tactical-Quick-Dry-T-Shirt-1.jpg","datePublished":"2025-06-11T06:26:27+00:00","dateModified":"2025-08-22T06:09:34+00:00","breadcrumb":{"@id":"https:\/\/www.outdoors.ee\/et\/toode\/t-sark-tactical-quick-dry-t-shirt\/#breadcrumb"},"inLanguage":"et","potentialAction":[{"@type":"ReadAction","target":["https:\/\/www.outdoors.ee\/et\/toode\/t-sark-tactical-quick-dry-t-shirt\/"]}]},{"@type":"ImageObject","inLanguage":"et","@id":"https:\/\/www.outdoors.ee\/et\/toode\/t-sark-tactical-quick-dry-t-shirt\/#primaryimage","url":"https:\/\/www.outdoors.ee\/wp-content\/uploads\/2025\/06\/Highlander\u00ae-Tactical-Quick-Dry-T-Shirt-1.jpg","contentUrl":"https:\/\/www.outdoors.ee\/wp-content\/uploads\/2025\/06\/Highlander\u00ae-Tactical-Quick-Dry-T-Shirt-1.jpg","width":1500,"height":1500},{"@type":"BreadcrumbList","@id":"https:\/\/www.outdoors.ee\/et\/toode\/t-sark-tactical-quick-dry-t-shirt\/#breadcrumb","itemListElement":[{"@type":"ListItem","position":1,"name":"Home","item":"https:\/\/www.outdoors.ee\/et\/"},{"@type":"ListItem","position":2,"name":"Tooted","item":"https:\/\/www.outdoors.ee\/products\/"},{"@type":"ListItem","position":3,"name":"Highlander\u00ae t-s\u00e4rk Tactical Quick Dry T-Shirt"}]},{"@type":"WebSite","@id":"https:\/\/www.outdoors.ee\/#website","url":"https:\/\/www.outdoors.ee\/","name":"Outdoors","description":"Genuine military surplus and not only!","potentialAction":[{"@type":"SearchAction","target":{"@type":"EntryPoint","urlTemplate":"https:\/\/www.outdoors.ee\/?s={search_term_string}"},"query-input":{"@type":"PropertyValueSpecification","valueRequired":true,"valueName":"search_term_string"}}],"inLanguage":"et"}]}},"_links":{"self":[{"href":"https:\/\/www.outdoors.ee\/et\/wp-json\/wp\/v2\/product\/102455","targetHints":{"allow":["GET"]}}],"collection":[{"href":"https:\/\/www.outdoors.ee\/et\/wp-json\/wp\/v2\/product"}],"about":[{"href":"https:\/\/www.outdoors.ee\/et\/wp-json\/wp\/v2\/types\/product"}],"wp:featuredmedia":[{"embeddable":true,"href":"https:\/\/www.outdoors.ee\/et\/wp-json\/wp\/v2\/media\/102448"}],"wp:attachment":[{"href":"https:\/\/www.outdoors.ee\/et\/wp-json\/wp\/v2\/media?parent=102455"}],"wp:term":[{"taxonomy":"product_brand","embeddable":true,"href":"https:\/\/www.outdoors.ee\/et\/wp-json\/wp\/v2\/product_brand?post=102455"},{"taxonomy":"product_cat","embeddable":true,"href":"https:\/\/www.outdoors.ee\/et\/wp-json\/wp\/v2\/product_cat?post=102455"},{"taxonomy":"product_tag","embeddable":true,"href":"https:\/\/www.outdoors.ee\/et\/wp-json\/wp\/v2\/product_tag?post=102455"}],"curies":[{"name":"wp","href":"https:\/\/api.w.org\/{rel}","templated":true}]}}