{"id":102365,"date":"2025-06-05T13:48:21","date_gmt":"2025-06-05T10:48:21","guid":{"rendered":"https:\/\/www.outdoors.ee\/?post_type=product&#038;p=102365"},"modified":"2025-06-05T15:40:29","modified_gmt":"2025-06-05T12:40:29","slug":"morakniv-kansbol-with-survival-kit-s","status":"publish","type":"product","link":"https:\/\/www.outdoors.ee\/et\/toode\/morakniv-kansbol-with-survival-kit-s\/","title":{"rendered":"Nuga Morakniv\u00ae Kansbol with Survival Kit (S)"},"content":{"rendered":"<p>Usaldusv\u00e4\u00e4rne v\u00e4linuga, mis on varustatud tulepulgaga. Ergonoomilisel pol\u00fcmeerist k\u00e4epidemel on pehme libisemisvastane pind, s\u00f5rmekaitse ning 2,5 mm paksune tera, mis on valmistatud taaskasutatud Rootsi roostevabast terasest.<\/p>\n<p><strong>Omadused:<\/strong><\/p>\n<ul>\n<li class=\"attribute-item\">tera pikkus: 109 mm<\/li>\n<li>tera paksus: 2,5 mm<\/li>\n<li>tera materjal: Rootsi roostevaba teras<\/li>\n<li>k\u00e4epideme materjal: TPE-kumm<\/li>\n<li class=\"attribute-item\">noa pikkus: 226 mm<\/li>\n<li>tera k\u00f5vadus: 56,5 HRC<\/li>\n<li class=\"attribute-item\">kaal 177,1 g<\/li>\n<\/ul>\n<p><strong>Seisukord:<\/strong> uus<\/p>\n","protected":false},"excerpt":{"rendered":"<p>Usaldusv\u00e4\u00e4rne v\u00e4linuga, mis on varustatud tulepulgaga. Ergonoomilisel pol\u00fcmeerist k\u00e4epidemel on pehme libisemisvastane pind, s\u00f5rmekaitse ning 2,5 mm paksune tera, mis<\/p>\n","protected":false},"featured_media":102360,"template":"","meta":[],"product_brand":[],"product_cat":[149],"product_tag":[],"class_list":{"0":"post-102365","1":"product","2":"type-product","3":"status-publish","4":"has-post-thumbnail","6":"product_cat-taktikaline-varustus","7":"pa_brand-morakniv-2","8":"pa_color-olive-green-2","10":"first","11":"instock","12":"taxable","13":"shipping-taxable","14":"purchasable","15":"product-type-variable"},"yoast_head":"<!-- This site is optimized with the Yoast SEO plugin v27.2 - https:\/\/yoast.com\/product\/yoast-seo-wordpress\/ -->\n<title>Nuga Morakniv\u00ae Kansbol with Survival Kit (S) - Outdoors<\/title>\n<meta name=\"robots\" content=\"index, follow, max-snippet:-1, max-image-preview:large, max-video-preview:-1\" \/>\n<link rel=\"canonical\" href=\"https:\/\/www.outdoors.ee\/et\/toode\/morakniv-kansbol-with-survival-kit-s\/\" \/>\n<meta property=\"og:locale\" content=\"et_EE\" \/>\n<meta property=\"og:type\" content=\"article\" \/>\n<meta property=\"og:title\" content=\"Nuga Morakniv\u00ae Kansbol with Survival Kit (S) - Outdoors\" \/>\n<meta property=\"og:description\" content=\"Usaldusv\u00e4\u00e4rne v\u00e4linuga, mis on varustatud tulepulgaga. Ergonoomilisel pol\u00fcmeerist k\u00e4epidemel on pehme libisemisvastane pind, s\u00f5rmekaitse ning 2,5 mm paksune tera, mis\" \/>\n<meta property=\"og:url\" content=\"https:\/\/www.outdoors.ee\/et\/toode\/morakniv-kansbol-with-survival-kit-s\/\" \/>\n<meta property=\"og:site_name\" content=\"Outdoors\" \/>\n<meta property=\"article:modified_time\" content=\"2025-06-05T12:40:29+00:00\" \/>\n<meta property=\"og:image\" content=\"https:\/\/www.outdoors.ee\/wp-content\/uploads\/2025\/06\/Morakniv\u00ae-Kansbol-with-Survival-Kit-S-Olive-Green-1.png\" \/>\n\t<meta property=\"og:image:width\" content=\"500\" \/>\n\t<meta property=\"og:image:height\" content=\"500\" \/>\n\t<meta property=\"og:image:type\" content=\"image\/png\" \/>\n<meta name=\"twitter:card\" content=\"summary_large_image\" \/>\n<meta name=\"twitter:label1\" content=\"Est. reading time\" \/>\n\t<meta name=\"twitter:data1\" content=\"1 minut\" \/>\n<script type=\"application\/ld+json\" class=\"yoast-schema-graph\">{\"@context\":\"https:\/\/schema.org\",\"@graph\":[{\"@type\":\"WebPage\",\"@id\":\"https:\/\/www.outdoors.ee\/et\/toode\/morakniv-kansbol-with-survival-kit-s\/\",\"url\":\"https:\/\/www.outdoors.ee\/et\/toode\/morakniv-kansbol-with-survival-kit-s\/\",\"name\":\"Nuga Morakniv\u00ae Kansbol with Survival Kit (S) - Outdoors\",\"isPartOf\":{\"@id\":\"https:\/\/www.outdoors.ee\/#website\"},\"primaryImageOfPage\":{\"@id\":\"https:\/\/www.outdoors.ee\/et\/toode\/morakniv-kansbol-with-survival-kit-s\/#primaryimage\"},\"image\":{\"@id\":\"https:\/\/www.outdoors.ee\/et\/toode\/morakniv-kansbol-with-survival-kit-s\/#primaryimage\"},\"thumbnailUrl\":\"https:\/\/www.outdoors.ee\/wp-content\/uploads\/2025\/06\/Morakniv\u00ae-Kansbol-with-Survival-Kit-S-Olive-Green-1.png\",\"datePublished\":\"2025-06-05T10:48:21+00:00\",\"dateModified\":\"2025-06-05T12:40:29+00:00\",\"breadcrumb\":{\"@id\":\"https:\/\/www.outdoors.ee\/et\/toode\/morakniv-kansbol-with-survival-kit-s\/#breadcrumb\"},\"inLanguage\":\"et\",\"potentialAction\":[{\"@type\":\"ReadAction\",\"target\":[\"https:\/\/www.outdoors.ee\/et\/toode\/morakniv-kansbol-with-survival-kit-s\/\"]}]},{\"@type\":\"ImageObject\",\"inLanguage\":\"et\",\"@id\":\"https:\/\/www.outdoors.ee\/et\/toode\/morakniv-kansbol-with-survival-kit-s\/#primaryimage\",\"url\":\"https:\/\/www.outdoors.ee\/wp-content\/uploads\/2025\/06\/Morakniv\u00ae-Kansbol-with-Survival-Kit-S-Olive-Green-1.png\",\"contentUrl\":\"https:\/\/www.outdoors.ee\/wp-content\/uploads\/2025\/06\/Morakniv\u00ae-Kansbol-with-Survival-Kit-S-Olive-Green-1.png\",\"width\":500,\"height\":500},{\"@type\":\"BreadcrumbList\",\"@id\":\"https:\/\/www.outdoors.ee\/et\/toode\/morakniv-kansbol-with-survival-kit-s\/#breadcrumb\",\"itemListElement\":[{\"@type\":\"ListItem\",\"position\":1,\"name\":\"Home\",\"item\":\"https:\/\/www.outdoors.ee\/et\/\"},{\"@type\":\"ListItem\",\"position\":2,\"name\":\"Tooted\",\"item\":\"https:\/\/www.outdoors.ee\/products\/\"},{\"@type\":\"ListItem\",\"position\":3,\"name\":\"Nuga Morakniv\u00ae Kansbol with Survival Kit (S)\"}]},{\"@type\":\"WebSite\",\"@id\":\"https:\/\/www.outdoors.ee\/#website\",\"url\":\"https:\/\/www.outdoors.ee\/\",\"name\":\"Outdoors\",\"description\":\"Genuine military surplus and not only!\",\"potentialAction\":[{\"@type\":\"SearchAction\",\"target\":{\"@type\":\"EntryPoint\",\"urlTemplate\":\"https:\/\/www.outdoors.ee\/?s={search_term_string}\"},\"query-input\":{\"@type\":\"PropertyValueSpecification\",\"valueRequired\":true,\"valueName\":\"search_term_string\"}}],\"inLanguage\":\"et\"}]}<\/script>\n<!-- \/ Yoast SEO plugin. -->","yoast_head_json":{"title":"Nuga Morakniv\u00ae Kansbol with Survival Kit (S) - Outdoors","robots":{"index":"index","follow":"follow","max-snippet":"max-snippet:-1","max-image-preview":"max-image-preview:large","max-video-preview":"max-video-preview:-1"},"canonical":"https:\/\/www.outdoors.ee\/et\/toode\/morakniv-kansbol-with-survival-kit-s\/","og_locale":"et_EE","og_type":"article","og_title":"Nuga Morakniv\u00ae Kansbol with Survival Kit (S) - Outdoors","og_description":"Usaldusv\u00e4\u00e4rne v\u00e4linuga, mis on varustatud tulepulgaga. Ergonoomilisel pol\u00fcmeerist k\u00e4epidemel on pehme libisemisvastane pind, s\u00f5rmekaitse ning 2,5 mm paksune tera, mis","og_url":"https:\/\/www.outdoors.ee\/et\/toode\/morakniv-kansbol-with-survival-kit-s\/","og_site_name":"Outdoors","article_modified_time":"2025-06-05T12:40:29+00:00","og_image":[{"width":500,"height":500,"url":"https:\/\/www.outdoors.ee\/wp-content\/uploads\/2025\/06\/Morakniv\u00ae-Kansbol-with-Survival-Kit-S-Olive-Green-1.png","type":"image\/png"}],"twitter_card":"summary_large_image","twitter_misc":{"Est. reading time":"1 minut"},"schema":{"@context":"https:\/\/schema.org","@graph":[{"@type":"WebPage","@id":"https:\/\/www.outdoors.ee\/et\/toode\/morakniv-kansbol-with-survival-kit-s\/","url":"https:\/\/www.outdoors.ee\/et\/toode\/morakniv-kansbol-with-survival-kit-s\/","name":"Nuga Morakniv\u00ae Kansbol with Survival Kit (S) - Outdoors","isPartOf":{"@id":"https:\/\/www.outdoors.ee\/#website"},"primaryImageOfPage":{"@id":"https:\/\/www.outdoors.ee\/et\/toode\/morakniv-kansbol-with-survival-kit-s\/#primaryimage"},"image":{"@id":"https:\/\/www.outdoors.ee\/et\/toode\/morakniv-kansbol-with-survival-kit-s\/#primaryimage"},"thumbnailUrl":"https:\/\/www.outdoors.ee\/wp-content\/uploads\/2025\/06\/Morakniv\u00ae-Kansbol-with-Survival-Kit-S-Olive-Green-1.png","datePublished":"2025-06-05T10:48:21+00:00","dateModified":"2025-06-05T12:40:29+00:00","breadcrumb":{"@id":"https:\/\/www.outdoors.ee\/et\/toode\/morakniv-kansbol-with-survival-kit-s\/#breadcrumb"},"inLanguage":"et","potentialAction":[{"@type":"ReadAction","target":["https:\/\/www.outdoors.ee\/et\/toode\/morakniv-kansbol-with-survival-kit-s\/"]}]},{"@type":"ImageObject","inLanguage":"et","@id":"https:\/\/www.outdoors.ee\/et\/toode\/morakniv-kansbol-with-survival-kit-s\/#primaryimage","url":"https:\/\/www.outdoors.ee\/wp-content\/uploads\/2025\/06\/Morakniv\u00ae-Kansbol-with-Survival-Kit-S-Olive-Green-1.png","contentUrl":"https:\/\/www.outdoors.ee\/wp-content\/uploads\/2025\/06\/Morakniv\u00ae-Kansbol-with-Survival-Kit-S-Olive-Green-1.png","width":500,"height":500},{"@type":"BreadcrumbList","@id":"https:\/\/www.outdoors.ee\/et\/toode\/morakniv-kansbol-with-survival-kit-s\/#breadcrumb","itemListElement":[{"@type":"ListItem","position":1,"name":"Home","item":"https:\/\/www.outdoors.ee\/et\/"},{"@type":"ListItem","position":2,"name":"Tooted","item":"https:\/\/www.outdoors.ee\/products\/"},{"@type":"ListItem","position":3,"name":"Nuga Morakniv\u00ae Kansbol with Survival Kit (S)"}]},{"@type":"WebSite","@id":"https:\/\/www.outdoors.ee\/#website","url":"https:\/\/www.outdoors.ee\/","name":"Outdoors","description":"Genuine military surplus and not only!","potentialAction":[{"@type":"SearchAction","target":{"@type":"EntryPoint","urlTemplate":"https:\/\/www.outdoors.ee\/?s={search_term_string}"},"query-input":{"@type":"PropertyValueSpecification","valueRequired":true,"valueName":"search_term_string"}}],"inLanguage":"et"}]}},"_links":{"self":[{"href":"https:\/\/www.outdoors.ee\/et\/wp-json\/wp\/v2\/product\/102365","targetHints":{"allow":["GET"]}}],"collection":[{"href":"https:\/\/www.outdoors.ee\/et\/wp-json\/wp\/v2\/product"}],"about":[{"href":"https:\/\/www.outdoors.ee\/et\/wp-json\/wp\/v2\/types\/product"}],"wp:featuredmedia":[{"embeddable":true,"href":"https:\/\/www.outdoors.ee\/et\/wp-json\/wp\/v2\/media\/102360"}],"wp:attachment":[{"href":"https:\/\/www.outdoors.ee\/et\/wp-json\/wp\/v2\/media?parent=102365"}],"wp:term":[{"taxonomy":"product_brand","embeddable":true,"href":"https:\/\/www.outdoors.ee\/et\/wp-json\/wp\/v2\/product_brand?post=102365"},{"taxonomy":"product_cat","embeddable":true,"href":"https:\/\/www.outdoors.ee\/et\/wp-json\/wp\/v2\/product_cat?post=102365"},{"taxonomy":"product_tag","embeddable":true,"href":"https:\/\/www.outdoors.ee\/et\/wp-json\/wp\/v2\/product_tag?post=102365"}],"curies":[{"name":"wp","href":"https:\/\/api.w.org\/{rel}","templated":true}]}}