{"id":102058,"date":"2025-05-31T14:05:00","date_gmt":"2025-05-31T11:05:00","guid":{"rendered":"https:\/\/www.outdoors.ee\/?post_type=product&#038;p=102058"},"modified":"2026-04-11T13:06:22","modified_gmt":"2026-04-11T10:06:22","slug":"fliisjope-patriot-mk2-fleece-jacket","status":"publish","type":"product","link":"https:\/\/www.outdoors.ee\/et\/toode\/fliisjope-patriot-mk2-fleece-jacket\/","title":{"rendered":"Helikon-Tex\u00ae fliisjope Patriot Mk2 Fleece"},"content":{"rendered":"<p>Patriot Mk2 fliisjope on valmistatud uuest h\u00fcbriidfliisist (340 g\/m\u00b2), mis v\u00e4hendab kaalu ja parandab hingavust, s\u00e4ilitades samal ajal soojusomadused, mis on v\u00f5rreldavad esimese versiooniga. H\u00fcbriidfliisil on kaks erinevat kihti. V\u00e4ljastpoolt meenutab see klassikalist fliisi, kuid seest on see ruuduline fliis, mis tuntud Alpha Hoodie ja Alpha Tactical jakkidest. See muudab Patriot Mk2 kergemaks ja hingavamaks, kuid hoiab sind siiski soojas. Kaenlaalused t\u00f5mblukuga tuulutusavad aitavad kehatemperatuuri reguleerida.<\/p>\n<p><strong>Omadused:<\/strong><\/p>\n<ul>\n<li>taktikaline fliisjope k\u00fclma ilmastiku tingimustesse<\/li>\n<li>integreeritud, reguleeritav, v\u00e4ikse viisoriga kapuuts<\/li>\n<li>t\u00e4ispikkuses kahesuunaline t\u00f5mblukk sisemise tormklapiga ning l\u00f5uakaitsmega<\/li>\n<li>kaenlaalune ventilatisoon kahesuunaliste t\u00f5mblukkude n\u00e4ol<\/li>\n<li>t\u00f5mblukuga ning pliiatsihoidikuga taskud k\u00e4istel, takjapaneelid peal<\/li>\n<li>kaks t\u00f5mblukuga rinnataskut<\/li>\n<li>kaks t\u00f5mblukuga k\u00e4etaskut<\/li>\n<li>\u00fcks sisemine tasku<\/li>\n<li>venivad mansetid<\/li>\n<li>pingutusn\u00f6\u00f6r all\u00e4\u00e4res<\/li>\n<li>YKK\u00ae t\u00f5mblukud<\/li>\n<li>materjal: h\u00fcbriidfliis &#8211; 100% pol\u00fcester, 340g\/m2<\/li>\n<li>kaal ca 810g<\/li>\n<\/ul>\n<p><b>Seisukord: uus<\/b><\/p>\n","protected":false},"excerpt":{"rendered":"<p>Patriot Mk2 fliisjope on valmistatud uuest h\u00fcbriidfliisist (340 g\/m\u00b2), mis v\u00e4hendab kaalu ja parandab hingavust, s\u00e4ilitades samal ajal soojusomadused, mis<\/p>\n","protected":false},"featured_media":102023,"template":"","meta":[],"product_brand":[],"product_cat":[101],"product_tag":[],"class_list":{"0":"post-102058","1":"product","2":"type-product","3":"status-publish","4":"has-post-thumbnail","6":"product_cat-joped-parkad","7":"pa_brand-helikon-tex","8":"pa_color-black-2","9":"pa_color-coyote-2","10":"pa_size-l-2","11":"pa_size-m-2","12":"pa_size-xl-2","14":"first","15":"instock","16":"taxable","17":"shipping-taxable","18":"purchasable","19":"product-type-variable"},"yoast_head":"<!-- This site is optimized with the Yoast SEO plugin v27.2 - https:\/\/yoast.com\/product\/yoast-seo-wordpress\/ -->\n<title>Helikon-Tex\u00ae fliisjope Patriot Mk2 Fleece - Outdoors<\/title>\n<meta name=\"robots\" content=\"index, follow, max-snippet:-1, max-image-preview:large, max-video-preview:-1\" \/>\n<link rel=\"canonical\" href=\"https:\/\/www.outdoors.ee\/et\/toode\/fliisjope-patriot-mk2-fleece-jacket\/\" \/>\n<meta property=\"og:locale\" content=\"et_EE\" \/>\n<meta property=\"og:type\" content=\"article\" \/>\n<meta property=\"og:title\" content=\"Helikon-Tex\u00ae fliisjope Patriot Mk2 Fleece - Outdoors\" \/>\n<meta property=\"og:description\" content=\"Patriot Mk2 fliisjope on valmistatud uuest h\u00fcbriidfliisist (340 g\/m\u00b2), mis v\u00e4hendab kaalu ja parandab hingavust, s\u00e4ilitades samal ajal soojusomadused, mis\" \/>\n<meta property=\"og:url\" content=\"https:\/\/www.outdoors.ee\/et\/toode\/fliisjope-patriot-mk2-fleece-jacket\/\" \/>\n<meta property=\"og:site_name\" content=\"Outdoors\" \/>\n<meta property=\"article:modified_time\" content=\"2026-04-11T10:06:22+00:00\" \/>\n<meta property=\"og:image\" content=\"https:\/\/www.outdoors.ee\/wp-content\/uploads\/2025\/05\/Helikon-Tex\u00ae-Patriot-Mk2-Fleece-Jacket-Coyote-1.jpg\" \/>\n\t<meta property=\"og:image:width\" content=\"1500\" \/>\n\t<meta property=\"og:image:height\" content=\"1500\" \/>\n\t<meta property=\"og:image:type\" content=\"image\/jpeg\" \/>\n<meta name=\"twitter:card\" content=\"summary_large_image\" \/>\n<meta name=\"twitter:label1\" content=\"Est. reading time\" \/>\n\t<meta name=\"twitter:data1\" content=\"1 minut\" \/>\n<script type=\"application\/ld+json\" class=\"yoast-schema-graph\">{\"@context\":\"https:\/\/schema.org\",\"@graph\":[{\"@type\":\"WebPage\",\"@id\":\"https:\/\/www.outdoors.ee\/et\/toode\/fliisjope-patriot-mk2-fleece-jacket\/\",\"url\":\"https:\/\/www.outdoors.ee\/et\/toode\/fliisjope-patriot-mk2-fleece-jacket\/\",\"name\":\"Helikon-Tex\u00ae fliisjope Patriot Mk2 Fleece - Outdoors\",\"isPartOf\":{\"@id\":\"https:\/\/www.outdoors.ee\/#website\"},\"primaryImageOfPage\":{\"@id\":\"https:\/\/www.outdoors.ee\/et\/toode\/fliisjope-patriot-mk2-fleece-jacket\/#primaryimage\"},\"image\":{\"@id\":\"https:\/\/www.outdoors.ee\/et\/toode\/fliisjope-patriot-mk2-fleece-jacket\/#primaryimage\"},\"thumbnailUrl\":\"https:\/\/www.outdoors.ee\/wp-content\/uploads\/2025\/05\/Helikon-Tex\u00ae-Patriot-Mk2-Fleece-Jacket-Coyote-1.jpg\",\"datePublished\":\"2025-05-31T11:05:00+00:00\",\"dateModified\":\"2026-04-11T10:06:22+00:00\",\"breadcrumb\":{\"@id\":\"https:\/\/www.outdoors.ee\/et\/toode\/fliisjope-patriot-mk2-fleece-jacket\/#breadcrumb\"},\"inLanguage\":\"et\",\"potentialAction\":[{\"@type\":\"ReadAction\",\"target\":[\"https:\/\/www.outdoors.ee\/et\/toode\/fliisjope-patriot-mk2-fleece-jacket\/\"]}]},{\"@type\":\"ImageObject\",\"inLanguage\":\"et\",\"@id\":\"https:\/\/www.outdoors.ee\/et\/toode\/fliisjope-patriot-mk2-fleece-jacket\/#primaryimage\",\"url\":\"https:\/\/www.outdoors.ee\/wp-content\/uploads\/2025\/05\/Helikon-Tex\u00ae-Patriot-Mk2-Fleece-Jacket-Coyote-1.jpg\",\"contentUrl\":\"https:\/\/www.outdoors.ee\/wp-content\/uploads\/2025\/05\/Helikon-Tex\u00ae-Patriot-Mk2-Fleece-Jacket-Coyote-1.jpg\",\"width\":1500,\"height\":1500},{\"@type\":\"BreadcrumbList\",\"@id\":\"https:\/\/www.outdoors.ee\/et\/toode\/fliisjope-patriot-mk2-fleece-jacket\/#breadcrumb\",\"itemListElement\":[{\"@type\":\"ListItem\",\"position\":1,\"name\":\"Home\",\"item\":\"https:\/\/www.outdoors.ee\/et\/\"},{\"@type\":\"ListItem\",\"position\":2,\"name\":\"Tooted\",\"item\":\"https:\/\/www.outdoors.ee\/products\/\"},{\"@type\":\"ListItem\",\"position\":3,\"name\":\"Helikon-Tex\u00ae fliisjope Patriot Mk2 Fleece\"}]},{\"@type\":\"WebSite\",\"@id\":\"https:\/\/www.outdoors.ee\/#website\",\"url\":\"https:\/\/www.outdoors.ee\/\",\"name\":\"Outdoors\",\"description\":\"Genuine military surplus and not only!\",\"potentialAction\":[{\"@type\":\"SearchAction\",\"target\":{\"@type\":\"EntryPoint\",\"urlTemplate\":\"https:\/\/www.outdoors.ee\/?s={search_term_string}\"},\"query-input\":{\"@type\":\"PropertyValueSpecification\",\"valueRequired\":true,\"valueName\":\"search_term_string\"}}],\"inLanguage\":\"et\"}]}<\/script>\n<!-- \/ Yoast SEO plugin. -->","yoast_head_json":{"title":"Helikon-Tex\u00ae fliisjope Patriot Mk2 Fleece - Outdoors","robots":{"index":"index","follow":"follow","max-snippet":"max-snippet:-1","max-image-preview":"max-image-preview:large","max-video-preview":"max-video-preview:-1"},"canonical":"https:\/\/www.outdoors.ee\/et\/toode\/fliisjope-patriot-mk2-fleece-jacket\/","og_locale":"et_EE","og_type":"article","og_title":"Helikon-Tex\u00ae fliisjope Patriot Mk2 Fleece - Outdoors","og_description":"Patriot Mk2 fliisjope on valmistatud uuest h\u00fcbriidfliisist (340 g\/m\u00b2), mis v\u00e4hendab kaalu ja parandab hingavust, s\u00e4ilitades samal ajal soojusomadused, mis","og_url":"https:\/\/www.outdoors.ee\/et\/toode\/fliisjope-patriot-mk2-fleece-jacket\/","og_site_name":"Outdoors","article_modified_time":"2026-04-11T10:06:22+00:00","og_image":[{"width":1500,"height":1500,"url":"https:\/\/www.outdoors.ee\/wp-content\/uploads\/2025\/05\/Helikon-Tex\u00ae-Patriot-Mk2-Fleece-Jacket-Coyote-1.jpg","type":"image\/jpeg"}],"twitter_card":"summary_large_image","twitter_misc":{"Est. reading time":"1 minut"},"schema":{"@context":"https:\/\/schema.org","@graph":[{"@type":"WebPage","@id":"https:\/\/www.outdoors.ee\/et\/toode\/fliisjope-patriot-mk2-fleece-jacket\/","url":"https:\/\/www.outdoors.ee\/et\/toode\/fliisjope-patriot-mk2-fleece-jacket\/","name":"Helikon-Tex\u00ae fliisjope Patriot Mk2 Fleece - Outdoors","isPartOf":{"@id":"https:\/\/www.outdoors.ee\/#website"},"primaryImageOfPage":{"@id":"https:\/\/www.outdoors.ee\/et\/toode\/fliisjope-patriot-mk2-fleece-jacket\/#primaryimage"},"image":{"@id":"https:\/\/www.outdoors.ee\/et\/toode\/fliisjope-patriot-mk2-fleece-jacket\/#primaryimage"},"thumbnailUrl":"https:\/\/www.outdoors.ee\/wp-content\/uploads\/2025\/05\/Helikon-Tex\u00ae-Patriot-Mk2-Fleece-Jacket-Coyote-1.jpg","datePublished":"2025-05-31T11:05:00+00:00","dateModified":"2026-04-11T10:06:22+00:00","breadcrumb":{"@id":"https:\/\/www.outdoors.ee\/et\/toode\/fliisjope-patriot-mk2-fleece-jacket\/#breadcrumb"},"inLanguage":"et","potentialAction":[{"@type":"ReadAction","target":["https:\/\/www.outdoors.ee\/et\/toode\/fliisjope-patriot-mk2-fleece-jacket\/"]}]},{"@type":"ImageObject","inLanguage":"et","@id":"https:\/\/www.outdoors.ee\/et\/toode\/fliisjope-patriot-mk2-fleece-jacket\/#primaryimage","url":"https:\/\/www.outdoors.ee\/wp-content\/uploads\/2025\/05\/Helikon-Tex\u00ae-Patriot-Mk2-Fleece-Jacket-Coyote-1.jpg","contentUrl":"https:\/\/www.outdoors.ee\/wp-content\/uploads\/2025\/05\/Helikon-Tex\u00ae-Patriot-Mk2-Fleece-Jacket-Coyote-1.jpg","width":1500,"height":1500},{"@type":"BreadcrumbList","@id":"https:\/\/www.outdoors.ee\/et\/toode\/fliisjope-patriot-mk2-fleece-jacket\/#breadcrumb","itemListElement":[{"@type":"ListItem","position":1,"name":"Home","item":"https:\/\/www.outdoors.ee\/et\/"},{"@type":"ListItem","position":2,"name":"Tooted","item":"https:\/\/www.outdoors.ee\/products\/"},{"@type":"ListItem","position":3,"name":"Helikon-Tex\u00ae fliisjope Patriot Mk2 Fleece"}]},{"@type":"WebSite","@id":"https:\/\/www.outdoors.ee\/#website","url":"https:\/\/www.outdoors.ee\/","name":"Outdoors","description":"Genuine military surplus and not only!","potentialAction":[{"@type":"SearchAction","target":{"@type":"EntryPoint","urlTemplate":"https:\/\/www.outdoors.ee\/?s={search_term_string}"},"query-input":{"@type":"PropertyValueSpecification","valueRequired":true,"valueName":"search_term_string"}}],"inLanguage":"et"}]}},"_links":{"self":[{"href":"https:\/\/www.outdoors.ee\/et\/wp-json\/wp\/v2\/product\/102058","targetHints":{"allow":["GET"]}}],"collection":[{"href":"https:\/\/www.outdoors.ee\/et\/wp-json\/wp\/v2\/product"}],"about":[{"href":"https:\/\/www.outdoors.ee\/et\/wp-json\/wp\/v2\/types\/product"}],"wp:featuredmedia":[{"embeddable":true,"href":"https:\/\/www.outdoors.ee\/et\/wp-json\/wp\/v2\/media\/102023"}],"wp:attachment":[{"href":"https:\/\/www.outdoors.ee\/et\/wp-json\/wp\/v2\/media?parent=102058"}],"wp:term":[{"taxonomy":"product_brand","embeddable":true,"href":"https:\/\/www.outdoors.ee\/et\/wp-json\/wp\/v2\/product_brand?post=102058"},{"taxonomy":"product_cat","embeddable":true,"href":"https:\/\/www.outdoors.ee\/et\/wp-json\/wp\/v2\/product_cat?post=102058"},{"taxonomy":"product_tag","embeddable":true,"href":"https:\/\/www.outdoors.ee\/et\/wp-json\/wp\/v2\/product_tag?post=102058"}],"curies":[{"name":"wp","href":"https:\/\/api.w.org\/{rel}","templated":true}]}}