{"id":101694,"date":"2025-05-09T13:41:24","date_gmt":"2025-05-09T10:41:24","guid":{"rendered":"https:\/\/www.outdoors.ee\/?post_type=product&#038;p=101694"},"modified":"2025-08-22T09:09:55","modified_gmt":"2025-08-22T06:09:55","slug":"blackthorn-2-inimese-telk-gen2","status":"publish","type":"product","link":"https:\/\/www.outdoors.ee\/et\/toode\/blackthorn-2-inimese-telk-gen2\/","title":{"rendered":"Highlander\u00ae BLACKTHORN 2-inimese telk Gen2"},"content":{"rendered":"<p>Uuendatud disainiga Blackthorn 2-kohaline telk on loodud kergeks matkamiseks ja sobib ideaalselt mitmep\u00e4evasteks seiklusteks looduses. Piisavalt avar kahele inimesele ning mugav ka \u00fcksikmatkajatele, kes vajavad lisaruumi varustuse jaoks. Suurep\u00e4rase suurusega esik pakub rohkelt ruumi toiduvalmistamiseks ja m\u00e4rja varustuse hoiustamiseks, muutes Blackthorn 2 telgi suurep\u00e4raseks valikuks pikematel telkimisretkedel.<\/p>\n<p><strong>Omadused:<\/strong><\/p>\n<ul>\n<li><span class=\"metafield-multi_line_text_field\">veekindel: 2000mm<\/span><\/li>\n<li>raskelt s\u00fcttiv materjal<\/li>\n<li>teibitud \u00f5mblused parema niiskuskindluse tagamiseks<\/li>\n<li>vastupidav pakkekott<\/li>\n<li>k\u00fclge\u00f5mmeldud p\u00f5hi<\/li>\n<li>riputusn\u00f6\u00f6r telgi sees<\/li>\n<li>kaal ca. 2.72kg<\/li>\n<li>materjal. seinad: 190T pol\u00fcester 2000mm, p\u00f5hi: 190T pol\u00fcester 3000mm<\/li>\n<li>m\u00f5\u00f5tmed. V\u00e4lis: 330cm x 170cm x 100cm. Sise: 210cm x 150cm x 93cm. Vaia paksus: 7.9mm<\/li>\n<li>m\u00f5\u00f5tmed pakituna: 48(L) x 14(D) cm<\/li>\n<\/ul>\n<p><strong>Seisukord:<\/strong> uus<\/p>\n","protected":false},"excerpt":{"rendered":"<p>Uuendatud disainiga Blackthorn 2-kohaline telk on loodud kergeks matkamiseks ja sobib ideaalselt mitmep\u00e4evasteks seiklusteks looduses. Piisavalt avar kahele inimesele ning<\/p>\n","protected":false},"featured_media":101663,"template":"","meta":[],"product_brand":[],"product_cat":[150],"product_tag":[],"class_list":{"0":"post-101694","1":"product","2":"type-product","3":"status-publish","4":"has-post-thumbnail","6":"product_cat-magamisvarustus","7":"pa_brand-highlander-2","8":"pa_color-hmtc-et","9":"pa_color-scarab-green-et","11":"first","12":"instock","13":"taxable","14":"shipping-taxable","15":"purchasable","16":"product-type-variable"},"yoast_head":"<!-- This site is optimized with the Yoast SEO plugin v27.2 - https:\/\/yoast.com\/product\/yoast-seo-wordpress\/ -->\n<title>Highlander\u00ae BLACKTHORN 2-inimese telk Gen2 - Outdoors<\/title>\n<meta name=\"robots\" content=\"index, follow, max-snippet:-1, max-image-preview:large, max-video-preview:-1\" \/>\n<link rel=\"canonical\" href=\"https:\/\/www.outdoors.ee\/et\/toode\/blackthorn-2-inimese-telk-gen2\/\" \/>\n<meta property=\"og:locale\" content=\"et_EE\" \/>\n<meta property=\"og:type\" content=\"article\" \/>\n<meta property=\"og:title\" content=\"Highlander\u00ae BLACKTHORN 2-inimese telk Gen2 - Outdoors\" \/>\n<meta property=\"og:description\" content=\"Uuendatud disainiga Blackthorn 2-kohaline telk on loodud kergeks matkamiseks ja sobib ideaalselt mitmep\u00e4evasteks seiklusteks looduses. Piisavalt avar kahele inimesele ning\" \/>\n<meta property=\"og:url\" content=\"https:\/\/www.outdoors.ee\/et\/toode\/blackthorn-2-inimese-telk-gen2\/\" \/>\n<meta property=\"og:site_name\" content=\"Outdoors\" \/>\n<meta property=\"article:modified_time\" content=\"2025-08-22T06:09:55+00:00\" \/>\n<meta property=\"og:image\" content=\"https:\/\/www.outdoors.ee\/wp-content\/uploads\/2025\/05\/TEN132V2-SG-Highlander\u00ae-Blackthorn-2-Person-Tent-Gen2-Skarab-Green-1.jpg\" \/>\n\t<meta property=\"og:image:width\" content=\"2500\" \/>\n\t<meta property=\"og:image:height\" content=\"2500\" \/>\n\t<meta property=\"og:image:type\" content=\"image\/jpeg\" \/>\n<meta name=\"twitter:card\" content=\"summary_large_image\" \/>\n<meta name=\"twitter:label1\" content=\"Est. reading time\" \/>\n\t<meta name=\"twitter:data1\" content=\"1 minut\" \/>\n<script type=\"application\/ld+json\" class=\"yoast-schema-graph\">{\"@context\":\"https:\/\/schema.org\",\"@graph\":[{\"@type\":\"WebPage\",\"@id\":\"https:\/\/www.outdoors.ee\/et\/toode\/blackthorn-2-inimese-telk-gen2\/\",\"url\":\"https:\/\/www.outdoors.ee\/et\/toode\/blackthorn-2-inimese-telk-gen2\/\",\"name\":\"Highlander\u00ae BLACKTHORN 2-inimese telk Gen2 - Outdoors\",\"isPartOf\":{\"@id\":\"https:\/\/www.outdoors.ee\/#website\"},\"primaryImageOfPage\":{\"@id\":\"https:\/\/www.outdoors.ee\/et\/toode\/blackthorn-2-inimese-telk-gen2\/#primaryimage\"},\"image\":{\"@id\":\"https:\/\/www.outdoors.ee\/et\/toode\/blackthorn-2-inimese-telk-gen2\/#primaryimage\"},\"thumbnailUrl\":\"https:\/\/www.outdoors.ee\/wp-content\/uploads\/2025\/05\/TEN132V2-SG-Highlander\u00ae-Blackthorn-2-Person-Tent-Gen2-Skarab-Green-1.jpg\",\"datePublished\":\"2025-05-09T10:41:24+00:00\",\"dateModified\":\"2025-08-22T06:09:55+00:00\",\"breadcrumb\":{\"@id\":\"https:\/\/www.outdoors.ee\/et\/toode\/blackthorn-2-inimese-telk-gen2\/#breadcrumb\"},\"inLanguage\":\"et\",\"potentialAction\":[{\"@type\":\"ReadAction\",\"target\":[\"https:\/\/www.outdoors.ee\/et\/toode\/blackthorn-2-inimese-telk-gen2\/\"]}]},{\"@type\":\"ImageObject\",\"inLanguage\":\"et\",\"@id\":\"https:\/\/www.outdoors.ee\/et\/toode\/blackthorn-2-inimese-telk-gen2\/#primaryimage\",\"url\":\"https:\/\/www.outdoors.ee\/wp-content\/uploads\/2025\/05\/TEN132V2-SG-Highlander\u00ae-Blackthorn-2-Person-Tent-Gen2-Skarab-Green-1.jpg\",\"contentUrl\":\"https:\/\/www.outdoors.ee\/wp-content\/uploads\/2025\/05\/TEN132V2-SG-Highlander\u00ae-Blackthorn-2-Person-Tent-Gen2-Skarab-Green-1.jpg\",\"width\":2500,\"height\":2500},{\"@type\":\"BreadcrumbList\",\"@id\":\"https:\/\/www.outdoors.ee\/et\/toode\/blackthorn-2-inimese-telk-gen2\/#breadcrumb\",\"itemListElement\":[{\"@type\":\"ListItem\",\"position\":1,\"name\":\"Home\",\"item\":\"https:\/\/www.outdoors.ee\/et\/\"},{\"@type\":\"ListItem\",\"position\":2,\"name\":\"Tooted\",\"item\":\"https:\/\/www.outdoors.ee\/products\/\"},{\"@type\":\"ListItem\",\"position\":3,\"name\":\"Highlander\u00ae BLACKTHORN 2-inimese telk Gen2\"}]},{\"@type\":\"WebSite\",\"@id\":\"https:\/\/www.outdoors.ee\/#website\",\"url\":\"https:\/\/www.outdoors.ee\/\",\"name\":\"Outdoors\",\"description\":\"Genuine military surplus and not only!\",\"potentialAction\":[{\"@type\":\"SearchAction\",\"target\":{\"@type\":\"EntryPoint\",\"urlTemplate\":\"https:\/\/www.outdoors.ee\/?s={search_term_string}\"},\"query-input\":{\"@type\":\"PropertyValueSpecification\",\"valueRequired\":true,\"valueName\":\"search_term_string\"}}],\"inLanguage\":\"et\"}]}<\/script>\n<!-- \/ Yoast SEO plugin. -->","yoast_head_json":{"title":"Highlander\u00ae BLACKTHORN 2-inimese telk Gen2 - Outdoors","robots":{"index":"index","follow":"follow","max-snippet":"max-snippet:-1","max-image-preview":"max-image-preview:large","max-video-preview":"max-video-preview:-1"},"canonical":"https:\/\/www.outdoors.ee\/et\/toode\/blackthorn-2-inimese-telk-gen2\/","og_locale":"et_EE","og_type":"article","og_title":"Highlander\u00ae BLACKTHORN 2-inimese telk Gen2 - Outdoors","og_description":"Uuendatud disainiga Blackthorn 2-kohaline telk on loodud kergeks matkamiseks ja sobib ideaalselt mitmep\u00e4evasteks seiklusteks looduses. Piisavalt avar kahele inimesele ning","og_url":"https:\/\/www.outdoors.ee\/et\/toode\/blackthorn-2-inimese-telk-gen2\/","og_site_name":"Outdoors","article_modified_time":"2025-08-22T06:09:55+00:00","og_image":[{"width":2500,"height":2500,"url":"https:\/\/www.outdoors.ee\/wp-content\/uploads\/2025\/05\/TEN132V2-SG-Highlander\u00ae-Blackthorn-2-Person-Tent-Gen2-Skarab-Green-1.jpg","type":"image\/jpeg"}],"twitter_card":"summary_large_image","twitter_misc":{"Est. reading time":"1 minut"},"schema":{"@context":"https:\/\/schema.org","@graph":[{"@type":"WebPage","@id":"https:\/\/www.outdoors.ee\/et\/toode\/blackthorn-2-inimese-telk-gen2\/","url":"https:\/\/www.outdoors.ee\/et\/toode\/blackthorn-2-inimese-telk-gen2\/","name":"Highlander\u00ae BLACKTHORN 2-inimese telk Gen2 - Outdoors","isPartOf":{"@id":"https:\/\/www.outdoors.ee\/#website"},"primaryImageOfPage":{"@id":"https:\/\/www.outdoors.ee\/et\/toode\/blackthorn-2-inimese-telk-gen2\/#primaryimage"},"image":{"@id":"https:\/\/www.outdoors.ee\/et\/toode\/blackthorn-2-inimese-telk-gen2\/#primaryimage"},"thumbnailUrl":"https:\/\/www.outdoors.ee\/wp-content\/uploads\/2025\/05\/TEN132V2-SG-Highlander\u00ae-Blackthorn-2-Person-Tent-Gen2-Skarab-Green-1.jpg","datePublished":"2025-05-09T10:41:24+00:00","dateModified":"2025-08-22T06:09:55+00:00","breadcrumb":{"@id":"https:\/\/www.outdoors.ee\/et\/toode\/blackthorn-2-inimese-telk-gen2\/#breadcrumb"},"inLanguage":"et","potentialAction":[{"@type":"ReadAction","target":["https:\/\/www.outdoors.ee\/et\/toode\/blackthorn-2-inimese-telk-gen2\/"]}]},{"@type":"ImageObject","inLanguage":"et","@id":"https:\/\/www.outdoors.ee\/et\/toode\/blackthorn-2-inimese-telk-gen2\/#primaryimage","url":"https:\/\/www.outdoors.ee\/wp-content\/uploads\/2025\/05\/TEN132V2-SG-Highlander\u00ae-Blackthorn-2-Person-Tent-Gen2-Skarab-Green-1.jpg","contentUrl":"https:\/\/www.outdoors.ee\/wp-content\/uploads\/2025\/05\/TEN132V2-SG-Highlander\u00ae-Blackthorn-2-Person-Tent-Gen2-Skarab-Green-1.jpg","width":2500,"height":2500},{"@type":"BreadcrumbList","@id":"https:\/\/www.outdoors.ee\/et\/toode\/blackthorn-2-inimese-telk-gen2\/#breadcrumb","itemListElement":[{"@type":"ListItem","position":1,"name":"Home","item":"https:\/\/www.outdoors.ee\/et\/"},{"@type":"ListItem","position":2,"name":"Tooted","item":"https:\/\/www.outdoors.ee\/products\/"},{"@type":"ListItem","position":3,"name":"Highlander\u00ae BLACKTHORN 2-inimese telk Gen2"}]},{"@type":"WebSite","@id":"https:\/\/www.outdoors.ee\/#website","url":"https:\/\/www.outdoors.ee\/","name":"Outdoors","description":"Genuine military surplus and not only!","potentialAction":[{"@type":"SearchAction","target":{"@type":"EntryPoint","urlTemplate":"https:\/\/www.outdoors.ee\/?s={search_term_string}"},"query-input":{"@type":"PropertyValueSpecification","valueRequired":true,"valueName":"search_term_string"}}],"inLanguage":"et"}]}},"_links":{"self":[{"href":"https:\/\/www.outdoors.ee\/et\/wp-json\/wp\/v2\/product\/101694","targetHints":{"allow":["GET"]}}],"collection":[{"href":"https:\/\/www.outdoors.ee\/et\/wp-json\/wp\/v2\/product"}],"about":[{"href":"https:\/\/www.outdoors.ee\/et\/wp-json\/wp\/v2\/types\/product"}],"wp:featuredmedia":[{"embeddable":true,"href":"https:\/\/www.outdoors.ee\/et\/wp-json\/wp\/v2\/media\/101663"}],"wp:attachment":[{"href":"https:\/\/www.outdoors.ee\/et\/wp-json\/wp\/v2\/media?parent=101694"}],"wp:term":[{"taxonomy":"product_brand","embeddable":true,"href":"https:\/\/www.outdoors.ee\/et\/wp-json\/wp\/v2\/product_brand?post=101694"},{"taxonomy":"product_cat","embeddable":true,"href":"https:\/\/www.outdoors.ee\/et\/wp-json\/wp\/v2\/product_cat?post=101694"},{"taxonomy":"product_tag","embeddable":true,"href":"https:\/\/www.outdoors.ee\/et\/wp-json\/wp\/v2\/product_tag?post=101694"}],"curies":[{"name":"wp","href":"https:\/\/api.w.org\/{rel}","templated":true}]}}