{"id":101624,"date":"2025-05-07T09:12:30","date_gmt":"2025-05-07T06:12:30","guid":{"rendered":"https:\/\/www.outdoors.ee\/?post_type=product&#038;p=101624"},"modified":"2025-10-10T15:02:46","modified_gmt":"2025-10-10T12:02:46","slug":"t-sark-combat-t-shirt-mens","status":"publish","type":"product","link":"https:\/\/www.outdoors.ee\/et\/toode\/t-sark-combat-t-shirt-mens\/","title":{"rendered":"Highlander\u00ae t-s\u00e4rk Combat T-Shirt, mens"},"content":{"rendered":"<p>Valmistatud puuvilla ja elastaani segakangast, mis t\u00f5husalt juhib niiskust eemale, on Combat T-s\u00e4rk varustatud ka v\u00f5rkkangast kaenlaaluste ventilatsiooniavadega. S\u00e4rgil on ka v\u00e4ike tasku varrukal ning takjapaela paneel embleemide ja tunnusm\u00e4rkide kinnitamiseks.<\/p>\n<p><strong>Omadused:<\/strong><\/p>\n<ul>\n<li>hingav ning kiiresti kuivav<\/li>\n<li>kehasse disain<\/li>\n<li>venivad kaenlaalused vent.paneelid<\/li>\n<li>t\u00f5mblukuga tasku varrukal<\/li>\n<li>kaal ca.<strong>\u00a0<\/strong>217g<\/li>\n<li>materjal: 95% puuvill 5% spandex (elastaan)<\/li>\n<\/ul>\n<p><strong>Seisukord:<\/strong> uus<\/p>\n","protected":false},"excerpt":{"rendered":"<p>Highlander\u00ae meeste v\u00e4livormi t-s\u00e4rk<\/p>\n","protected":false},"featured_media":101611,"template":"","meta":[],"product_brand":[],"product_cat":[129],"product_tag":[],"class_list":{"0":"post-101624","1":"product","2":"type-product","3":"status-publish","4":"has-post-thumbnail","6":"product_cat-soe-pesu-aluskiht","7":"pa_brand-highlander-2","8":"pa_color-black-2","9":"pa_color-ranger-green-2","10":"pa_color-tan-et","11":"pa_size-l-2","12":"pa_size-m-2","13":"pa_size-xl-2","15":"first","16":"instock","17":"taxable","18":"shipping-taxable","19":"purchasable","20":"product-type-variable"},"yoast_head":"<!-- This site is optimized with the Yoast SEO plugin v27.2 - https:\/\/yoast.com\/product\/yoast-seo-wordpress\/ -->\n<title>Highlander\u00ae t-s\u00e4rk Combat T-Shirt, mens - Outdoors<\/title>\n<meta name=\"robots\" content=\"index, follow, max-snippet:-1, max-image-preview:large, max-video-preview:-1\" \/>\n<link rel=\"canonical\" href=\"https:\/\/www.outdoors.ee\/et\/toode\/t-sark-combat-t-shirt-mens\/\" \/>\n<meta property=\"og:locale\" content=\"et_EE\" \/>\n<meta property=\"og:type\" content=\"article\" \/>\n<meta property=\"og:title\" content=\"Highlander\u00ae t-s\u00e4rk Combat T-Shirt, mens - Outdoors\" \/>\n<meta property=\"og:description\" content=\"Highlander\u00ae meeste v\u00e4livormi t-s\u00e4rk\" \/>\n<meta property=\"og:url\" content=\"https:\/\/www.outdoors.ee\/et\/toode\/t-sark-combat-t-shirt-mens\/\" \/>\n<meta property=\"og:site_name\" content=\"Outdoors\" \/>\n<meta property=\"article:modified_time\" content=\"2025-10-10T12:02:46+00:00\" \/>\n<meta property=\"og:image\" content=\"https:\/\/www.outdoors.ee\/wp-content\/uploads\/2025\/05\/TEE031-RG-Highlander\u00ae-Combat-T-Shirt-Mens-Ranger-Green.jpg\" \/>\n\t<meta property=\"og:image:width\" content=\"2500\" \/>\n\t<meta property=\"og:image:height\" content=\"2500\" \/>\n\t<meta property=\"og:image:type\" content=\"image\/jpeg\" \/>\n<meta name=\"twitter:card\" content=\"summary_large_image\" \/>\n<meta name=\"twitter:label1\" content=\"Est. reading time\" \/>\n\t<meta name=\"twitter:data1\" content=\"1 minut\" \/>\n<script type=\"application\/ld+json\" class=\"yoast-schema-graph\">{\"@context\":\"https:\/\/schema.org\",\"@graph\":[{\"@type\":\"WebPage\",\"@id\":\"https:\/\/www.outdoors.ee\/et\/toode\/t-sark-combat-t-shirt-mens\/\",\"url\":\"https:\/\/www.outdoors.ee\/et\/toode\/t-sark-combat-t-shirt-mens\/\",\"name\":\"Highlander\u00ae t-s\u00e4rk Combat T-Shirt, mens - Outdoors\",\"isPartOf\":{\"@id\":\"https:\/\/www.outdoors.ee\/#website\"},\"primaryImageOfPage\":{\"@id\":\"https:\/\/www.outdoors.ee\/et\/toode\/t-sark-combat-t-shirt-mens\/#primaryimage\"},\"image\":{\"@id\":\"https:\/\/www.outdoors.ee\/et\/toode\/t-sark-combat-t-shirt-mens\/#primaryimage\"},\"thumbnailUrl\":\"https:\/\/www.outdoors.ee\/wp-content\/uploads\/2025\/05\/TEE031-RG-Highlander\u00ae-Combat-T-Shirt-Mens-Ranger-Green.jpg\",\"datePublished\":\"2025-05-07T06:12:30+00:00\",\"dateModified\":\"2025-10-10T12:02:46+00:00\",\"breadcrumb\":{\"@id\":\"https:\/\/www.outdoors.ee\/et\/toode\/t-sark-combat-t-shirt-mens\/#breadcrumb\"},\"inLanguage\":\"et\",\"potentialAction\":[{\"@type\":\"ReadAction\",\"target\":[\"https:\/\/www.outdoors.ee\/et\/toode\/t-sark-combat-t-shirt-mens\/\"]}]},{\"@type\":\"ImageObject\",\"inLanguage\":\"et\",\"@id\":\"https:\/\/www.outdoors.ee\/et\/toode\/t-sark-combat-t-shirt-mens\/#primaryimage\",\"url\":\"https:\/\/www.outdoors.ee\/wp-content\/uploads\/2025\/05\/TEE031-RG-Highlander\u00ae-Combat-T-Shirt-Mens-Ranger-Green.jpg\",\"contentUrl\":\"https:\/\/www.outdoors.ee\/wp-content\/uploads\/2025\/05\/TEE031-RG-Highlander\u00ae-Combat-T-Shirt-Mens-Ranger-Green.jpg\",\"width\":2500,\"height\":2500},{\"@type\":\"BreadcrumbList\",\"@id\":\"https:\/\/www.outdoors.ee\/et\/toode\/t-sark-combat-t-shirt-mens\/#breadcrumb\",\"itemListElement\":[{\"@type\":\"ListItem\",\"position\":1,\"name\":\"Home\",\"item\":\"https:\/\/www.outdoors.ee\/et\/\"},{\"@type\":\"ListItem\",\"position\":2,\"name\":\"Tooted\",\"item\":\"https:\/\/www.outdoors.ee\/products\/\"},{\"@type\":\"ListItem\",\"position\":3,\"name\":\"Highlander\u00ae t-s\u00e4rk Combat T-Shirt, mens\"}]},{\"@type\":\"WebSite\",\"@id\":\"https:\/\/www.outdoors.ee\/#website\",\"url\":\"https:\/\/www.outdoors.ee\/\",\"name\":\"Outdoors\",\"description\":\"Genuine military surplus and not only!\",\"potentialAction\":[{\"@type\":\"SearchAction\",\"target\":{\"@type\":\"EntryPoint\",\"urlTemplate\":\"https:\/\/www.outdoors.ee\/?s={search_term_string}\"},\"query-input\":{\"@type\":\"PropertyValueSpecification\",\"valueRequired\":true,\"valueName\":\"search_term_string\"}}],\"inLanguage\":\"et\"}]}<\/script>\n<!-- \/ Yoast SEO plugin. -->","yoast_head_json":{"title":"Highlander\u00ae t-s\u00e4rk Combat T-Shirt, mens - Outdoors","robots":{"index":"index","follow":"follow","max-snippet":"max-snippet:-1","max-image-preview":"max-image-preview:large","max-video-preview":"max-video-preview:-1"},"canonical":"https:\/\/www.outdoors.ee\/et\/toode\/t-sark-combat-t-shirt-mens\/","og_locale":"et_EE","og_type":"article","og_title":"Highlander\u00ae t-s\u00e4rk Combat T-Shirt, mens - Outdoors","og_description":"Highlander\u00ae meeste v\u00e4livormi t-s\u00e4rk","og_url":"https:\/\/www.outdoors.ee\/et\/toode\/t-sark-combat-t-shirt-mens\/","og_site_name":"Outdoors","article_modified_time":"2025-10-10T12:02:46+00:00","og_image":[{"width":2500,"height":2500,"url":"https:\/\/www.outdoors.ee\/wp-content\/uploads\/2025\/05\/TEE031-RG-Highlander\u00ae-Combat-T-Shirt-Mens-Ranger-Green.jpg","type":"image\/jpeg"}],"twitter_card":"summary_large_image","twitter_misc":{"Est. reading time":"1 minut"},"schema":{"@context":"https:\/\/schema.org","@graph":[{"@type":"WebPage","@id":"https:\/\/www.outdoors.ee\/et\/toode\/t-sark-combat-t-shirt-mens\/","url":"https:\/\/www.outdoors.ee\/et\/toode\/t-sark-combat-t-shirt-mens\/","name":"Highlander\u00ae t-s\u00e4rk Combat T-Shirt, mens - Outdoors","isPartOf":{"@id":"https:\/\/www.outdoors.ee\/#website"},"primaryImageOfPage":{"@id":"https:\/\/www.outdoors.ee\/et\/toode\/t-sark-combat-t-shirt-mens\/#primaryimage"},"image":{"@id":"https:\/\/www.outdoors.ee\/et\/toode\/t-sark-combat-t-shirt-mens\/#primaryimage"},"thumbnailUrl":"https:\/\/www.outdoors.ee\/wp-content\/uploads\/2025\/05\/TEE031-RG-Highlander\u00ae-Combat-T-Shirt-Mens-Ranger-Green.jpg","datePublished":"2025-05-07T06:12:30+00:00","dateModified":"2025-10-10T12:02:46+00:00","breadcrumb":{"@id":"https:\/\/www.outdoors.ee\/et\/toode\/t-sark-combat-t-shirt-mens\/#breadcrumb"},"inLanguage":"et","potentialAction":[{"@type":"ReadAction","target":["https:\/\/www.outdoors.ee\/et\/toode\/t-sark-combat-t-shirt-mens\/"]}]},{"@type":"ImageObject","inLanguage":"et","@id":"https:\/\/www.outdoors.ee\/et\/toode\/t-sark-combat-t-shirt-mens\/#primaryimage","url":"https:\/\/www.outdoors.ee\/wp-content\/uploads\/2025\/05\/TEE031-RG-Highlander\u00ae-Combat-T-Shirt-Mens-Ranger-Green.jpg","contentUrl":"https:\/\/www.outdoors.ee\/wp-content\/uploads\/2025\/05\/TEE031-RG-Highlander\u00ae-Combat-T-Shirt-Mens-Ranger-Green.jpg","width":2500,"height":2500},{"@type":"BreadcrumbList","@id":"https:\/\/www.outdoors.ee\/et\/toode\/t-sark-combat-t-shirt-mens\/#breadcrumb","itemListElement":[{"@type":"ListItem","position":1,"name":"Home","item":"https:\/\/www.outdoors.ee\/et\/"},{"@type":"ListItem","position":2,"name":"Tooted","item":"https:\/\/www.outdoors.ee\/products\/"},{"@type":"ListItem","position":3,"name":"Highlander\u00ae t-s\u00e4rk Combat T-Shirt, mens"}]},{"@type":"WebSite","@id":"https:\/\/www.outdoors.ee\/#website","url":"https:\/\/www.outdoors.ee\/","name":"Outdoors","description":"Genuine military surplus and not only!","potentialAction":[{"@type":"SearchAction","target":{"@type":"EntryPoint","urlTemplate":"https:\/\/www.outdoors.ee\/?s={search_term_string}"},"query-input":{"@type":"PropertyValueSpecification","valueRequired":true,"valueName":"search_term_string"}}],"inLanguage":"et"}]}},"_links":{"self":[{"href":"https:\/\/www.outdoors.ee\/et\/wp-json\/wp\/v2\/product\/101624","targetHints":{"allow":["GET"]}}],"collection":[{"href":"https:\/\/www.outdoors.ee\/et\/wp-json\/wp\/v2\/product"}],"about":[{"href":"https:\/\/www.outdoors.ee\/et\/wp-json\/wp\/v2\/types\/product"}],"wp:featuredmedia":[{"embeddable":true,"href":"https:\/\/www.outdoors.ee\/et\/wp-json\/wp\/v2\/media\/101611"}],"wp:attachment":[{"href":"https:\/\/www.outdoors.ee\/et\/wp-json\/wp\/v2\/media?parent=101624"}],"wp:term":[{"taxonomy":"product_brand","embeddable":true,"href":"https:\/\/www.outdoors.ee\/et\/wp-json\/wp\/v2\/product_brand?post=101624"},{"taxonomy":"product_cat","embeddable":true,"href":"https:\/\/www.outdoors.ee\/et\/wp-json\/wp\/v2\/product_cat?post=101624"},{"taxonomy":"product_tag","embeddable":true,"href":"https:\/\/www.outdoors.ee\/et\/wp-json\/wp\/v2\/product_tag?post=101624"}],"curies":[{"name":"wp","href":"https:\/\/api.w.org\/{rel}","templated":true}]}}