{"id":101592,"date":"2025-05-06T17:57:22","date_gmt":"2025-05-06T14:57:22","guid":{"rendered":"https:\/\/www.outdoors.ee\/?post_type=product&#038;p=101592"},"modified":"2025-10-09T15:34:54","modified_gmt":"2025-10-09T12:34:54","slug":"vihmajope-cyclone-pro-waterproof-jacket","status":"publish","type":"product","link":"https:\/\/www.outdoors.ee\/et\/toode\/vihmajope-cyclone-pro-waterproof-jacket\/","title":{"rendered":"Highlander\u00ae vihmajope Cyclone Pro Waterproof Jacket"},"content":{"rendered":"<p><strong>Omadused:<\/strong><\/p>\n<ul>\n<li>kerge ja kompaktne<\/li>\n<li>vetth\u00fclgav ja hingav Prot3X-LTE kangas<\/li>\n<li>teibitud \u00f5mblused<\/li>\n<li>veekindel t\u00f5mblukk<\/li>\n<li>Grade 4 PFC-vaba vetth\u00fclgav membraan<\/li>\n<li>takjapaelaga kinnitatav pagunialus rinnal (HMTC ja Ranger Green versioonidel)<\/li>\n<li>nokatsi ning pingutusn\u00f6\u00f6ridega, reguleeritav, kokkupandav kapuuts, mida saab kasutada ka kiivriga<\/li>\n<li>pingutusn\u00f6\u00f6r alumises \u00e4\u00e4res<\/li>\n<li>k\u00f5rge hingavustasemega membraan, mis aitab v\u00e4ltida kehaniiskuse kogunemist<\/li>\n<li>takjapaela abil reguleeritavad mansetid<\/li>\n<li>Veekindel 20,000mm<\/li>\n<li>Hingav 15,000g\/m2<\/li>\n<\/ul>\n<p><strong>Seisukord:<\/strong> uus<\/p>\n","protected":false},"excerpt":{"rendered":"<p>Omadused: kerge ja kompaktne vetth\u00fclgav ja hingav Prot3X-LTE kangas teibitud \u00f5mblused veekindel t\u00f5mblukk Grade 4 PFC-vaba vetth\u00fclgav membraan takjapaelaga kinnitatav<\/p>\n","protected":false},"featured_media":101585,"template":"","meta":[],"product_brand":[],"product_cat":[101],"product_tag":[3143],"class_list":{"0":"post-101592","1":"product","2":"type-product","3":"status-publish","4":"has-post-thumbnail","6":"product_cat-joped-parkad","7":"product_tag-vihmariided","8":"pa_brand-highlander-2","9":"pa_color-hmtc-et","10":"pa_color-ranger-green-2","11":"pa_size-l-2","12":"pa_size-m-2","13":"pa_size-xl-2","15":"first","16":"instock","17":"taxable","18":"shipping-taxable","19":"purchasable","20":"product-type-variable"},"yoast_head":"<!-- This site is optimized with the Yoast SEO plugin v27.2 - https:\/\/yoast.com\/product\/yoast-seo-wordpress\/ -->\n<title>Highlander\u00ae vihmajope Cyclone Pro Waterproof Jacket - Outdoors<\/title>\n<meta name=\"robots\" content=\"index, follow, max-snippet:-1, max-image-preview:large, max-video-preview:-1\" \/>\n<link rel=\"canonical\" href=\"https:\/\/www.outdoors.ee\/et\/toode\/vihmajope-cyclone-pro-waterproof-jacket\/\" \/>\n<meta property=\"og:locale\" content=\"et_EE\" \/>\n<meta property=\"og:type\" content=\"article\" \/>\n<meta property=\"og:title\" content=\"Highlander\u00ae vihmajope Cyclone Pro Waterproof Jacket - Outdoors\" \/>\n<meta property=\"og:description\" content=\"Omadused: kerge ja kompaktne vetth\u00fclgav ja hingav Prot3X-LTE kangas teibitud \u00f5mblused veekindel t\u00f5mblukk Grade 4 PFC-vaba vetth\u00fclgav membraan takjapaelaga kinnitatav\" \/>\n<meta property=\"og:url\" content=\"https:\/\/www.outdoors.ee\/et\/toode\/vihmajope-cyclone-pro-waterproof-jacket\/\" \/>\n<meta property=\"og:site_name\" content=\"Outdoors\" \/>\n<meta property=\"article:modified_time\" content=\"2025-10-09T12:34:54+00:00\" \/>\n<meta property=\"og:image\" content=\"https:\/\/www.outdoors.ee\/wp-content\/uploads\/2025\/05\/JAC125-RG-Highlander\u00ae-Cyclone-Pro-Waterproof-Jacket-1.jpg\" \/>\n\t<meta property=\"og:image:width\" content=\"2500\" \/>\n\t<meta property=\"og:image:height\" content=\"2500\" \/>\n\t<meta property=\"og:image:type\" content=\"image\/jpeg\" \/>\n<meta name=\"twitter:card\" content=\"summary_large_image\" \/>\n<meta name=\"twitter:label1\" content=\"Est. reading time\" \/>\n\t<meta name=\"twitter:data1\" content=\"1 minut\" \/>\n<script type=\"application\/ld+json\" class=\"yoast-schema-graph\">{\"@context\":\"https:\/\/schema.org\",\"@graph\":[{\"@type\":\"WebPage\",\"@id\":\"https:\/\/www.outdoors.ee\/et\/toode\/vihmajope-cyclone-pro-waterproof-jacket\/\",\"url\":\"https:\/\/www.outdoors.ee\/et\/toode\/vihmajope-cyclone-pro-waterproof-jacket\/\",\"name\":\"Highlander\u00ae vihmajope Cyclone Pro Waterproof Jacket - Outdoors\",\"isPartOf\":{\"@id\":\"https:\/\/www.outdoors.ee\/#website\"},\"primaryImageOfPage\":{\"@id\":\"https:\/\/www.outdoors.ee\/et\/toode\/vihmajope-cyclone-pro-waterproof-jacket\/#primaryimage\"},\"image\":{\"@id\":\"https:\/\/www.outdoors.ee\/et\/toode\/vihmajope-cyclone-pro-waterproof-jacket\/#primaryimage\"},\"thumbnailUrl\":\"https:\/\/www.outdoors.ee\/wp-content\/uploads\/2025\/05\/JAC125-RG-Highlander\u00ae-Cyclone-Pro-Waterproof-Jacket-1.jpg\",\"datePublished\":\"2025-05-06T14:57:22+00:00\",\"dateModified\":\"2025-10-09T12:34:54+00:00\",\"breadcrumb\":{\"@id\":\"https:\/\/www.outdoors.ee\/et\/toode\/vihmajope-cyclone-pro-waterproof-jacket\/#breadcrumb\"},\"inLanguage\":\"et\",\"potentialAction\":[{\"@type\":\"ReadAction\",\"target\":[\"https:\/\/www.outdoors.ee\/et\/toode\/vihmajope-cyclone-pro-waterproof-jacket\/\"]}]},{\"@type\":\"ImageObject\",\"inLanguage\":\"et\",\"@id\":\"https:\/\/www.outdoors.ee\/et\/toode\/vihmajope-cyclone-pro-waterproof-jacket\/#primaryimage\",\"url\":\"https:\/\/www.outdoors.ee\/wp-content\/uploads\/2025\/05\/JAC125-RG-Highlander\u00ae-Cyclone-Pro-Waterproof-Jacket-1.jpg\",\"contentUrl\":\"https:\/\/www.outdoors.ee\/wp-content\/uploads\/2025\/05\/JAC125-RG-Highlander\u00ae-Cyclone-Pro-Waterproof-Jacket-1.jpg\",\"width\":2500,\"height\":2500},{\"@type\":\"BreadcrumbList\",\"@id\":\"https:\/\/www.outdoors.ee\/et\/toode\/vihmajope-cyclone-pro-waterproof-jacket\/#breadcrumb\",\"itemListElement\":[{\"@type\":\"ListItem\",\"position\":1,\"name\":\"Home\",\"item\":\"https:\/\/www.outdoors.ee\/et\/\"},{\"@type\":\"ListItem\",\"position\":2,\"name\":\"Tooted\",\"item\":\"https:\/\/www.outdoors.ee\/products\/\"},{\"@type\":\"ListItem\",\"position\":3,\"name\":\"Highlander\u00ae vihmajope Cyclone Pro Waterproof Jacket\"}]},{\"@type\":\"WebSite\",\"@id\":\"https:\/\/www.outdoors.ee\/#website\",\"url\":\"https:\/\/www.outdoors.ee\/\",\"name\":\"Outdoors\",\"description\":\"Genuine military surplus and not only!\",\"potentialAction\":[{\"@type\":\"SearchAction\",\"target\":{\"@type\":\"EntryPoint\",\"urlTemplate\":\"https:\/\/www.outdoors.ee\/?s={search_term_string}\"},\"query-input\":{\"@type\":\"PropertyValueSpecification\",\"valueRequired\":true,\"valueName\":\"search_term_string\"}}],\"inLanguage\":\"et\"}]}<\/script>\n<!-- \/ Yoast SEO plugin. -->","yoast_head_json":{"title":"Highlander\u00ae vihmajope Cyclone Pro Waterproof Jacket - Outdoors","robots":{"index":"index","follow":"follow","max-snippet":"max-snippet:-1","max-image-preview":"max-image-preview:large","max-video-preview":"max-video-preview:-1"},"canonical":"https:\/\/www.outdoors.ee\/et\/toode\/vihmajope-cyclone-pro-waterproof-jacket\/","og_locale":"et_EE","og_type":"article","og_title":"Highlander\u00ae vihmajope Cyclone Pro Waterproof Jacket - Outdoors","og_description":"Omadused: kerge ja kompaktne vetth\u00fclgav ja hingav Prot3X-LTE kangas teibitud \u00f5mblused veekindel t\u00f5mblukk Grade 4 PFC-vaba vetth\u00fclgav membraan takjapaelaga kinnitatav","og_url":"https:\/\/www.outdoors.ee\/et\/toode\/vihmajope-cyclone-pro-waterproof-jacket\/","og_site_name":"Outdoors","article_modified_time":"2025-10-09T12:34:54+00:00","og_image":[{"width":2500,"height":2500,"url":"https:\/\/www.outdoors.ee\/wp-content\/uploads\/2025\/05\/JAC125-RG-Highlander\u00ae-Cyclone-Pro-Waterproof-Jacket-1.jpg","type":"image\/jpeg"}],"twitter_card":"summary_large_image","twitter_misc":{"Est. reading time":"1 minut"},"schema":{"@context":"https:\/\/schema.org","@graph":[{"@type":"WebPage","@id":"https:\/\/www.outdoors.ee\/et\/toode\/vihmajope-cyclone-pro-waterproof-jacket\/","url":"https:\/\/www.outdoors.ee\/et\/toode\/vihmajope-cyclone-pro-waterproof-jacket\/","name":"Highlander\u00ae vihmajope Cyclone Pro Waterproof Jacket - Outdoors","isPartOf":{"@id":"https:\/\/www.outdoors.ee\/#website"},"primaryImageOfPage":{"@id":"https:\/\/www.outdoors.ee\/et\/toode\/vihmajope-cyclone-pro-waterproof-jacket\/#primaryimage"},"image":{"@id":"https:\/\/www.outdoors.ee\/et\/toode\/vihmajope-cyclone-pro-waterproof-jacket\/#primaryimage"},"thumbnailUrl":"https:\/\/www.outdoors.ee\/wp-content\/uploads\/2025\/05\/JAC125-RG-Highlander\u00ae-Cyclone-Pro-Waterproof-Jacket-1.jpg","datePublished":"2025-05-06T14:57:22+00:00","dateModified":"2025-10-09T12:34:54+00:00","breadcrumb":{"@id":"https:\/\/www.outdoors.ee\/et\/toode\/vihmajope-cyclone-pro-waterproof-jacket\/#breadcrumb"},"inLanguage":"et","potentialAction":[{"@type":"ReadAction","target":["https:\/\/www.outdoors.ee\/et\/toode\/vihmajope-cyclone-pro-waterproof-jacket\/"]}]},{"@type":"ImageObject","inLanguage":"et","@id":"https:\/\/www.outdoors.ee\/et\/toode\/vihmajope-cyclone-pro-waterproof-jacket\/#primaryimage","url":"https:\/\/www.outdoors.ee\/wp-content\/uploads\/2025\/05\/JAC125-RG-Highlander\u00ae-Cyclone-Pro-Waterproof-Jacket-1.jpg","contentUrl":"https:\/\/www.outdoors.ee\/wp-content\/uploads\/2025\/05\/JAC125-RG-Highlander\u00ae-Cyclone-Pro-Waterproof-Jacket-1.jpg","width":2500,"height":2500},{"@type":"BreadcrumbList","@id":"https:\/\/www.outdoors.ee\/et\/toode\/vihmajope-cyclone-pro-waterproof-jacket\/#breadcrumb","itemListElement":[{"@type":"ListItem","position":1,"name":"Home","item":"https:\/\/www.outdoors.ee\/et\/"},{"@type":"ListItem","position":2,"name":"Tooted","item":"https:\/\/www.outdoors.ee\/products\/"},{"@type":"ListItem","position":3,"name":"Highlander\u00ae vihmajope Cyclone Pro Waterproof Jacket"}]},{"@type":"WebSite","@id":"https:\/\/www.outdoors.ee\/#website","url":"https:\/\/www.outdoors.ee\/","name":"Outdoors","description":"Genuine military surplus and not only!","potentialAction":[{"@type":"SearchAction","target":{"@type":"EntryPoint","urlTemplate":"https:\/\/www.outdoors.ee\/?s={search_term_string}"},"query-input":{"@type":"PropertyValueSpecification","valueRequired":true,"valueName":"search_term_string"}}],"inLanguage":"et"}]}},"_links":{"self":[{"href":"https:\/\/www.outdoors.ee\/et\/wp-json\/wp\/v2\/product\/101592","targetHints":{"allow":["GET"]}}],"collection":[{"href":"https:\/\/www.outdoors.ee\/et\/wp-json\/wp\/v2\/product"}],"about":[{"href":"https:\/\/www.outdoors.ee\/et\/wp-json\/wp\/v2\/types\/product"}],"wp:featuredmedia":[{"embeddable":true,"href":"https:\/\/www.outdoors.ee\/et\/wp-json\/wp\/v2\/media\/101585"}],"wp:attachment":[{"href":"https:\/\/www.outdoors.ee\/et\/wp-json\/wp\/v2\/media?parent=101592"}],"wp:term":[{"taxonomy":"product_brand","embeddable":true,"href":"https:\/\/www.outdoors.ee\/et\/wp-json\/wp\/v2\/product_brand?post=101592"},{"taxonomy":"product_cat","embeddable":true,"href":"https:\/\/www.outdoors.ee\/et\/wp-json\/wp\/v2\/product_cat?post=101592"},{"taxonomy":"product_tag","embeddable":true,"href":"https:\/\/www.outdoors.ee\/et\/wp-json\/wp\/v2\/product_tag?post=101592"}],"curies":[{"name":"wp","href":"https:\/\/api.w.org\/{rel}","templated":true}]}}