{"id":101575,"date":"2025-05-06T17:35:04","date_gmt":"2025-05-06T14:35:04","guid":{"rendered":"https:\/\/www.outdoors.ee\/?post_type=product&#038;p=101575"},"modified":"2025-11-28T10:50:06","modified_gmt":"2025-11-28T08:50:06","slug":"varustuse-kott-loader-100l-holdall-gen2","status":"publish","type":"product","link":"https:\/\/www.outdoors.ee\/et\/toode\/varustuse-kott-loader-100l-holdall-gen2\/","title":{"rendered":"Highlander\u00ae varustuse kott Loader 100L Holdall Gen2"},"content":{"rendered":"<p>Loader on \u00e4\u00e4rmiselt vastupidav ning talub rasket koormust. Selle 1000D vetth\u00fclgav kangas ja tugevad t\u00f5mblukud pakuvad sisule usaldusv\u00e4\u00e4rset kaitset. Eemaldatavad seljakotirihmad v\u00f5imaldavad seda mugavalt seljas kanda, et kiiresti ja lihtsalt liikuda. Kolme erineva kandes\u00fcsteemiga Loader pakub maksimaalset paindlikkust.<\/p>\n<p><strong>Omadused:<\/strong><\/p>\n<ul>\n<li>vastupidav vetth\u00fclgav kate (DWR coating)<\/li>\n<li>laialt avanev p\u00f5hisahtel<\/li>\n<li>kolmel erineval viisil kantav<\/li>\n<li>peidetavad, polsterdatud \u00f5larihmad<\/li>\n<li>tugevdatud kandesangad<\/li>\n<li>2 t\u00f5mblukuga k\u00fcljetaskut<\/li>\n<li>vastupidavad t\u00f5mblukud<\/li>\n<li>kompressioonrihmad<\/li>\n<li>D-r\u00f5ngad ning klambrid<\/li>\n<li>ID-tasku<\/li>\n<li>maht 100L<\/li>\n<li>kaal ca 1.4kg<\/li>\n<li>materjal 1000D XTP pol\u00fcester<\/li>\n<li>m\u00f5\u00f5tmed: 76 x 38 x 36cm<\/li>\n<\/ul>\n<p><strong>Seisukord:<\/strong> uus<\/p>\n","protected":false},"excerpt":{"rendered":"<p>Loader on \u00e4\u00e4rmiselt vastupidav ning talub rasket koormust. Selle 1000D vetth\u00fclgav kangas ja tugevad t\u00f5mblukud pakuvad sisule usaldusv\u00e4\u00e4rset kaitset. Eemaldatavad<\/p>\n","protected":false},"featured_media":101570,"template":"","meta":[],"product_brand":[],"product_cat":[3541],"product_tag":[],"class_list":{"0":"post-101575","1":"product","2":"type-product","3":"status-publish","4":"has-post-thumbnail","6":"product_cat-kotid-taskud","7":"pa_brand-highlander-2","8":"pa_color-black-2","9":"pa_color-dark-grey-2","10":"pa_color-ranger-green-2","12":"first","13":"instock","14":"taxable","15":"shipping-taxable","16":"purchasable","17":"product-type-variable"},"yoast_head":"<!-- This site is optimized with the Yoast SEO plugin v27.2 - https:\/\/yoast.com\/product\/yoast-seo-wordpress\/ -->\n<title>Highlander\u00ae varustuse kott Loader 100L Holdall Gen2 - Outdoors<\/title>\n<meta name=\"robots\" content=\"index, follow, max-snippet:-1, max-image-preview:large, max-video-preview:-1\" \/>\n<link rel=\"canonical\" href=\"https:\/\/www.outdoors.ee\/et\/toode\/varustuse-kott-loader-100l-holdall-gen2\/\" \/>\n<meta property=\"og:locale\" content=\"et_EE\" \/>\n<meta property=\"og:type\" content=\"article\" \/>\n<meta property=\"og:title\" content=\"Highlander\u00ae varustuse kott Loader 100L Holdall Gen2 - Outdoors\" \/>\n<meta property=\"og:description\" content=\"Loader on \u00e4\u00e4rmiselt vastupidav ning talub rasket koormust. Selle 1000D vetth\u00fclgav kangas ja tugevad t\u00f5mblukud pakuvad sisule usaldusv\u00e4\u00e4rset kaitset. Eemaldatavad\" \/>\n<meta property=\"og:url\" content=\"https:\/\/www.outdoors.ee\/et\/toode\/varustuse-kott-loader-100l-holdall-gen2\/\" \/>\n<meta property=\"og:site_name\" content=\"Outdoors\" \/>\n<meta property=\"article:modified_time\" content=\"2025-11-28T08:50:06+00:00\" \/>\n<meta property=\"og:image\" content=\"https:\/\/www.outdoors.ee\/wp-content\/uploads\/2025\/05\/LR100V2-RG-Highlander\u00ae-Loader-100L-Holdall-Gen2-Ranger-Green-3.jpg\" \/>\n\t<meta property=\"og:image:width\" content=\"2000\" \/>\n\t<meta property=\"og:image:height\" content=\"2000\" \/>\n\t<meta property=\"og:image:type\" content=\"image\/jpeg\" \/>\n<meta name=\"twitter:card\" content=\"summary_large_image\" \/>\n<meta name=\"twitter:label1\" content=\"Est. reading time\" \/>\n\t<meta name=\"twitter:data1\" content=\"1 minut\" \/>\n<script type=\"application\/ld+json\" class=\"yoast-schema-graph\">{\"@context\":\"https:\/\/schema.org\",\"@graph\":[{\"@type\":\"WebPage\",\"@id\":\"https:\/\/www.outdoors.ee\/et\/toode\/varustuse-kott-loader-100l-holdall-gen2\/\",\"url\":\"https:\/\/www.outdoors.ee\/et\/toode\/varustuse-kott-loader-100l-holdall-gen2\/\",\"name\":\"Highlander\u00ae varustuse kott Loader 100L Holdall Gen2 - Outdoors\",\"isPartOf\":{\"@id\":\"https:\/\/www.outdoors.ee\/#website\"},\"primaryImageOfPage\":{\"@id\":\"https:\/\/www.outdoors.ee\/et\/toode\/varustuse-kott-loader-100l-holdall-gen2\/#primaryimage\"},\"image\":{\"@id\":\"https:\/\/www.outdoors.ee\/et\/toode\/varustuse-kott-loader-100l-holdall-gen2\/#primaryimage\"},\"thumbnailUrl\":\"https:\/\/www.outdoors.ee\/wp-content\/uploads\/2025\/05\/LR100V2-RG-Highlander\u00ae-Loader-100L-Holdall-Gen2-Ranger-Green-3.jpg\",\"datePublished\":\"2025-05-06T14:35:04+00:00\",\"dateModified\":\"2025-11-28T08:50:06+00:00\",\"breadcrumb\":{\"@id\":\"https:\/\/www.outdoors.ee\/et\/toode\/varustuse-kott-loader-100l-holdall-gen2\/#breadcrumb\"},\"inLanguage\":\"et\",\"potentialAction\":[{\"@type\":\"ReadAction\",\"target\":[\"https:\/\/www.outdoors.ee\/et\/toode\/varustuse-kott-loader-100l-holdall-gen2\/\"]}]},{\"@type\":\"ImageObject\",\"inLanguage\":\"et\",\"@id\":\"https:\/\/www.outdoors.ee\/et\/toode\/varustuse-kott-loader-100l-holdall-gen2\/#primaryimage\",\"url\":\"https:\/\/www.outdoors.ee\/wp-content\/uploads\/2025\/05\/LR100V2-RG-Highlander\u00ae-Loader-100L-Holdall-Gen2-Ranger-Green-3.jpg\",\"contentUrl\":\"https:\/\/www.outdoors.ee\/wp-content\/uploads\/2025\/05\/LR100V2-RG-Highlander\u00ae-Loader-100L-Holdall-Gen2-Ranger-Green-3.jpg\",\"width\":2000,\"height\":2000},{\"@type\":\"BreadcrumbList\",\"@id\":\"https:\/\/www.outdoors.ee\/et\/toode\/varustuse-kott-loader-100l-holdall-gen2\/#breadcrumb\",\"itemListElement\":[{\"@type\":\"ListItem\",\"position\":1,\"name\":\"Home\",\"item\":\"https:\/\/www.outdoors.ee\/et\/\"},{\"@type\":\"ListItem\",\"position\":2,\"name\":\"Tooted\",\"item\":\"https:\/\/www.outdoors.ee\/products\/\"},{\"@type\":\"ListItem\",\"position\":3,\"name\":\"Highlander\u00ae varustuse kott Loader 100L Holdall Gen2\"}]},{\"@type\":\"WebSite\",\"@id\":\"https:\/\/www.outdoors.ee\/#website\",\"url\":\"https:\/\/www.outdoors.ee\/\",\"name\":\"Outdoors\",\"description\":\"Genuine military surplus and not only!\",\"potentialAction\":[{\"@type\":\"SearchAction\",\"target\":{\"@type\":\"EntryPoint\",\"urlTemplate\":\"https:\/\/www.outdoors.ee\/?s={search_term_string}\"},\"query-input\":{\"@type\":\"PropertyValueSpecification\",\"valueRequired\":true,\"valueName\":\"search_term_string\"}}],\"inLanguage\":\"et\"}]}<\/script>\n<!-- \/ Yoast SEO plugin. -->","yoast_head_json":{"title":"Highlander\u00ae varustuse kott Loader 100L Holdall Gen2 - Outdoors","robots":{"index":"index","follow":"follow","max-snippet":"max-snippet:-1","max-image-preview":"max-image-preview:large","max-video-preview":"max-video-preview:-1"},"canonical":"https:\/\/www.outdoors.ee\/et\/toode\/varustuse-kott-loader-100l-holdall-gen2\/","og_locale":"et_EE","og_type":"article","og_title":"Highlander\u00ae varustuse kott Loader 100L Holdall Gen2 - Outdoors","og_description":"Loader on \u00e4\u00e4rmiselt vastupidav ning talub rasket koormust. Selle 1000D vetth\u00fclgav kangas ja tugevad t\u00f5mblukud pakuvad sisule usaldusv\u00e4\u00e4rset kaitset. Eemaldatavad","og_url":"https:\/\/www.outdoors.ee\/et\/toode\/varustuse-kott-loader-100l-holdall-gen2\/","og_site_name":"Outdoors","article_modified_time":"2025-11-28T08:50:06+00:00","og_image":[{"width":2000,"height":2000,"url":"https:\/\/www.outdoors.ee\/wp-content\/uploads\/2025\/05\/LR100V2-RG-Highlander\u00ae-Loader-100L-Holdall-Gen2-Ranger-Green-3.jpg","type":"image\/jpeg"}],"twitter_card":"summary_large_image","twitter_misc":{"Est. reading time":"1 minut"},"schema":{"@context":"https:\/\/schema.org","@graph":[{"@type":"WebPage","@id":"https:\/\/www.outdoors.ee\/et\/toode\/varustuse-kott-loader-100l-holdall-gen2\/","url":"https:\/\/www.outdoors.ee\/et\/toode\/varustuse-kott-loader-100l-holdall-gen2\/","name":"Highlander\u00ae varustuse kott Loader 100L Holdall Gen2 - Outdoors","isPartOf":{"@id":"https:\/\/www.outdoors.ee\/#website"},"primaryImageOfPage":{"@id":"https:\/\/www.outdoors.ee\/et\/toode\/varustuse-kott-loader-100l-holdall-gen2\/#primaryimage"},"image":{"@id":"https:\/\/www.outdoors.ee\/et\/toode\/varustuse-kott-loader-100l-holdall-gen2\/#primaryimage"},"thumbnailUrl":"https:\/\/www.outdoors.ee\/wp-content\/uploads\/2025\/05\/LR100V2-RG-Highlander\u00ae-Loader-100L-Holdall-Gen2-Ranger-Green-3.jpg","datePublished":"2025-05-06T14:35:04+00:00","dateModified":"2025-11-28T08:50:06+00:00","breadcrumb":{"@id":"https:\/\/www.outdoors.ee\/et\/toode\/varustuse-kott-loader-100l-holdall-gen2\/#breadcrumb"},"inLanguage":"et","potentialAction":[{"@type":"ReadAction","target":["https:\/\/www.outdoors.ee\/et\/toode\/varustuse-kott-loader-100l-holdall-gen2\/"]}]},{"@type":"ImageObject","inLanguage":"et","@id":"https:\/\/www.outdoors.ee\/et\/toode\/varustuse-kott-loader-100l-holdall-gen2\/#primaryimage","url":"https:\/\/www.outdoors.ee\/wp-content\/uploads\/2025\/05\/LR100V2-RG-Highlander\u00ae-Loader-100L-Holdall-Gen2-Ranger-Green-3.jpg","contentUrl":"https:\/\/www.outdoors.ee\/wp-content\/uploads\/2025\/05\/LR100V2-RG-Highlander\u00ae-Loader-100L-Holdall-Gen2-Ranger-Green-3.jpg","width":2000,"height":2000},{"@type":"BreadcrumbList","@id":"https:\/\/www.outdoors.ee\/et\/toode\/varustuse-kott-loader-100l-holdall-gen2\/#breadcrumb","itemListElement":[{"@type":"ListItem","position":1,"name":"Home","item":"https:\/\/www.outdoors.ee\/et\/"},{"@type":"ListItem","position":2,"name":"Tooted","item":"https:\/\/www.outdoors.ee\/products\/"},{"@type":"ListItem","position":3,"name":"Highlander\u00ae varustuse kott Loader 100L Holdall Gen2"}]},{"@type":"WebSite","@id":"https:\/\/www.outdoors.ee\/#website","url":"https:\/\/www.outdoors.ee\/","name":"Outdoors","description":"Genuine military surplus and not only!","potentialAction":[{"@type":"SearchAction","target":{"@type":"EntryPoint","urlTemplate":"https:\/\/www.outdoors.ee\/?s={search_term_string}"},"query-input":{"@type":"PropertyValueSpecification","valueRequired":true,"valueName":"search_term_string"}}],"inLanguage":"et"}]}},"_links":{"self":[{"href":"https:\/\/www.outdoors.ee\/et\/wp-json\/wp\/v2\/product\/101575","targetHints":{"allow":["GET"]}}],"collection":[{"href":"https:\/\/www.outdoors.ee\/et\/wp-json\/wp\/v2\/product"}],"about":[{"href":"https:\/\/www.outdoors.ee\/et\/wp-json\/wp\/v2\/types\/product"}],"wp:featuredmedia":[{"embeddable":true,"href":"https:\/\/www.outdoors.ee\/et\/wp-json\/wp\/v2\/media\/101570"}],"wp:attachment":[{"href":"https:\/\/www.outdoors.ee\/et\/wp-json\/wp\/v2\/media?parent=101575"}],"wp:term":[{"taxonomy":"product_brand","embeddable":true,"href":"https:\/\/www.outdoors.ee\/et\/wp-json\/wp\/v2\/product_brand?post=101575"},{"taxonomy":"product_cat","embeddable":true,"href":"https:\/\/www.outdoors.ee\/et\/wp-json\/wp\/v2\/product_cat?post=101575"},{"taxonomy":"product_tag","embeddable":true,"href":"https:\/\/www.outdoors.ee\/et\/wp-json\/wp\/v2\/product_tag?post=101575"}],"curies":[{"name":"wp","href":"https:\/\/api.w.org\/{rel}","templated":true}]}}