{"id":101551,"date":"2025-05-06T14:24:32","date_gmt":"2025-05-06T11:24:32","guid":{"rendered":"https:\/\/www.outdoors.ee\/?post_type=product&#038;p=101551"},"modified":"2026-02-17T13:54:59","modified_gmt":"2026-02-17T11:54:59","slug":"molle-tuhja-salve-tasku","status":"publish","type":"product","link":"https:\/\/www.outdoors.ee\/et\/toode\/molle-tuhja-salve-tasku\/","title":{"rendered":"Mil-Tec\u00ae t\u00fchja salve MOLLE tasku"},"content":{"rendered":"<p><strong>Omadused:<\/strong><\/p>\n<ul>\n<li>t\u00fchjade salvede jm varustuse jaoks<\/li>\n<li>pingtusn\u00f6\u00f6ri ning laiendusega \u00fcleval<\/li>\n<li>v\u00f5imalik kinnitada v\u00f6\u00f6le v\u00f5i vestile<\/li>\n<li>2 v\u00e4limist k\u00fcljetaskut<\/li>\n<li>1 v\u00e4limine tasku takjapaela ning D-r\u00f5ngaga<\/li>\n<li>sisemine, takjapaelaga suletav tasku<\/li>\n<li>m\u00f5\u00f5tmed: <span class=\"main\">14 x 7 x 20,5 cm<\/span><\/li>\n<li>materjal 100% pol\u00fcester PU-kattega<\/li>\n<\/ul>\n<p><strong>Seisukord:<\/strong> uus<\/p>\n","protected":false},"excerpt":{"rendered":"<p>Omadused: t\u00fchjade salvede jm varustuse jaoks pingtusn\u00f6\u00f6ri ning laiendusega \u00fcleval v\u00f5imalik kinnitada v\u00f6\u00f6le v\u00f5i vestile 2 v\u00e4limist k\u00fcljetaskut 1 v\u00e4limine<\/p>\n","protected":false},"featured_media":101541,"template":"","meta":[],"product_brand":[],"product_cat":[149],"product_tag":[],"class_list":{"0":"post-101551","1":"product","2":"type-product","3":"status-publish","4":"has-post-thumbnail","6":"product_cat-taktikaline-varustus","7":"pa_brand-mil-tec-2","8":"pa_color-black-2","9":"pa_color-coyote-2","10":"pa_color-olive-2","12":"first","13":"instock","14":"taxable","15":"shipping-taxable","16":"purchasable","17":"product-type-variable"},"yoast_head":"<!-- This site is optimized with the Yoast SEO plugin v27.2 - https:\/\/yoast.com\/product\/yoast-seo-wordpress\/ -->\n<title>Mil-Tec\u00ae t\u00fchja salve MOLLE tasku - Outdoors<\/title>\n<meta name=\"robots\" content=\"index, follow, max-snippet:-1, max-image-preview:large, max-video-preview:-1\" \/>\n<link rel=\"canonical\" href=\"https:\/\/www.outdoors.ee\/et\/toode\/molle-tuhja-salve-tasku\/\" \/>\n<meta property=\"og:locale\" content=\"et_EE\" \/>\n<meta property=\"og:type\" content=\"article\" \/>\n<meta property=\"og:title\" content=\"Mil-Tec\u00ae t\u00fchja salve MOLLE tasku - Outdoors\" \/>\n<meta property=\"og:description\" content=\"Omadused: t\u00fchjade salvede jm varustuse jaoks pingtusn\u00f6\u00f6ri ning laiendusega \u00fcleval v\u00f5imalik kinnitada v\u00f6\u00f6le v\u00f5i vestile 2 v\u00e4limist k\u00fcljetaskut 1 v\u00e4limine\" \/>\n<meta property=\"og:url\" content=\"https:\/\/www.outdoors.ee\/et\/toode\/molle-tuhja-salve-tasku\/\" \/>\n<meta property=\"og:site_name\" content=\"Outdoors\" \/>\n<meta property=\"article:modified_time\" content=\"2026-02-17T11:54:59+00:00\" \/>\n<meta property=\"og:image\" content=\"https:\/\/www.outdoors.ee\/wp-content\/uploads\/2025\/05\/16156301-Mil-Tec\u00ae-Molle-Empty-Shell-Pouch-Olive.jpg\" \/>\n\t<meta property=\"og:image:width\" content=\"799\" \/>\n\t<meta property=\"og:image:height\" content=\"999\" \/>\n\t<meta property=\"og:image:type\" content=\"image\/jpeg\" \/>\n<meta name=\"twitter:card\" content=\"summary_large_image\" \/>\n<meta name=\"twitter:label1\" content=\"Est. reading time\" \/>\n\t<meta name=\"twitter:data1\" content=\"1 minut\" \/>\n<script type=\"application\/ld+json\" class=\"yoast-schema-graph\">{\"@context\":\"https:\/\/schema.org\",\"@graph\":[{\"@type\":\"WebPage\",\"@id\":\"https:\/\/www.outdoors.ee\/et\/toode\/molle-tuhja-salve-tasku\/\",\"url\":\"https:\/\/www.outdoors.ee\/et\/toode\/molle-tuhja-salve-tasku\/\",\"name\":\"Mil-Tec\u00ae t\u00fchja salve MOLLE tasku - Outdoors\",\"isPartOf\":{\"@id\":\"https:\/\/www.outdoors.ee\/#website\"},\"primaryImageOfPage\":{\"@id\":\"https:\/\/www.outdoors.ee\/et\/toode\/molle-tuhja-salve-tasku\/#primaryimage\"},\"image\":{\"@id\":\"https:\/\/www.outdoors.ee\/et\/toode\/molle-tuhja-salve-tasku\/#primaryimage\"},\"thumbnailUrl\":\"https:\/\/www.outdoors.ee\/wp-content\/uploads\/2025\/05\/16156301-Mil-Tec\u00ae-Molle-Empty-Shell-Pouch-Olive.jpg\",\"datePublished\":\"2025-05-06T11:24:32+00:00\",\"dateModified\":\"2026-02-17T11:54:59+00:00\",\"breadcrumb\":{\"@id\":\"https:\/\/www.outdoors.ee\/et\/toode\/molle-tuhja-salve-tasku\/#breadcrumb\"},\"inLanguage\":\"et\",\"potentialAction\":[{\"@type\":\"ReadAction\",\"target\":[\"https:\/\/www.outdoors.ee\/et\/toode\/molle-tuhja-salve-tasku\/\"]}]},{\"@type\":\"ImageObject\",\"inLanguage\":\"et\",\"@id\":\"https:\/\/www.outdoors.ee\/et\/toode\/molle-tuhja-salve-tasku\/#primaryimage\",\"url\":\"https:\/\/www.outdoors.ee\/wp-content\/uploads\/2025\/05\/16156301-Mil-Tec\u00ae-Molle-Empty-Shell-Pouch-Olive.jpg\",\"contentUrl\":\"https:\/\/www.outdoors.ee\/wp-content\/uploads\/2025\/05\/16156301-Mil-Tec\u00ae-Molle-Empty-Shell-Pouch-Olive.jpg\",\"width\":799,\"height\":999},{\"@type\":\"BreadcrumbList\",\"@id\":\"https:\/\/www.outdoors.ee\/et\/toode\/molle-tuhja-salve-tasku\/#breadcrumb\",\"itemListElement\":[{\"@type\":\"ListItem\",\"position\":1,\"name\":\"Home\",\"item\":\"https:\/\/www.outdoors.ee\/et\/\"},{\"@type\":\"ListItem\",\"position\":2,\"name\":\"Tooted\",\"item\":\"https:\/\/www.outdoors.ee\/products\/\"},{\"@type\":\"ListItem\",\"position\":3,\"name\":\"Mil-Tec\u00ae t\u00fchja salve MOLLE tasku\"}]},{\"@type\":\"WebSite\",\"@id\":\"https:\/\/www.outdoors.ee\/#website\",\"url\":\"https:\/\/www.outdoors.ee\/\",\"name\":\"Outdoors\",\"description\":\"Genuine military surplus and not only!\",\"potentialAction\":[{\"@type\":\"SearchAction\",\"target\":{\"@type\":\"EntryPoint\",\"urlTemplate\":\"https:\/\/www.outdoors.ee\/?s={search_term_string}\"},\"query-input\":{\"@type\":\"PropertyValueSpecification\",\"valueRequired\":true,\"valueName\":\"search_term_string\"}}],\"inLanguage\":\"et\"}]}<\/script>\n<!-- \/ Yoast SEO plugin. -->","yoast_head_json":{"title":"Mil-Tec\u00ae t\u00fchja salve MOLLE tasku - Outdoors","robots":{"index":"index","follow":"follow","max-snippet":"max-snippet:-1","max-image-preview":"max-image-preview:large","max-video-preview":"max-video-preview:-1"},"canonical":"https:\/\/www.outdoors.ee\/et\/toode\/molle-tuhja-salve-tasku\/","og_locale":"et_EE","og_type":"article","og_title":"Mil-Tec\u00ae t\u00fchja salve MOLLE tasku - Outdoors","og_description":"Omadused: t\u00fchjade salvede jm varustuse jaoks pingtusn\u00f6\u00f6ri ning laiendusega \u00fcleval v\u00f5imalik kinnitada v\u00f6\u00f6le v\u00f5i vestile 2 v\u00e4limist k\u00fcljetaskut 1 v\u00e4limine","og_url":"https:\/\/www.outdoors.ee\/et\/toode\/molle-tuhja-salve-tasku\/","og_site_name":"Outdoors","article_modified_time":"2026-02-17T11:54:59+00:00","og_image":[{"width":799,"height":999,"url":"https:\/\/www.outdoors.ee\/wp-content\/uploads\/2025\/05\/16156301-Mil-Tec\u00ae-Molle-Empty-Shell-Pouch-Olive.jpg","type":"image\/jpeg"}],"twitter_card":"summary_large_image","twitter_misc":{"Est. reading time":"1 minut"},"schema":{"@context":"https:\/\/schema.org","@graph":[{"@type":"WebPage","@id":"https:\/\/www.outdoors.ee\/et\/toode\/molle-tuhja-salve-tasku\/","url":"https:\/\/www.outdoors.ee\/et\/toode\/molle-tuhja-salve-tasku\/","name":"Mil-Tec\u00ae t\u00fchja salve MOLLE tasku - Outdoors","isPartOf":{"@id":"https:\/\/www.outdoors.ee\/#website"},"primaryImageOfPage":{"@id":"https:\/\/www.outdoors.ee\/et\/toode\/molle-tuhja-salve-tasku\/#primaryimage"},"image":{"@id":"https:\/\/www.outdoors.ee\/et\/toode\/molle-tuhja-salve-tasku\/#primaryimage"},"thumbnailUrl":"https:\/\/www.outdoors.ee\/wp-content\/uploads\/2025\/05\/16156301-Mil-Tec\u00ae-Molle-Empty-Shell-Pouch-Olive.jpg","datePublished":"2025-05-06T11:24:32+00:00","dateModified":"2026-02-17T11:54:59+00:00","breadcrumb":{"@id":"https:\/\/www.outdoors.ee\/et\/toode\/molle-tuhja-salve-tasku\/#breadcrumb"},"inLanguage":"et","potentialAction":[{"@type":"ReadAction","target":["https:\/\/www.outdoors.ee\/et\/toode\/molle-tuhja-salve-tasku\/"]}]},{"@type":"ImageObject","inLanguage":"et","@id":"https:\/\/www.outdoors.ee\/et\/toode\/molle-tuhja-salve-tasku\/#primaryimage","url":"https:\/\/www.outdoors.ee\/wp-content\/uploads\/2025\/05\/16156301-Mil-Tec\u00ae-Molle-Empty-Shell-Pouch-Olive.jpg","contentUrl":"https:\/\/www.outdoors.ee\/wp-content\/uploads\/2025\/05\/16156301-Mil-Tec\u00ae-Molle-Empty-Shell-Pouch-Olive.jpg","width":799,"height":999},{"@type":"BreadcrumbList","@id":"https:\/\/www.outdoors.ee\/et\/toode\/molle-tuhja-salve-tasku\/#breadcrumb","itemListElement":[{"@type":"ListItem","position":1,"name":"Home","item":"https:\/\/www.outdoors.ee\/et\/"},{"@type":"ListItem","position":2,"name":"Tooted","item":"https:\/\/www.outdoors.ee\/products\/"},{"@type":"ListItem","position":3,"name":"Mil-Tec\u00ae t\u00fchja salve MOLLE tasku"}]},{"@type":"WebSite","@id":"https:\/\/www.outdoors.ee\/#website","url":"https:\/\/www.outdoors.ee\/","name":"Outdoors","description":"Genuine military surplus and not only!","potentialAction":[{"@type":"SearchAction","target":{"@type":"EntryPoint","urlTemplate":"https:\/\/www.outdoors.ee\/?s={search_term_string}"},"query-input":{"@type":"PropertyValueSpecification","valueRequired":true,"valueName":"search_term_string"}}],"inLanguage":"et"}]}},"_links":{"self":[{"href":"https:\/\/www.outdoors.ee\/et\/wp-json\/wp\/v2\/product\/101551","targetHints":{"allow":["GET"]}}],"collection":[{"href":"https:\/\/www.outdoors.ee\/et\/wp-json\/wp\/v2\/product"}],"about":[{"href":"https:\/\/www.outdoors.ee\/et\/wp-json\/wp\/v2\/types\/product"}],"wp:featuredmedia":[{"embeddable":true,"href":"https:\/\/www.outdoors.ee\/et\/wp-json\/wp\/v2\/media\/101541"}],"wp:attachment":[{"href":"https:\/\/www.outdoors.ee\/et\/wp-json\/wp\/v2\/media?parent=101551"}],"wp:term":[{"taxonomy":"product_brand","embeddable":true,"href":"https:\/\/www.outdoors.ee\/et\/wp-json\/wp\/v2\/product_brand?post=101551"},{"taxonomy":"product_cat","embeddable":true,"href":"https:\/\/www.outdoors.ee\/et\/wp-json\/wp\/v2\/product_cat?post=101551"},{"taxonomy":"product_tag","embeddable":true,"href":"https:\/\/www.outdoors.ee\/et\/wp-json\/wp\/v2\/product_tag?post=101551"}],"curies":[{"name":"wp","href":"https:\/\/api.w.org\/{rel}","templated":true}]}}