{"id":101513,"date":"2025-05-02T15:52:30","date_gmt":"2025-05-02T12:52:30","guid":{"rendered":"https:\/\/www.outdoors.ee\/?post_type=product&#038;p=101513"},"modified":"2025-08-22T11:41:49","modified_gmt":"2025-08-22T08:41:49","slug":"varustuse-kott-us-large-deployment-bag","status":"publish","type":"product","link":"https:\/\/www.outdoors.ee\/et\/toode\/varustuse-kott-us-large-deployment-bag\/","title":{"rendered":"Mil-Tec\u00ae varustuse kott US Large Deployment Bag"},"content":{"rendered":"<p><strong>Omadused:<\/strong><\/p>\n<ul>\n<li>praktiline, kerge ning kompaktne<\/li>\n<li>Molle paneelide ning takjapaelaga kaetud pikemad k\u00fcljed<\/li>\n<li><span class=\"main\">eemaldatav Mil-Tec\u00ae embleem komplektis<\/span><\/li>\n<li>2 takjapaelaga suletavat k\u00fcljetaskut<\/li>\n<li>t\u00f5mblukuga suletav k\u00fcljetasku kummalgi pikemal k\u00fcljel<\/li>\n<li>kandesandega \u00fcleval ning haardesangadega kummaski otsas<\/li>\n<li>pehmendatud, eemaldatav \u00f5larihm<\/li>\n<li>U-kujulise t\u00f5mblukuga avanev p\u00f5hisahtel<\/li>\n<li>veniva pingutusn\u00f6\u00f6riga \u00fcleval (nt jope kinnitamiseks)<\/li>\n<li>5 plastikjalaga p\u00f5hi<\/li>\n<li>kaal ca 1,4kg<\/li>\n<li>m\u00f5\u00f5tmed ca. <span class=\"main\">79 x 38 x 35,5 cm<\/span><\/li>\n<li>maht ca. 105L<\/li>\n<li>materjal: <span class=\"main\">100% pol\u00fcester, PU-kattega<\/span><\/li>\n<\/ul>\n<p><strong>Seisukord:<\/strong> uus<\/p>\n","protected":false},"excerpt":{"rendered":"<p>Omadused: praktiline, kerge ning kompaktne Molle paneelide ning takjapaelaga kaetud pikemad k\u00fcljed eemaldatav Mil-Tec\u00ae embleem komplektis 2 takjapaelaga suletavat k\u00fcljetaskut<\/p>\n","protected":false},"featured_media":101512,"template":"","meta":[],"product_brand":[],"product_cat":[3541],"product_tag":[],"class_list":{"0":"post-101513","1":"product","2":"type-product","3":"status-publish","4":"has-post-thumbnail","6":"product_cat-kotid-taskud","7":"pa_brand-mil-tec-2","8":"pa_color-black-2","9":"pa_color-olive-2","11":"first","12":"instock","13":"taxable","14":"shipping-taxable","15":"purchasable","16":"product-type-variable"},"yoast_head":"<!-- This site is optimized with the Yoast SEO plugin v27.2 - https:\/\/yoast.com\/product\/yoast-seo-wordpress\/ -->\n<title>Mil-Tec\u00ae varustuse kott US Large Deployment Bag - Outdoors<\/title>\n<meta name=\"robots\" content=\"index, follow, max-snippet:-1, max-image-preview:large, max-video-preview:-1\" \/>\n<link rel=\"canonical\" href=\"https:\/\/www.outdoors.ee\/et\/toode\/varustuse-kott-us-large-deployment-bag\/\" \/>\n<meta property=\"og:locale\" content=\"et_EE\" \/>\n<meta property=\"og:type\" content=\"article\" \/>\n<meta property=\"og:title\" content=\"Mil-Tec\u00ae varustuse kott US Large Deployment Bag - Outdoors\" \/>\n<meta property=\"og:description\" content=\"Omadused: praktiline, kerge ning kompaktne Molle paneelide ning takjapaelaga kaetud pikemad k\u00fcljed eemaldatav Mil-Tec\u00ae embleem komplektis 2 takjapaelaga suletavat k\u00fcljetaskut\" \/>\n<meta property=\"og:url\" content=\"https:\/\/www.outdoors.ee\/et\/toode\/varustuse-kott-us-large-deployment-bag\/\" \/>\n<meta property=\"og:site_name\" content=\"Outdoors\" \/>\n<meta property=\"article:modified_time\" content=\"2025-08-22T08:41:49+00:00\" \/>\n<meta property=\"og:image\" content=\"https:\/\/www.outdoors.ee\/wp-content\/uploads\/2025\/05\/Mil-Tec\u00ae-US-Large-Deployment-Bag-Black-4.jpg\" \/>\n\t<meta property=\"og:image:width\" content=\"800\" \/>\n\t<meta property=\"og:image:height\" content=\"1000\" \/>\n\t<meta property=\"og:image:type\" content=\"image\/jpeg\" \/>\n<meta name=\"twitter:card\" content=\"summary_large_image\" \/>\n<meta name=\"twitter:label1\" content=\"Est. reading time\" \/>\n\t<meta name=\"twitter:data1\" content=\"1 minut\" \/>\n<script type=\"application\/ld+json\" class=\"yoast-schema-graph\">{\"@context\":\"https:\/\/schema.org\",\"@graph\":[{\"@type\":\"WebPage\",\"@id\":\"https:\/\/www.outdoors.ee\/et\/toode\/varustuse-kott-us-large-deployment-bag\/\",\"url\":\"https:\/\/www.outdoors.ee\/et\/toode\/varustuse-kott-us-large-deployment-bag\/\",\"name\":\"Mil-Tec\u00ae varustuse kott US Large Deployment Bag - Outdoors\",\"isPartOf\":{\"@id\":\"https:\/\/www.outdoors.ee\/#website\"},\"primaryImageOfPage\":{\"@id\":\"https:\/\/www.outdoors.ee\/et\/toode\/varustuse-kott-us-large-deployment-bag\/#primaryimage\"},\"image\":{\"@id\":\"https:\/\/www.outdoors.ee\/et\/toode\/varustuse-kott-us-large-deployment-bag\/#primaryimage\"},\"thumbnailUrl\":\"https:\/\/www.outdoors.ee\/wp-content\/uploads\/2025\/05\/Mil-Tec\u00ae-US-Large-Deployment-Bag-Black-4.jpg\",\"datePublished\":\"2025-05-02T12:52:30+00:00\",\"dateModified\":\"2025-08-22T08:41:49+00:00\",\"breadcrumb\":{\"@id\":\"https:\/\/www.outdoors.ee\/et\/toode\/varustuse-kott-us-large-deployment-bag\/#breadcrumb\"},\"inLanguage\":\"et\",\"potentialAction\":[{\"@type\":\"ReadAction\",\"target\":[\"https:\/\/www.outdoors.ee\/et\/toode\/varustuse-kott-us-large-deployment-bag\/\"]}]},{\"@type\":\"ImageObject\",\"inLanguage\":\"et\",\"@id\":\"https:\/\/www.outdoors.ee\/et\/toode\/varustuse-kott-us-large-deployment-bag\/#primaryimage\",\"url\":\"https:\/\/www.outdoors.ee\/wp-content\/uploads\/2025\/05\/Mil-Tec\u00ae-US-Large-Deployment-Bag-Black-4.jpg\",\"contentUrl\":\"https:\/\/www.outdoors.ee\/wp-content\/uploads\/2025\/05\/Mil-Tec\u00ae-US-Large-Deployment-Bag-Black-4.jpg\",\"width\":800,\"height\":1000},{\"@type\":\"BreadcrumbList\",\"@id\":\"https:\/\/www.outdoors.ee\/et\/toode\/varustuse-kott-us-large-deployment-bag\/#breadcrumb\",\"itemListElement\":[{\"@type\":\"ListItem\",\"position\":1,\"name\":\"Home\",\"item\":\"https:\/\/www.outdoors.ee\/et\/\"},{\"@type\":\"ListItem\",\"position\":2,\"name\":\"Tooted\",\"item\":\"https:\/\/www.outdoors.ee\/products\/\"},{\"@type\":\"ListItem\",\"position\":3,\"name\":\"Mil-Tec\u00ae varustuse kott US Large Deployment Bag\"}]},{\"@type\":\"WebSite\",\"@id\":\"https:\/\/www.outdoors.ee\/#website\",\"url\":\"https:\/\/www.outdoors.ee\/\",\"name\":\"Outdoors\",\"description\":\"Genuine military surplus and not only!\",\"potentialAction\":[{\"@type\":\"SearchAction\",\"target\":{\"@type\":\"EntryPoint\",\"urlTemplate\":\"https:\/\/www.outdoors.ee\/?s={search_term_string}\"},\"query-input\":{\"@type\":\"PropertyValueSpecification\",\"valueRequired\":true,\"valueName\":\"search_term_string\"}}],\"inLanguage\":\"et\"}]}<\/script>\n<!-- \/ Yoast SEO plugin. -->","yoast_head_json":{"title":"Mil-Tec\u00ae varustuse kott US Large Deployment Bag - Outdoors","robots":{"index":"index","follow":"follow","max-snippet":"max-snippet:-1","max-image-preview":"max-image-preview:large","max-video-preview":"max-video-preview:-1"},"canonical":"https:\/\/www.outdoors.ee\/et\/toode\/varustuse-kott-us-large-deployment-bag\/","og_locale":"et_EE","og_type":"article","og_title":"Mil-Tec\u00ae varustuse kott US Large Deployment Bag - Outdoors","og_description":"Omadused: praktiline, kerge ning kompaktne Molle paneelide ning takjapaelaga kaetud pikemad k\u00fcljed eemaldatav Mil-Tec\u00ae embleem komplektis 2 takjapaelaga suletavat k\u00fcljetaskut","og_url":"https:\/\/www.outdoors.ee\/et\/toode\/varustuse-kott-us-large-deployment-bag\/","og_site_name":"Outdoors","article_modified_time":"2025-08-22T08:41:49+00:00","og_image":[{"width":800,"height":1000,"url":"https:\/\/www.outdoors.ee\/wp-content\/uploads\/2025\/05\/Mil-Tec\u00ae-US-Large-Deployment-Bag-Black-4.jpg","type":"image\/jpeg"}],"twitter_card":"summary_large_image","twitter_misc":{"Est. reading time":"1 minut"},"schema":{"@context":"https:\/\/schema.org","@graph":[{"@type":"WebPage","@id":"https:\/\/www.outdoors.ee\/et\/toode\/varustuse-kott-us-large-deployment-bag\/","url":"https:\/\/www.outdoors.ee\/et\/toode\/varustuse-kott-us-large-deployment-bag\/","name":"Mil-Tec\u00ae varustuse kott US Large Deployment Bag - Outdoors","isPartOf":{"@id":"https:\/\/www.outdoors.ee\/#website"},"primaryImageOfPage":{"@id":"https:\/\/www.outdoors.ee\/et\/toode\/varustuse-kott-us-large-deployment-bag\/#primaryimage"},"image":{"@id":"https:\/\/www.outdoors.ee\/et\/toode\/varustuse-kott-us-large-deployment-bag\/#primaryimage"},"thumbnailUrl":"https:\/\/www.outdoors.ee\/wp-content\/uploads\/2025\/05\/Mil-Tec\u00ae-US-Large-Deployment-Bag-Black-4.jpg","datePublished":"2025-05-02T12:52:30+00:00","dateModified":"2025-08-22T08:41:49+00:00","breadcrumb":{"@id":"https:\/\/www.outdoors.ee\/et\/toode\/varustuse-kott-us-large-deployment-bag\/#breadcrumb"},"inLanguage":"et","potentialAction":[{"@type":"ReadAction","target":["https:\/\/www.outdoors.ee\/et\/toode\/varustuse-kott-us-large-deployment-bag\/"]}]},{"@type":"ImageObject","inLanguage":"et","@id":"https:\/\/www.outdoors.ee\/et\/toode\/varustuse-kott-us-large-deployment-bag\/#primaryimage","url":"https:\/\/www.outdoors.ee\/wp-content\/uploads\/2025\/05\/Mil-Tec\u00ae-US-Large-Deployment-Bag-Black-4.jpg","contentUrl":"https:\/\/www.outdoors.ee\/wp-content\/uploads\/2025\/05\/Mil-Tec\u00ae-US-Large-Deployment-Bag-Black-4.jpg","width":800,"height":1000},{"@type":"BreadcrumbList","@id":"https:\/\/www.outdoors.ee\/et\/toode\/varustuse-kott-us-large-deployment-bag\/#breadcrumb","itemListElement":[{"@type":"ListItem","position":1,"name":"Home","item":"https:\/\/www.outdoors.ee\/et\/"},{"@type":"ListItem","position":2,"name":"Tooted","item":"https:\/\/www.outdoors.ee\/products\/"},{"@type":"ListItem","position":3,"name":"Mil-Tec\u00ae varustuse kott US Large Deployment Bag"}]},{"@type":"WebSite","@id":"https:\/\/www.outdoors.ee\/#website","url":"https:\/\/www.outdoors.ee\/","name":"Outdoors","description":"Genuine military surplus and not only!","potentialAction":[{"@type":"SearchAction","target":{"@type":"EntryPoint","urlTemplate":"https:\/\/www.outdoors.ee\/?s={search_term_string}"},"query-input":{"@type":"PropertyValueSpecification","valueRequired":true,"valueName":"search_term_string"}}],"inLanguage":"et"}]}},"_links":{"self":[{"href":"https:\/\/www.outdoors.ee\/et\/wp-json\/wp\/v2\/product\/101513","targetHints":{"allow":["GET"]}}],"collection":[{"href":"https:\/\/www.outdoors.ee\/et\/wp-json\/wp\/v2\/product"}],"about":[{"href":"https:\/\/www.outdoors.ee\/et\/wp-json\/wp\/v2\/types\/product"}],"wp:featuredmedia":[{"embeddable":true,"href":"https:\/\/www.outdoors.ee\/et\/wp-json\/wp\/v2\/media\/101512"}],"wp:attachment":[{"href":"https:\/\/www.outdoors.ee\/et\/wp-json\/wp\/v2\/media?parent=101513"}],"wp:term":[{"taxonomy":"product_brand","embeddable":true,"href":"https:\/\/www.outdoors.ee\/et\/wp-json\/wp\/v2\/product_brand?post=101513"},{"taxonomy":"product_cat","embeddable":true,"href":"https:\/\/www.outdoors.ee\/et\/wp-json\/wp\/v2\/product_cat?post=101513"},{"taxonomy":"product_tag","embeddable":true,"href":"https:\/\/www.outdoors.ee\/et\/wp-json\/wp\/v2\/product_tag?post=101513"}],"curies":[{"name":"wp","href":"https:\/\/api.w.org\/{rel}","templated":true}]}}