{"id":101036,"date":"2025-04-01T09:11:24","date_gmt":"2025-04-01T06:11:24","guid":{"rendered":"https:\/\/www.outdoors.ee\/?post_type=product&#038;p=101036"},"modified":"2025-08-22T09:10:57","modified_gmt":"2025-08-22T06:10:57","slug":"elite-shorts","status":"publish","type":"product","link":"https:\/\/www.outdoors.ee\/et\/toode\/elite-shorts\/","title":{"rendered":"Highlander\u00ae l\u00fchikesed p\u00fcksid Elite Shorts"},"content":{"rendered":"<p><strong>Omadused:<\/strong><\/p>\n<ul>\n<li>vastupidav kangas<\/li>\n<li>tugevdatud jalgevahe piirkond<\/li>\n<li>laiad v\u00f6\u00f6rihma aasad<\/li>\n<li>taskud ees ja taga<\/li>\n<li>nurga all asetsevad reietaskud<\/li>\n<li>materjal: 65% pol\u00fcester 35% puuvill<\/li>\n<li>suurused 28&#8243; &#8211; 48&#8243; (v\u00f6\u00f6\u00fcmberm\u00f5\u00f5t tollides)<\/li>\n<\/ul>\n<p><strong>Seisukord:<\/strong> uus<\/p>\n","protected":false},"excerpt":{"rendered":"<p>Omadused: vastupidav kangas tugevdatud jalgevahe piirkond laiad v\u00f6\u00f6rihma aasad taskud ees ja taga nurga all asetsevad reietaskud materjal: 65% pol\u00fcester<\/p>\n","protected":false},"featured_media":101021,"template":"","meta":[],"product_brand":[],"product_cat":[2713],"product_tag":[],"class_list":{"0":"post-101036","1":"product","2":"type-product","3":"status-publish","4":"has-post-thumbnail","6":"product_cat-luhikesed-puksid","7":"pa_brand-highlander-2","8":"pa_color-hmtc-et","9":"pa_color-olive-2","10":"pa_size-32-et","11":"pa_size-34-et","12":"pa_size-36-2","13":"pa_size-38-2","14":"pa_size-40-2","16":"first","17":"instock","18":"taxable","19":"shipping-taxable","20":"purchasable","21":"product-type-variable"},"yoast_head":"<!-- This site is optimized with the Yoast SEO plugin v27.2 - https:\/\/yoast.com\/product\/yoast-seo-wordpress\/ -->\n<title>Highlander\u00ae l\u00fchikesed p\u00fcksid Elite Shorts - Outdoors<\/title>\n<meta name=\"robots\" content=\"index, follow, max-snippet:-1, max-image-preview:large, max-video-preview:-1\" \/>\n<link rel=\"canonical\" href=\"https:\/\/www.outdoors.ee\/et\/toode\/elite-shorts\/\" \/>\n<meta property=\"og:locale\" content=\"et_EE\" \/>\n<meta property=\"og:type\" content=\"article\" \/>\n<meta property=\"og:title\" content=\"Highlander\u00ae l\u00fchikesed p\u00fcksid Elite Shorts - Outdoors\" \/>\n<meta property=\"og:description\" content=\"Omadused: vastupidav kangas tugevdatud jalgevahe piirkond laiad v\u00f6\u00f6rihma aasad taskud ees ja taga nurga all asetsevad reietaskud materjal: 65% pol\u00fcester\" \/>\n<meta property=\"og:url\" content=\"https:\/\/www.outdoors.ee\/et\/toode\/elite-shorts\/\" \/>\n<meta property=\"og:site_name\" content=\"Outdoors\" \/>\n<meta property=\"article:modified_time\" content=\"2025-08-22T06:10:57+00:00\" \/>\n<meta property=\"og:image\" content=\"https:\/\/www.outdoors.ee\/wp-content\/uploads\/2025\/04\/TR129-HC-Highlander\u00ae-Elite-Shorts-HMTC.jpg\" \/>\n\t<meta property=\"og:image:width\" content=\"2500\" \/>\n\t<meta property=\"og:image:height\" content=\"2500\" \/>\n\t<meta property=\"og:image:type\" content=\"image\/jpeg\" \/>\n<meta name=\"twitter:card\" content=\"summary_large_image\" \/>\n<meta name=\"twitter:label1\" content=\"Est. reading time\" \/>\n\t<meta name=\"twitter:data1\" content=\"1 minut\" \/>\n<script type=\"application\/ld+json\" class=\"yoast-schema-graph\">{\"@context\":\"https:\/\/schema.org\",\"@graph\":[{\"@type\":\"WebPage\",\"@id\":\"https:\/\/www.outdoors.ee\/et\/toode\/elite-shorts\/\",\"url\":\"https:\/\/www.outdoors.ee\/et\/toode\/elite-shorts\/\",\"name\":\"Highlander\u00ae l\u00fchikesed p\u00fcksid Elite Shorts - Outdoors\",\"isPartOf\":{\"@id\":\"https:\/\/www.outdoors.ee\/#website\"},\"primaryImageOfPage\":{\"@id\":\"https:\/\/www.outdoors.ee\/et\/toode\/elite-shorts\/#primaryimage\"},\"image\":{\"@id\":\"https:\/\/www.outdoors.ee\/et\/toode\/elite-shorts\/#primaryimage\"},\"thumbnailUrl\":\"https:\/\/www.outdoors.ee\/wp-content\/uploads\/2025\/04\/TR129-HC-Highlander\u00ae-Elite-Shorts-HMTC.jpg\",\"datePublished\":\"2025-04-01T06:11:24+00:00\",\"dateModified\":\"2025-08-22T06:10:57+00:00\",\"breadcrumb\":{\"@id\":\"https:\/\/www.outdoors.ee\/et\/toode\/elite-shorts\/#breadcrumb\"},\"inLanguage\":\"et\",\"potentialAction\":[{\"@type\":\"ReadAction\",\"target\":[\"https:\/\/www.outdoors.ee\/et\/toode\/elite-shorts\/\"]}]},{\"@type\":\"ImageObject\",\"inLanguage\":\"et\",\"@id\":\"https:\/\/www.outdoors.ee\/et\/toode\/elite-shorts\/#primaryimage\",\"url\":\"https:\/\/www.outdoors.ee\/wp-content\/uploads\/2025\/04\/TR129-HC-Highlander\u00ae-Elite-Shorts-HMTC.jpg\",\"contentUrl\":\"https:\/\/www.outdoors.ee\/wp-content\/uploads\/2025\/04\/TR129-HC-Highlander\u00ae-Elite-Shorts-HMTC.jpg\",\"width\":2500,\"height\":2500},{\"@type\":\"BreadcrumbList\",\"@id\":\"https:\/\/www.outdoors.ee\/et\/toode\/elite-shorts\/#breadcrumb\",\"itemListElement\":[{\"@type\":\"ListItem\",\"position\":1,\"name\":\"Home\",\"item\":\"https:\/\/www.outdoors.ee\/et\/\"},{\"@type\":\"ListItem\",\"position\":2,\"name\":\"Tooted\",\"item\":\"https:\/\/www.outdoors.ee\/products\/\"},{\"@type\":\"ListItem\",\"position\":3,\"name\":\"Highlander\u00ae l\u00fchikesed p\u00fcksid Elite Shorts\"}]},{\"@type\":\"WebSite\",\"@id\":\"https:\/\/www.outdoors.ee\/#website\",\"url\":\"https:\/\/www.outdoors.ee\/\",\"name\":\"Outdoors\",\"description\":\"Genuine military surplus and not only!\",\"potentialAction\":[{\"@type\":\"SearchAction\",\"target\":{\"@type\":\"EntryPoint\",\"urlTemplate\":\"https:\/\/www.outdoors.ee\/?s={search_term_string}\"},\"query-input\":{\"@type\":\"PropertyValueSpecification\",\"valueRequired\":true,\"valueName\":\"search_term_string\"}}],\"inLanguage\":\"et\"}]}<\/script>\n<!-- \/ Yoast SEO plugin. -->","yoast_head_json":{"title":"Highlander\u00ae l\u00fchikesed p\u00fcksid Elite Shorts - Outdoors","robots":{"index":"index","follow":"follow","max-snippet":"max-snippet:-1","max-image-preview":"max-image-preview:large","max-video-preview":"max-video-preview:-1"},"canonical":"https:\/\/www.outdoors.ee\/et\/toode\/elite-shorts\/","og_locale":"et_EE","og_type":"article","og_title":"Highlander\u00ae l\u00fchikesed p\u00fcksid Elite Shorts - Outdoors","og_description":"Omadused: vastupidav kangas tugevdatud jalgevahe piirkond laiad v\u00f6\u00f6rihma aasad taskud ees ja taga nurga all asetsevad reietaskud materjal: 65% pol\u00fcester","og_url":"https:\/\/www.outdoors.ee\/et\/toode\/elite-shorts\/","og_site_name":"Outdoors","article_modified_time":"2025-08-22T06:10:57+00:00","og_image":[{"width":2500,"height":2500,"url":"https:\/\/www.outdoors.ee\/wp-content\/uploads\/2025\/04\/TR129-HC-Highlander\u00ae-Elite-Shorts-HMTC.jpg","type":"image\/jpeg"}],"twitter_card":"summary_large_image","twitter_misc":{"Est. reading time":"1 minut"},"schema":{"@context":"https:\/\/schema.org","@graph":[{"@type":"WebPage","@id":"https:\/\/www.outdoors.ee\/et\/toode\/elite-shorts\/","url":"https:\/\/www.outdoors.ee\/et\/toode\/elite-shorts\/","name":"Highlander\u00ae l\u00fchikesed p\u00fcksid Elite Shorts - Outdoors","isPartOf":{"@id":"https:\/\/www.outdoors.ee\/#website"},"primaryImageOfPage":{"@id":"https:\/\/www.outdoors.ee\/et\/toode\/elite-shorts\/#primaryimage"},"image":{"@id":"https:\/\/www.outdoors.ee\/et\/toode\/elite-shorts\/#primaryimage"},"thumbnailUrl":"https:\/\/www.outdoors.ee\/wp-content\/uploads\/2025\/04\/TR129-HC-Highlander\u00ae-Elite-Shorts-HMTC.jpg","datePublished":"2025-04-01T06:11:24+00:00","dateModified":"2025-08-22T06:10:57+00:00","breadcrumb":{"@id":"https:\/\/www.outdoors.ee\/et\/toode\/elite-shorts\/#breadcrumb"},"inLanguage":"et","potentialAction":[{"@type":"ReadAction","target":["https:\/\/www.outdoors.ee\/et\/toode\/elite-shorts\/"]}]},{"@type":"ImageObject","inLanguage":"et","@id":"https:\/\/www.outdoors.ee\/et\/toode\/elite-shorts\/#primaryimage","url":"https:\/\/www.outdoors.ee\/wp-content\/uploads\/2025\/04\/TR129-HC-Highlander\u00ae-Elite-Shorts-HMTC.jpg","contentUrl":"https:\/\/www.outdoors.ee\/wp-content\/uploads\/2025\/04\/TR129-HC-Highlander\u00ae-Elite-Shorts-HMTC.jpg","width":2500,"height":2500},{"@type":"BreadcrumbList","@id":"https:\/\/www.outdoors.ee\/et\/toode\/elite-shorts\/#breadcrumb","itemListElement":[{"@type":"ListItem","position":1,"name":"Home","item":"https:\/\/www.outdoors.ee\/et\/"},{"@type":"ListItem","position":2,"name":"Tooted","item":"https:\/\/www.outdoors.ee\/products\/"},{"@type":"ListItem","position":3,"name":"Highlander\u00ae l\u00fchikesed p\u00fcksid Elite Shorts"}]},{"@type":"WebSite","@id":"https:\/\/www.outdoors.ee\/#website","url":"https:\/\/www.outdoors.ee\/","name":"Outdoors","description":"Genuine military surplus and not only!","potentialAction":[{"@type":"SearchAction","target":{"@type":"EntryPoint","urlTemplate":"https:\/\/www.outdoors.ee\/?s={search_term_string}"},"query-input":{"@type":"PropertyValueSpecification","valueRequired":true,"valueName":"search_term_string"}}],"inLanguage":"et"}]}},"_links":{"self":[{"href":"https:\/\/www.outdoors.ee\/et\/wp-json\/wp\/v2\/product\/101036","targetHints":{"allow":["GET"]}}],"collection":[{"href":"https:\/\/www.outdoors.ee\/et\/wp-json\/wp\/v2\/product"}],"about":[{"href":"https:\/\/www.outdoors.ee\/et\/wp-json\/wp\/v2\/types\/product"}],"wp:featuredmedia":[{"embeddable":true,"href":"https:\/\/www.outdoors.ee\/et\/wp-json\/wp\/v2\/media\/101021"}],"wp:attachment":[{"href":"https:\/\/www.outdoors.ee\/et\/wp-json\/wp\/v2\/media?parent=101036"}],"wp:term":[{"taxonomy":"product_brand","embeddable":true,"href":"https:\/\/www.outdoors.ee\/et\/wp-json\/wp\/v2\/product_brand?post=101036"},{"taxonomy":"product_cat","embeddable":true,"href":"https:\/\/www.outdoors.ee\/et\/wp-json\/wp\/v2\/product_cat?post=101036"},{"taxonomy":"product_tag","embeddable":true,"href":"https:\/\/www.outdoors.ee\/et\/wp-json\/wp\/v2\/product_tag?post=101036"}],"curies":[{"name":"wp","href":"https:\/\/api.w.org\/{rel}","templated":true}]}}