{"id":100955,"date":"2025-03-28T15:50:44","date_gmt":"2025-03-28T13:50:44","guid":{"rendered":"https:\/\/www.outdoors.ee\/?post_type=product&#038;p=100955"},"modified":"2025-08-22T09:11:05","modified_gmt":"2025-08-22T06:11:05","slug":"seljakott-eagle-2-backpack-30l","status":"publish","type":"product","link":"https:\/\/www.outdoors.ee\/et\/toode\/seljakott-eagle-2-backpack-30l\/","title":{"rendered":"Highlander\u00ae seljakott EAGLE 2 Backpack 30L"},"content":{"rendered":"<p>Eagle 2 seljakott on t\u00e4ies ulatuses avatava peasahtliga, mis on loodud tagama kiire ja t\u00e4ieliku juurdep\u00e4\u00e4su teie varustusele. Mitmete taskuga varustatud kott v\u00f5imaldab efektiivset pakkimist ja organiseerimist ning v\u00e4iksemate esemete h\u00f5lpsat leidmist.<\/p>\n<p><strong>Omadused:<\/strong><\/p>\n<ul>\n<li><span class=\"metafield-multi_line_text_field\">mahukas peasahtel<\/span><\/li>\n<li>mitmed erinevad taskud<\/li>\n<li>sisemised v\u00f5rktaskud<\/li>\n<li>reguleeritav pehmedatud puusarihm<\/li>\n<li>reguleeritavad pehmedatud \u00f5larihmad<\/li>\n<li>2 venivat k\u00fcljetaskut<\/li>\n<li>lai t\u00f5mbluku ligip\u00e4\u00e4s peasahtlisse esipaneelilt (Front Access)<\/li>\n<li>eemaldatav sisemine organiseerija<\/li>\n<li>takjapaneel<\/li>\n<li>Molle kinnituspaneelid<\/li>\n<li>joogis\u00fcsteemi tasku vooliku avaga<\/li>\n<li>maht 30L<\/li>\n<li>m\u00f5\u00f5tmed ca 56cm x 29cm x 22cm<\/li>\n<li>kaal ca 1kg<\/li>\n<li>materjal: 600D XTP \/ PU Coating<\/li>\n<\/ul>\n<p><strong>Seisukord:<\/strong> uus<\/p>\n","protected":false},"excerpt":{"rendered":"<p>Eagle 2 seljakott on t\u00e4ies ulatuses avatava peasahtliga, mis on loodud tagama kiire ja t\u00e4ieliku juurdep\u00e4\u00e4su teie varustusele. Mitmete taskuga<\/p>\n","protected":false},"featured_media":100924,"template":"","meta":[],"product_brand":[],"product_cat":[3539],"product_tag":[],"class_list":{"0":"post-100955","1":"product","2":"type-product","3":"status-publish","4":"has-post-thumbnail","6":"product_cat-seljakotid","7":"pa_brand-highlander-2","8":"pa_color-coyote-2","9":"pa_color-hmtc-et","10":"pa_color-olive-2","12":"first","13":"instock","14":"taxable","15":"shipping-taxable","16":"purchasable","17":"product-type-variable"},"yoast_head":"<!-- This site is optimized with the Yoast SEO plugin v27.2 - https:\/\/yoast.com\/product\/yoast-seo-wordpress\/ -->\n<title>Highlander\u00ae seljakott EAGLE 2 Backpack 30L - Outdoors<\/title>\n<meta name=\"robots\" content=\"index, follow, max-snippet:-1, max-image-preview:large, max-video-preview:-1\" \/>\n<link rel=\"canonical\" href=\"https:\/\/www.outdoors.ee\/et\/toode\/seljakott-eagle-2-backpack-30l\/\" \/>\n<meta property=\"og:locale\" content=\"et_EE\" \/>\n<meta property=\"og:type\" content=\"article\" \/>\n<meta property=\"og:title\" content=\"Highlander\u00ae seljakott EAGLE 2 Backpack 30L - Outdoors\" \/>\n<meta property=\"og:description\" content=\"Eagle 2 seljakott on t\u00e4ies ulatuses avatava peasahtliga, mis on loodud tagama kiire ja t\u00e4ieliku juurdep\u00e4\u00e4su teie varustusele. Mitmete taskuga\" \/>\n<meta property=\"og:url\" content=\"https:\/\/www.outdoors.ee\/et\/toode\/seljakott-eagle-2-backpack-30l\/\" \/>\n<meta property=\"og:site_name\" content=\"Outdoors\" \/>\n<meta property=\"article:modified_time\" content=\"2025-08-22T06:11:05+00:00\" \/>\n<meta property=\"og:image\" content=\"https:\/\/www.outdoors.ee\/wp-content\/uploads\/2025\/03\/TT193-OG-Highlander\u00ae-Eagle-2-Backpack-30L-Olive-1.jpg\" \/>\n\t<meta property=\"og:image:width\" content=\"1500\" \/>\n\t<meta property=\"og:image:height\" content=\"1500\" \/>\n\t<meta property=\"og:image:type\" content=\"image\/jpeg\" \/>\n<meta name=\"twitter:card\" content=\"summary_large_image\" \/>\n<meta name=\"twitter:label1\" content=\"Est. reading time\" \/>\n\t<meta name=\"twitter:data1\" content=\"1 minut\" \/>\n<script type=\"application\/ld+json\" class=\"yoast-schema-graph\">{\"@context\":\"https:\/\/schema.org\",\"@graph\":[{\"@type\":\"WebPage\",\"@id\":\"https:\/\/www.outdoors.ee\/et\/toode\/seljakott-eagle-2-backpack-30l\/\",\"url\":\"https:\/\/www.outdoors.ee\/et\/toode\/seljakott-eagle-2-backpack-30l\/\",\"name\":\"Highlander\u00ae seljakott EAGLE 2 Backpack 30L - Outdoors\",\"isPartOf\":{\"@id\":\"https:\/\/www.outdoors.ee\/#website\"},\"primaryImageOfPage\":{\"@id\":\"https:\/\/www.outdoors.ee\/et\/toode\/seljakott-eagle-2-backpack-30l\/#primaryimage\"},\"image\":{\"@id\":\"https:\/\/www.outdoors.ee\/et\/toode\/seljakott-eagle-2-backpack-30l\/#primaryimage\"},\"thumbnailUrl\":\"https:\/\/www.outdoors.ee\/wp-content\/uploads\/2025\/03\/TT193-OG-Highlander\u00ae-Eagle-2-Backpack-30L-Olive-1.jpg\",\"datePublished\":\"2025-03-28T13:50:44+00:00\",\"dateModified\":\"2025-08-22T06:11:05+00:00\",\"breadcrumb\":{\"@id\":\"https:\/\/www.outdoors.ee\/et\/toode\/seljakott-eagle-2-backpack-30l\/#breadcrumb\"},\"inLanguage\":\"et\",\"potentialAction\":[{\"@type\":\"ReadAction\",\"target\":[\"https:\/\/www.outdoors.ee\/et\/toode\/seljakott-eagle-2-backpack-30l\/\"]}]},{\"@type\":\"ImageObject\",\"inLanguage\":\"et\",\"@id\":\"https:\/\/www.outdoors.ee\/et\/toode\/seljakott-eagle-2-backpack-30l\/#primaryimage\",\"url\":\"https:\/\/www.outdoors.ee\/wp-content\/uploads\/2025\/03\/TT193-OG-Highlander\u00ae-Eagle-2-Backpack-30L-Olive-1.jpg\",\"contentUrl\":\"https:\/\/www.outdoors.ee\/wp-content\/uploads\/2025\/03\/TT193-OG-Highlander\u00ae-Eagle-2-Backpack-30L-Olive-1.jpg\",\"width\":1500,\"height\":1500},{\"@type\":\"BreadcrumbList\",\"@id\":\"https:\/\/www.outdoors.ee\/et\/toode\/seljakott-eagle-2-backpack-30l\/#breadcrumb\",\"itemListElement\":[{\"@type\":\"ListItem\",\"position\":1,\"name\":\"Home\",\"item\":\"https:\/\/www.outdoors.ee\/et\/\"},{\"@type\":\"ListItem\",\"position\":2,\"name\":\"Tooted\",\"item\":\"https:\/\/www.outdoors.ee\/products\/\"},{\"@type\":\"ListItem\",\"position\":3,\"name\":\"Highlander\u00ae seljakott EAGLE 2 Backpack 30L\"}]},{\"@type\":\"WebSite\",\"@id\":\"https:\/\/www.outdoors.ee\/#website\",\"url\":\"https:\/\/www.outdoors.ee\/\",\"name\":\"Outdoors\",\"description\":\"Genuine military surplus and not only!\",\"potentialAction\":[{\"@type\":\"SearchAction\",\"target\":{\"@type\":\"EntryPoint\",\"urlTemplate\":\"https:\/\/www.outdoors.ee\/?s={search_term_string}\"},\"query-input\":{\"@type\":\"PropertyValueSpecification\",\"valueRequired\":true,\"valueName\":\"search_term_string\"}}],\"inLanguage\":\"et\"}]}<\/script>\n<!-- \/ Yoast SEO plugin. -->","yoast_head_json":{"title":"Highlander\u00ae seljakott EAGLE 2 Backpack 30L - Outdoors","robots":{"index":"index","follow":"follow","max-snippet":"max-snippet:-1","max-image-preview":"max-image-preview:large","max-video-preview":"max-video-preview:-1"},"canonical":"https:\/\/www.outdoors.ee\/et\/toode\/seljakott-eagle-2-backpack-30l\/","og_locale":"et_EE","og_type":"article","og_title":"Highlander\u00ae seljakott EAGLE 2 Backpack 30L - Outdoors","og_description":"Eagle 2 seljakott on t\u00e4ies ulatuses avatava peasahtliga, mis on loodud tagama kiire ja t\u00e4ieliku juurdep\u00e4\u00e4su teie varustusele. Mitmete taskuga","og_url":"https:\/\/www.outdoors.ee\/et\/toode\/seljakott-eagle-2-backpack-30l\/","og_site_name":"Outdoors","article_modified_time":"2025-08-22T06:11:05+00:00","og_image":[{"width":1500,"height":1500,"url":"https:\/\/www.outdoors.ee\/wp-content\/uploads\/2025\/03\/TT193-OG-Highlander\u00ae-Eagle-2-Backpack-30L-Olive-1.jpg","type":"image\/jpeg"}],"twitter_card":"summary_large_image","twitter_misc":{"Est. reading time":"1 minut"},"schema":{"@context":"https:\/\/schema.org","@graph":[{"@type":"WebPage","@id":"https:\/\/www.outdoors.ee\/et\/toode\/seljakott-eagle-2-backpack-30l\/","url":"https:\/\/www.outdoors.ee\/et\/toode\/seljakott-eagle-2-backpack-30l\/","name":"Highlander\u00ae seljakott EAGLE 2 Backpack 30L - Outdoors","isPartOf":{"@id":"https:\/\/www.outdoors.ee\/#website"},"primaryImageOfPage":{"@id":"https:\/\/www.outdoors.ee\/et\/toode\/seljakott-eagle-2-backpack-30l\/#primaryimage"},"image":{"@id":"https:\/\/www.outdoors.ee\/et\/toode\/seljakott-eagle-2-backpack-30l\/#primaryimage"},"thumbnailUrl":"https:\/\/www.outdoors.ee\/wp-content\/uploads\/2025\/03\/TT193-OG-Highlander\u00ae-Eagle-2-Backpack-30L-Olive-1.jpg","datePublished":"2025-03-28T13:50:44+00:00","dateModified":"2025-08-22T06:11:05+00:00","breadcrumb":{"@id":"https:\/\/www.outdoors.ee\/et\/toode\/seljakott-eagle-2-backpack-30l\/#breadcrumb"},"inLanguage":"et","potentialAction":[{"@type":"ReadAction","target":["https:\/\/www.outdoors.ee\/et\/toode\/seljakott-eagle-2-backpack-30l\/"]}]},{"@type":"ImageObject","inLanguage":"et","@id":"https:\/\/www.outdoors.ee\/et\/toode\/seljakott-eagle-2-backpack-30l\/#primaryimage","url":"https:\/\/www.outdoors.ee\/wp-content\/uploads\/2025\/03\/TT193-OG-Highlander\u00ae-Eagle-2-Backpack-30L-Olive-1.jpg","contentUrl":"https:\/\/www.outdoors.ee\/wp-content\/uploads\/2025\/03\/TT193-OG-Highlander\u00ae-Eagle-2-Backpack-30L-Olive-1.jpg","width":1500,"height":1500},{"@type":"BreadcrumbList","@id":"https:\/\/www.outdoors.ee\/et\/toode\/seljakott-eagle-2-backpack-30l\/#breadcrumb","itemListElement":[{"@type":"ListItem","position":1,"name":"Home","item":"https:\/\/www.outdoors.ee\/et\/"},{"@type":"ListItem","position":2,"name":"Tooted","item":"https:\/\/www.outdoors.ee\/products\/"},{"@type":"ListItem","position":3,"name":"Highlander\u00ae seljakott EAGLE 2 Backpack 30L"}]},{"@type":"WebSite","@id":"https:\/\/www.outdoors.ee\/#website","url":"https:\/\/www.outdoors.ee\/","name":"Outdoors","description":"Genuine military surplus and not only!","potentialAction":[{"@type":"SearchAction","target":{"@type":"EntryPoint","urlTemplate":"https:\/\/www.outdoors.ee\/?s={search_term_string}"},"query-input":{"@type":"PropertyValueSpecification","valueRequired":true,"valueName":"search_term_string"}}],"inLanguage":"et"}]}},"_links":{"self":[{"href":"https:\/\/www.outdoors.ee\/et\/wp-json\/wp\/v2\/product\/100955","targetHints":{"allow":["GET"]}}],"collection":[{"href":"https:\/\/www.outdoors.ee\/et\/wp-json\/wp\/v2\/product"}],"about":[{"href":"https:\/\/www.outdoors.ee\/et\/wp-json\/wp\/v2\/types\/product"}],"wp:featuredmedia":[{"embeddable":true,"href":"https:\/\/www.outdoors.ee\/et\/wp-json\/wp\/v2\/media\/100924"}],"wp:attachment":[{"href":"https:\/\/www.outdoors.ee\/et\/wp-json\/wp\/v2\/media?parent=100955"}],"wp:term":[{"taxonomy":"product_brand","embeddable":true,"href":"https:\/\/www.outdoors.ee\/et\/wp-json\/wp\/v2\/product_brand?post=100955"},{"taxonomy":"product_cat","embeddable":true,"href":"https:\/\/www.outdoors.ee\/et\/wp-json\/wp\/v2\/product_cat?post=100955"},{"taxonomy":"product_tag","embeddable":true,"href":"https:\/\/www.outdoors.ee\/et\/wp-json\/wp\/v2\/product_tag?post=100955"}],"curies":[{"name":"wp","href":"https:\/\/api.w.org\/{rel}","templated":true}]}}