{"id":100784,"date":"2025-03-26T16:52:33","date_gmt":"2025-03-26T14:52:33","guid":{"rendered":"https:\/\/www.outdoors.ee\/?post_type=product&#038;p=100784"},"modified":"2025-08-22T09:11:37","modified_gmt":"2025-08-22T06:11:37","slug":"valipuksid-elite-ripstop-combat-trousers-hmtc","status":"publish","type":"product","link":"https:\/\/www.outdoors.ee\/et\/toode\/valipuksid-elite-ripstop-combat-trousers-hmtc\/","title":{"rendered":"Highlander\u00ae v\u00e4lip\u00fcksid Elite Ripstop Combat Trousers HMTC"},"content":{"rendered":"<p data-start=\"0\" data-end=\"555\">Klassikalise Briti militaarmudeli p\u00f5hjal loodud v\u00e4lip\u00fcksid, mis sobivad nii l\u00fchikesteks kui ka pikemateks operatsioonideks, pakkudes suurt liikumisvabadust ja vastupidavust ka karmides tingimustes.<\/p>\n<p><strong>Omadused:<\/strong><\/p>\n<ul>\n<li>vastupidav Ripstop kangas<\/li>\n<li>reguleeritav v\u00f6\u00f6<\/li>\n<li>alumise \u00e4\u00e4re pingutusn\u00f6\u00f6rid<\/li>\n<li>tugevdatud jalgevahe piirkond<\/li>\n<li>taskute pingutusn\u00f6\u00f6rid<\/li>\n<li>laia v\u00f6\u00f6rihma aasad<\/li>\n<li>8 taskut kokku<\/li>\n<li>esi- ning tagataskud<\/li>\n<li>nurga all asetsevad reietaskud<\/li>\n<li>materjal: RipStop 65%pol\u00fcester 35% puuvill<\/li>\n<\/ul>\n<p>Suurus rippmen\u00fc\u00fcs: v\u00f6\u00f6\u00fcmberm\u00f5\u00f5t\/s\u00e4\u00e4resisepikkus<\/p>\n<p><strong>Seisukord:<\/strong> uus<\/p>\n","protected":false},"excerpt":{"rendered":"<p>Klassikalise Briti militaarmudeli p\u00f5hjal loodud v\u00e4lip\u00fcksid, mis sobivad nii l\u00fchikesteks kui ka pikemateks operatsioonideks, pakkudes suurt liikumisvabadust ja vastupidavust ka<\/p>\n","protected":false},"featured_media":100767,"template":"","meta":[],"product_brand":[],"product_cat":[111],"product_tag":[],"class_list":{"0":"post-100784","1":"product","2":"type-product","3":"status-publish","4":"has-post-thumbnail","6":"product_cat-puksid","7":"pa_brand-highlander-2","8":"pa_size-32-32-et","9":"pa_size-34-32-et","10":"pa_size-36-32-et","11":"pa_size-38-32-et","12":"pa_size-40-32-et","13":"pa_size-42-32-et","15":"first","16":"instock","17":"taxable","18":"shipping-taxable","19":"purchasable","20":"product-type-variable"},"yoast_head":"<!-- This site is optimized with the Yoast SEO plugin v27.2 - https:\/\/yoast.com\/product\/yoast-seo-wordpress\/ -->\n<title>Highlander\u00ae v\u00e4lip\u00fcksid Elite Ripstop Combat Trousers HMTC - Outdoors<\/title>\n<meta name=\"robots\" content=\"index, follow, max-snippet:-1, max-image-preview:large, max-video-preview:-1\" \/>\n<link rel=\"canonical\" href=\"https:\/\/www.outdoors.ee\/et\/toode\/valipuksid-elite-ripstop-combat-trousers-hmtc\/\" \/>\n<meta property=\"og:locale\" content=\"et_EE\" \/>\n<meta property=\"og:type\" content=\"article\" \/>\n<meta property=\"og:title\" content=\"Highlander\u00ae v\u00e4lip\u00fcksid Elite Ripstop Combat Trousers HMTC - Outdoors\" \/>\n<meta property=\"og:description\" content=\"Klassikalise Briti militaarmudeli p\u00f5hjal loodud v\u00e4lip\u00fcksid, mis sobivad nii l\u00fchikesteks kui ka pikemateks operatsioonideks, pakkudes suurt liikumisvabadust ja vastupidavust ka\" \/>\n<meta property=\"og:url\" content=\"https:\/\/www.outdoors.ee\/et\/toode\/valipuksid-elite-ripstop-combat-trousers-hmtc\/\" \/>\n<meta property=\"og:site_name\" content=\"Outdoors\" \/>\n<meta property=\"article:modified_time\" content=\"2025-08-22T06:11:37+00:00\" \/>\n<meta property=\"og:image\" content=\"https:\/\/www.outdoors.ee\/wp-content\/uploads\/2025\/03\/TR127R-HC-Highlander\u00ae-Elite-Ripstop-Combat-Trousers-HMTC-1.jpg\" \/>\n\t<meta property=\"og:image:width\" content=\"1500\" \/>\n\t<meta property=\"og:image:height\" content=\"1500\" \/>\n\t<meta property=\"og:image:type\" content=\"image\/jpeg\" \/>\n<meta name=\"twitter:card\" content=\"summary_large_image\" \/>\n<meta name=\"twitter:label1\" content=\"Est. reading time\" \/>\n\t<meta name=\"twitter:data1\" content=\"1 minut\" \/>\n<script type=\"application\/ld+json\" class=\"yoast-schema-graph\">{\"@context\":\"https:\/\/schema.org\",\"@graph\":[{\"@type\":\"WebPage\",\"@id\":\"https:\/\/www.outdoors.ee\/et\/toode\/valipuksid-elite-ripstop-combat-trousers-hmtc\/\",\"url\":\"https:\/\/www.outdoors.ee\/et\/toode\/valipuksid-elite-ripstop-combat-trousers-hmtc\/\",\"name\":\"Highlander\u00ae v\u00e4lip\u00fcksid Elite Ripstop Combat Trousers HMTC - Outdoors\",\"isPartOf\":{\"@id\":\"https:\/\/www.outdoors.ee\/#website\"},\"primaryImageOfPage\":{\"@id\":\"https:\/\/www.outdoors.ee\/et\/toode\/valipuksid-elite-ripstop-combat-trousers-hmtc\/#primaryimage\"},\"image\":{\"@id\":\"https:\/\/www.outdoors.ee\/et\/toode\/valipuksid-elite-ripstop-combat-trousers-hmtc\/#primaryimage\"},\"thumbnailUrl\":\"https:\/\/www.outdoors.ee\/wp-content\/uploads\/2025\/03\/TR127R-HC-Highlander\u00ae-Elite-Ripstop-Combat-Trousers-HMTC-1.jpg\",\"datePublished\":\"2025-03-26T14:52:33+00:00\",\"dateModified\":\"2025-08-22T06:11:37+00:00\",\"breadcrumb\":{\"@id\":\"https:\/\/www.outdoors.ee\/et\/toode\/valipuksid-elite-ripstop-combat-trousers-hmtc\/#breadcrumb\"},\"inLanguage\":\"et\",\"potentialAction\":[{\"@type\":\"ReadAction\",\"target\":[\"https:\/\/www.outdoors.ee\/et\/toode\/valipuksid-elite-ripstop-combat-trousers-hmtc\/\"]}]},{\"@type\":\"ImageObject\",\"inLanguage\":\"et\",\"@id\":\"https:\/\/www.outdoors.ee\/et\/toode\/valipuksid-elite-ripstop-combat-trousers-hmtc\/#primaryimage\",\"url\":\"https:\/\/www.outdoors.ee\/wp-content\/uploads\/2025\/03\/TR127R-HC-Highlander\u00ae-Elite-Ripstop-Combat-Trousers-HMTC-1.jpg\",\"contentUrl\":\"https:\/\/www.outdoors.ee\/wp-content\/uploads\/2025\/03\/TR127R-HC-Highlander\u00ae-Elite-Ripstop-Combat-Trousers-HMTC-1.jpg\",\"width\":1500,\"height\":1500},{\"@type\":\"BreadcrumbList\",\"@id\":\"https:\/\/www.outdoors.ee\/et\/toode\/valipuksid-elite-ripstop-combat-trousers-hmtc\/#breadcrumb\",\"itemListElement\":[{\"@type\":\"ListItem\",\"position\":1,\"name\":\"Home\",\"item\":\"https:\/\/www.outdoors.ee\/et\/\"},{\"@type\":\"ListItem\",\"position\":2,\"name\":\"Tooted\",\"item\":\"https:\/\/www.outdoors.ee\/products\/\"},{\"@type\":\"ListItem\",\"position\":3,\"name\":\"Highlander\u00ae v\u00e4lip\u00fcksid Elite Ripstop Combat Trousers HMTC\"}]},{\"@type\":\"WebSite\",\"@id\":\"https:\/\/www.outdoors.ee\/#website\",\"url\":\"https:\/\/www.outdoors.ee\/\",\"name\":\"Outdoors\",\"description\":\"Genuine military surplus and not only!\",\"potentialAction\":[{\"@type\":\"SearchAction\",\"target\":{\"@type\":\"EntryPoint\",\"urlTemplate\":\"https:\/\/www.outdoors.ee\/?s={search_term_string}\"},\"query-input\":{\"@type\":\"PropertyValueSpecification\",\"valueRequired\":true,\"valueName\":\"search_term_string\"}}],\"inLanguage\":\"et\"}]}<\/script>\n<!-- \/ Yoast SEO plugin. -->","yoast_head_json":{"title":"Highlander\u00ae v\u00e4lip\u00fcksid Elite Ripstop Combat Trousers HMTC - Outdoors","robots":{"index":"index","follow":"follow","max-snippet":"max-snippet:-1","max-image-preview":"max-image-preview:large","max-video-preview":"max-video-preview:-1"},"canonical":"https:\/\/www.outdoors.ee\/et\/toode\/valipuksid-elite-ripstop-combat-trousers-hmtc\/","og_locale":"et_EE","og_type":"article","og_title":"Highlander\u00ae v\u00e4lip\u00fcksid Elite Ripstop Combat Trousers HMTC - Outdoors","og_description":"Klassikalise Briti militaarmudeli p\u00f5hjal loodud v\u00e4lip\u00fcksid, mis sobivad nii l\u00fchikesteks kui ka pikemateks operatsioonideks, pakkudes suurt liikumisvabadust ja vastupidavust ka","og_url":"https:\/\/www.outdoors.ee\/et\/toode\/valipuksid-elite-ripstop-combat-trousers-hmtc\/","og_site_name":"Outdoors","article_modified_time":"2025-08-22T06:11:37+00:00","og_image":[{"width":1500,"height":1500,"url":"https:\/\/www.outdoors.ee\/wp-content\/uploads\/2025\/03\/TR127R-HC-Highlander\u00ae-Elite-Ripstop-Combat-Trousers-HMTC-1.jpg","type":"image\/jpeg"}],"twitter_card":"summary_large_image","twitter_misc":{"Est. reading time":"1 minut"},"schema":{"@context":"https:\/\/schema.org","@graph":[{"@type":"WebPage","@id":"https:\/\/www.outdoors.ee\/et\/toode\/valipuksid-elite-ripstop-combat-trousers-hmtc\/","url":"https:\/\/www.outdoors.ee\/et\/toode\/valipuksid-elite-ripstop-combat-trousers-hmtc\/","name":"Highlander\u00ae v\u00e4lip\u00fcksid Elite Ripstop Combat Trousers HMTC - Outdoors","isPartOf":{"@id":"https:\/\/www.outdoors.ee\/#website"},"primaryImageOfPage":{"@id":"https:\/\/www.outdoors.ee\/et\/toode\/valipuksid-elite-ripstop-combat-trousers-hmtc\/#primaryimage"},"image":{"@id":"https:\/\/www.outdoors.ee\/et\/toode\/valipuksid-elite-ripstop-combat-trousers-hmtc\/#primaryimage"},"thumbnailUrl":"https:\/\/www.outdoors.ee\/wp-content\/uploads\/2025\/03\/TR127R-HC-Highlander\u00ae-Elite-Ripstop-Combat-Trousers-HMTC-1.jpg","datePublished":"2025-03-26T14:52:33+00:00","dateModified":"2025-08-22T06:11:37+00:00","breadcrumb":{"@id":"https:\/\/www.outdoors.ee\/et\/toode\/valipuksid-elite-ripstop-combat-trousers-hmtc\/#breadcrumb"},"inLanguage":"et","potentialAction":[{"@type":"ReadAction","target":["https:\/\/www.outdoors.ee\/et\/toode\/valipuksid-elite-ripstop-combat-trousers-hmtc\/"]}]},{"@type":"ImageObject","inLanguage":"et","@id":"https:\/\/www.outdoors.ee\/et\/toode\/valipuksid-elite-ripstop-combat-trousers-hmtc\/#primaryimage","url":"https:\/\/www.outdoors.ee\/wp-content\/uploads\/2025\/03\/TR127R-HC-Highlander\u00ae-Elite-Ripstop-Combat-Trousers-HMTC-1.jpg","contentUrl":"https:\/\/www.outdoors.ee\/wp-content\/uploads\/2025\/03\/TR127R-HC-Highlander\u00ae-Elite-Ripstop-Combat-Trousers-HMTC-1.jpg","width":1500,"height":1500},{"@type":"BreadcrumbList","@id":"https:\/\/www.outdoors.ee\/et\/toode\/valipuksid-elite-ripstop-combat-trousers-hmtc\/#breadcrumb","itemListElement":[{"@type":"ListItem","position":1,"name":"Home","item":"https:\/\/www.outdoors.ee\/et\/"},{"@type":"ListItem","position":2,"name":"Tooted","item":"https:\/\/www.outdoors.ee\/products\/"},{"@type":"ListItem","position":3,"name":"Highlander\u00ae v\u00e4lip\u00fcksid Elite Ripstop Combat Trousers HMTC"}]},{"@type":"WebSite","@id":"https:\/\/www.outdoors.ee\/#website","url":"https:\/\/www.outdoors.ee\/","name":"Outdoors","description":"Genuine military surplus and not only!","potentialAction":[{"@type":"SearchAction","target":{"@type":"EntryPoint","urlTemplate":"https:\/\/www.outdoors.ee\/?s={search_term_string}"},"query-input":{"@type":"PropertyValueSpecification","valueRequired":true,"valueName":"search_term_string"}}],"inLanguage":"et"}]}},"_links":{"self":[{"href":"https:\/\/www.outdoors.ee\/et\/wp-json\/wp\/v2\/product\/100784","targetHints":{"allow":["GET"]}}],"collection":[{"href":"https:\/\/www.outdoors.ee\/et\/wp-json\/wp\/v2\/product"}],"about":[{"href":"https:\/\/www.outdoors.ee\/et\/wp-json\/wp\/v2\/types\/product"}],"wp:featuredmedia":[{"embeddable":true,"href":"https:\/\/www.outdoors.ee\/et\/wp-json\/wp\/v2\/media\/100767"}],"wp:attachment":[{"href":"https:\/\/www.outdoors.ee\/et\/wp-json\/wp\/v2\/media?parent=100784"}],"wp:term":[{"taxonomy":"product_brand","embeddable":true,"href":"https:\/\/www.outdoors.ee\/et\/wp-json\/wp\/v2\/product_brand?post=100784"},{"taxonomy":"product_cat","embeddable":true,"href":"https:\/\/www.outdoors.ee\/et\/wp-json\/wp\/v2\/product_cat?post=100784"},{"taxonomy":"product_tag","embeddable":true,"href":"https:\/\/www.outdoors.ee\/et\/wp-json\/wp\/v2\/product_tag?post=100784"}],"curies":[{"name":"wp","href":"https:\/\/api.w.org\/{rel}","templated":true}]}}