{"id":100751,"date":"2025-03-26T11:32:42","date_gmt":"2025-03-26T09:32:42","guid":{"rendered":"https:\/\/www.outdoors.ee\/?post_type=product&#038;p=100751"},"modified":"2025-08-22T09:12:04","modified_gmt":"2025-08-22T06:12:04","slug":"harrier-full-clamshell-opening-pack-35l-seljakott","status":"publish","type":"product","link":"https:\/\/www.outdoors.ee\/et\/toode\/harrier-full-clamshell-opening-pack-35l-seljakott\/","title":{"rendered":"Highlander\u00ae seljakott HARRIER Full Clamshell Opening Pack 35L"},"content":{"rendered":"<p>Harrier seljakott on t\u00e4ies ulatuses avatava peasahtliga, mis on loodud tagama kiire ja t\u00e4ieliku juurdep\u00e4\u00e4su teie varustusele. Mitmete taskuga varustatud kott v\u00f5imaldab efektiivset pakkimist ja organiseerimist ning v\u00e4iksemate esemete h\u00f5lpsat leidmist.<\/p>\n<p><strong>Omadused:<\/strong><\/p>\n<ul>\n<li><span class=\"metafield-multi_line_text_field\">mahukas peasahtel<\/span><\/li>\n<li>mitmed erinevad taskud<\/li>\n<li>2 kompressioonrihma<\/li>\n<li>eemaldatav sisemine organiseerija<\/li>\n<li>sisemised v\u00f5rktaskud<\/li>\n<li>reguleeritav pehmedatud puusarihm<\/li>\n<li>reguleeritavad pehmedatud \u00f5larihmad<\/li>\n<li>reguleeritav rinnarihm<\/li>\n<li>parema \u00f5huvoolu tagava v\u00f5rkmaterjaliga kaetud seljapaneel<\/li>\n<li>Molle kinnituspaneelid<\/li>\n<li>pehmendatud tasku joogis\u00fcsteemile, vajadusel mahutab ka 15\u00b4\u00b4 s\u00fclearvuti<\/li>\n<li>takjapaneel<\/li>\n<li>maht 35L<\/li>\n<li>kaal 1.64kg<\/li>\n<li>materjal: 1000D pol\u00fcester, No.10 vastupidavad t\u00f5mblukud, Duraflex klambrid<\/li>\n<li>m\u00f5\u00f5tmed: 33cm x 16cm x 53cm<\/li>\n<\/ul>\n<p><strong>Seisukord:<\/strong> uus<\/p>\n","protected":false},"excerpt":{"rendered":"<p>Harrier seljakott on t\u00e4ies ulatuses avatava peasahtliga, mis on loodud tagama kiire ja t\u00e4ieliku juurdep\u00e4\u00e4su teie varustusele. Mitmete taskuga varustatud<\/p>\n","protected":false},"featured_media":100740,"template":"","meta":[],"product_brand":[],"product_cat":[3539],"product_tag":[],"class_list":{"0":"post-100751","1":"product","2":"type-product","3":"status-publish","4":"has-post-thumbnail","6":"product_cat-seljakotid","7":"pa_brand-highlander-2","8":"pa_color-black-2","9":"pa_color-coyote-2","10":"pa_color-hmtc-et","11":"pa_color-ranger-green-2","13":"first","14":"instock","15":"taxable","16":"shipping-taxable","17":"purchasable","18":"product-type-variable"},"yoast_head":"<!-- This site is optimized with the Yoast SEO plugin v27.2 - https:\/\/yoast.com\/product\/yoast-seo-wordpress\/ -->\n<title>Highlander\u00ae seljakott HARRIER Full Clamshell Opening Pack 35L - Outdoors<\/title>\n<meta name=\"robots\" content=\"index, follow, max-snippet:-1, max-image-preview:large, max-video-preview:-1\" \/>\n<link rel=\"canonical\" href=\"https:\/\/www.outdoors.ee\/et\/toode\/harrier-full-clamshell-opening-pack-35l-seljakott\/\" \/>\n<meta property=\"og:locale\" content=\"et_EE\" \/>\n<meta property=\"og:type\" content=\"article\" \/>\n<meta property=\"og:title\" content=\"Highlander\u00ae seljakott HARRIER Full Clamshell Opening Pack 35L - Outdoors\" \/>\n<meta property=\"og:description\" content=\"Harrier seljakott on t\u00e4ies ulatuses avatava peasahtliga, mis on loodud tagama kiire ja t\u00e4ieliku juurdep\u00e4\u00e4su teie varustusele. Mitmete taskuga varustatud\" \/>\n<meta property=\"og:url\" content=\"https:\/\/www.outdoors.ee\/et\/toode\/harrier-full-clamshell-opening-pack-35l-seljakott\/\" \/>\n<meta property=\"og:site_name\" content=\"Outdoors\" \/>\n<meta property=\"article:modified_time\" content=\"2025-08-22T06:12:04+00:00\" \/>\n<meta property=\"og:image\" content=\"https:\/\/www.outdoors.ee\/wp-content\/uploads\/2025\/03\/TT211-RG-Highlander\u00ae-HARRIER-Full-Clamshell-Opening-Pack-35L-2.jpg\" \/>\n\t<meta property=\"og:image:width\" content=\"1500\" \/>\n\t<meta property=\"og:image:height\" content=\"1500\" \/>\n\t<meta property=\"og:image:type\" content=\"image\/jpeg\" \/>\n<meta name=\"twitter:card\" content=\"summary_large_image\" \/>\n<meta name=\"twitter:label1\" content=\"Est. reading time\" \/>\n\t<meta name=\"twitter:data1\" content=\"1 minut\" \/>\n<script type=\"application\/ld+json\" class=\"yoast-schema-graph\">{\"@context\":\"https:\/\/schema.org\",\"@graph\":[{\"@type\":\"WebPage\",\"@id\":\"https:\/\/www.outdoors.ee\/et\/toode\/harrier-full-clamshell-opening-pack-35l-seljakott\/\",\"url\":\"https:\/\/www.outdoors.ee\/et\/toode\/harrier-full-clamshell-opening-pack-35l-seljakott\/\",\"name\":\"Highlander\u00ae seljakott HARRIER Full Clamshell Opening Pack 35L - Outdoors\",\"isPartOf\":{\"@id\":\"https:\/\/www.outdoors.ee\/#website\"},\"primaryImageOfPage\":{\"@id\":\"https:\/\/www.outdoors.ee\/et\/toode\/harrier-full-clamshell-opening-pack-35l-seljakott\/#primaryimage\"},\"image\":{\"@id\":\"https:\/\/www.outdoors.ee\/et\/toode\/harrier-full-clamshell-opening-pack-35l-seljakott\/#primaryimage\"},\"thumbnailUrl\":\"https:\/\/www.outdoors.ee\/wp-content\/uploads\/2025\/03\/TT211-RG-Highlander\u00ae-HARRIER-Full-Clamshell-Opening-Pack-35L-2.jpg\",\"datePublished\":\"2025-03-26T09:32:42+00:00\",\"dateModified\":\"2025-08-22T06:12:04+00:00\",\"breadcrumb\":{\"@id\":\"https:\/\/www.outdoors.ee\/et\/toode\/harrier-full-clamshell-opening-pack-35l-seljakott\/#breadcrumb\"},\"inLanguage\":\"et\",\"potentialAction\":[{\"@type\":\"ReadAction\",\"target\":[\"https:\/\/www.outdoors.ee\/et\/toode\/harrier-full-clamshell-opening-pack-35l-seljakott\/\"]}]},{\"@type\":\"ImageObject\",\"inLanguage\":\"et\",\"@id\":\"https:\/\/www.outdoors.ee\/et\/toode\/harrier-full-clamshell-opening-pack-35l-seljakott\/#primaryimage\",\"url\":\"https:\/\/www.outdoors.ee\/wp-content\/uploads\/2025\/03\/TT211-RG-Highlander\u00ae-HARRIER-Full-Clamshell-Opening-Pack-35L-2.jpg\",\"contentUrl\":\"https:\/\/www.outdoors.ee\/wp-content\/uploads\/2025\/03\/TT211-RG-Highlander\u00ae-HARRIER-Full-Clamshell-Opening-Pack-35L-2.jpg\",\"width\":1500,\"height\":1500},{\"@type\":\"BreadcrumbList\",\"@id\":\"https:\/\/www.outdoors.ee\/et\/toode\/harrier-full-clamshell-opening-pack-35l-seljakott\/#breadcrumb\",\"itemListElement\":[{\"@type\":\"ListItem\",\"position\":1,\"name\":\"Home\",\"item\":\"https:\/\/www.outdoors.ee\/et\/\"},{\"@type\":\"ListItem\",\"position\":2,\"name\":\"Tooted\",\"item\":\"https:\/\/www.outdoors.ee\/products\/\"},{\"@type\":\"ListItem\",\"position\":3,\"name\":\"Highlander\u00ae seljakott HARRIER Full Clamshell Opening Pack 35L\"}]},{\"@type\":\"WebSite\",\"@id\":\"https:\/\/www.outdoors.ee\/#website\",\"url\":\"https:\/\/www.outdoors.ee\/\",\"name\":\"Outdoors\",\"description\":\"Genuine military surplus and not only!\",\"potentialAction\":[{\"@type\":\"SearchAction\",\"target\":{\"@type\":\"EntryPoint\",\"urlTemplate\":\"https:\/\/www.outdoors.ee\/?s={search_term_string}\"},\"query-input\":{\"@type\":\"PropertyValueSpecification\",\"valueRequired\":true,\"valueName\":\"search_term_string\"}}],\"inLanguage\":\"et\"}]}<\/script>\n<!-- \/ Yoast SEO plugin. -->","yoast_head_json":{"title":"Highlander\u00ae seljakott HARRIER Full Clamshell Opening Pack 35L - Outdoors","robots":{"index":"index","follow":"follow","max-snippet":"max-snippet:-1","max-image-preview":"max-image-preview:large","max-video-preview":"max-video-preview:-1"},"canonical":"https:\/\/www.outdoors.ee\/et\/toode\/harrier-full-clamshell-opening-pack-35l-seljakott\/","og_locale":"et_EE","og_type":"article","og_title":"Highlander\u00ae seljakott HARRIER Full Clamshell Opening Pack 35L - Outdoors","og_description":"Harrier seljakott on t\u00e4ies ulatuses avatava peasahtliga, mis on loodud tagama kiire ja t\u00e4ieliku juurdep\u00e4\u00e4su teie varustusele. Mitmete taskuga varustatud","og_url":"https:\/\/www.outdoors.ee\/et\/toode\/harrier-full-clamshell-opening-pack-35l-seljakott\/","og_site_name":"Outdoors","article_modified_time":"2025-08-22T06:12:04+00:00","og_image":[{"width":1500,"height":1500,"url":"https:\/\/www.outdoors.ee\/wp-content\/uploads\/2025\/03\/TT211-RG-Highlander\u00ae-HARRIER-Full-Clamshell-Opening-Pack-35L-2.jpg","type":"image\/jpeg"}],"twitter_card":"summary_large_image","twitter_misc":{"Est. reading time":"1 minut"},"schema":{"@context":"https:\/\/schema.org","@graph":[{"@type":"WebPage","@id":"https:\/\/www.outdoors.ee\/et\/toode\/harrier-full-clamshell-opening-pack-35l-seljakott\/","url":"https:\/\/www.outdoors.ee\/et\/toode\/harrier-full-clamshell-opening-pack-35l-seljakott\/","name":"Highlander\u00ae seljakott HARRIER Full Clamshell Opening Pack 35L - Outdoors","isPartOf":{"@id":"https:\/\/www.outdoors.ee\/#website"},"primaryImageOfPage":{"@id":"https:\/\/www.outdoors.ee\/et\/toode\/harrier-full-clamshell-opening-pack-35l-seljakott\/#primaryimage"},"image":{"@id":"https:\/\/www.outdoors.ee\/et\/toode\/harrier-full-clamshell-opening-pack-35l-seljakott\/#primaryimage"},"thumbnailUrl":"https:\/\/www.outdoors.ee\/wp-content\/uploads\/2025\/03\/TT211-RG-Highlander\u00ae-HARRIER-Full-Clamshell-Opening-Pack-35L-2.jpg","datePublished":"2025-03-26T09:32:42+00:00","dateModified":"2025-08-22T06:12:04+00:00","breadcrumb":{"@id":"https:\/\/www.outdoors.ee\/et\/toode\/harrier-full-clamshell-opening-pack-35l-seljakott\/#breadcrumb"},"inLanguage":"et","potentialAction":[{"@type":"ReadAction","target":["https:\/\/www.outdoors.ee\/et\/toode\/harrier-full-clamshell-opening-pack-35l-seljakott\/"]}]},{"@type":"ImageObject","inLanguage":"et","@id":"https:\/\/www.outdoors.ee\/et\/toode\/harrier-full-clamshell-opening-pack-35l-seljakott\/#primaryimage","url":"https:\/\/www.outdoors.ee\/wp-content\/uploads\/2025\/03\/TT211-RG-Highlander\u00ae-HARRIER-Full-Clamshell-Opening-Pack-35L-2.jpg","contentUrl":"https:\/\/www.outdoors.ee\/wp-content\/uploads\/2025\/03\/TT211-RG-Highlander\u00ae-HARRIER-Full-Clamshell-Opening-Pack-35L-2.jpg","width":1500,"height":1500},{"@type":"BreadcrumbList","@id":"https:\/\/www.outdoors.ee\/et\/toode\/harrier-full-clamshell-opening-pack-35l-seljakott\/#breadcrumb","itemListElement":[{"@type":"ListItem","position":1,"name":"Home","item":"https:\/\/www.outdoors.ee\/et\/"},{"@type":"ListItem","position":2,"name":"Tooted","item":"https:\/\/www.outdoors.ee\/products\/"},{"@type":"ListItem","position":3,"name":"Highlander\u00ae seljakott HARRIER Full Clamshell Opening Pack 35L"}]},{"@type":"WebSite","@id":"https:\/\/www.outdoors.ee\/#website","url":"https:\/\/www.outdoors.ee\/","name":"Outdoors","description":"Genuine military surplus and not only!","potentialAction":[{"@type":"SearchAction","target":{"@type":"EntryPoint","urlTemplate":"https:\/\/www.outdoors.ee\/?s={search_term_string}"},"query-input":{"@type":"PropertyValueSpecification","valueRequired":true,"valueName":"search_term_string"}}],"inLanguage":"et"}]}},"_links":{"self":[{"href":"https:\/\/www.outdoors.ee\/et\/wp-json\/wp\/v2\/product\/100751","targetHints":{"allow":["GET"]}}],"collection":[{"href":"https:\/\/www.outdoors.ee\/et\/wp-json\/wp\/v2\/product"}],"about":[{"href":"https:\/\/www.outdoors.ee\/et\/wp-json\/wp\/v2\/types\/product"}],"wp:featuredmedia":[{"embeddable":true,"href":"https:\/\/www.outdoors.ee\/et\/wp-json\/wp\/v2\/media\/100740"}],"wp:attachment":[{"href":"https:\/\/www.outdoors.ee\/et\/wp-json\/wp\/v2\/media?parent=100751"}],"wp:term":[{"taxonomy":"product_brand","embeddable":true,"href":"https:\/\/www.outdoors.ee\/et\/wp-json\/wp\/v2\/product_brand?post=100751"},{"taxonomy":"product_cat","embeddable":true,"href":"https:\/\/www.outdoors.ee\/et\/wp-json\/wp\/v2\/product_cat?post=100751"},{"taxonomy":"product_tag","embeddable":true,"href":"https:\/\/www.outdoors.ee\/et\/wp-json\/wp\/v2\/product_tag?post=100751"}],"curies":[{"name":"wp","href":"https:\/\/api.w.org\/{rel}","templated":true}]}}