{"id":100472,"date":"2025-03-13T12:18:42","date_gmt":"2025-03-13T10:18:42","guid":{"rendered":"https:\/\/www.outdoors.ee\/?post_type=product&#038;p=100472"},"modified":"2025-08-27T10:47:30","modified_gmt":"2025-08-27T07:47:30","slug":"mfh-tuhja-salve-tasku-molle","status":"publish","type":"product","link":"https:\/\/www.outdoors.ee\/et\/toode\/mfh-tuhja-salve-tasku-molle\/","title":{"rendered":"MFH\u00ae t\u00fchja salve tasku Molle"},"content":{"rendered":"<p><strong>Omadused:<\/strong><\/p>\n<ul>\n<li>suur ava veniva pingutusn\u00f6\u00f6riga<\/li>\n<li>tasku sisu on v\u00e4ljat\u00f5mmatav lihtsa t\u00fchjendamise eesm\u00e4rgil<\/li>\n<li>2 v\u00e4iksemat k\u00fcljetaskut (1 neist v\u00f5rktasku)<\/li>\n<li>1 suurem takjapaela abil suletav v\u00e4limine tasku, plastikust D-r\u00f5ngaga<\/li>\n<li>2 Molle kinnitus ribaga<\/li>\n<li>ava diameeter ca 14cm<\/li>\n<li>m\u00f5\u00f5tmed ca 14 x 20 x 8\/14 cm (L x K x D)<\/li>\n<li>materjal 100% pol\u00fcester<\/li>\n<\/ul>\n<p><strong>Seisukord:<\/strong> uus<\/p>\n","protected":false},"excerpt":{"rendered":"<p>Omadused: suur ava veniva pingutusn\u00f6\u00f6riga tasku sisu on v\u00e4ljat\u00f5mmatav lihtsa t\u00fchjendamise eesm\u00e4rgil 2 v\u00e4iksemat k\u00fcljetaskut (1 neist v\u00f5rktasku) 1 suurem<\/p>\n","protected":false},"featured_media":100460,"template":"","meta":[],"product_brand":[],"product_cat":[149],"product_tag":[],"class_list":{"0":"post-100472","1":"product","2":"type-product","3":"status-publish","4":"has-post-thumbnail","6":"product_cat-taktikaline-varustus","7":"pa_brand-mfh-2","8":"pa_color-black-2","9":"pa_color-coyote-2","10":"pa_color-m05-2","11":"pa_color-olive-2","12":"pa_color-operation-camo-2","14":"first","15":"instock","16":"taxable","17":"shipping-taxable","18":"purchasable","19":"product-type-variable"},"yoast_head":"<!-- This site is optimized with the Yoast SEO plugin v27.2 - https:\/\/yoast.com\/product\/yoast-seo-wordpress\/ -->\n<title>MFH\u00ae t\u00fchja salve tasku Molle - Outdoors<\/title>\n<meta name=\"robots\" content=\"index, follow, max-snippet:-1, max-image-preview:large, max-video-preview:-1\" \/>\n<link rel=\"canonical\" href=\"https:\/\/www.outdoors.ee\/et\/toode\/mfh-tuhja-salve-tasku-molle\/\" \/>\n<meta property=\"og:locale\" content=\"et_EE\" \/>\n<meta property=\"og:type\" content=\"article\" \/>\n<meta property=\"og:title\" content=\"MFH\u00ae t\u00fchja salve tasku Molle - Outdoors\" \/>\n<meta property=\"og:description\" content=\"Omadused: suur ava veniva pingutusn\u00f6\u00f6riga tasku sisu on v\u00e4ljat\u00f5mmatav lihtsa t\u00fchjendamise eesm\u00e4rgil 2 v\u00e4iksemat k\u00fcljetaskut (1 neist v\u00f5rktasku) 1 suurem\" \/>\n<meta property=\"og:url\" content=\"https:\/\/www.outdoors.ee\/et\/toode\/mfh-tuhja-salve-tasku-molle\/\" \/>\n<meta property=\"og:site_name\" content=\"Outdoors\" \/>\n<meta property=\"article:modified_time\" content=\"2025-08-27T07:47:30+00:00\" \/>\n<meta property=\"og:image\" content=\"https:\/\/www.outdoors.ee\/wp-content\/uploads\/2025\/03\/30619X-MFH-Dump-Pouch-Operational-Camo-1.jpg\" \/>\n\t<meta property=\"og:image:width\" content=\"1200\" \/>\n\t<meta property=\"og:image:height\" content=\"1200\" \/>\n\t<meta property=\"og:image:type\" content=\"image\/jpeg\" \/>\n<meta name=\"twitter:card\" content=\"summary_large_image\" \/>\n<meta name=\"twitter:label1\" content=\"Est. reading time\" \/>\n\t<meta name=\"twitter:data1\" content=\"1 minut\" \/>\n<script type=\"application\/ld+json\" class=\"yoast-schema-graph\">{\"@context\":\"https:\/\/schema.org\",\"@graph\":[{\"@type\":\"WebPage\",\"@id\":\"https:\/\/www.outdoors.ee\/et\/toode\/mfh-tuhja-salve-tasku-molle\/\",\"url\":\"https:\/\/www.outdoors.ee\/et\/toode\/mfh-tuhja-salve-tasku-molle\/\",\"name\":\"MFH\u00ae t\u00fchja salve tasku Molle - Outdoors\",\"isPartOf\":{\"@id\":\"https:\/\/www.outdoors.ee\/#website\"},\"primaryImageOfPage\":{\"@id\":\"https:\/\/www.outdoors.ee\/et\/toode\/mfh-tuhja-salve-tasku-molle\/#primaryimage\"},\"image\":{\"@id\":\"https:\/\/www.outdoors.ee\/et\/toode\/mfh-tuhja-salve-tasku-molle\/#primaryimage\"},\"thumbnailUrl\":\"https:\/\/www.outdoors.ee\/wp-content\/uploads\/2025\/03\/30619X-MFH-Dump-Pouch-Operational-Camo-1.jpg\",\"datePublished\":\"2025-03-13T10:18:42+00:00\",\"dateModified\":\"2025-08-27T07:47:30+00:00\",\"breadcrumb\":{\"@id\":\"https:\/\/www.outdoors.ee\/et\/toode\/mfh-tuhja-salve-tasku-molle\/#breadcrumb\"},\"inLanguage\":\"et\",\"potentialAction\":[{\"@type\":\"ReadAction\",\"target\":[\"https:\/\/www.outdoors.ee\/et\/toode\/mfh-tuhja-salve-tasku-molle\/\"]}]},{\"@type\":\"ImageObject\",\"inLanguage\":\"et\",\"@id\":\"https:\/\/www.outdoors.ee\/et\/toode\/mfh-tuhja-salve-tasku-molle\/#primaryimage\",\"url\":\"https:\/\/www.outdoors.ee\/wp-content\/uploads\/2025\/03\/30619X-MFH-Dump-Pouch-Operational-Camo-1.jpg\",\"contentUrl\":\"https:\/\/www.outdoors.ee\/wp-content\/uploads\/2025\/03\/30619X-MFH-Dump-Pouch-Operational-Camo-1.jpg\",\"width\":1200,\"height\":1200},{\"@type\":\"BreadcrumbList\",\"@id\":\"https:\/\/www.outdoors.ee\/et\/toode\/mfh-tuhja-salve-tasku-molle\/#breadcrumb\",\"itemListElement\":[{\"@type\":\"ListItem\",\"position\":1,\"name\":\"Home\",\"item\":\"https:\/\/www.outdoors.ee\/et\/\"},{\"@type\":\"ListItem\",\"position\":2,\"name\":\"Tooted\",\"item\":\"https:\/\/www.outdoors.ee\/products\/\"},{\"@type\":\"ListItem\",\"position\":3,\"name\":\"MFH\u00ae t\u00fchja salve tasku Molle\"}]},{\"@type\":\"WebSite\",\"@id\":\"https:\/\/www.outdoors.ee\/#website\",\"url\":\"https:\/\/www.outdoors.ee\/\",\"name\":\"Outdoors\",\"description\":\"Genuine military surplus and not only!\",\"potentialAction\":[{\"@type\":\"SearchAction\",\"target\":{\"@type\":\"EntryPoint\",\"urlTemplate\":\"https:\/\/www.outdoors.ee\/?s={search_term_string}\"},\"query-input\":{\"@type\":\"PropertyValueSpecification\",\"valueRequired\":true,\"valueName\":\"search_term_string\"}}],\"inLanguage\":\"et\"}]}<\/script>\n<!-- \/ Yoast SEO plugin. -->","yoast_head_json":{"title":"MFH\u00ae t\u00fchja salve tasku Molle - Outdoors","robots":{"index":"index","follow":"follow","max-snippet":"max-snippet:-1","max-image-preview":"max-image-preview:large","max-video-preview":"max-video-preview:-1"},"canonical":"https:\/\/www.outdoors.ee\/et\/toode\/mfh-tuhja-salve-tasku-molle\/","og_locale":"et_EE","og_type":"article","og_title":"MFH\u00ae t\u00fchja salve tasku Molle - Outdoors","og_description":"Omadused: suur ava veniva pingutusn\u00f6\u00f6riga tasku sisu on v\u00e4ljat\u00f5mmatav lihtsa t\u00fchjendamise eesm\u00e4rgil 2 v\u00e4iksemat k\u00fcljetaskut (1 neist v\u00f5rktasku) 1 suurem","og_url":"https:\/\/www.outdoors.ee\/et\/toode\/mfh-tuhja-salve-tasku-molle\/","og_site_name":"Outdoors","article_modified_time":"2025-08-27T07:47:30+00:00","og_image":[{"width":1200,"height":1200,"url":"https:\/\/www.outdoors.ee\/wp-content\/uploads\/2025\/03\/30619X-MFH-Dump-Pouch-Operational-Camo-1.jpg","type":"image\/jpeg"}],"twitter_card":"summary_large_image","twitter_misc":{"Est. reading time":"1 minut"},"schema":{"@context":"https:\/\/schema.org","@graph":[{"@type":"WebPage","@id":"https:\/\/www.outdoors.ee\/et\/toode\/mfh-tuhja-salve-tasku-molle\/","url":"https:\/\/www.outdoors.ee\/et\/toode\/mfh-tuhja-salve-tasku-molle\/","name":"MFH\u00ae t\u00fchja salve tasku Molle - Outdoors","isPartOf":{"@id":"https:\/\/www.outdoors.ee\/#website"},"primaryImageOfPage":{"@id":"https:\/\/www.outdoors.ee\/et\/toode\/mfh-tuhja-salve-tasku-molle\/#primaryimage"},"image":{"@id":"https:\/\/www.outdoors.ee\/et\/toode\/mfh-tuhja-salve-tasku-molle\/#primaryimage"},"thumbnailUrl":"https:\/\/www.outdoors.ee\/wp-content\/uploads\/2025\/03\/30619X-MFH-Dump-Pouch-Operational-Camo-1.jpg","datePublished":"2025-03-13T10:18:42+00:00","dateModified":"2025-08-27T07:47:30+00:00","breadcrumb":{"@id":"https:\/\/www.outdoors.ee\/et\/toode\/mfh-tuhja-salve-tasku-molle\/#breadcrumb"},"inLanguage":"et","potentialAction":[{"@type":"ReadAction","target":["https:\/\/www.outdoors.ee\/et\/toode\/mfh-tuhja-salve-tasku-molle\/"]}]},{"@type":"ImageObject","inLanguage":"et","@id":"https:\/\/www.outdoors.ee\/et\/toode\/mfh-tuhja-salve-tasku-molle\/#primaryimage","url":"https:\/\/www.outdoors.ee\/wp-content\/uploads\/2025\/03\/30619X-MFH-Dump-Pouch-Operational-Camo-1.jpg","contentUrl":"https:\/\/www.outdoors.ee\/wp-content\/uploads\/2025\/03\/30619X-MFH-Dump-Pouch-Operational-Camo-1.jpg","width":1200,"height":1200},{"@type":"BreadcrumbList","@id":"https:\/\/www.outdoors.ee\/et\/toode\/mfh-tuhja-salve-tasku-molle\/#breadcrumb","itemListElement":[{"@type":"ListItem","position":1,"name":"Home","item":"https:\/\/www.outdoors.ee\/et\/"},{"@type":"ListItem","position":2,"name":"Tooted","item":"https:\/\/www.outdoors.ee\/products\/"},{"@type":"ListItem","position":3,"name":"MFH\u00ae t\u00fchja salve tasku Molle"}]},{"@type":"WebSite","@id":"https:\/\/www.outdoors.ee\/#website","url":"https:\/\/www.outdoors.ee\/","name":"Outdoors","description":"Genuine military surplus and not only!","potentialAction":[{"@type":"SearchAction","target":{"@type":"EntryPoint","urlTemplate":"https:\/\/www.outdoors.ee\/?s={search_term_string}"},"query-input":{"@type":"PropertyValueSpecification","valueRequired":true,"valueName":"search_term_string"}}],"inLanguage":"et"}]}},"_links":{"self":[{"href":"https:\/\/www.outdoors.ee\/et\/wp-json\/wp\/v2\/product\/100472","targetHints":{"allow":["GET"]}}],"collection":[{"href":"https:\/\/www.outdoors.ee\/et\/wp-json\/wp\/v2\/product"}],"about":[{"href":"https:\/\/www.outdoors.ee\/et\/wp-json\/wp\/v2\/types\/product"}],"wp:featuredmedia":[{"embeddable":true,"href":"https:\/\/www.outdoors.ee\/et\/wp-json\/wp\/v2\/media\/100460"}],"wp:attachment":[{"href":"https:\/\/www.outdoors.ee\/et\/wp-json\/wp\/v2\/media?parent=100472"}],"wp:term":[{"taxonomy":"product_brand","embeddable":true,"href":"https:\/\/www.outdoors.ee\/et\/wp-json\/wp\/v2\/product_brand?post=100472"},{"taxonomy":"product_cat","embeddable":true,"href":"https:\/\/www.outdoors.ee\/et\/wp-json\/wp\/v2\/product_cat?post=100472"},{"taxonomy":"product_tag","embeddable":true,"href":"https:\/\/www.outdoors.ee\/et\/wp-json\/wp\/v2\/product_tag?post=100472"}],"curies":[{"name":"wp","href":"https:\/\/api.w.org\/{rel}","templated":true}]}}