{"id":655,"date":"2017-06-27T06:32:31","date_gmt":"2017-06-27T06:32:31","guid":{"rendered":"http:\/\/dummy.xtemos.com\/woodmart\/demos\/?page_id=655"},"modified":"2026-01-04T19:05:36","modified_gmt":"2026-01-04T17:05:36","slug":"kontakt-ja-asukoht","status":"publish","type":"page","link":"https:\/\/www.outdoors.ee\/et\/kontakt-ja-asukoht\/","title":{"rendered":"Kontakt &#038; Asukoht"},"content":{"rendered":"<div class=\"wpb-content-wrapper\"><p>[vc_row gap=&#8221;30&#8243; css=&#8221;.vc_custom_1631196599548{margin-bottom: 0px !important;}&#8221; mobile_bg_img_hidden=&#8221;no&#8221; tablet_bg_img_hidden=&#8221;no&#8221; woodmart_parallax=&#8221;0&#8243; woodmart_gradient_switch=&#8221;no&#8221; row_reverse_mobile=&#8221;0&#8243; row_reverse_tablet=&#8221;0&#8243; woodmart_disable_overflow=&#8221;0&#8243;][vc_column width=&#8221;1\/2&#8243; css=&#8221;.vc_custom_1496934090366{margin-bottom: 35px !important;padding-top: 10px !important;}&#8221; offset=&#8221;vc_col-lg-4 vc_col-md-4&#8243;]\n\t\t<div id=\"wd-612de68dac565\" class=\"title-wrapper wd-wpb wd-set-mb reset-last-child  wd-rs-612de68dac565 wd-title-color-default wd-title-style-default text-left vc_custom_1630398103646 wd-underline-colored\">\n\t\t\t\n\t\t\t<div class=\"liner-continer\">\n\t\t\t\t<h4 class=\"woodmart-title-container title  wd-font-weight- wd-fontsize-l\" >KONTAKTID<\/h4>\n\t\t\t\t\t\t\t<\/div>\n\t\t\t\n\t\t\t\n\t\t\t\n\t\t<\/div>\n\t\t\n\t\t[vc_row_inner][vc_column_inner][vc_column_text css=&#8221;&#8221; woodmart_inline=&#8221;no&#8221; text_larger=&#8221;no&#8221;]<span style=\"color: #333333;\"><strong>Email:<\/strong><\/span> info@outdoors.ee<br \/>\n<span style=\"color: #333333;\"><strong>Telefon<\/strong>:<\/span> (+372) 56 669 600 t\u00f6\u00f6p. 09-17.00<br \/>\n<strong>Telefon <\/strong>(k\u00fclastused eelnevalt kokkulepitud kellaajal): (+372) 555 32 888<\/p>\n<p><strong>Outdoors O\u00dc<br \/>\nReg.nr: <\/strong>14764586<br \/>\n<strong>KMKR.nr:<\/strong> EE102174630[\/vc_column_text][vc_single_image image=&#8221;102818&#8243; css=&#8221;&#8221; parallax_scroll=&#8221;no&#8221; woodmart_inline=&#8221;no&#8221;][\/vc_column_inner][\/vc_row_inner]\n\t\t<div id=\"wd-612de82e28c98\" class=\"title-wrapper wd-wpb wd-set-mb reset-last-child  wd-rs-612de82e28c98 wd-title-color-default wd-title-style-default text-left vc_custom_1630398513728 wd-underline-colored\">\n\t\t\t\n\t\t\t<div class=\"liner-continer\">\n\t\t\t\t<h4 class=\"woodmart-title-container title  wd-font-weight- wd-fontsize-l\" >ASUKOHT<\/h4>\n\t\t\t\t\t\t\t<\/div>\n\t\t\t\n\t\t\t\n\t\t\t\n\t\t<\/div>\n\t\t\n\t\t[vc_row_inner][vc_column_inner][vc_column_text woodmart_inline=&#8221;no&#8221; text_larger=&#8221;no&#8221;]<strong>Aadress:<\/strong> Loom\u00e4e tee 8, Lehmja k\u00fcla, Rae vald, 75306 Harjumaa (Alpi Eesti logistikakeskuse hoones).<\/p>\n<p>Meil puudub f\u00fc\u00fcsiline pood, kus oleks v\u00f5imalik k\u00f5iki m\u00fc\u00fcgil olevaid tooteid korraga n\u00e4ha. Soovi korral on voimalik teatud asju kohapeal vaadata ja proovida. Selleks palume Teil saata meile e-mail huvipakkuvate toodete nimekirjaga ning soovitud k\u00fclastuse aeg. Kasuks tuleb ka kandja riiete\/jalatsite suurus ning lisaandmed (nt pikkus, rinna\u00fcmberm\u00f5\u00f5t, v\u00f6\u00f6\u00fcmberm\u00f5\u00f5t, kehakaal). Siis saame vajalikud asjad kohtumise ajaks valmis panna. Toimides nii, s\u00e4\u00e4state nii meie kui iseenda aega.<\/p>\n<p>Me ei viibi regulaarselt kohal, kuid oleme reeglina k\u00e4ttesaadavad t\u00f6\u00f6p\u00e4evadel. N\u00e4dalavahetustel oleme suletud. T\u00e4name m\u00f5istva suhtumise eest![\/vc_column_text][\/vc_column_inner][\/vc_row_inner][\/vc_column][vc_column width=&#8221;1\/2&#8243; offset=&#8221;vc_col-lg-8 vc_col-md-8&#8243;][vc_raw_js]JTNDaWZyYW1lJTIwc3JjJTNEJTIyaHR0cHMlM0ElMkYlMkZ3d3cuZ29vZ2xlLmNvbSUyRm1hcHMlMkZlbWJlZCUzRnBiJTNEJTIxMW0xOCUyMTFtMTIlMjExbTMlMjExZDgxMzEuNTQ5NTkwNDM3MjUxJTIxMmQyNC44NzU1MDU3NzE0MDE3NiUyMTNkNTkuMzY4MjE4MTg2OTU2OTclMjEybTMlMjExZjAlMjEyZjAlMjEzZjAlMjEzbTIlMjExaTEwMjQlMjEyaTc2OCUyMTRmMTMuMSUyMTNtMyUyMTFtMiUyMTFzMHg0NjkyZWJjZWIzNWM2MzZmJTI1M0EweGEyY2JkNTNmNWY3ZjJkNjclMjEyc0xvb20lMjVDMyUyNUE0ZSUyNTIwdGVlJTI1MjA4JTI1MkMlMjUyMExlaG1qYSUyNTJDJTI1MjA3NTMwNiUyNTIwSGFyanUlMjUyMG1hYWtvbmQlMjE1ZTAlMjEzbTIlMjExc2V0JTIxMnNlZSUyMTR2MTYzMDM5ODM4NDg1MCUyMTVtMiUyMTFzZXQlMjEyc2VlJTIyJTIwd2lkdGglM0QlMjIxMDAlMjUlMjIlMjBoZWlnaHQlM0QlMjI2MDAlMjIlMjBzdHlsZSUzRCUyMmJvcmRlciUzQTAlM0IlMjIlMjBhbGxvd2Z1bGxzY3JlZW4lM0QlMjIlMjIlMjBsb2FkaW5nJTNEJTIybGF6eSUyMiUzRSUzQyUyRmlmcmFtZSUzRQ==[\/vc_raw_js][\/vc_column][\/vc_row]<\/p>\n<\/div>","protected":false},"excerpt":{"rendered":"<p>[vc_row gap=&#8221;30&#8243; css=&#8221;.vc_custom_1631196599548{margin-bottom: 0px !important;}&#8221; mobile_bg_img_hidden=&#8221;no&#8221; tablet_bg_img_hidden=&#8221;no&#8221; woodmart_parallax=&#8221;0&#8243; woodmart_gradient_switch=&#8221;no&#8221; row_reverse_mobile=&#8221;0&#8243; row_reverse_tablet=&#8221;0&#8243; woodmart_disable_overflow=&#8221;0&#8243;][vc_column width=&#8221;1\/2&#8243; css=&#8221;.vc_custom_1496934090366{margin-bottom: 35px !important;padding-top: 10px !important;}&#8221; offset=&#8221;vc_col-lg-4 vc_col-md-4&#8243;][vc_row_inner][vc_column_inner][vc_column_text<\/p>\n","protected":false},"author":1,"featured_media":0,"parent":0,"menu_order":0,"comment_status":"closed","ping_status":"closed","template":"","meta":{"footnotes":""},"class_list":["post-655","page","type-page","status-publish","hentry"],"yoast_head":"<!-- This site is optimized with the Yoast SEO plugin v27.2 - https:\/\/yoast.com\/product\/yoast-seo-wordpress\/ -->\n<title>Kontakt &amp; Asukoht - Outdoors<\/title>\n<meta name=\"robots\" content=\"index, follow, max-snippet:-1, max-image-preview:large, max-video-preview:-1\" \/>\n<link rel=\"canonical\" href=\"https:\/\/www.outdoors.ee\/et\/kontakt-ja-asukoht\/\" \/>\n<meta property=\"og:locale\" content=\"et_EE\" \/>\n<meta property=\"og:type\" content=\"article\" \/>\n<meta property=\"og:title\" content=\"Kontakt &amp; Asukoht - Outdoors\" \/>\n<meta property=\"og:description\" content=\"[vc_row gap=&#8221;30&#8243; css=&#8221;.vc_custom_1631196599548{margin-bottom: 0px !important;}&#8221; mobile_bg_img_hidden=&#8221;no&#8221; tablet_bg_img_hidden=&#8221;no&#8221; woodmart_parallax=&#8221;0&#8243; woodmart_gradient_switch=&#8221;no&#8221; row_reverse_mobile=&#8221;0&#8243; row_reverse_tablet=&#8221;0&#8243; woodmart_disable_overflow=&#8221;0&#8243;][vc_column width=&#8221;1\/2&#8243; css=&#8221;.vc_custom_1496934090366{margin-bottom: 35px !important;padding-top: 10px !important;}&#8221; offset=&#8221;vc_col-lg-4 vc_col-md-4&#8243;][vc_row_inner][vc_column_inner][vc_column_text\" \/>\n<meta property=\"og:url\" content=\"https:\/\/www.outdoors.ee\/et\/kontakt-ja-asukoht\/\" \/>\n<meta property=\"og:site_name\" content=\"Outdoors\" \/>\n<meta property=\"article:modified_time\" content=\"2026-01-04T17:05:36+00:00\" \/>\n<meta name=\"twitter:card\" content=\"summary_large_image\" \/>\n<meta name=\"twitter:label1\" content=\"Est. reading time\" \/>\n\t<meta name=\"twitter:data1\" content=\"1 minut\" \/>\n<script type=\"application\/ld+json\" class=\"yoast-schema-graph\">{\"@context\":\"https:\/\/schema.org\",\"@graph\":[{\"@type\":\"WebPage\",\"@id\":\"https:\/\/www.outdoors.ee\/et\/kontakt-ja-asukoht\/\",\"url\":\"https:\/\/www.outdoors.ee\/et\/kontakt-ja-asukoht\/\",\"name\":\"Kontakt & Asukoht - Outdoors\",\"isPartOf\":{\"@id\":\"https:\/\/www.outdoors.ee\/#website\"},\"datePublished\":\"2017-06-27T06:32:31+00:00\",\"dateModified\":\"2026-01-04T17:05:36+00:00\",\"breadcrumb\":{\"@id\":\"https:\/\/www.outdoors.ee\/et\/kontakt-ja-asukoht\/#breadcrumb\"},\"inLanguage\":\"et\",\"potentialAction\":[{\"@type\":\"ReadAction\",\"target\":[\"https:\/\/www.outdoors.ee\/et\/kontakt-ja-asukoht\/\"]}]},{\"@type\":\"BreadcrumbList\",\"@id\":\"https:\/\/www.outdoors.ee\/et\/kontakt-ja-asukoht\/#breadcrumb\",\"itemListElement\":[{\"@type\":\"ListItem\",\"position\":1,\"name\":\"Home\",\"item\":\"https:\/\/www.outdoors.ee\/et\/\"},{\"@type\":\"ListItem\",\"position\":2,\"name\":\"Kontakt &#038; Asukoht\"}]},{\"@type\":\"WebSite\",\"@id\":\"https:\/\/www.outdoors.ee\/#website\",\"url\":\"https:\/\/www.outdoors.ee\/\",\"name\":\"Outdoors\",\"description\":\"Genuine military surplus and not only!\",\"potentialAction\":[{\"@type\":\"SearchAction\",\"target\":{\"@type\":\"EntryPoint\",\"urlTemplate\":\"https:\/\/www.outdoors.ee\/?s={search_term_string}\"},\"query-input\":{\"@type\":\"PropertyValueSpecification\",\"valueRequired\":true,\"valueName\":\"search_term_string\"}}],\"inLanguage\":\"et\"}]}<\/script>\n<!-- \/ Yoast SEO plugin. -->","yoast_head_json":{"title":"Kontakt & Asukoht - Outdoors","robots":{"index":"index","follow":"follow","max-snippet":"max-snippet:-1","max-image-preview":"max-image-preview:large","max-video-preview":"max-video-preview:-1"},"canonical":"https:\/\/www.outdoors.ee\/et\/kontakt-ja-asukoht\/","og_locale":"et_EE","og_type":"article","og_title":"Kontakt & Asukoht - Outdoors","og_description":"[vc_row gap=&#8221;30&#8243; css=&#8221;.vc_custom_1631196599548{margin-bottom: 0px !important;}&#8221; mobile_bg_img_hidden=&#8221;no&#8221; tablet_bg_img_hidden=&#8221;no&#8221; woodmart_parallax=&#8221;0&#8243; woodmart_gradient_switch=&#8221;no&#8221; row_reverse_mobile=&#8221;0&#8243; row_reverse_tablet=&#8221;0&#8243; woodmart_disable_overflow=&#8221;0&#8243;][vc_column width=&#8221;1\/2&#8243; css=&#8221;.vc_custom_1496934090366{margin-bottom: 35px !important;padding-top: 10px !important;}&#8221; offset=&#8221;vc_col-lg-4 vc_col-md-4&#8243;][vc_row_inner][vc_column_inner][vc_column_text","og_url":"https:\/\/www.outdoors.ee\/et\/kontakt-ja-asukoht\/","og_site_name":"Outdoors","article_modified_time":"2026-01-04T17:05:36+00:00","twitter_card":"summary_large_image","twitter_misc":{"Est. reading time":"1 minut"},"schema":{"@context":"https:\/\/schema.org","@graph":[{"@type":"WebPage","@id":"https:\/\/www.outdoors.ee\/et\/kontakt-ja-asukoht\/","url":"https:\/\/www.outdoors.ee\/et\/kontakt-ja-asukoht\/","name":"Kontakt & Asukoht - Outdoors","isPartOf":{"@id":"https:\/\/www.outdoors.ee\/#website"},"datePublished":"2017-06-27T06:32:31+00:00","dateModified":"2026-01-04T17:05:36+00:00","breadcrumb":{"@id":"https:\/\/www.outdoors.ee\/et\/kontakt-ja-asukoht\/#breadcrumb"},"inLanguage":"et","potentialAction":[{"@type":"ReadAction","target":["https:\/\/www.outdoors.ee\/et\/kontakt-ja-asukoht\/"]}]},{"@type":"BreadcrumbList","@id":"https:\/\/www.outdoors.ee\/et\/kontakt-ja-asukoht\/#breadcrumb","itemListElement":[{"@type":"ListItem","position":1,"name":"Home","item":"https:\/\/www.outdoors.ee\/et\/"},{"@type":"ListItem","position":2,"name":"Kontakt &#038; Asukoht"}]},{"@type":"WebSite","@id":"https:\/\/www.outdoors.ee\/#website","url":"https:\/\/www.outdoors.ee\/","name":"Outdoors","description":"Genuine military surplus and not only!","potentialAction":[{"@type":"SearchAction","target":{"@type":"EntryPoint","urlTemplate":"https:\/\/www.outdoors.ee\/?s={search_term_string}"},"query-input":{"@type":"PropertyValueSpecification","valueRequired":true,"valueName":"search_term_string"}}],"inLanguage":"et"}]}},"_links":{"self":[{"href":"https:\/\/www.outdoors.ee\/et\/wp-json\/wp\/v2\/pages\/655","targetHints":{"allow":["GET"]}}],"collection":[{"href":"https:\/\/www.outdoors.ee\/et\/wp-json\/wp\/v2\/pages"}],"about":[{"href":"https:\/\/www.outdoors.ee\/et\/wp-json\/wp\/v2\/types\/page"}],"author":[{"embeddable":true,"href":"https:\/\/www.outdoors.ee\/et\/wp-json\/wp\/v2\/users\/1"}],"replies":[{"embeddable":true,"href":"https:\/\/www.outdoors.ee\/et\/wp-json\/wp\/v2\/comments?post=655"}],"version-history":[{"count":5,"href":"https:\/\/www.outdoors.ee\/et\/wp-json\/wp\/v2\/pages\/655\/revisions"}],"predecessor-version":[{"id":108826,"href":"https:\/\/www.outdoors.ee\/et\/wp-json\/wp\/v2\/pages\/655\/revisions\/108826"}],"wp:attachment":[{"href":"https:\/\/www.outdoors.ee\/et\/wp-json\/wp\/v2\/media?parent=655"}],"curies":[{"name":"wp","href":"https:\/\/api.w.org\/{rel}","templated":true}]}}