{"id":3,"date":"2021-08-31T10:21:32","date_gmt":"2021-08-31T10:21:32","guid":{"rendered":"https:\/\/www.outdoors.ee\/?page_id=3"},"modified":"2022-01-04T13:25:35","modified_gmt":"2022-01-04T13:25:35","slug":"privaatsuspoliitika","status":"publish","type":"page","link":"https:\/\/www.outdoors.ee\/et\/privaatsuspoliitika\/","title":{"rendered":"Privaatsuspoliitika"},"content":{"rendered":"\r\n<p style=\"text-align: justify;\">Outdoors O\u00dc e-pood v\u00f5tab endale kohustuse kaitsta klientide ja kasutajate privaatsust. K\u00e4esolev Privaatsuspoliitika annab \u00fclevaate meie tavadest, sealhulgas millist teavet me kogume, kuidas me infot kasutame v\u00f5i avalikustame, Teie \u00f5igustest seoses meiepoolse andmete kogumise ja kasutamisega.<\/p>\r\n<p style=\"text-align: justify;\">Outdoors e-pood j\u00e4tab endale \u00f5iguse vajadusel privaatsuspoliitikat muuta. Outdoors e-poodi kasutama asudes, eeldame, et olete nende p\u00f5him\u00f5tetega tutvunud ning n\u00f5ustute nendega.<br \/><br \/><b>Milliseid andmeid me kogume ja miks?<\/b><\/p>\r\n<p style=\"text-align: justify;\">Me kogume Teie poolt sisestatud andmeid, kui Te sooritate ostu Outdoors e-poes.<br \/>Outdoors e-pood v\u00f5ib paluda Teil teatud veebilehe aladel vabatahtlikult esitada isikuandmeid ja personaalset informatsiooni. N\u00f5utavad isikuandmed v\u00f5ivad sisaldada Teie nime, aadressi, postiindeksit, e-posti aadressi, telefoninumbrit ja teisi andmeid. Avalikustatud andmeid kasutatakse k\u00e4esoleva privaatsuspoliitikaga s\u00e4testatud tingimuste alusel.<\/p>\r\n<p style=\"text-align: justify;\">Nagu paljude teiste veebilehtede puhul, salvestab Outdoors e-pood Teie IP-aadressi ja kasutab standardset tehnoloogiat nimega &#8220;k\u00fcpsiseid&#8221; (cookies). K\u00fcpsised on v\u00e4ikesed andmefailid, mis salvestatakse Teie arvutisse veebilehte k\u00fclastades. K\u00fcpsised aitavad Teie veebilehitsejat Outdoors e-poe serveris end automaatselt identifitseerida. Soovikorral v\u00f5ite oma veebilehitsejas k\u00fcpsiste salvestamise blokeerida, kuid sellega seoses v\u00f5ib teatud aladel tekkida probleeme lehe kasutamisega.<\/p>\r\n<p style=\"text-align: justify;\"><b>Kuidas me kogutud andmeid kasutame?<\/b><\/p>\r\n<p style=\"text-align: justify;\">Lisaks \u00fclal mainitud personaalse informatsiooni kasutamisele, v\u00f5ib Outdoors e-pood sisestatud andmeid kasutada tarbijatele huvipakkuvate toodete j\u00e4lgimiseks, v\u00f5imalike probleemide p\u00f5hjuste kindlakstegemiseks, kaitsmiseks pettuste ja muu kuritegeliku tegevuse eest, kasutaja kogemuse parendamiseks, toodete v\u00f5i teenuste pakkumiseks. V\u00f5ime s\u00e4ilitada kirjavahetuse, et selle abil t\u00e4iustada tooteid, teenuseid v\u00f5i meie veebilehte.<\/p>\r\n<p style=\"text-align: justify;\">Outdoors e-pood v\u00f5ib avaldada teavet \u00fcksikute kasutajate kohta kolmandale osapoolele, kes osutab Outdoors e-poele teenuseid ja kes on n\u00f5us hoidma jagatud teavet konfidentsiaalsena. Kolmandateks osapoolteks on Outdoors e-poe partnerid, kelle \u00fclesanneteks on e-poes m\u00fc\u00fcdavate kaupade transport, veebilehe hooldamine, sisuhaldus ja turundus.<\/p>\r\n<p style=\"text-align: justify;\">Outdoors O\u00dc on isikuandmete vastutav t\u00f6\u00f6tleja, maksete teostamiseks edastame vajalikud isikuandmed volitatud t\u00f6\u00f6tleja Montonio Finance O\u00dc-le.<\/p>\r\n<p style=\"text-align: justify;\"><b>Kasutaja \u00f5igused<\/b><\/p>\r\n<p style=\"text-align: justify;\">Kasutajatel on \u00f5igus teada, milliseid isiklikke andmeid me Teist hoiame. Teil on \u00f5igus selliseid andmeid parandada, muuta v\u00f5i kustutada. Kui Te soovite oma \u00f5igusi rakendada, muuta andmeid v\u00f5i neid kustutada, v\u00f5tke meiega \u00fchendust allpool m\u00e4rgitud kontaktandmete kaudu.<\/p>\r\n<p style=\"text-align: justify;\"><b>Turvalisus<\/b><\/p>\r\n<p style=\"text-align: justify;\">Outdoors e-pood omab vajalikke meetmeid, et kaitsta e-poes kogutud isikuandmete t\u00e4psust ja privaatsust. Oleme kehtestanud m\u00f5istlikud ettevaatusabin\u00f5ud, et kaitsta teavet kadumise, v\u00e4\u00e4rkasutuse ja muutmise eest. Juurdep\u00e4\u00e4s andmete muutmiseks ja kuvamiseks on ainult selleks volitatud isikutel.<\/p>\r\n<p style=\"text-align: justify;\">Siinkohal n\u00f5ustute, et Outdoors e-pood ei ole vastutav mis tahes &#8220;varastatud&#8221; andmete interneti kaudu saatmisel ning k\u00e4esolevaga vabastate meid mistahes ja k\u00f5ikidest n\u00f5uetest, mis tulenevad v\u00f5i on seotud &#8220;vaheltl\u00f5igatud&#8221; andmete kasutamisest volitamata viisil.<\/p>\r\n<p style=\"text-align: justify;\"><b>V\u00e4lised lingid<\/b><\/p>\r\n<p style=\"text-align: justify;\">Outdoors e-pood v\u00f5ib kasutada linke, mille veebilehti haldavad kolmandad osapooled. Kui Te vajutate m\u00f5nele sellisele lingile suunatakse Teid Outdoors e-poe lehelt edasi veebilehte omava organisatsiooni v\u00f5i ettev\u00f5tte kodulehele. Isegi kui kahe organisatsiooni veebilehtede vahel eksisteerib seos, ei oma Outdoors kontrolli kolmandate osapoolte veebilehtede \u00fcle. Iga\u00fcks neist k\u00e4sitleb eraldiseisvat andmete kogumise, menetlemise ja privaatsuspoliitika viisi. K\u00fclastades m\u00f5nda sellist lehte, peaksite enne andmete jagamist tutvuma eraldi selle veebilehe privaatsuspoliitikaga.<\/p>\r\n<p style=\"text-align: justify;\"><b>Privaatsuspoliitika muudatused<\/b><\/p>\r\n<p style=\"text-align: justify;\">Kasutades Outdoors e-poodi n\u00f5ustute Outdoors e-poe privaatsuspoliitikaga. Kui Te mingil p\u00f5hjusel ei n\u00f5ustu nende tingimustega, ei tohiks Te meie e-poodi kasutada. Outdoors e-pood j\u00e4tab endale \u00f5iguse muuta k\u00e4esoleva privaatsuspoliitika tingimusi mis tahes ajal.<\/p>\r\n<p style=\"text-align: justify;\">Outdoors e-poe privaatsuspoliitika perioodilise l\u00e4bivaatamise eest vastutab klient ning tagab ja on teadlik k\u00f5ikidest muudatustest. Kliendi j\u00e4tkuv e-poe kasutamine n\u00e4itab tema n\u00f5usolekut mis tahes k\u00e4esoleva privaatsuspoliitika muudatusega.<\/p>\r\n<p style=\"text-align: justify;\"><b>Kontaktandmed<\/b><\/p>\r\n<p style=\"text-align: justify;\">Kui Teil on k\u00fcsimusi seoses privaatsuspoliitikaga, privaatsustingimuste rakendamisega v\u00f5i soovite kasutada m\u00f5nda enda \u00f5igustest siis v\u00f5tke meiega \u00fchendust e-posti aadressil: info@outdoors.ee<\/p>\r\n","protected":false},"excerpt":{"rendered":"<p>Outdoors O\u00dc e-pood v\u00f5tab endale kohustuse kaitsta klientide ja kasutajate privaatsust. K\u00e4esolev Privaatsuspoliitika annab \u00fclevaate meie tavadest, sealhulgas millist teavet<\/p>\n","protected":false},"author":1,"featured_media":0,"parent":0,"menu_order":0,"comment_status":"closed","ping_status":"open","template":"","meta":{"footnotes":""},"class_list":["post-3","page","type-page","status-publish","hentry"],"yoast_head":"<!-- This site is optimized with the Yoast SEO plugin v27.2 - https:\/\/yoast.com\/product\/yoast-seo-wordpress\/ -->\n<title>Privaatsuspoliitika - Outdoors<\/title>\n<meta name=\"robots\" content=\"index, follow, max-snippet:-1, max-image-preview:large, max-video-preview:-1\" \/>\n<link rel=\"canonical\" href=\"https:\/\/www.outdoors.ee\/privaatsuspoliitika\/\" \/>\n<meta property=\"og:locale\" content=\"et_EE\" \/>\n<meta property=\"og:type\" content=\"article\" \/>\n<meta property=\"og:title\" content=\"Privaatsuspoliitika - Outdoors\" \/>\n<meta property=\"og:description\" content=\"Outdoors O\u00dc e-pood v\u00f5tab endale kohustuse kaitsta klientide ja kasutajate privaatsust. K\u00e4esolev Privaatsuspoliitika annab \u00fclevaate meie tavadest, sealhulgas millist teavet\" \/>\n<meta property=\"og:url\" content=\"https:\/\/www.outdoors.ee\/privaatsuspoliitika\/\" \/>\n<meta property=\"og:site_name\" content=\"Outdoors\" \/>\n<meta property=\"article:modified_time\" content=\"2022-01-04T13:25:35+00:00\" \/>\n<meta name=\"twitter:card\" content=\"summary_large_image\" \/>\n<meta name=\"twitter:label1\" content=\"Est. reading time\" \/>\n\t<meta name=\"twitter:data1\" content=\"3 minutit\" \/>\n<script type=\"application\/ld+json\" class=\"yoast-schema-graph\">{\"@context\":\"https:\/\/schema.org\",\"@graph\":[{\"@type\":\"WebPage\",\"@id\":\"https:\/\/www.outdoors.ee\/privaatsuspoliitika\/\",\"url\":\"https:\/\/www.outdoors.ee\/privaatsuspoliitika\/\",\"name\":\"Privaatsuspoliitika - Outdoors\",\"isPartOf\":{\"@id\":\"https:\/\/www.outdoors.ee\/#website\"},\"datePublished\":\"2021-08-31T10:21:32+00:00\",\"dateModified\":\"2022-01-04T13:25:35+00:00\",\"breadcrumb\":{\"@id\":\"https:\/\/www.outdoors.ee\/privaatsuspoliitika\/#breadcrumb\"},\"inLanguage\":\"et\",\"potentialAction\":[{\"@type\":\"ReadAction\",\"target\":[\"https:\/\/www.outdoors.ee\/privaatsuspoliitika\/\"]}]},{\"@type\":\"BreadcrumbList\",\"@id\":\"https:\/\/www.outdoors.ee\/privaatsuspoliitika\/#breadcrumb\",\"itemListElement\":[{\"@type\":\"ListItem\",\"position\":1,\"name\":\"Home\",\"item\":\"https:\/\/www.outdoors.ee\/et\/\"},{\"@type\":\"ListItem\",\"position\":2,\"name\":\"Privaatsuspoliitika\"}]},{\"@type\":\"WebSite\",\"@id\":\"https:\/\/www.outdoors.ee\/#website\",\"url\":\"https:\/\/www.outdoors.ee\/\",\"name\":\"Outdoors\",\"description\":\"Genuine military surplus and not only!\",\"potentialAction\":[{\"@type\":\"SearchAction\",\"target\":{\"@type\":\"EntryPoint\",\"urlTemplate\":\"https:\/\/www.outdoors.ee\/?s={search_term_string}\"},\"query-input\":{\"@type\":\"PropertyValueSpecification\",\"valueRequired\":true,\"valueName\":\"search_term_string\"}}],\"inLanguage\":\"et\"}]}<\/script>\n<!-- \/ Yoast SEO plugin. -->","yoast_head_json":{"title":"Privaatsuspoliitika - Outdoors","robots":{"index":"index","follow":"follow","max-snippet":"max-snippet:-1","max-image-preview":"max-image-preview:large","max-video-preview":"max-video-preview:-1"},"canonical":"https:\/\/www.outdoors.ee\/privaatsuspoliitika\/","og_locale":"et_EE","og_type":"article","og_title":"Privaatsuspoliitika - Outdoors","og_description":"Outdoors O\u00dc e-pood v\u00f5tab endale kohustuse kaitsta klientide ja kasutajate privaatsust. K\u00e4esolev Privaatsuspoliitika annab \u00fclevaate meie tavadest, sealhulgas millist teavet","og_url":"https:\/\/www.outdoors.ee\/privaatsuspoliitika\/","og_site_name":"Outdoors","article_modified_time":"2022-01-04T13:25:35+00:00","twitter_card":"summary_large_image","twitter_misc":{"Est. reading time":"3 minutit"},"schema":{"@context":"https:\/\/schema.org","@graph":[{"@type":"WebPage","@id":"https:\/\/www.outdoors.ee\/privaatsuspoliitika\/","url":"https:\/\/www.outdoors.ee\/privaatsuspoliitika\/","name":"Privaatsuspoliitika - Outdoors","isPartOf":{"@id":"https:\/\/www.outdoors.ee\/#website"},"datePublished":"2021-08-31T10:21:32+00:00","dateModified":"2022-01-04T13:25:35+00:00","breadcrumb":{"@id":"https:\/\/www.outdoors.ee\/privaatsuspoliitika\/#breadcrumb"},"inLanguage":"et","potentialAction":[{"@type":"ReadAction","target":["https:\/\/www.outdoors.ee\/privaatsuspoliitika\/"]}]},{"@type":"BreadcrumbList","@id":"https:\/\/www.outdoors.ee\/privaatsuspoliitika\/#breadcrumb","itemListElement":[{"@type":"ListItem","position":1,"name":"Home","item":"https:\/\/www.outdoors.ee\/et\/"},{"@type":"ListItem","position":2,"name":"Privaatsuspoliitika"}]},{"@type":"WebSite","@id":"https:\/\/www.outdoors.ee\/#website","url":"https:\/\/www.outdoors.ee\/","name":"Outdoors","description":"Genuine military surplus and not only!","potentialAction":[{"@type":"SearchAction","target":{"@type":"EntryPoint","urlTemplate":"https:\/\/www.outdoors.ee\/?s={search_term_string}"},"query-input":{"@type":"PropertyValueSpecification","valueRequired":true,"valueName":"search_term_string"}}],"inLanguage":"et"}]}},"_links":{"self":[{"href":"https:\/\/www.outdoors.ee\/et\/wp-json\/wp\/v2\/pages\/3","targetHints":{"allow":["GET"]}}],"collection":[{"href":"https:\/\/www.outdoors.ee\/et\/wp-json\/wp\/v2\/pages"}],"about":[{"href":"https:\/\/www.outdoors.ee\/et\/wp-json\/wp\/v2\/types\/page"}],"author":[{"embeddable":true,"href":"https:\/\/www.outdoors.ee\/et\/wp-json\/wp\/v2\/users\/1"}],"replies":[{"embeddable":true,"href":"https:\/\/www.outdoors.ee\/et\/wp-json\/wp\/v2\/comments?post=3"}],"version-history":[{"count":4,"href":"https:\/\/www.outdoors.ee\/et\/wp-json\/wp\/v2\/pages\/3\/revisions"}],"predecessor-version":[{"id":62377,"href":"https:\/\/www.outdoors.ee\/et\/wp-json\/wp\/v2\/pages\/3\/revisions\/62377"}],"wp:attachment":[{"href":"https:\/\/www.outdoors.ee\/et\/wp-json\/wp\/v2\/media?parent=3"}],"curies":[{"name":"wp","href":"https:\/\/api.w.org\/{rel}","templated":true}]}}