{"id":11437,"date":"2021-09-02T07:52:54","date_gmt":"2021-09-02T07:52:54","guid":{"rendered":"https:\/\/www.outdoors.ee\/?page_id=11437"},"modified":"2026-01-06T10:49:56","modified_gmt":"2026-01-06T08:49:56","slug":"kasulik-teave","status":"publish","type":"page","link":"https:\/\/www.outdoors.ee\/et\/kasulik-teave\/","title":{"rendered":"Hea teada"},"content":{"rendered":"\n<p><strong>Tooted ja seisukord<\/strong><\/p>\n\n\n\n<p>M\u00fc\u00fcme kahte t\u00fc\u00fcpi tooteid:<\/p>\n\n\n\n<ul class=\"wp-block-list\">\n<li>Uus matkavarustus erinevatelt tootjatelt (alati uus ja siltidega)<\/li>\n\n\n\n<li>Originaal militaarkaup (autentsed s\u00f5jav\u00e4e kasutuses olnud tooted)<\/li>\n<\/ul>\n\n\n\n<p><strong>Ex-militaartoodete v\u00f5imalik seisukord:<\/strong><\/p>\n\n\n\n<ul class=\"wp-block-list\">\n<li>Uus \u2013 kasutamata; enamasti ilma siltide v\u00f5i originaalpakendita<\/li>\n\n\n\n<li>Uuev\u00e4\u00e4rne \u2013 v\u00e4ga hea v\u00f5i suurep\u00e4rane seisukord; kergelt kasutatud v\u00f5i proovitud; kergete v\u00f5i minimaalsete kulumisj\u00e4lgedega<\/li>\n\n\n\n<li>Kasutatud, Grade 1 \u2013 m\u00f5\u00f5dukas kulumine; v\u00f5ib esineda m\u00e4\u00e4rdumist, v\u00e4iksemaid kahjustusi v\u00f5i parandusi, eemaldatud v\u00f5i lisatud embleeme<\/li>\n\n\n\n<li>Kasutatud, Grade 2 \u2013 s\u00fcgavam kulumine; v\u00f5ib vajada puhastamist, sisaldada parandusi v\u00f5i kahjustusi, kuid on endiselt kasutusk\u00f5lblik<\/li>\n<\/ul>\n\n\n\n<p>Iga tooteleht sisaldab t\u00e4psema seisukorra kirjelduse.<\/p>\n\n\n\n<p>Tootepildid on illustratiivsed ega pruugi t\u00e4pselt vastata saadetavale tootele. Kirjeldustes v\u00f5ib esineda tahtmatuid vigu.<\/p>\n\n\n\n<hr class=\"wp-block-separator has-alpha-channel-opacity\"\/>\n\n\n\n<p><strong>Maksmine<\/strong><\/p>\n\n\n\n<p>K\u00f5ik hinnad ja maksed on <strong>eurodes (EUR)<\/strong>.<\/p>\n\n\n\n<p>Aktsepteerime j\u00e4rgmisi makseviise:<\/p>\n\n\n\n<ul class=\"wp-block-list\">\n<li>Panga\u00fclekanne (Swedbank, IBAN: <strong>EE692200221072008893<\/strong> \u2013 palume m\u00e4rkida tellimuse number)<\/li>\n\n\n\n<li>Pangalingid (Eesti, Soome, L\u00e4ti, Leedu) Montonio kaudu<\/li>\n\n\n\n<li>Visa ja Mastercard<\/li>\n\n\n\n<li>PayPal<\/li>\n<\/ul>\n\n\n\n<hr class=\"wp-block-separator has-alpha-channel-opacity\"\/>\n\n\n\n<p><strong>Kohaletoimetamine<\/strong><\/p>\n\n\n\n<ul class=\"wp-block-list\">\n<li>K\u00f5ik tellimused pannakse teele <strong>Eestist<\/strong><\/li>\n\n\n\n<li>Saatmiskulud kuvatakse kassas<\/li>\n\n\n\n<li>Tarnime Euroopa Liidu ja valitud EL-v\u00e4listesse riikidesse, sh Ameerika \u00dchendriigid, \u00dchendkuningriik, Kanada, Jaapan jt (t\u00e4ielik nimekiri meie m\u00fc\u00fcgitingimustes)<\/li>\n<\/ul>\n\n\n\n<p><strong>EL-v\u00e4lised tellimused:<\/strong><\/p>\n\n\n\n<p>Impordimaksud ja -tasud ei sisaldu hinnas ning need v\u00f5idakse lisada kohaletoimetamisel. Nende tasumine on ostja vastutus<\/p>\n\n\n\n<p><strong>Tarneviisid:<\/strong><\/p>\n\n\n\n<ul class=\"wp-block-list\">\n<li>Pakiautomaat \/ pakipunkt<\/li>\n\n\n\n<li>Kullertarne aadressile (peamiselt FedEx)<\/li>\n\n\n\n<li>Postkasti (P.O. Box) ja s\u00f5jav\u00e4eaadressidele (APO\/FPO\/DPO) kohaletoimetamine ei ole v\u00f5imalik<\/li>\n<\/ul>\n\n\n\n<p><strong>Tarneajad:<\/strong><\/p>\n\n\n\n<ul class=\"wp-block-list\">\n<li>Eesti: tavaliselt 2\u20134 t\u00f6\u00f6p\u00e4eva<\/li>\n\n\n\n<li>Rahvusvaheline tarne: s\u00f5ltub sihtriigist, \u00fcldjuhul 7\u201314 p\u00e4eva<\/li>\n<\/ul>\n\n\n\n<p><strong>J\u00e4lgimine:<\/strong><\/p>\n\n\n\n<ul class=\"wp-block-list\">\n<li>Eesti: saadaval soovi korral, k\u00fcsi: <a href=\"mailto:info@outdoors.ee\">info@outdoors.ee<\/a><\/li>\n\n\n\n<li>Rahvusvahelised tellimused: j\u00e4lgimisinfo saadetakse e-posti teel p\u00e4rast v\u00e4ljasaatmist<\/li>\n<\/ul>\n\n\n\n<hr class=\"wp-block-separator has-alpha-channel-opacity\"\/>\n\n\n\n<p><strong>Tagastused ja tagasimaksed<\/strong><\/p>\n\n\n\n<ul class=\"wp-block-list\">\n<li>Eraklientidel on \u00f5igus lepingust taganeda <strong>14 p\u00e4eva<\/strong> jooksul alates kauba k\u00e4ttesaamisest<\/li>\n\n\n\n<li>Taganemis\u00f5igus ei kehti juriidilistele isikutele<\/li>\n\n\n\n<li>Ei ole tagastatavad h\u00fcgieenilistel p\u00f5hjustel: sokid ja aluspesu<\/li>\n<\/ul>\n\n\n\n<p>Tagastatavad tooted peavad olema kasutamata, v\u00e4lja arvatud tavap\u00e4rane testimine, mis oleks v\u00f5imalik f\u00fc\u00fcsilises kaupluses. Kui tootel on kasutusj\u00e4lgi, v\u00f5ime tagastatavat summat v\u00e4hendada.<\/p>\n\n\n\n<p><strong>Kuidas tagastust algatada:<\/strong><\/p>\n\n\n\n<p>Saatke e-kiri aadressile info@outdoors.ee 14 p\u00e4eva jooksul. Eraldi vormi t\u00e4itmine ei ole vajalik.<\/p>\n\n\n\n<p>Palume lisada tagastussaadetisele tellimuse andmed.<\/p>\n\n\n\n<p><strong>Tagastusviisid:<\/strong><\/p>\n\n\n\n<ul class=\"wp-block-list\">\n<li>Pakiautomaadid (DPD, Omniva, SmartPosti, Unisend). Sihtkoht: J\u00fcri Konsumi (Aruk\u00fcla tee 29, 75305 J\u00fcri, Harjumaa)<\/li>\n\n\n\n<li>Kulleriga saatmine (Outdoors O\u00dc, Loom\u00e4e tee 8, Lehmja k\u00fcla, Rae vald, 75306 Harjumaa)<\/li>\n<\/ul>\n\n\n\n<p>Tagastuskulud kannab klient.<\/p>\n\n\n\n<p><strong>Tagasimakse:<\/strong><\/p>\n\n\n\n<p>P\u00e4rast tagastatud kauba k\u00e4ttesaamist tagastame toote maksumuse <strong>hiljemalt 14 p\u00e4eva<\/strong> jooksul, kasutades algset makseviisi.<\/p>\n\n\n\n<p><\/p>\n","protected":false},"excerpt":{"rendered":"<p>Tooted ja seisukord M\u00fc\u00fcme kahte t\u00fc\u00fcpi tooteid: Ex-militaartoodete v\u00f5imalik seisukord: Iga tooteleht sisaldab t\u00e4psema seisukorra kirjelduse. Tootepildid on illustratiivsed ega<\/p>\n","protected":false},"author":1,"featured_media":0,"parent":0,"menu_order":0,"comment_status":"closed","ping_status":"closed","template":"","meta":{"footnotes":""},"class_list":["post-11437","page","type-page","status-publish","hentry"],"yoast_head":"<!-- This site is optimized with the Yoast SEO plugin v27.2 - https:\/\/yoast.com\/product\/yoast-seo-wordpress\/ -->\n<title>Hea teada - Outdoors<\/title>\n<meta name=\"robots\" content=\"index, follow, max-snippet:-1, max-image-preview:large, max-video-preview:-1\" \/>\n<link rel=\"canonical\" href=\"https:\/\/www.outdoors.ee\/et\/kasulik-teave\/\" \/>\n<meta property=\"og:locale\" content=\"et_EE\" \/>\n<meta property=\"og:type\" content=\"article\" \/>\n<meta property=\"og:title\" content=\"Hea teada - Outdoors\" \/>\n<meta property=\"og:description\" content=\"Tooted ja seisukord M\u00fc\u00fcme kahte t\u00fc\u00fcpi tooteid: Ex-militaartoodete v\u00f5imalik seisukord: Iga tooteleht sisaldab t\u00e4psema seisukorra kirjelduse. Tootepildid on illustratiivsed ega\" \/>\n<meta property=\"og:url\" content=\"https:\/\/www.outdoors.ee\/et\/kasulik-teave\/\" \/>\n<meta property=\"og:site_name\" content=\"Outdoors\" \/>\n<meta property=\"article:modified_time\" content=\"2026-01-06T08:49:56+00:00\" \/>\n<meta name=\"twitter:card\" content=\"summary_large_image\" \/>\n<meta name=\"twitter:label1\" content=\"Est. reading time\" \/>\n\t<meta name=\"twitter:data1\" content=\"2 minutit\" \/>\n<script type=\"application\/ld+json\" class=\"yoast-schema-graph\">{\"@context\":\"https:\/\/schema.org\",\"@graph\":[{\"@type\":\"WebPage\",\"@id\":\"https:\/\/www.outdoors.ee\/et\/kasulik-teave\/\",\"url\":\"https:\/\/www.outdoors.ee\/et\/kasulik-teave\/\",\"name\":\"Hea teada - Outdoors\",\"isPartOf\":{\"@id\":\"https:\/\/www.outdoors.ee\/#website\"},\"datePublished\":\"2021-09-02T07:52:54+00:00\",\"dateModified\":\"2026-01-06T08:49:56+00:00\",\"breadcrumb\":{\"@id\":\"https:\/\/www.outdoors.ee\/et\/kasulik-teave\/#breadcrumb\"},\"inLanguage\":\"et\",\"potentialAction\":[{\"@type\":\"ReadAction\",\"target\":[\"https:\/\/www.outdoors.ee\/et\/kasulik-teave\/\"]}]},{\"@type\":\"BreadcrumbList\",\"@id\":\"https:\/\/www.outdoors.ee\/et\/kasulik-teave\/#breadcrumb\",\"itemListElement\":[{\"@type\":\"ListItem\",\"position\":1,\"name\":\"Home\",\"item\":\"https:\/\/www.outdoors.ee\/et\/\"},{\"@type\":\"ListItem\",\"position\":2,\"name\":\"Hea teada\"}]},{\"@type\":\"WebSite\",\"@id\":\"https:\/\/www.outdoors.ee\/#website\",\"url\":\"https:\/\/www.outdoors.ee\/\",\"name\":\"Outdoors\",\"description\":\"Genuine military surplus and not only!\",\"potentialAction\":[{\"@type\":\"SearchAction\",\"target\":{\"@type\":\"EntryPoint\",\"urlTemplate\":\"https:\/\/www.outdoors.ee\/?s={search_term_string}\"},\"query-input\":{\"@type\":\"PropertyValueSpecification\",\"valueRequired\":true,\"valueName\":\"search_term_string\"}}],\"inLanguage\":\"et\"}]}<\/script>\n<!-- \/ Yoast SEO plugin. -->","yoast_head_json":{"title":"Hea teada - Outdoors","robots":{"index":"index","follow":"follow","max-snippet":"max-snippet:-1","max-image-preview":"max-image-preview:large","max-video-preview":"max-video-preview:-1"},"canonical":"https:\/\/www.outdoors.ee\/et\/kasulik-teave\/","og_locale":"et_EE","og_type":"article","og_title":"Hea teada - Outdoors","og_description":"Tooted ja seisukord M\u00fc\u00fcme kahte t\u00fc\u00fcpi tooteid: Ex-militaartoodete v\u00f5imalik seisukord: Iga tooteleht sisaldab t\u00e4psema seisukorra kirjelduse. Tootepildid on illustratiivsed ega","og_url":"https:\/\/www.outdoors.ee\/et\/kasulik-teave\/","og_site_name":"Outdoors","article_modified_time":"2026-01-06T08:49:56+00:00","twitter_card":"summary_large_image","twitter_misc":{"Est. reading time":"2 minutit"},"schema":{"@context":"https:\/\/schema.org","@graph":[{"@type":"WebPage","@id":"https:\/\/www.outdoors.ee\/et\/kasulik-teave\/","url":"https:\/\/www.outdoors.ee\/et\/kasulik-teave\/","name":"Hea teada - Outdoors","isPartOf":{"@id":"https:\/\/www.outdoors.ee\/#website"},"datePublished":"2021-09-02T07:52:54+00:00","dateModified":"2026-01-06T08:49:56+00:00","breadcrumb":{"@id":"https:\/\/www.outdoors.ee\/et\/kasulik-teave\/#breadcrumb"},"inLanguage":"et","potentialAction":[{"@type":"ReadAction","target":["https:\/\/www.outdoors.ee\/et\/kasulik-teave\/"]}]},{"@type":"BreadcrumbList","@id":"https:\/\/www.outdoors.ee\/et\/kasulik-teave\/#breadcrumb","itemListElement":[{"@type":"ListItem","position":1,"name":"Home","item":"https:\/\/www.outdoors.ee\/et\/"},{"@type":"ListItem","position":2,"name":"Hea teada"}]},{"@type":"WebSite","@id":"https:\/\/www.outdoors.ee\/#website","url":"https:\/\/www.outdoors.ee\/","name":"Outdoors","description":"Genuine military surplus and not only!","potentialAction":[{"@type":"SearchAction","target":{"@type":"EntryPoint","urlTemplate":"https:\/\/www.outdoors.ee\/?s={search_term_string}"},"query-input":{"@type":"PropertyValueSpecification","valueRequired":true,"valueName":"search_term_string"}}],"inLanguage":"et"}]}},"_links":{"self":[{"href":"https:\/\/www.outdoors.ee\/et\/wp-json\/wp\/v2\/pages\/11437","targetHints":{"allow":["GET"]}}],"collection":[{"href":"https:\/\/www.outdoors.ee\/et\/wp-json\/wp\/v2\/pages"}],"about":[{"href":"https:\/\/www.outdoors.ee\/et\/wp-json\/wp\/v2\/types\/page"}],"author":[{"embeddable":true,"href":"https:\/\/www.outdoors.ee\/et\/wp-json\/wp\/v2\/users\/1"}],"replies":[{"embeddable":true,"href":"https:\/\/www.outdoors.ee\/et\/wp-json\/wp\/v2\/comments?post=11437"}],"version-history":[{"count":5,"href":"https:\/\/www.outdoors.ee\/et\/wp-json\/wp\/v2\/pages\/11437\/revisions"}],"predecessor-version":[{"id":108863,"href":"https:\/\/www.outdoors.ee\/et\/wp-json\/wp\/v2\/pages\/11437\/revisions\/108863"}],"wp:attachment":[{"href":"https:\/\/www.outdoors.ee\/et\/wp-json\/wp\/v2\/media?parent=11437"}],"curies":[{"name":"wp","href":"https:\/\/api.w.org\/{rel}","templated":true}]}}