{"id":11435,"date":"2021-09-02T07:52:13","date_gmt":"2021-09-02T07:52:13","guid":{"rendered":"https:\/\/www.outdoors.ee\/?page_id=11435"},"modified":"2025-12-09T14:12:56","modified_gmt":"2025-12-09T12:12:56","slug":"ostutingimused","status":"publish","type":"page","link":"https:\/\/www.outdoors.ee\/et\/ostutingimused\/","title":{"rendered":"Ostutingimused"},"content":{"rendered":"<p style=\"text-align: justify;\">Veebipoe Outdoors.ee (edaspidi Outdoors e-pood) omanik on O\u00dc Outdoors (registrikood 14764586, registreerimisaadressiga Kuldala tee 22-1, Peetri alevik, Rae vald, 75312 Harjumaa).<\/p>\n<p style=\"text-align: justify;\"><b>M\u00fc\u00fcgilepingu kehtivus, kauba- ja hinnainfo<\/b><\/p>\n<p style=\"text-align: justify;\">M\u00fc\u00fcgitingimused kehtivad Outdoors e-poest kaupade ostmisel.<\/p>\n<p style=\"text-align: justify;\">Outdoors e-pood m\u00fc\u00fcb nii uut, kui ka erinevas seisukorras kasutatud kaupa. Vastav teave koos hindadega on m\u00e4rgitud vahetult toodete juurde.<\/p>\n<p>Veebipoes kuvatud tootepildid on illustratiivse t\u00e4hendusega ning v\u00f5ivad erineda tegelikust tootest. Veebipoes esitatud tootekirjeldused ei pruugi olla ammendavad ja v\u00f5ivad sisaldada tahtmatuid vigu.<\/p>\n<p style=\"text-align: justify;\">Hinnale lisandub tasu kauba kohaletoimetamise eest. Kauba kohaletoimetamise tasu s\u00f5ltub ostja asukohast ning kohaletoimetamise viisist. Kohaletoimetamise tasu kuvatakse ostjale tellimuse vormistamisel.<\/p>\n<p style=\"text-align: justify;\"><b>Tellimuse vormistamine <\/b><\/p>\n<p style=\"text-align: justify;\">Kauba tellimiseks tuleb lisada soovitud tooted ostukorvi. Tellimuse vormistamiseks tuleb t\u00e4ita n\u00f5utud andmev\u00e4ljad ning valida sobiv toodete kohaletoimetamise viis. Seej\u00e4rel kuvatakse ekraanile tasu suurus, mille saab tasuda pangalingi kaudu v\u00f5i muu makselahenduse abil. Leping j\u00f5ustub alates tasumisele kuuluva summa laekumisest Outdoors e-poe arvelduskontole.<\/p>\n<p style=\"text-align: justify;\">Kui tellitud kaupa ei ole v\u00f5imalik tarnida seoses kauba l\u00f5ppemisega v\u00f5i muul p\u00f5hjusel, teavitatakse sellest ostjat esimesel v\u00f5imalusel ning tagastatakse tasutud raha (sh kauba k\u00e4ttetoimetamise kulud) viivitamata, kuid mitte hiljem kui 7 p\u00e4eva jooksul teate saatmisest.<\/p>\n<p style=\"text-align: justify;\"><strong>Tasumine<\/strong><\/p>\n<p style=\"text-align: justify;\">Outdoors O\u00dc e-poes saab tasuda:<\/p>\n<p style=\"text-align: justify;\">1. Pangalinkidega Montonio kaudu. Tasumine toimub v\u00e4ljaspool e-poodi turvalises maksekeskkonnas, mida vahendab Montonio Finance O\u00dc.<\/p>\n<p style=\"text-align: justify;\">2. Visa ja Mastercard pangakaartidega. Tasumine toimub v\u00e4ljaspool e-poodi turvalises maksekeskkonnas, mida vahendab Montonio Finance O\u00dc.<\/p>\n<p style=\"text-align: justify;\">3. PayPal kontoga.<\/p>\n<p>4. Panga\u00fclekandega Outdoors O\u00dc arveldusarvele EE692200221072008893 Swedbank. Palun m\u00e4rgi oma tellimuse number selgituse lahtrisse.<\/p>\n<p style=\"text-align: justify;\">Kauba eest tasumine k\u00e4ib eurodes.<\/p>\n<p style=\"text-align: justify;\"><b>Kohaletoimetamine <\/b><\/p>\n<p style=\"text-align: justify;\">Saadame kaupu j\u00e4rgmistesse riikidesse: Euroopa Liidu riigid, Bosnia ja Hertsegoviina, Jaapan, Kanada, Liechtenstein, L\u00f5una Korea, Moldova, Norra, Serbia, Singapur, Taiwan, Ukraina, USA, \u00dchendkuningriik, \u0160veits. Kauba saatmiskulud kannab ostja. Kauba saatmisviis ning vastav hinnainfo kuvatakse tellimuse vormistamisel. Kui kauba saaja asub v\u00e4ljaspool Euroopa Liitu siis temal reeglina lasub kohustus tasuda oma riigi poolt kehtestatud importmaksud. Klient vastutab t\u00e4ielikult k\u00f5ikide kauba maaletoomisega seotud maksude ning teenustasude eest.<\/p>\n<p style=\"text-align: justify;\">Saatmisviisideks on:<\/p>\n<p style=\"text-align: justify;\">1. Pakiautomaat, pakipood v\u00f5i ostja kohalik postiasutus.<\/p>\n<p style=\"text-align: justify;\">2. Kuller.<\/p>\n<p style=\"text-align: justify;\">3. Kauba v\u00e4ljastamine Outdoors O\u00dc laost (Loom\u00e4e tee 8, Lehmja k\u00fcla, Rae vald, 75306 Harjumaa). Palume selleks leppida kohtumise aeg kokku e-maili v\u00f5i telefoni teel.<\/p>\n<p style=\"text-align: justify;\">Eestisisesed saadetised j\u00f5uavad \u00fcldjuhul ostja m\u00e4\u00e4ratud sihtpunkti 3-5 t\u00f6\u00f6p\u00e4eva jooksul alates m\u00fc\u00fcgilepingu j\u00f5ustumisest (tellimuse t\u00e4issumma laekumise hetkest Outdoors O\u00dc kontole). Erandlikel juhtumitel on \u00f5igus kaup kohale toimetada kuni 15 kalendrip\u00e4eva jooksul. Kui tellitud kaup ei ole p\u00e4rast tellimuse esitamist saadaval v\u00f5i tarne v\u00f5ib venida tavap\u00e4rasest pikemaks, v\u00f5tame Ostjaga \u00fchendust 2 t\u00f6\u00f6p\u00e4eva jooksul.<\/p>\n<p style=\"text-align: justify;\">Eesti tellimuste puhul v\u00e4ljastame saadetise j\u00e4lgimisnumbri ainult eraldi n\u00f5udmisel. V\u00e4lismaale l\u00e4hetatud saadetise kohta saadame teavituse koos j\u00e4lgimisnumbriga e-mail teel.<\/p>\n<p style=\"text-align: justify;\"><b>Taganemis\u00f5igus <\/b><\/p>\n<p style=\"text-align: justify;\">P\u00e4rast tellimuse k\u00e4ttesaamist on ostjal \u00f5igus Outdoors e-poes s\u00f5lmitud lepingust taganeda 14 p\u00e4eva jooksul. Taganemis\u00f5igus ei kohaldu, kui ostjaks on juriidiline isik. 14-p\u00e4evase tagastamis\u00f5iguse kasutamiseks ei tohi tellitud kaupa kasutada muul viisil kui on vajalik kauba olemuses, omadustes ja toimimises veendumiseks viisil nagu see on lubatud kauba testimiseks f\u00fc\u00fcsilises poes. Kui kaupa on kasutatud muuks otstarbeks kui on vajalik kauba olemuses, omadustes ja toimimises veendumiseks v\u00f5i sellel on kasutamise v\u00f5i kulumise m\u00e4rke, on Outdoors e-poel \u00f5igus alandada tagastatavat tasu vastavalt kauba v\u00e4\u00e4rtuse v\u00e4henemisele.<\/p>\n<p style=\"text-align: justify;\">Ostja taganemis\u00f5igus ei kehti V\u00f5la\u00f5igusseaduse <em>\u00a7 <\/em>53 lg 4 alusel (tervisekaitse v\u00f5i h\u00fcgieenilistel p\u00f5hjustel) j\u00e4rgmistele toodetele: sokid, pesu (aluspesu, soojapesu, termopesu).<\/p>\n<p style=\"text-align: justify;\">Kauba tagastamiseks tuleb esitada kauba ostmisest taganemise avaldus ning saata see e-posti aadressile info@outdoors.ee hiljemalt 14 p\u00e4eva jooksul kauba k\u00e4ttesaamisest.<\/p>\n<p style=\"text-align: justify;\">Kaupa saab tagastada:<\/p>\n<p style=\"text-align: justify;\">1. J\u00fcri Konsumi (Aruk\u00fcla tee 29, 75305 J\u00fcri, Harjumaa) pakiautomaatidesse (SmartPost, Omniva, DPD). Saaja telefoninumber +372 56 669 600, e-mail: info@outdoors.ee<\/p>\n<p style=\"text-align: justify;\">2. Saates kliendi poolt valitud tarneviisiga aadressile: Outdoors O\u00dc, Loom\u00e4e tee 8, Lehmja k\u00fcla, Rae vald, 75306 Harjumaa, Eesti.<\/p>\n<p style=\"text-align: justify;\">3. Tuues kohale meie lattu (Outdoors O\u00dc, Loom\u00e4e tee 8, Lehmja k\u00fcla, Rae vald, 75306 Harjumaa, Eesti) eelnevalt kokkulepitud ajal.<\/p>\n<p style=\"text-align: justify;\">Kauba tagastamise kulud kannab ostja, v\u00e4lja arvatud juhul, kui tagastamise p\u00f5hjus seisneb asjaolus, et tagastamisele kuuluv asi ei vasta tellitule (nt vale v\u00f5i defektiga asi). Ostja peab kauba tagastama avalduse esitamisele j\u00e4rgneva 14 p\u00e4eva jooksul v\u00f5i esitama t\u00f5endi, et ta on eelnimetatud perioodi jooksul kauba \u00fcle andnud kauba vedajale.<\/p>\n<p style=\"text-align: justify;\">Outdoors e-pood tagastab tagastatava kauba k\u00e4ttesaamisel ostjale viivitamata, kuid mitte hiljem kui 14 p\u00e4eva m\u00f6\u00f6dumisel arvates tagastatava kauba saabumisest, lepingu alusel saadud tagastatava kauba maksumuse. Outdoors e-pood v\u00f5ib keelduda tagasimaksete tegemisest seni, kuni on lepingu esemeks oleva asja tagasi saanud v\u00f5i kuni ostja on esitanud t\u00f5endid, et on asja tagasi saatnud, s\u00f5ltuvalt sellest, kumb toimub varem.<\/p>\n<p style=\"text-align: justify;\">Outdoors e-poel on \u00f5igus taganeda m\u00fc\u00fcgitehingust ning n\u00f5uda ostjalt tagasi kaup, kui kauba hind veebipoes on eksituse t\u00f5ttu m\u00e4rgitud oluliselt alla kauba turuhinna.<\/p>\n<p style=\"text-align: justify;\"><b>Pretensiooni esitamise \u00f5igus <\/b><\/p>\n<p style=\"text-align: justify;\">Outdoors e-pood vastutab ostjale m\u00fc\u00fcdud kauba lepingutingimustele mittevastavuse v\u00f5i puuduse eest, mis oli olemas juba asja \u00fcleandmise hetkel ning mis ilmneb kuni kahe aasta jooksul, alates kauba \u00fcleandmisest ostjale. Sellest esimese kuue kuu jooksul asja \u00fcleandmisest ostjale eeldatakse, et puudus oli olemas juba asja \u00fcleandmise ajal. Vastava eelduse \u00fcmberl\u00fckkamine on Outdoors e-poe kohustus.<\/p>\n<p style=\"text-align: justify;\">Outdoors e-pood ei vastuta asja lepingutingimustele mittevastavuse eest, kui ostja lepingu s\u00f5lmimisel asja lepingutingimustele mittevastavust teadis v\u00f5i pidi teadma (V\u00f5la\u00f5igusseadus \u00a7 218 (4)).<\/p>\n<p style=\"text-align: justify;\">Ostjal on \u00f5igus puuduse ilmnemisel p\u00f6\u00f6rduda hiljemalt kahe kuu jooksul Outdoors e-poe poole, saates e-kirja aadressile info@outdoors.ee. E-kiri peab sisaldama j\u00e4rgmisi andmeid: tellimuse esitaja nimi, kontakttelefon, tellimuse number ja toote tingimustele mittevastavuse v\u00f5i puuduse t\u00e4pne kirjeldus.<\/p>\n<p style=\"text-align: justify;\">Outdoors ei vastuta puuduste eest, mis on tekkinud p\u00e4rast kauba \u00fcleandmist ostjale. Kui Outdoors e-poest ostetud kaubal on puudused, mille eest Outdoors e-pood vastutab, parandab v\u00f5i asendab Outdoors e-pood puudusega kauba. Kui kaupa ei ole v\u00f5imalik parandada ega asendada, tagastab Outdoors e-pood ostjale k\u00f5ik m\u00fc\u00fcgilepinguga kaasnenud tasud. Outdoors e-pood vastab tarbija esitatud kaebusele kirjalikult v\u00f5i kirjalikku taasesitamist v\u00f5imaldavas vormis 15 p\u00e4eva jooksul.<\/p>\n<p style=\"text-align: justify;\"><b>Otseturustus ja isikuandmete t\u00f6\u00f6tlemine <\/b><\/p>\n<p style=\"text-align: justify;\">Outdoors e-pood kasutab ostja poolt sisestatud isikuandmeid (sh nimi, telefoninumber, aadress, e-maili aadress, pangarekvisiidid) ainult tellimuse t\u00f6\u00f6tlemiseks ning kauba ostjale saatmiseks. Outdoors e-pood edastab isikuandmeid veoteenust pakkuvale ettev\u00f5tetele selleks, et kaup kohale toimetada. Outdoors e-pood saadab ostjale uudiskirju ning pakkumisi ostja e-maili aadressile ainult juhul, kui ostja on selleks avaldanud soovi sisestades veebilehel e-kirja aadressi ning andnud teada oma soovist otsepostituse teadete saamiseks. Ostjal on igal ajal v\u00f5imalik loobuda e-postile saadetavatest pakkumistest ja uudiskirjadest andes sellest meile teada e-kirja teel v\u00f5i j\u00e4rgides pakkumisi sisaldava e-kirjas toodud juhiseid.<\/p>\n<p style=\"text-align: justify;\"><b>Vaidluste lahendamine<\/b><\/p>\n<p style=\"text-align: justify;\">Kui ostjal on Outdoors e-poe suhtes pretensioone, tuleb need saata e-kirja aadressile info@outdoors.ee v\u00f5i helistada telefonil: +372 56 669600. Kui ostja ja Outdoors e-pood ei suuda lahenda vaidlust kokkuleppe teel, siis on ostjal v\u00f5imalik p\u00f6\u00f6rduda Tarbijavaidluste komisjoni poole. Menetlustingimustega saab tutvuda ning avaldust esitada siin: www.komisjon.ee. Tarbijavaidluste komisjoni p\u00e4devuses on lahendada ostja ja Outdoors e-poe vahel s\u00f5lmitud lepingust tulenevaid vaidlusi. Ostja kaebuse l\u00e4bivaatamine komisjonis on tasuta.<\/p>\n<p style=\"text-align: justify;\">Ostja v\u00f5ib p\u00f6\u00f6rduda Euroopa Liidu tarbijavaidlusi lahendava platvormi poole. http:\/\/ec.europa.eu\/odr.<\/p>\n","protected":false},"excerpt":{"rendered":"<p>Veebipoe Outdoors.ee (edaspidi Outdoors e-pood) omanik on O\u00dc Outdoors (registrikood 14764586, registreerimisaadressiga Kuldala tee 22-1, Peetri alevik, Rae vald, 75312<\/p>\n","protected":false},"author":1,"featured_media":0,"parent":0,"menu_order":0,"comment_status":"closed","ping_status":"open","template":"","meta":{"footnotes":""},"class_list":["post-11435","page","type-page","status-publish","hentry"],"yoast_head":"<!-- This site is optimized with the Yoast SEO plugin v27.2 - https:\/\/yoast.com\/product\/yoast-seo-wordpress\/ -->\n<title>Ostutingimused - Outdoors<\/title>\n<meta name=\"robots\" content=\"index, follow, max-snippet:-1, max-image-preview:large, max-video-preview:-1\" \/>\n<link rel=\"canonical\" href=\"https:\/\/www.outdoors.ee\/et\/ostutingimused\/\" \/>\n<meta property=\"og:locale\" content=\"et_EE\" \/>\n<meta property=\"og:type\" content=\"article\" \/>\n<meta property=\"og:title\" content=\"Ostutingimused - Outdoors\" \/>\n<meta property=\"og:description\" content=\"Veebipoe Outdoors.ee (edaspidi Outdoors e-pood) omanik on O\u00dc Outdoors (registrikood 14764586, registreerimisaadressiga Kuldala tee 22-1, Peetri alevik, Rae vald, 75312\" \/>\n<meta property=\"og:url\" content=\"https:\/\/www.outdoors.ee\/et\/ostutingimused\/\" \/>\n<meta property=\"og:site_name\" content=\"Outdoors\" \/>\n<meta property=\"article:modified_time\" content=\"2025-12-09T12:12:56+00:00\" \/>\n<meta name=\"twitter:card\" content=\"summary_large_image\" \/>\n<meta name=\"twitter:label1\" content=\"Est. reading time\" \/>\n\t<meta name=\"twitter:data1\" content=\"5 minutit\" \/>\n<script type=\"application\/ld+json\" class=\"yoast-schema-graph\">{\"@context\":\"https:\/\/schema.org\",\"@graph\":[{\"@type\":\"WebPage\",\"@id\":\"https:\/\/www.outdoors.ee\/et\/ostutingimused\/\",\"url\":\"https:\/\/www.outdoors.ee\/et\/ostutingimused\/\",\"name\":\"Ostutingimused - Outdoors\",\"isPartOf\":{\"@id\":\"https:\/\/www.outdoors.ee\/#website\"},\"datePublished\":\"2021-09-02T07:52:13+00:00\",\"dateModified\":\"2025-12-09T12:12:56+00:00\",\"breadcrumb\":{\"@id\":\"https:\/\/www.outdoors.ee\/et\/ostutingimused\/#breadcrumb\"},\"inLanguage\":\"et\",\"potentialAction\":[{\"@type\":\"ReadAction\",\"target\":[\"https:\/\/www.outdoors.ee\/et\/ostutingimused\/\"]}]},{\"@type\":\"BreadcrumbList\",\"@id\":\"https:\/\/www.outdoors.ee\/et\/ostutingimused\/#breadcrumb\",\"itemListElement\":[{\"@type\":\"ListItem\",\"position\":1,\"name\":\"Home\",\"item\":\"https:\/\/www.outdoors.ee\/et\/\"},{\"@type\":\"ListItem\",\"position\":2,\"name\":\"Ostutingimused\"}]},{\"@type\":\"WebSite\",\"@id\":\"https:\/\/www.outdoors.ee\/#website\",\"url\":\"https:\/\/www.outdoors.ee\/\",\"name\":\"Outdoors\",\"description\":\"Genuine military surplus and not only!\",\"potentialAction\":[{\"@type\":\"SearchAction\",\"target\":{\"@type\":\"EntryPoint\",\"urlTemplate\":\"https:\/\/www.outdoors.ee\/?s={search_term_string}\"},\"query-input\":{\"@type\":\"PropertyValueSpecification\",\"valueRequired\":true,\"valueName\":\"search_term_string\"}}],\"inLanguage\":\"et\"}]}<\/script>\n<!-- \/ Yoast SEO plugin. -->","yoast_head_json":{"title":"Ostutingimused - Outdoors","robots":{"index":"index","follow":"follow","max-snippet":"max-snippet:-1","max-image-preview":"max-image-preview:large","max-video-preview":"max-video-preview:-1"},"canonical":"https:\/\/www.outdoors.ee\/et\/ostutingimused\/","og_locale":"et_EE","og_type":"article","og_title":"Ostutingimused - Outdoors","og_description":"Veebipoe Outdoors.ee (edaspidi Outdoors e-pood) omanik on O\u00dc Outdoors (registrikood 14764586, registreerimisaadressiga Kuldala tee 22-1, Peetri alevik, Rae vald, 75312","og_url":"https:\/\/www.outdoors.ee\/et\/ostutingimused\/","og_site_name":"Outdoors","article_modified_time":"2025-12-09T12:12:56+00:00","twitter_card":"summary_large_image","twitter_misc":{"Est. reading time":"5 minutit"},"schema":{"@context":"https:\/\/schema.org","@graph":[{"@type":"WebPage","@id":"https:\/\/www.outdoors.ee\/et\/ostutingimused\/","url":"https:\/\/www.outdoors.ee\/et\/ostutingimused\/","name":"Ostutingimused - Outdoors","isPartOf":{"@id":"https:\/\/www.outdoors.ee\/#website"},"datePublished":"2021-09-02T07:52:13+00:00","dateModified":"2025-12-09T12:12:56+00:00","breadcrumb":{"@id":"https:\/\/www.outdoors.ee\/et\/ostutingimused\/#breadcrumb"},"inLanguage":"et","potentialAction":[{"@type":"ReadAction","target":["https:\/\/www.outdoors.ee\/et\/ostutingimused\/"]}]},{"@type":"BreadcrumbList","@id":"https:\/\/www.outdoors.ee\/et\/ostutingimused\/#breadcrumb","itemListElement":[{"@type":"ListItem","position":1,"name":"Home","item":"https:\/\/www.outdoors.ee\/et\/"},{"@type":"ListItem","position":2,"name":"Ostutingimused"}]},{"@type":"WebSite","@id":"https:\/\/www.outdoors.ee\/#website","url":"https:\/\/www.outdoors.ee\/","name":"Outdoors","description":"Genuine military surplus and not only!","potentialAction":[{"@type":"SearchAction","target":{"@type":"EntryPoint","urlTemplate":"https:\/\/www.outdoors.ee\/?s={search_term_string}"},"query-input":{"@type":"PropertyValueSpecification","valueRequired":true,"valueName":"search_term_string"}}],"inLanguage":"et"}]}},"_links":{"self":[{"href":"https:\/\/www.outdoors.ee\/et\/wp-json\/wp\/v2\/pages\/11435","targetHints":{"allow":["GET"]}}],"collection":[{"href":"https:\/\/www.outdoors.ee\/et\/wp-json\/wp\/v2\/pages"}],"about":[{"href":"https:\/\/www.outdoors.ee\/et\/wp-json\/wp\/v2\/types\/page"}],"author":[{"embeddable":true,"href":"https:\/\/www.outdoors.ee\/et\/wp-json\/wp\/v2\/users\/1"}],"replies":[{"embeddable":true,"href":"https:\/\/www.outdoors.ee\/et\/wp-json\/wp\/v2\/comments?post=11435"}],"version-history":[{"count":5,"href":"https:\/\/www.outdoors.ee\/et\/wp-json\/wp\/v2\/pages\/11435\/revisions"}],"predecessor-version":[{"id":108288,"href":"https:\/\/www.outdoors.ee\/et\/wp-json\/wp\/v2\/pages\/11435\/revisions\/108288"}],"wp:attachment":[{"href":"https:\/\/www.outdoors.ee\/et\/wp-json\/wp\/v2\/media?parent=11435"}],"curies":[{"name":"wp","href":"https:\/\/api.w.org\/{rel}","templated":true}]}}